{"id":9104,"date":"2015-01-29T21:26:45","date_gmt":"2015-01-29T21:26:45","guid":{"rendered":"http:\/\/budapestgaleria.hu\/_\/?page_id=9104"},"modified":"2015-01-29T21:28:43","modified_gmt":"2015-01-29T21:28:43","slug":"kokay-krisztina","status":"publish","type":"page","link":"https:\/\/budapestgaleria.hu\/_\/kiallitasok-2010-budapest-galeria\/kokay-krisztina\/","title":{"rendered":"K\u00f3kay Krisztina"},"content":{"rendered":"<div class=\"wpb-content-wrapper\"><p>[vc_row row_type=&#8221;row&#8221; use_row_as_full_screen_section=&#8221;no&#8221; type=&#8221;grid&#8221; text_align=&#8221;left&#8221; background_image_as_pattern=&#8221;without_pattern&#8221;][vc_column width=&#8221;1\/1&#8243;][vc_empty_space height=&#8221;40px&#8221;][vc_column_text]<\/p>\n<h2 class=\"cim_1\">K\u00f3kay Krisztina<\/h2>\n<p>[\/vc_column_text][vc_empty_space height=&#8221;32px&#8221;][\/vc_column][\/vc_row][vc_row bgparallax=&#8221;parallax&#8221; contentwidth=&#8221;container&#8221; toppadding=&#8221;40&#8243; bottompadding=&#8221;10&#8243; border=&#8221;on&#8221; css=&#8221;.vc_custom_1420648296958{background-color: #ffffff !important;}&#8221; row_type=&#8221;row&#8221; use_row_as_full_screen_section=&#8221;no&#8221; type=&#8221;grid&#8221; text_align=&#8221;left&#8221; background_image_as_pattern=&#8221;without_pattern&#8221;][vc_column width=&#8221;1\/3&#8243; css=&#8221;.vc_custom_1420649554591{padding-right: 25px !important;}&#8221;][vc_column_text]<\/p>\n<p class=\"hely_bpgal\">BTM \u2013 Budapest Ki\u00e1ll\u00edt\u00f3terem<\/p>\n<p class=\"cim_bpgal\">1056 Budapest, Szabad sajt\u00f3 \u00fat 5.<\/p>\n<p class=\"datum_bpgal\">2010. m\u00e1jus 6 \u2013 j\u00fanius 6.<\/p>\n<p>[\/vc_column_text][vc_column_text]<\/p>\n<p class=\"kiemeles_bpgal\">Megnyit\u00f3:<\/p>\n<p class=\"kurrens_bpgal\">2010. m\u00e1jus 6. (cs\u00fct\u00f6rt\u00f6k), 17:00<\/p>\n<p class=\"kiemeles_bpgal\">Megnyitotta:<\/p>\n<p class=\"kurrens_bpgal\">L. SIMON L\u00c1SZL\u00d3, \u00edr\u00f3, szerkeszt\u0151<\/p>\n<p>[\/vc_column_text][vc_empty_space height=&#8221;32px&#8221;][\/vc_column][vc_column width=&#8221;2\/3&#8243;][vc_column_text]\u201eK\u00f3kay Krisztina grafik\u00e1it ugyanaz a p\u00e1raszer\u0171 lehelet-finoms\u00e1g jellemzi, mint textiljeit (\u2026) Minden lap gondosan megtervezettnek l\u00e1tszik. Az \u00fcres \u00e9s a telirajzolt foltok ar\u00e1nya, form\u00e1ja t\u00f6k\u00e9letes. Pedig sz\u00f3 sincs tervez\u00e9sr\u0151l, tudatos kompon\u00e1l\u00e1sr\u00f3l. Ahogy a s\u0171r\u0171n sorakoz\u00f3 vonalk\u00e1k t\u00e1vols\u00e1ga nincs kim\u00e9rve, \u00fagy a rajz sincs megtervezve. \u00cdgy rajzolni csak teljesen ellazult, f\u00e9l-\u00f6ntudatlan \u00e1llapotban lehet. (\u2026) Csak, ha az \u00e9rtelem szunnyad vagy kikapcsol, s \u00e1tengedi mag\u00e1t a k\u00e9znek, a k\u00e9z pedig r\u00e1b\u00edzza mag\u00e1t az \u00f6szt\u00f6nre \u00e9s a l\u00e9lekre, \u00e9s a m\u00e1r \u00f6szt\u00f6nn\u00e9 v\u00e1lt \u00e9lettapasztalatra, r\u00e9gi tud\u00e1sra, eszt\u00e9tikai m\u0171velts\u00e9gre. Egyik vonal k\u00edv\u00e1nja a m\u00e1sikat. A vonalk\u00e1z\u00e1s sz\u00e9ps\u00e9g ir\u00e1ny\u00edtotta ritmusa, a m\u00e1r kialakult fel\u00fclet adja meg a tov\u00e1bbi vonalk\u00e1k ir\u00e1ny\u00e1t. \u00c9s sz\u00f3l a m\u0171v\u00e9sznek, hogy mikor hagyja abba a munk\u00e1t. Sokszor \u00e9rthetetlen\u00fcl, de \u00e9ppen a megfelel\u0151 ponton. Csak ihletetten lehet \u00edgy rajzolni. Ihlet \u00e9s szorgalom: ez K\u00f3kay Krisztina m\u0171v\u00e9szet\u00e9nek a kulcsa, a t\u00f6bbi titok.\u201d<\/p>\n<p class=\"szerzo\">Somogyi Gy\u0151z\u0151, 2003<\/p>\n<p>\u201eA s\u00e9r\u00fcl\u00e9keny, bizonytalan, esend\u0151 szem\u00e9lyess\u00e9g m\u0171v\u00e9szi v\u00e1llal\u00e1s\u00e1hoz mindig is n\u00e9mi vakmer\u0151s\u00e9g sz\u00fcks\u00e9geltetett. K\u00f3kay Krisztin\u00e1val kapcsolatban azonban hamis a vakmer\u0151s\u00e9g emleget\u00e9se, cs\u00f6ndes belet\u00f6r\u0151d\u00e9ssel, term\u00e9szetes der\u0171vel v\u00e1llalja a v\u00e9gletekig szem\u00e9lyes megnyilatkoz\u00e1s kock\u00e1zat\u00e1t. (\u2026)<br \/>\nTal\u00e1n \u00e9ppen ez\u00e9rt fontos annyira sz\u00e1m\u00e1ra a rajz. A rajz, amely az \u0151 felfog\u00e1s\u00e1ban nem az \u00e1br\u00e1zol\u00e1s \u00e9s nem a kifejez\u00e9s eszk\u00f6ze, hanem a bels\u0151 lelki\u00e1llapotr\u00f3l k\u00e9sz\u00fclt k\u00f6zvetlen jelent\u00e9s.\u201d<\/p>\n<p class=\"szerzo\">Ol\u00e1h J\u00e1nos, 1992<\/p>\n<p><strong>EGY\u00c9NI KI\u00c1LL\u00cdT\u00c1SOK<\/strong><br \/>\n<strong>1983<\/strong> J\u00e1r\u00e1si K\u00f6nyvt\u00e1r, V\u00e1c (Bal\u00e1zs Ildik\u00f3val)<br \/>\n<strong>1984<\/strong> Collegium Hungaricum, B\u00e9cs<br \/>\n<strong>1992<\/strong> Dorottya utcai Ki\u00e1ll\u00edt\u00f3terem, Budapest<br \/>\n<strong>1993<\/strong> V\u00e1rm\u00fazeum, Esztergom; M\u0171v\u00e9szetek H\u00e1za, P\u00e9cs; Hotel Flamenco, Budapest<br \/>\n<strong>1994<\/strong> Hotel Therm\u00e1l, Budapest<br \/>\n<strong>1996<\/strong> Magyar Kultur\u00e1lis \u00e9s Tudom\u00e1nyos K\u00f6zpont, Helsinki<br \/>\n<strong>1997<\/strong> Domb\u00f3v\u00e1ri Gal\u00e9ria, Domb\u00f3v\u00e1r (Gross Arnolddal \u00e9s Gajz\u00e1g\u00f3 S\u00e1ndorral); Vigad\u00f3 Gal\u00e9ria, Budapest; Kereszt\u00e9ny M\u00fazeum, Esztergom<br \/>\n<strong>1999<\/strong> Zlat\u00e1 Koruna, Csehorsz\u00e1g<br \/>\n<strong>1999<\/strong> Magyar Int\u00e9zet, Sz\u00f3fia (Borza Ter\u00e9zzel); F\u00e9szek Gal\u00e9ria, Budapest<br \/>\n<strong>2001<\/strong> Balassa B\u00e1lint M\u00fazeum, Esztergom; Hegyvid\u00e9ki Helyt\u00f6rt\u00e9neti Gy\u0171jtem\u00e9ny \u00e9s Kort\u00e1rs Gal\u00e9ria, Budapest<br \/>\n<strong>2002<\/strong> J\u00f3zsef Attila \u00c1ltal\u00e1nos Iskola, Esztergom<br \/>\n<strong>2003<\/strong> G\u00f6d\u00f6ll\u0151i Kir\u00e1lyi Kast\u00e9ly, G\u00f6d\u00f6ll\u0151<br \/>\n<strong>2006<\/strong> Hajn\u00f3czy-Bakonyi H\u00e1z, Sopron<br \/>\n<strong>2007<\/strong> Ernst M\u00fazeum, Budapest<\/p>\n<p><strong>D\u00cdJAK<\/strong><br \/>\n<strong>1984<\/strong> Kultur\u00e1lis Miniszt\u00e9rium N\u00edv\u00f3-d\u00edja<br \/>\n<strong>1992<\/strong> XII. Fal- \u00e9s T\u00e9rtextil Bienn\u00e1l\u00e9 F\u0151d\u00edja, Szombathely<br \/>\n<strong>1993<\/strong> Ferenczy No\u00e9mi d\u00edj<br \/>\n<strong>1998<\/strong> XII. ker\u00fcleti Kultur\u00e1lis K\u00f6zalap\u00edtv\u00e1ny d\u00edja; MAOE d\u00edj, Salg\u00f3tarj\u00e1ni Rajz-bienn\u00e1l\u00e9<br \/>\n<strong>1999<\/strong> XII. ker\u00fcleti Kultur\u00e1lis K\u00f6zalap\u00edtv\u00e1ny d\u00edja, \u201ePet\u0151fi k\u00f6lt\u00e9szete\u201d c\u00edm\u0171 ki\u00e1ll\u00edt\u00e1s, Vigad\u00f3 Gal\u00e9ria, Budapest<br \/>\n<strong>2000<\/strong> MAOE d\u00edj, Kecskem\u00e9ti Tavaszi T\u00e1rlat; Szent Istv\u00e1n d\u00edj, \u201eSzent Istv\u00e1n intelmei\u201d c\u00edm\u0171 ki\u00e1ll\u00edt\u00e1s, Kecskem\u00e9t; Sponzori d\u00edj, IV. Orsz\u00e1gos Pasztell Bienn\u00e1le, V\u00e1rm\u00fazeum, Esztergom<br \/>\n<strong>2002<\/strong> Simsay Ildik\u00f3 d\u00edj<br \/>\n<strong>2004<\/strong> Esztergom \u00d6nkorm\u00e1nyzat\u00e1nak d\u00edja, \u201eBalassi B\u00e1lint \u00e9lete \u00e9s k\u00f6lt\u00e9szete\u201d c\u00edm\u0171 ki\u00e1ll\u00edt\u00e1s, Esztergom<br \/>\n<strong>2006<\/strong> Oktat\u00e1si \u00e9s Kultur\u00e1lis Miniszt\u00e9rium d\u00edja, XIII. Orsz\u00e1gos Rajz Bienn\u00e1l\u00e9, Salg\u00f3tarj\u00e1n<br \/>\n<strong>2007<\/strong> Magyar K\u00f6zt\u00e1rsas\u00e1g \u00c9rdemes M\u0171v\u00e9sze d\u00edj[\/vc_column_text][vc_empty_space height=&#8221;20px&#8221;][\/vc_column][\/vc_row][vc_row][vc_column width=&#8221;1\/1&#8243;][vc_empty_space height=&#8221;77px&#8221;][\/vc_column][\/vc_row]<\/p>\n<\/div>","protected":false},"excerpt":{"rendered":"<p>[vc_row row_type=&#8221;row&#8221; use_row_as_full_screen_section=&#8221;no&#8221; type=&#8221;grid&#8221; text_align=&#8221;left&#8221; background_image_as_pattern=&#8221;without_pattern&#8221;][vc_column width=&#8221;1\/1&#8243;][vc_empty_space height=&#8221;40px&#8221;][vc_column_text] K\u00f3kay Krisztina [\/vc_column_text][vc_empty_space height=&#8221;32px&#8221;][\/vc_column][\/vc_row][vc_row bgparallax=&#8221;parallax&#8221; contentwidth=&#8221;container&#8221; toppadding=&#8221;40&#8243;&#8230;<\/p>\n","protected":false},"author":1,"featured_media":0,"parent":9084,"menu_order":4,"comment_status":"open","ping_status":"open","template":"full_width.php","meta":{"inline_featured_image":false,"loftloader_pro_show_once":"","loftloader_pro_page_shortcode":"","footnotes":""},"class_list":["post-9104","page","type-page","status-publish","hentry"],"_links":{"self":[{"href":"https:\/\/budapestgaleria.hu\/_\/wp-json\/wp\/v2\/pages\/9104","targetHints":{"allow":["GET"]}}],"collection":[{"href":"https:\/\/budapestgaleria.hu\/_\/wp-json\/wp\/v2\/pages"}],"about":[{"href":"https:\/\/budapestgaleria.hu\/_\/wp-json\/wp\/v2\/types\/page"}],"author":[{"embeddable":true,"href":"https:\/\/budapestgaleria.hu\/_\/wp-json\/wp\/v2\/users\/1"}],"replies":[{"embeddable":true,"href":"https:\/\/budapestgaleria.hu\/_\/wp-json\/wp\/v2\/comments?post=9104"}],"version-history":[{"count":0,"href":"https:\/\/budapestgaleria.hu\/_\/wp-json\/wp\/v2\/pages\/9104\/revisions"}],"up":[{"embeddable":true,"href":"https:\/\/budapestgaleria.hu\/_\/wp-json\/wp\/v2\/pages\/9084"}],"wp:attachment":[{"href":"https:\/\/budapestgaleria.hu\/_\/wp-json\/wp\/v2\/media?parent=9104"}],"curies":[{"name":"wp","href":"https:\/\/api.w.org\/{rel}","templated":true}]}}