{"id":9135,"date":"2015-01-29T22:13:18","date_gmt":"2015-01-29T22:13:18","guid":{"rendered":"http:\/\/budapestgaleria.hu\/_\/?page_id=9135"},"modified":"2015-01-29T22:13:55","modified_gmt":"2015-01-29T22:13:55","slug":"gati-gyorgy-erzek-kepek-az-antroposzferabol","status":"publish","type":"page","link":"https:\/\/budapestgaleria.hu\/_\/kiallitasok-2010-budapest-galeria\/gati-gyorgy-erzek-kepek-az-antroposzferabol\/","title":{"rendered":"G\u00e1ti Gy\u00f6rgy | \u00c9RZ\u00c9K \u2013 K\u00e9pek az Antroposzf\u00e9r\u00e1b\u00f3l"},"content":{"rendered":"<div class=\"wpb-content-wrapper\"><p>[vc_row row_type=&#8221;row&#8221; use_row_as_full_screen_section=&#8221;no&#8221; type=&#8221;grid&#8221; text_align=&#8221;left&#8221; background_image_as_pattern=&#8221;without_pattern&#8221;][vc_column width=&#8221;1\/1&#8243;][vc_empty_space height=&#8221;40px&#8221;][vc_column_text]<\/p>\n<h2 class=\"cim_1\">G\u00c1TI GY\u00d6RGY | \u00c9RZ\u00c9K \u2013 K\u00e9pek az Antroposzf\u00e9r\u00e1b\u00f3l<\/h2>\n<p>[\/vc_column_text][vc_empty_space height=&#8221;32px&#8221;][\/vc_column][\/vc_row][vc_row bgparallax=&#8221;parallax&#8221; contentwidth=&#8221;container&#8221; toppadding=&#8221;40&#8243; bottompadding=&#8221;10&#8243; border=&#8221;on&#8221; css=&#8221;.vc_custom_1420648296958{background-color: #ffffff !important;}&#8221; row_type=&#8221;row&#8221; use_row_as_full_screen_section=&#8221;no&#8221; type=&#8221;grid&#8221; text_align=&#8221;left&#8221; background_image_as_pattern=&#8221;without_pattern&#8221;][vc_column width=&#8221;1\/3&#8243; css=&#8221;.vc_custom_1420649554591{padding-right: 25px !important;}&#8221;][vc_column_text]<\/p>\n<p class=\"hely_bpgal\">Budapest Gal\u00e9ria<\/p>\n<p class=\"cim_bpgal\">1036 Budapest, Lajos utca 158.<\/p>\n<p class=\"datum_bpgal\">2010. augusztus 29 \u2013 szeptember 19.<\/p>\n<p>[\/vc_column_text][vc_column_text]<\/p>\n<p class=\"kiemeles_bpgal\">Megnyit\u00f3:<\/p>\n<p class=\"kurrens_bpgal\">2010. augusztus 29., 16:30<\/p>\n<p class=\"kiemeles_bpgal\">Megnyitott\u00e1k:<\/p>\n<p class=\"kurrens_bpgal\">BAKI P\u00c9TER, a Magyar Fotogr\u00e1fiai M\u00fazeum igazgat\u00f3ja<br \/>\nF\u00c1Y MIKL\u00d3S, kritikus<\/p>\n<p>[\/vc_column_text][vc_empty_space height=&#8221;32px&#8221;][\/vc_column][vc_column width=&#8221;2\/3&#8243;][vc_column_text]F\u00fcgg\u00f6ny\u00f6k k\u00fcl\u00f6n\u00f6s alakzatokat form\u00e1l\u00f3 libben\u00e9se, z\u00f6lds\u00e9gesrekeszek irdatlan halmaza, Freud Zsigmond \u00e1rny\u00e9ka\u2026<\/p>\n<p>L\u00e1tv\u00e1nyok fel\u00fcletei, amelyek k\u00f6z\u00f6tt napjaink peregnek.<\/p>\n<p>Megt\u00e9veszt\u0151, a fel\u00fcletes szeml\u00e9l\u0151 sz\u00e1m\u00e1ra r\u00f6gt\u00f6n-\u00e9lvezetes, azonnal-\u00e9rthet\u0151 k\u00e9pek.<\/p>\n<p>\u00c1m apr\u00f3 r\u00e9szleteik k\u00f6z\u00f6tt a gondos n\u00e9z\u0151 egyre \u00fajabb \u00e9s egyre m\u00e9lyebb \u00f6sszef\u00fcgg\u00e9sekre lelhet. Ez m\u0171k\u00f6dik egyetlen fotogr\u00e1fi\u00e1n bel\u00fcl, \u00e9s a k\u00e9pek k\u00f6z\u00f6tt is.<\/p>\n<p>G\u00e1ti \u00edgy \u00edr:<br \/>\n\u201eAmolyan k\u00e9pi \u00fczenetnek sz\u00e1nom a k\u00e9s\u00f5i j\u00f6v\u00f5 sz\u00e1m\u00e1ra, hogy mif\u00e9le form\u00e1k \u2013 sz\u00ednek \u2013 fel\u00fcletek k\u00f6z\u00f6tt \u00e9l\u00fcnk mi a m\u00e1sodik ezredfordul\u00f3n.\u201d<\/p>\n<p>A fentiek mellett azonban k\u00e9pe(ke)t ad egy saj\u00e1ts\u00e1gos fotogr\u00e1fiai k\u00e9palkot\u00e1si \u00e9s gondolkod\u00e1sm\u00f3dr\u00f3l: a r\u00e9tegek k\u00f6z\u00f6ttit \u00e9s m\u00f6g\u00f6ttit l\u00e1ttatva hat k\u00fcl\u00f6nb\u00f6z\u0151 \u00c9RZ\u00c9Keinkre. Szemben az \u00fcres divattrendekkel, nem te\u00f3ri\u00e1kkal \u00e9s koncepci\u00f3kkal trakt\u00e1lja a n\u00e9z\u0151j\u00e9t, hanem megadja neki az \u00e9rz\u00e9kel\u00e9s prim\u00e9r \u00e9lm\u00e9ny\u00e9t. A l\u00e1tv\u00e1ny p\u00f3tolhatatlan meglepet\u00e9s\u00e9t.<\/p>\n<p class=\"szerzo\">Klein Berta<\/p>\n<p>[\/vc_column_text][vc_empty_space height=&#8221;20px&#8221;][\/vc_column][\/vc_row][vc_row row_type=&#8221;row&#8221; use_row_as_full_screen_section=&#8221;no&#8221; type=&#8221;grid&#8221; text_align=&#8221;left&#8221; background_image_as_pattern=&#8221;without_pattern&#8221;][vc_column width=&#8221;1\/1&#8243;][vc_empty_space height=&#8221;32px&#8221;][vc_empty_space height=&#8221;45px&#8221;][\/vc_column][\/vc_row]<\/p>\n<\/div>","protected":false},"excerpt":{"rendered":"<p>[vc_row row_type=&#8221;row&#8221; use_row_as_full_screen_section=&#8221;no&#8221; type=&#8221;grid&#8221; text_align=&#8221;left&#8221; background_image_as_pattern=&#8221;without_pattern&#8221;][vc_column width=&#8221;1\/1&#8243;][vc_empty_space height=&#8221;40px&#8221;][vc_column_text] G\u00c1TI GY\u00d6RGY | \u00c9RZ\u00c9K \u2013 K\u00e9pek az&#8230;<\/p>\n","protected":false},"author":1,"featured_media":0,"parent":9084,"menu_order":10,"comment_status":"open","ping_status":"open","template":"full_width.php","meta":{"inline_featured_image":false,"loftloader_pro_show_once":"","loftloader_pro_page_shortcode":"","footnotes":""},"class_list":["post-9135","page","type-page","status-publish","hentry"],"_links":{"self":[{"href":"https:\/\/budapestgaleria.hu\/_\/wp-json\/wp\/v2\/pages\/9135","targetHints":{"allow":["GET"]}}],"collection":[{"href":"https:\/\/budapestgaleria.hu\/_\/wp-json\/wp\/v2\/pages"}],"about":[{"href":"https:\/\/budapestgaleria.hu\/_\/wp-json\/wp\/v2\/types\/page"}],"author":[{"embeddable":true,"href":"https:\/\/budapestgaleria.hu\/_\/wp-json\/wp\/v2\/users\/1"}],"replies":[{"embeddable":true,"href":"https:\/\/budapestgaleria.hu\/_\/wp-json\/wp\/v2\/comments?post=9135"}],"version-history":[{"count":0,"href":"https:\/\/budapestgaleria.hu\/_\/wp-json\/wp\/v2\/pages\/9135\/revisions"}],"up":[{"embeddable":true,"href":"https:\/\/budapestgaleria.hu\/_\/wp-json\/wp\/v2\/pages\/9084"}],"wp:attachment":[{"href":"https:\/\/budapestgaleria.hu\/_\/wp-json\/wp\/v2\/media?parent=9135"}],"curies":[{"name":"wp","href":"https:\/\/api.w.org\/{rel}","templated":true}]}}