{"id":9142,"date":"2015-01-29T22:27:56","date_gmt":"2015-01-29T22:27:56","guid":{"rendered":"http:\/\/budapestgaleria.hu\/_\/?page_id=9142"},"modified":"2015-01-29T22:27:56","modified_gmt":"2015-01-29T22:27:56","slug":"pasqualetti-eleonora-barbara-salvucci-1234km-budapest-roma","status":"publish","type":"page","link":"https:\/\/budapestgaleria.hu\/_\/kiallitasok-2010-budapest-galeria\/pasqualetti-eleonora-barbara-salvucci-1234km-budapest-roma\/","title":{"rendered":"Pasqualetti Eleon\u00f3ra, Barbara Salvucci | 1234km BUDAPEST-R\u00d3MA"},"content":{"rendered":"<div class=\"wpb-content-wrapper\"><p>[vc_row row_type=&#8221;row&#8221; use_row_as_full_screen_section=&#8221;no&#8221; type=&#8221;grid&#8221; text_align=&#8221;left&#8221; background_image_as_pattern=&#8221;without_pattern&#8221;][vc_column width=&#8221;1\/1&#8243;][vc_empty_space height=&#8221;40px&#8221;][vc_column_text]<\/p>\n<h2 class=\"cim_1\">PASQUALETTI ELEON\u00d3RA, BARBARA SALVUCCI | 1234km BUDAPEST-R\u00d3MA<\/h2>\n<p>[\/vc_column_text][vc_empty_space height=&#8221;32px&#8221;][\/vc_column][\/vc_row][vc_row bgparallax=&#8221;parallax&#8221; contentwidth=&#8221;container&#8221; toppadding=&#8221;40&#8243; bottompadding=&#8221;10&#8243; border=&#8221;on&#8221; css=&#8221;.vc_custom_1420648296958{background-color: #ffffff !important;}&#8221; row_type=&#8221;row&#8221; use_row_as_full_screen_section=&#8221;no&#8221; type=&#8221;grid&#8221; text_align=&#8221;left&#8221; background_image_as_pattern=&#8221;without_pattern&#8221;][vc_column width=&#8221;1\/3&#8243; css=&#8221;.vc_custom_1420649554591{padding-right: 25px !important;}&#8221;][vc_column_text]<\/p>\n<p class=\"hely_bpgal\">BTM \u2013 Budapest Ki\u00e1ll\u00edt\u00f3terem<\/p>\n<p class=\"cim_bpgal\">1056 Budapest, Szabad sajt\u00f3 \u00fat 5.<\/p>\n<p class=\"datum_bpgal\">2010. szeptember 23 \u2013 okt\u00f3ber 24.<\/p>\n<p>[\/vc_column_text][vc_column_text]<\/p>\n<p class=\"kiemeles_bpgal\">Megnyit\u00f3:<\/p>\n<p class=\"kurrens_bpgal\">2010. szeptember 23. (cs\u00fct\u00f6rt\u00f6k), 17:00<\/p>\n<p class=\"kiemeles_bpgal\">Megnyitott\u00e1k:<\/p>\n<p class=\"kurrens_bpgal\">STEFANIA PIGA VASELLI, m\u0171v\u00e9szett\u00f6rt\u00e9n\u00e9sz<br \/>\nSULYOK MIKL\u00d3S, m\u0171v\u00e9szett\u00f6rt\u00e9n\u00e9sz<\/p>\n<p>[\/vc_column_text][vc_empty_space height=&#8221;32px&#8221;][\/vc_column][vc_column width=&#8221;2\/3&#8243;][vc_column_text]\u201eSzem\u00e9lyes eml\u00e9kezet annyi van, ah\u00e1nyan vagyunk, m\u00e9gis eggy\u00e9 kov\u00e1csolja a kult\u00far\u00e1kat \u00e9s n\u00e9peket k\u00f6z\u00f6s eml\u00e9kezet\u00fck. Ez a paradoxon \u00e9lteti ezt a ki\u00e1ll\u00edt\u00e1st is, ahol egy harmadik fajta eml\u00e9kezet, a m\u0171v\u00e9szi eml\u00e9kezet gy\u00fcm\u00f6lcseit l\u00e1thatjuk. A szem\u00e9lyes, a t\u00f6rt\u00e9nelmi \u00e9s a m\u0171v\u00e9szi eml\u00e9kez\u00e9s persze nem f\u00fcggetlenek egym\u00e1st\u00f3l, k\u00f6lcs\u00f6n\u00f6sen alak\u00edtj\u00e1k egym\u00e1st.<\/p>\n<p>Barbara Salvucci \u00e9s Pasqualetti Eleon\u00f3ra szembes\u00edtik egym\u00e1ssal eml\u00e9kez\u00e9s\u00fcket \u00e9s m\u0171v\u00e9szet\u00fcket ezen a ki\u00e1ll\u00edt\u00e1son, amely a R\u00f3mai Magyar Akad\u00e9mi\u00e1n 2002-ben rendezett k\u00f6z\u00f6s t\u00e1rlatuk, az ott megkezdett k\u00fcl\u00f6nleges p\u00e1rbesz\u00e9d folytat\u00e1sa.<br \/>\nA magyar k\u00f6z\u00f6ns\u00e9g sz\u00e1m\u00e1ra ismer\u0151snek t\u0171nhetnek Salvucci plexi-munk\u00e1i, mert a magyar k\u00e9pz\u0151m\u0171v\u00e9szetben hossz\u00fa ideig jelen volt ez a technika: a 2009-ben elhunyt Paizs L\u00e1szl\u00f3 fest\u0151m\u0171v\u00e9sz 1969-t\u0151l \u00e9vtizedeken \u00e1t alkotott ezzel a technik\u00e1val (t\u00e1rgyak a v\u00edztiszta plexit\u00f6mbben) m\u0171veket. M\u0171vei kifinomultak, eszt\u00e9tikusak, \u00e9s ahogyan maga is le\u00edrta, a m\u00falt kimerev\u00edtett pillanatait \u00e1ll\u00edtj\u00e1k el\u00e9nk a v\u00edztiszta plexit\u00f6mbben lebeg\u0151 t\u00e1rgyak \u00e1ltal. A foly\u00e9kony m\u0171gyant\u00e1ban a belemer\u00edtett sz\u00f6vetdarabok \u00e9s term\u00e9szetb\u0151l sz\u00e1rmaz\u00f3 t\u00e1rgyak el\u0151bb lebegnek benne, majd megszil\u00e1rd\u00edtj\u00e1k azt. S ezzel k\u00e9sz a m\u0171. \u2013 \u00edrja a m\u0171v\u00e9sz, \u00e9s k\u00f6v\u00fcletnek nevezi t\u00e1rgyait, amelyek az id\u0151tlens\u00e9g var\u00e1zs\u00e1val hatnak a n\u00e9z\u0151re.<br \/>\nPasqualetti kor\u00e1bbi konceptu\u00e1lis install\u00e1ci\u00f3i, a XX. sz\u00e1zadi kereng\u0151 (2001), a Kereng\u0151, a digitaliz\u00e1lt k\u00fat, avagy a XXI. sz\u00e1zad (2002) is az egy\u00e9n kiszolg\u00e1ltatotts\u00e1g\u00e1r\u00f3l, er\u0151szakr\u00f3l \u00e9s rem\u00e9nyr\u0151l sz\u00f3lnak. \u00bbVajon k\u00e9pesek vagyunk-e, siker\u00fclhet-e feldolgozni egy l\u00e9lek \u00f6r\u00f6kre sz\u00f3l\u00f3 hi\u00e1ny\u00e1t, vagy pedig mind\u00f6r\u00f6kre k\u00f6zt\u00fcnk marad az \u00e9rtelmezhetetlen \u00e9s l\u00e9lek n\u00e9lk\u00fcli \u00fcress\u00e9g?\u00ab \u2013 k\u00e9rdezi a m\u0171v\u00e9sz a m\u0171h\u00f6z \u00edrott sz\u00f6veg\u00e9ben. Az eml\u00e9kez\u00e9s az id\u0151 probl\u00e9m\u00e1j\u00e1t veti fel: mi az id\u0151? Mi a jelen? Mi a m\u00falt? Eml\u00e9kez\u00e9s \u00e9s imagin\u00e1ci\u00f3 iker fogalmak, nem l\u00e9tezhetnek egym\u00e1s n\u00e9lk\u00fcl. A m\u0171v\u00e9szi eml\u00e9kez\u00e9s m\u00e9g ink\u00e1bb az imagin\u00e1ci\u00f3 \u00e1ltal val\u00f3sul meg.\u201d<\/p>\n<p class=\"szerzo\">Sulyok Mikl\u00f3s<\/p>\n<p>[\/vc_column_text][vc_empty_space height=&#8221;20px&#8221;][\/vc_column][\/vc_row][vc_row row_type=&#8221;row&#8221; use_row_as_full_screen_section=&#8221;no&#8221; type=&#8221;grid&#8221; text_align=&#8221;left&#8221; background_image_as_pattern=&#8221;without_pattern&#8221;][vc_column width=&#8221;1\/1&#8243;][vc_empty_space height=&#8221;32px&#8221;][vc_empty_space height=&#8221;45px&#8221;][\/vc_column][\/vc_row]<\/p>\n<\/div>","protected":false},"excerpt":{"rendered":"<p>[vc_row row_type=&#8221;row&#8221; use_row_as_full_screen_section=&#8221;no&#8221; type=&#8221;grid&#8221; text_align=&#8221;left&#8221; background_image_as_pattern=&#8221;without_pattern&#8221;][vc_column width=&#8221;1\/1&#8243;][vc_empty_space height=&#8221;40px&#8221;][vc_column_text] PASQUALETTI ELEON\u00d3RA, BARBARA SALVUCCI | 1234km BUDAPEST-R\u00d3MA&#8230;<\/p>\n","protected":false},"author":1,"featured_media":0,"parent":9084,"menu_order":12,"comment_status":"open","ping_status":"open","template":"full_width.php","meta":{"inline_featured_image":false,"loftloader_pro_show_once":"","loftloader_pro_page_shortcode":"","footnotes":""},"class_list":["post-9142","page","type-page","status-publish","hentry"],"_links":{"self":[{"href":"https:\/\/budapestgaleria.hu\/_\/wp-json\/wp\/v2\/pages\/9142","targetHints":{"allow":["GET"]}}],"collection":[{"href":"https:\/\/budapestgaleria.hu\/_\/wp-json\/wp\/v2\/pages"}],"about":[{"href":"https:\/\/budapestgaleria.hu\/_\/wp-json\/wp\/v2\/types\/page"}],"author":[{"embeddable":true,"href":"https:\/\/budapestgaleria.hu\/_\/wp-json\/wp\/v2\/users\/1"}],"replies":[{"embeddable":true,"href":"https:\/\/budapestgaleria.hu\/_\/wp-json\/wp\/v2\/comments?post=9142"}],"version-history":[{"count":0,"href":"https:\/\/budapestgaleria.hu\/_\/wp-json\/wp\/v2\/pages\/9142\/revisions"}],"up":[{"embeddable":true,"href":"https:\/\/budapestgaleria.hu\/_\/wp-json\/wp\/v2\/pages\/9084"}],"wp:attachment":[{"href":"https:\/\/budapestgaleria.hu\/_\/wp-json\/wp\/v2\/media?parent=9142"}],"curies":[{"name":"wp","href":"https:\/\/api.w.org\/{rel}","templated":true}]}}