{"id":9146,"date":"2015-01-29T22:38:04","date_gmt":"2015-01-29T22:38:04","guid":{"rendered":"http:\/\/budapestgaleria.hu\/_\/?page_id=9146"},"modified":"2015-01-29T22:38:04","modified_gmt":"2015-01-29T22:38:04","slug":"tisztelet-a-dalai-lamanak-orientalis-orientaciok-a-kortars-magyar-kepzomuveszetben","status":"publish","type":"page","link":"https:\/\/budapestgaleria.hu\/_\/kiallitasok-2010-budapest-galeria\/tisztelet-a-dalai-lamanak-orientalis-orientaciok-a-kortars-magyar-kepzomuveszetben\/","title":{"rendered":"Tisztelet a Dalai L\u00e1m\u00e1nak \u2013 Orient\u00e1lis orient\u00e1ci\u00f3k a kort\u00e1rs magyar k\u00e9pz\u0151m\u0171v\u00e9szetben"},"content":{"rendered":"<div class=\"wpb-content-wrapper\"><p>[vc_row row_type=&#8221;row&#8221; use_row_as_full_screen_section=&#8221;no&#8221; type=&#8221;grid&#8221; text_align=&#8221;left&#8221; background_image_as_pattern=&#8221;without_pattern&#8221;][vc_column width=&#8221;1\/1&#8243;][vc_empty_space height=&#8221;40px&#8221;][vc_column_text]<\/p>\n<h2 class=\"cim_1\">Tisztelet a Dalai L\u00e1m\u00e1nak \u2013 Orient\u00e1lis orient\u00e1ci\u00f3k a kort\u00e1rs magyar k\u00e9pz\u0151m\u0171v\u00e9szetben<\/h2>\n<p>[\/vc_column_text][vc_empty_space height=&#8221;32px&#8221;][\/vc_column][\/vc_row][vc_row bgparallax=&#8221;parallax&#8221; contentwidth=&#8221;container&#8221; toppadding=&#8221;40&#8243; bottompadding=&#8221;10&#8243; border=&#8221;on&#8221; css=&#8221;.vc_custom_1420648296958{background-color: #ffffff !important;}&#8221; row_type=&#8221;row&#8221; use_row_as_full_screen_section=&#8221;no&#8221; type=&#8221;grid&#8221; text_align=&#8221;left&#8221; background_image_as_pattern=&#8221;without_pattern&#8221;][vc_column width=&#8221;1\/3&#8243; css=&#8221;.vc_custom_1420649554591{padding-right: 25px !important;}&#8221;][vc_column_text]<\/p>\n<p class=\"hely_bpgal\">Budapest Gal\u00e9ria<\/p>\n<p class=\"cim_bpgal\">1036 Budapest, Lajos utca 158.<\/p>\n<p class=\"datum_bpgal\">2010. szeptember 9 \u2013 okt\u00f3ber 10.<\/p>\n<p>[\/vc_column_text][vc_column_text]<\/p>\n<p class=\"kiemeles_bpgal\">A ki\u00e1ll\u00edt\u00e1s kur\u00e1torai:<\/p>\n<p class=\"verzal_bpgal\">Szathm\u00e1ri Botond, Szemad\u00e1m Gy\u00f6rgy<\/p>\n<p class=\"kiemeles_bpgal\">Ki\u00e1ll\u00edt\u00f3 m\u0171v\u00e9szek:<\/p>\n<p class=\"verzal_bpgal\">\u00c1d\u00e1m Zolt\u00e1n | \u00c1sztai Csaba | Baktay Patr\u00edcia | Bal\u00e1s Eszter | Bik\u00e1csi Daniela | Bogd\u00e1ndy Zolt\u00e1n (Szult\u00e1n) | Cs\u00e1ji Attila | Csorba Simon L\u00e1szl\u00f3 | Elekes K\u00e1roly | Fe Lugossy L\u00e1szl\u00f3 | Ga\u00e1l J\u00f3zsef | G\u00e1ll \u00c1d\u00e1m | Gy\u0151rffy S\u00e1ndor | Hajas Tibor | Halmy Mikl\u00f3s | Haris L\u00e1szl\u00f3 | Kalm\u00e1r Istv\u00e1n | Kar\u00e1tson G\u00e1bor | K. Grandpierre K\u00e1roly | K\u00fcrthy S\u00e1ndor | Lovas Ilona | M\u00e9hes L\u00f3r\u00e1nd | Moln\u00e1r S\u00e1ndor | Nag\u00e1mi | Nov\u00e1k Tibor | P\u00e9csi S\u00e1ndor | Schmal K\u00e1roly | Ser\u00e9nyi H. Zsigmond | Swierkiewicz R\u00f3bert | Szathm\u00e1ri Botond | Szemad\u00e1m Gy\u00f6rgy | T\u00f3th Angelika<\/p>\n<p>[\/vc_column_text][vc_column_text]<\/p>\n<p class=\"kiemeles_bpgal\">Megnyit\u00f3:<\/p>\n<p class=\"kurrens_bpgal\">2010. szeptember 9., (cs\u00fct\u00f6rt\u00f6k), 17:00<\/p>\n<p class=\"kiemeles_bpgal\">Megnyitotta:<\/p>\n<p class=\"kurrens_bpgal\">KEL\u00c9NIY B\u00c9LA, tibetol\u00f3gus<\/p>\n<p>[\/vc_column_text][vc_empty_space height=&#8221;32px&#8221;][\/vc_column][vc_column width=&#8221;2\/3&#8243;][vc_empty_space height=&#8221;20px&#8221;][\/vc_column][\/vc_row][vc_row row_type=&#8221;row&#8221; use_row_as_full_screen_section=&#8221;no&#8221; type=&#8221;grid&#8221; text_align=&#8221;left&#8221; background_image_as_pattern=&#8221;without_pattern&#8221;][vc_column width=&#8221;1\/1&#8243;][vc_empty_space height=&#8221;32px&#8221;][vc_empty_space height=&#8221;45px&#8221;][\/vc_column][\/vc_row]<\/p>\n<\/div>","protected":false},"excerpt":{"rendered":"<p>[vc_row row_type=&#8221;row&#8221; use_row_as_full_screen_section=&#8221;no&#8221; type=&#8221;grid&#8221; text_align=&#8221;left&#8221; background_image_as_pattern=&#8221;without_pattern&#8221;][vc_column width=&#8221;1\/1&#8243;][vc_empty_space height=&#8221;40px&#8221;][vc_column_text] Tisztelet a Dalai L\u00e1m\u00e1nak \u2013 Orient\u00e1lis orient\u00e1ci\u00f3k&#8230;<\/p>\n","protected":false},"author":1,"featured_media":0,"parent":9084,"menu_order":14,"comment_status":"open","ping_status":"open","template":"full_width.php","meta":{"inline_featured_image":false,"loftloader_pro_show_once":"","loftloader_pro_page_shortcode":"","footnotes":""},"class_list":["post-9146","page","type-page","status-publish","hentry"],"_links":{"self":[{"href":"https:\/\/budapestgaleria.hu\/_\/wp-json\/wp\/v2\/pages\/9146","targetHints":{"allow":["GET"]}}],"collection":[{"href":"https:\/\/budapestgaleria.hu\/_\/wp-json\/wp\/v2\/pages"}],"about":[{"href":"https:\/\/budapestgaleria.hu\/_\/wp-json\/wp\/v2\/types\/page"}],"author":[{"embeddable":true,"href":"https:\/\/budapestgaleria.hu\/_\/wp-json\/wp\/v2\/users\/1"}],"replies":[{"embeddable":true,"href":"https:\/\/budapestgaleria.hu\/_\/wp-json\/wp\/v2\/comments?post=9146"}],"version-history":[{"count":0,"href":"https:\/\/budapestgaleria.hu\/_\/wp-json\/wp\/v2\/pages\/9146\/revisions"}],"up":[{"embeddable":true,"href":"https:\/\/budapestgaleria.hu\/_\/wp-json\/wp\/v2\/pages\/9084"}],"wp:attachment":[{"href":"https:\/\/budapestgaleria.hu\/_\/wp-json\/wp\/v2\/media?parent=9146"}],"curies":[{"name":"wp","href":"https:\/\/api.w.org\/{rel}","templated":true}]}}