{"id":9148,"date":"2015-01-29T22:41:29","date_gmt":"2015-01-29T22:41:29","guid":{"rendered":"http:\/\/budapestgaleria.hu\/_\/?page_id=9148"},"modified":"2015-01-29T22:43:24","modified_gmt":"2015-01-29T22:43:24","slug":"balla-andras-statikus-dinamizmus","status":"publish","type":"page","link":"https:\/\/budapestgaleria.hu\/_\/kiallitasok-2010-budapest-galeria\/balla-andras-statikus-dinamizmus\/","title":{"rendered":"Balla Andr\u00e1s | Statikus dinamizmus"},"content":{"rendered":"<div class=\"wpb-content-wrapper\"><p>[vc_row row_type=&#8221;row&#8221; use_row_as_full_screen_section=&#8221;no&#8221; type=&#8221;grid&#8221; text_align=&#8221;left&#8221; background_image_as_pattern=&#8221;without_pattern&#8221;][vc_column width=&#8221;1\/1&#8243;][vc_empty_space height=&#8221;40px&#8221;][vc_column_text]<\/p>\n<h2 class=\"cim_1\">BALLA ANDR\u00c1S | Statikus dinamizmus<\/h2>\n<p>[\/vc_column_text][vc_empty_space height=&#8221;32px&#8221;][\/vc_column][\/vc_row][vc_row bgparallax=&#8221;parallax&#8221; contentwidth=&#8221;container&#8221; toppadding=&#8221;40&#8243; bottompadding=&#8221;10&#8243; border=&#8221;on&#8221; css=&#8221;.vc_custom_1420648296958{background-color: #ffffff !important;}&#8221; row_type=&#8221;row&#8221; use_row_as_full_screen_section=&#8221;no&#8221; type=&#8221;grid&#8221; text_align=&#8221;left&#8221; background_image_as_pattern=&#8221;without_pattern&#8221;][vc_column width=&#8221;1\/3&#8243; css=&#8221;.vc_custom_1420649554591{padding-right: 25px !important;}&#8221;][vc_column_text]<\/p>\n<p class=\"hely_bpgal\">BTM \u2013 Budapest Ki\u00e1ll\u00edt\u00f3terem<\/p>\n<p class=\"cim_bpgal\">1056 Budapest, Szabad sajt\u00f3 \u00fat 5.<\/p>\n<p class=\"datum_bpgal\">2010. szeptember 28 \u2013 november 28.<\/p>\n<p>[\/vc_column_text][vc_column_text]<\/p>\n<p class=\"kiemeles_bpgal\">Megnyit\u00f3:<\/p>\n<p class=\"kurrens_bpgal\">2010. szeptember 28 (cs\u00fct\u00f6rt\u00f6k), 17:00<\/p>\n<p class=\"kiemeles_bpgal\">Megnyitotta:<\/p>\n<p class=\"kurrens_bpgal\">P. SZAB\u00d3 ERN\u0150, m\u0171v\u00e9szett\u00f6rt\u00e9n\u00e9sz<\/p>\n<p>[\/vc_column_text][vc_empty_space height=&#8221;32px&#8221;][\/vc_column][vc_column width=&#8221;2\/3&#8243;][vc_column_text]A <em>Statikus Dinamizmus<\/em> c\u00edm\u0171 ki\u00e1ll\u00edt\u00e1somon olyan rajzolatokat, k\u00e9pz\u0151dm\u00e9nyeket mutatok be, melyek mozg\u00e1s \u00e9s n\u00f6veked\u00e9s k\u00f6vetkezt\u00e9ben j\u00f6ttek l\u00e9tre, lehet\u0151leg k\u00fcls\u0151 (emberi) r\u00e1hat\u00e1s n\u00e9lk\u00fcl pl: \u00f6rv\u00e9nyl\u0151 k\u00e9regtext\u00fara, hajakr\u00f3l k\u00e9sz\u00fclt, viharban hajladoz\u00f3 \u2013 veget\u00e1ci\u00f3t id\u00e9z\u0151 \u2013 fotogramok, tektonikus gy\u0171r\u0151d\u00e9sek stb. M\u00e1sik vonulat az ember akaratlan beavatkoz\u00e1sa a tev\u00e9kenys\u00e9ge k\u00f6zben haszn\u00e1lt t\u00e1rgyakra, amit a s\u00edkfilmkazett\u00e1kr\u00f3l k\u00e9sz\u00fclt k\u00e9psoron is l\u00e1thatunk az ezernyi ki-betol\u00e1s sor\u00e1n k\u00e9pz\u0151d\u0151 karcok k\u00fcl\u00f6n\u00f6s rajzolatokat eredm\u00e9nyeznek a sz\u00e1z\u00e9ves kazett\u00e1kon.<\/p>\n<p>A k\u00fcl\u00f6nb\u00f6z\u0151 m\u00e9ret\u0171 nagy\u00edt\u00e1sok az egy az egyes lek\u00e9pez\u00e9sek \u00e9s az eredeti t\u00e1rgyak egy\u00fcttes\u00e9vel csak szeml\u00e9ltetni szeretn\u00e9m sok sok \u00e9ves \u00e9s Fotogr\u00e1fiai Nagyd\u00edjjal jutalmazott tev\u00e9kenys\u00e9gem egyik legfontosabbnak tartott szelet\u00e9t a meditat\u00edv odafigyel\u00e9st az apr\u00f3 r\u00e9szletekre \u00e9s az abban rejt\u0151z\u0151 er\u0151re \u00e9s mozg\u00e1sra.[\/vc_column_text][vc_empty_space height=&#8221;20px&#8221;][\/vc_column][\/vc_row][vc_row row_type=&#8221;row&#8221; use_row_as_full_screen_section=&#8221;no&#8221; type=&#8221;grid&#8221; text_align=&#8221;left&#8221; background_image_as_pattern=&#8221;without_pattern&#8221;][vc_column width=&#8221;1\/1&#8243;][vc_empty_space height=&#8221;32px&#8221;][vc_empty_space height=&#8221;45px&#8221;][\/vc_column][\/vc_row]<\/p>\n<\/div>","protected":false},"excerpt":{"rendered":"<p>[vc_row row_type=&#8221;row&#8221; use_row_as_full_screen_section=&#8221;no&#8221; type=&#8221;grid&#8221; text_align=&#8221;left&#8221; background_image_as_pattern=&#8221;without_pattern&#8221;][vc_column width=&#8221;1\/1&#8243;][vc_empty_space height=&#8221;40px&#8221;][vc_column_text] BALLA ANDR\u00c1S | Statikus dinamizmus [\/vc_column_text][vc_empty_space height=&#8221;32px&#8221;][\/vc_column][\/vc_row][vc_row&#8230;<\/p>\n","protected":false},"author":1,"featured_media":0,"parent":9084,"menu_order":15,"comment_status":"open","ping_status":"open","template":"full_width.php","meta":{"inline_featured_image":false,"loftloader_pro_show_once":"","loftloader_pro_page_shortcode":"","footnotes":""},"class_list":["post-9148","page","type-page","status-publish","hentry"],"_links":{"self":[{"href":"https:\/\/budapestgaleria.hu\/_\/wp-json\/wp\/v2\/pages\/9148","targetHints":{"allow":["GET"]}}],"collection":[{"href":"https:\/\/budapestgaleria.hu\/_\/wp-json\/wp\/v2\/pages"}],"about":[{"href":"https:\/\/budapestgaleria.hu\/_\/wp-json\/wp\/v2\/types\/page"}],"author":[{"embeddable":true,"href":"https:\/\/budapestgaleria.hu\/_\/wp-json\/wp\/v2\/users\/1"}],"replies":[{"embeddable":true,"href":"https:\/\/budapestgaleria.hu\/_\/wp-json\/wp\/v2\/comments?post=9148"}],"version-history":[{"count":0,"href":"https:\/\/budapestgaleria.hu\/_\/wp-json\/wp\/v2\/pages\/9148\/revisions"}],"up":[{"embeddable":true,"href":"https:\/\/budapestgaleria.hu\/_\/wp-json\/wp\/v2\/pages\/9084"}],"wp:attachment":[{"href":"https:\/\/budapestgaleria.hu\/_\/wp-json\/wp\/v2\/media?parent=9148"}],"curies":[{"name":"wp","href":"https:\/\/api.w.org\/{rel}","templated":true}]}}