{"id":9154,"date":"2015-01-29T22:52:00","date_gmt":"2015-01-29T22:52:00","guid":{"rendered":"http:\/\/budapestgaleria.hu\/_\/?page_id=9154"},"modified":"2015-01-29T22:52:37","modified_gmt":"2015-01-29T22:52:37","slug":"bp-szabo-gyorgy-budapest-los-angeles-1995-2010","status":"publish","type":"page","link":"https:\/\/budapestgaleria.hu\/_\/kiallitasok-2010-budapest-galeria\/bp-szabo-gyorgy-budapest-los-angeles-1995-2010\/","title":{"rendered":"Bp. Szab\u00f3 Gy\u00f6rgy | Budapest-Los Angeles 1995-2010"},"content":{"rendered":"<div class=\"wpb-content-wrapper\"><p>[vc_row row_type=&#8221;row&#8221; use_row_as_full_screen_section=&#8221;no&#8221; type=&#8221;grid&#8221; text_align=&#8221;left&#8221; background_image_as_pattern=&#8221;without_pattern&#8221;][vc_column width=&#8221;1\/1&#8243;][vc_empty_space height=&#8221;40px&#8221;][vc_column_text]<\/p>\n<h2 class=\"cim_1\">BP. SZAB\u00d3 GY\u00d6RGY | Budapest-Los Angeles 1995-2010<\/h2>\n<p>[\/vc_column_text][vc_empty_space height=&#8221;32px&#8221;][\/vc_column][\/vc_row][vc_row bgparallax=&#8221;parallax&#8221; contentwidth=&#8221;container&#8221; toppadding=&#8221;40&#8243; bottompadding=&#8221;10&#8243; border=&#8221;on&#8221; css=&#8221;.vc_custom_1420648296958{background-color: #ffffff !important;}&#8221; row_type=&#8221;row&#8221; use_row_as_full_screen_section=&#8221;no&#8221; type=&#8221;grid&#8221; text_align=&#8221;left&#8221; background_image_as_pattern=&#8221;without_pattern&#8221;][vc_column width=&#8221;1\/3&#8243; css=&#8221;.vc_custom_1420649554591{padding-right: 25px !important;}&#8221;][vc_column_text]<\/p>\n<p class=\"hely_bpgal\">BTM \u2013 Budapest Ki\u00e1ll\u00edt\u00f3terem<\/p>\n<p class=\"cim_bpgal\">1056 Budapest, Szabad sajt\u00f3 \u00fat 5.<\/p>\n<p class=\"datum_bpgal\">2010. december 2 \u2013 2011. janu\u00e1r 9.<\/p>\n<p>[\/vc_column_text][vc_column_text]<\/p>\n<p class=\"kiemeles_bpgal\">Megnyit\u00f3:<\/p>\n<p class=\"kurrens_bpgal\">2010. december 2. (cs\u00fct\u00f6rt\u00f6k), 18:00<\/p>\n<p>[\/vc_column_text][vc_empty_space height=&#8221;32px&#8221;][\/vc_column][vc_column width=&#8221;2\/3&#8243;][vc_column_text]<strong>T\u00e1rgy-napl\u00f3 install\u00e1ci\u00f3\/M\u0171-tal\u00e1lt t\u00e1rgyak<\/strong><\/p>\n<p>Bizony\u00e1ra nem csak j\u00f3l elk\u00fcl\u00f6n\u00edthet\u0151 \u00e9letst\u00edlusa, \u00fath\u00e1l\u00f3zata, v\u00e1rosi zaja, l\u00fcktet\u00e9se van minden nagyv\u00e1rosnak, hanem a csak r\u00e1 jellemz\u0151 hullad\u00e9ka, szemete is.<\/p>\n<p>Az elhagyott \u00e9s megtal\u00e1lt t\u00e1rgyak kollekci\u00f3j\u00e1nak kort \u00e9s helyet jellemz\u0151 lenyomata van.<\/p>\n<p>Fantasztikus terepe ez felhaszn\u00e1l\u00f3nak, kiegyens\u00falyozott lav\u00edroz\u00e1s az atmoszf\u00e9rikus \u00e1lmok \u00e9s k\u00f6rnyezet val\u00f3s\u00e1ga k\u00f6z\u00f6tt.<\/p>\n<p>Mostan\u00e1ban sokszor REMIXELEM a munk\u00e1imat. Nem csak k\u00fcl\u00f6nb\u00f6z\u0151 helyeken tal\u00e1lt, vagy v\u00e1s\u00e1rolt t\u00e1rgyakat (Budapest, Los Angeles) keverem egym\u00e1ssal, hanem a 10 \u00e9vvel ezel\u0151ttit a mostanival. Egyre ink\u00e1bb \u00e9rzem azt, hogy csak abba hagyom amit csin\u00e1lok, nem fejezhetem be. Tal\u00e1n csak el\u0151k\u00e9sz\u00edtem egy \u00fajabb REMIXRE.<\/p>\n<p>A ki\u00e1ll\u00edt\u00e1son szeretn\u00e9m bemutatni az 1995 es 2010 k\u00f6z\u00f6tt k\u00e9sz\u00fclt t\u00e1rgy-napl\u00f3 install\u00e1ci\u00f3imat \u00e9s azt a folyamatot, ahogy az elvesztett \u00e9s r\u00e1tal\u00e1lt t\u00e1rgyak, k\u00f6rnyezeti anyagok szelekt\u00edv m\u00f3don \u00fajra felhaszn\u00e1l\u00f3dnak(Recycled) \u00e9s a gal\u00e9ria fal\u00e1ra ker\u00fclnek v\u00e1rosi kor\/m\u0171t\u00e1rgyk\u00e9nt. Budapest\/Los Angeles \u2013 \u00edme a korod.<\/p>\n<p class=\"szerzo\">Bp. Szab\u00f3 Gy\u00f6rgy<\/p>\n<p>[\/vc_column_text][vc_empty_space height=&#8221;20px&#8221;][\/vc_column][\/vc_row][vc_row row_type=&#8221;row&#8221; use_row_as_full_screen_section=&#8221;no&#8221; type=&#8221;grid&#8221; text_align=&#8221;left&#8221; background_image_as_pattern=&#8221;without_pattern&#8221;][vc_column width=&#8221;1\/1&#8243;][vc_empty_space height=&#8221;32px&#8221;][vc_empty_space height=&#8221;45px&#8221;][\/vc_column][\/vc_row]<\/p>\n<\/div>","protected":false},"excerpt":{"rendered":"<p>[vc_row row_type=&#8221;row&#8221; use_row_as_full_screen_section=&#8221;no&#8221; type=&#8221;grid&#8221; text_align=&#8221;left&#8221; background_image_as_pattern=&#8221;without_pattern&#8221;][vc_column width=&#8221;1\/1&#8243;][vc_empty_space height=&#8221;40px&#8221;][vc_column_text] BP. SZAB\u00d3 GY\u00d6RGY | Budapest-Los Angeles 1995-2010&#8230;<\/p>\n","protected":false},"author":1,"featured_media":0,"parent":9084,"menu_order":17,"comment_status":"open","ping_status":"open","template":"full_width.php","meta":{"inline_featured_image":false,"loftloader_pro_show_once":"","loftloader_pro_page_shortcode":"","footnotes":""},"class_list":["post-9154","page","type-page","status-publish","hentry"],"_links":{"self":[{"href":"https:\/\/budapestgaleria.hu\/_\/wp-json\/wp\/v2\/pages\/9154","targetHints":{"allow":["GET"]}}],"collection":[{"href":"https:\/\/budapestgaleria.hu\/_\/wp-json\/wp\/v2\/pages"}],"about":[{"href":"https:\/\/budapestgaleria.hu\/_\/wp-json\/wp\/v2\/types\/page"}],"author":[{"embeddable":true,"href":"https:\/\/budapestgaleria.hu\/_\/wp-json\/wp\/v2\/users\/1"}],"replies":[{"embeddable":true,"href":"https:\/\/budapestgaleria.hu\/_\/wp-json\/wp\/v2\/comments?post=9154"}],"version-history":[{"count":0,"href":"https:\/\/budapestgaleria.hu\/_\/wp-json\/wp\/v2\/pages\/9154\/revisions"}],"up":[{"embeddable":true,"href":"https:\/\/budapestgaleria.hu\/_\/wp-json\/wp\/v2\/pages\/9084"}],"wp:attachment":[{"href":"https:\/\/budapestgaleria.hu\/_\/wp-json\/wp\/v2\/media?parent=9154"}],"curies":[{"name":"wp","href":"https:\/\/api.w.org\/{rel}","templated":true}]}}