{"id":9167,"date":"2015-02-02T08:40:54","date_gmt":"2015-02-02T08:40:54","guid":{"rendered":"http:\/\/budapestgaleria.hu\/_\/?page_id=9167"},"modified":"2015-02-02T08:41:57","modified_gmt":"2015-02-02T08:41:57","slug":"schmal-karoly-plakatok-kepek-plasztikak","status":"publish","type":"page","link":"https:\/\/budapestgaleria.hu\/_\/kiallitasok-2009-budapest-galeria\/schmal-karoly-plakatok-kepek-plasztikak\/","title":{"rendered":"Schmal K\u00e1roly | Plak\u00e1tok, k\u00e9pek, plasztik\u00e1k"},"content":{"rendered":"<div class=\"wpb-content-wrapper\"><p>[vc_row row_type=&#8221;row&#8221; use_row_as_full_screen_section=&#8221;no&#8221; type=&#8221;grid&#8221; text_align=&#8221;left&#8221; background_image_as_pattern=&#8221;without_pattern&#8221;][vc_column width=&#8221;1\/1&#8243;][vc_empty_space height=&#8221;40px&#8221;][vc_column_text]<\/p>\n<h2 class=\"cim_1\">SCHMAL K\u00c1ROLY | Plak\u00e1tok, k\u00e9pek, plasztik\u00e1k<\/h2>\n<p>[\/vc_column_text][vc_empty_space height=&#8221;32px&#8221;][\/vc_column][\/vc_row][vc_row bgparallax=&#8221;parallax&#8221; contentwidth=&#8221;container&#8221; toppadding=&#8221;40&#8243; bottompadding=&#8221;10&#8243; border=&#8221;on&#8221; css=&#8221;.vc_custom_1420648296958{background-color: #ffffff !important;}&#8221; row_type=&#8221;row&#8221; use_row_as_full_screen_section=&#8221;no&#8221; type=&#8221;grid&#8221; text_align=&#8221;left&#8221; background_image_as_pattern=&#8221;without_pattern&#8221;][vc_column width=&#8221;1\/3&#8243; css=&#8221;.vc_custom_1420649554591{padding-right: 25px !important;}&#8221;][vc_column_text]<\/p>\n<p class=\"hely_bpgal\">Budapest Gal\u00e9ria<\/p>\n<p class=\"cim_bpgal\">1036 Budapest, Lajos utca 158.<\/p>\n<p class=\"datum_bpgal\">2009. janu\u00e1r 27 \u2013 m\u00e1rcius 15.<\/p>\n<p>[\/vc_column_text][vc_column_text]<\/p>\n<p class=\"kiemeles_bpgal\">Megnyit\u00f3:<\/p>\n<p class=\"kurrens_bpgal\">2009. janu\u00e1r 27. (kedd), 17:00<\/p>\n<p class=\"kiemeles_bpgal\">Megnyitotta:<\/p>\n<p class=\"kurrens_bpgal\">VARGA M\u00c1TY\u00c1S OSB, benc\u00e9s szerzetes, k\u00f6lt\u0151<\/p>\n<p>[\/vc_column_text][vc_empty_space height=&#8221;32px&#8221;][\/vc_column][vc_column width=&#8221;2\/3&#8243;][vc_column_text]\u201eSchmal K\u00e1roly &#8222;pap\u00edrmunk\u00e1i&#8221; az elemi egyszer\u0171s\u00e9g jegyeit mutatj\u00e1k. Ez a felhaszn\u00e1lt anyagokra \u00e9s eszk\u00f6z\u00f6kre \u00e9pp\u00fagy \u00e9rv\u00e9nyes, mint a rajz \u00e9s fest\u00e9s eredm\u00e9ny\u00e9re, a k\u00e9pekre. Alig n\u00e9h\u00e1ny sz\u00e9n, kr\u00e9ta, vagy tempera hordozta sz\u00edn l\u00e1that\u00f3 a k\u00e9k, feh\u00e9r vagy barna fel\u00fcleteken. A n\u00e9gyzetes kiv\u00e1gatt\u00f3l k\u00f6zrefogva pedig alapform\u00e1k: h\u00e1romsz\u00f6gek, \u00e1tl\u00f3k, egym\u00e1st metsz\u0151 egyenesek, a l\u00e1tsz\u00f3lagos teret megjelen\u00edt\u0151 t\u00f6bbsz\u00f6r\u00f6sen t\u00f6rt vonalak \u00e9s \u00f6rv\u00e9nyl\u0151 g\u00f6rb\u00fcletek. A k\u00e9pek c\u00edmei, a fest\u0151i sz\u00e1nd\u00e9k &#8211; \u00e9s a felveend\u0151 n\u00e9z\u0151pont &#8211; foglalatai viszont egy m\u00e1sik val\u00f3s\u00e1gmetszetb\u0151l keltezettek: S\u00edk \u00e9s t\u00e9r, Egy \u00e9s sok, R\u00e9sz-lett, Elt\u00e9r\u00e9s, Minden megvan. Sz\u00f3 \u00e9s k\u00e9p k\u00f6lcs\u00f6n\u00f6sen ellenpontozz\u00e1k, egyszersmind \u00e9rtelmezik is egym\u00e1st. Fesz\u00fclts\u00e9ggel tel\u00edtett er\u0151ter\u00fck kirajzolja alkot\u00f3juk szellemi alap\u00e1ll\u00e1s\u00e1t: kutat\u00e1sa ir\u00e1ny\u00e1t, k\u00e9rd\u00e9sei \u00e9l\u00e9t, k\u00fczdelmei k\u00f6r\u00e9t. M\u0171veib\u0151l a sz\u00ednes \u00e9s sz\u00e9lesv\u00e1szn\u00fa lehet\u0151s\u00e9gekr\u0151l val\u00f3 lemond\u00e1s gesztusa \u00e9pp\u00fagy kivil\u00e1glik, mint a keletkez\u00e9sre ir\u00e1nyul\u00f3 k\u00e9rdez\u00e9s, az anyagok alkot\u00f3elemeire \u00e9s kibontakoz\u00e1suk elveire ir\u00e1nyul\u00f3 felt\u00e1r\u00f3munka, az \u00e1tl\u00e1that\u00f3s\u00e1gra, a transzparenci\u00e1ra ir\u00e1nyul\u00f3 t\u00f6rekv\u00e9s. Az &#8222;elhagy\u00e1s m\u0171v\u00e9szete&#8221;, a rajz eleve k\u00edn\u00e1l ezir\u00e1ny\u00fa eshet\u0151s\u00e9geket. Schmal k\u00e9pei azonban nem a figur\u00e1lis \u00e1br\u00e1zol\u00e1s k\u00f6r\u00e9b\u0151l ker\u00fclnek ki, nem t\u00e1rgyi alakzatok fel\u00fcleti form\u00e1inak, t\u00e9ri viszonylatainak, f\u00e9nyer\u0151inek \u00e9s sz\u00ednhat\u00e1sainak megmutat\u00e1s\u00e1ra ir\u00e1nyulnak. Sokkal ink\u00e1bb a k\u00e9pz\u00e9s, a k\u00e9palkot\u00e1s kezdeti gesztusait mutatj\u00e1k: a rov\u00e1s, a von\u00e1s, a v\u00e9s\u00e9s, a foltejt\u00e9s &#8211; a jelalak\u00edt\u00e1s \u00e9s az anyagokkal kezdem\u00e9nyezett \u00e9rintkez\u00e9s \u00e9s kapcsolatteremt\u00e9s eredm\u00e9nyeit.\u201d<\/p>\n<p class=\"forras\">(Tillman J\u00f3zsef, 1993)<\/p>\n<p>\u201e\u0150, aki fest\u00e9szetet tanult, a rajz esszencialit\u00e1s\u00e1ig reduk\u00e1lja k\u00e9pi vil\u00e1g\u00e1t, hogy semmi ne zavarja a l\u00e9nyegre val\u00f3 koncentr\u00e1l\u00e1sban. Mindig a disegno birodalm\u00e1ban marad, a rajz \u00e1ltal teremti meg k\u00e9peinek csod\u00e1latosan finom elvonts\u00e1g\u00e1t, n\u00e1la a fest\u0151is\u00e9g a rajzb\u00f3l n\u0151 ki, ecsetnyomai p\u00e1szm\u00e1kk\u00e1 vastagod\u00f3 ceruzavon\u00e1sok. K\u00e9pi vil\u00e1ga t\u00f6k\u00e9letesen szabad, k\u00f6tetlen \u00e9s \u00f6nt\u00f6rv\u00e9ny\u0171, m\u00e9gis szigor\u00fa \u00e9s er\u0151teljes, valami rend sejlik \u00e1t a rendezetlens\u00e9gen. Ezt a kett\u0151ss\u00e9get Schmal egyr\u00e9szt a rendk\u00edv\u00fcl finom rajzi t\u00e9rj\u00e1t\u00e9kkal, m\u00e1sr\u00e9szt a k\u00e9phordoz\u00f3 anyag k\u00e9pp\u00e9 t\u00e9tel\u00e9vel \u00e9ri el: \u00fagy gy\u0171ri a pap\u00edrt, vagy hajl\u00edtja a f\u00e9met, ahogyan a fest\u0151k mag\u00e1t az imagin\u00e1rius k\u00e9ps\u00edkot, a gy\u0171r\u0151d\u00e9s bel\u00e9p a k\u00e9p ter\u00e9be, a k\u00e9p, a rajz pedig a gy\u0171r\u0151d\u00e9s keltette t\u00e9rhat\u00e1st j\u00e1tssza tov\u00e1bb. Ami a furcsa az, hogy ez a m\u00f3dszer vezethetne az abszol\u00fat viszonylagoss\u00e1g, a minden mindegy posztul\u00e1l\u00e1s\u00e1hoz is, m\u00e9gsem ez t\u00f6rt\u00e9nik, ellenkez\u0151leg, a k\u00e9p egys\u00e9gg\u00e9 \u00e1ll \u00f6ssze, a dolgok elrendez\u0151dnek, mik\u00f6zben felfedik bels\u0151 bonyolults\u00e1gukat \u00e9s ellentmond\u00e1soss\u00e1gukat.\u201d<\/p>\n<p class=\"forras\">(Sulyok Mikl\u00f3s, 1999)<\/p>\n<p>\u201eSchmal K\u00e1roly azon kevesek k\u00f6z\u00e9 tartozik, akik valamik\u00e9ppen &#8222;\u00fagy maradtak&#8221; az elm\u00falt h\u00fasz-huszon\u00f6t \u00e9vben: sem tematik\u00e1ja, sem gondolkod\u00e1sm\u00f3dja nem v\u00e1ltozott alapvet\u0151en. Rajzzal \u00e9s vegyszerekkel &#8222;kih\u0171t\u00f6tt&#8221;, objektiviz\u00e1lt f\u00e9nyk\u00e9pei mindig is er\u0151s metafizikai determin\u00e1ci\u00f3 \u00e9rv\u00e9ny\u00e9ben \u00e9s k\u00f6t\u00e9s\u00e9ben k\u00e9sz\u00fcltek, s mindig is a f\u00e9ny-\u00e1rny\u00e9k dualit\u00e1s\u00e1val foglalkoztak kim\u00e9rten, sz\u00e1razon, valami furcs\u00e1n-lelkes fatalizmus elszeg\u00e9ny\u00edtett monokr\u00f3m vagy alig sz\u00ednezett (munka)ruh\u00e1j\u00e1ban. K\u00e9peinek \u00e1rny\u00e9kot vet\u0151 geometriai elemei \u00e9pp\u00fagy merednek vagy hevernek a kop\u00e1rs\u00e1g\u00e1ban is gazdagon \u00e9rtelmezhet\u0151, val\u00f3s\u00e1gos t\u00e9ri-t\u00e1ji k\u00e9pzeteket kelt\u0151-befogad\u00f3 s\u00edkon, mint Pilinszky alv\u00f3 szegei a j\u00e9ghideg homokon, \u00e1m a l\u00edrai hom\u00e1lyt Schmal m\u00e9rtanias utal\u00e1sokkal foszlatja sz\u00e9t. Pontosabban: r\u00e9szint a hatvanas-hetvenes \u00e9vek konceptu\u00e1lis fot\u00f3gyakorlat\u00e1ra eml\u00e9keztet\u0151 geometriz\u00e1l\u00f3 fegyelemmel, r\u00e9szint a klasszikus avantg\u00e1rd (leegyszer\u0171s\u00edtve) konstruktivist\u00e1inak m\u0171veire eml\u00e9keztet\u0151 formarenddel mintegy konkretiz\u00e1lja-f\u00f3kusz\u00e1lja a f\u00e9ny-\u00e1rny\u00e9k mozdulatlann\u00e1 \u00e1lland\u00f3s\u00edtott kett\u0151ss\u00e9g\u00e9t. A konceptu\u00e1lis gondolkod\u00e1sm\u00f3d hat\u00e1s\u00e1ra utal a szerialit\u00e1s is, melynek eredm\u00e9nyek\u00e9ppen viszont megmutatkozik a mozg\u00e1s v\u00e1ltoz\u00e1st kik\u00e9nyszer\u00edt\u0151 ereje ir\u00e1nti \u00e9rdekl\u0151d\u00e9s; a &#8222;vizsg\u00e1lat&#8221; azonban mindig a mozdulatlans\u00e1g monstranciaszer\u0171 felmutat\u00e1s\u00e1val \u00e9r v\u00e9get.\u201d<\/p>\n<p class=\"forras\">(Hajdu Istv\u00e1n, Magyar Narancs, 2002, m\u00e1jus 16.)<\/p>\n<p>[\/vc_column_text][vc_empty_space height=&#8221;20px&#8221;][\/vc_column][\/vc_row][vc_row row_type=&#8221;row&#8221; use_row_as_full_screen_section=&#8221;no&#8221; type=&#8221;grid&#8221; text_align=&#8221;left&#8221; background_image_as_pattern=&#8221;without_pattern&#8221;][vc_column width=&#8221;1\/1&#8243;][vc_empty_space height=&#8221;32px&#8221;][vc_empty_space height=&#8221;45px&#8221;][\/vc_column][\/vc_row]<\/p>\n<\/div>","protected":false},"excerpt":{"rendered":"<p>[vc_row row_type=&#8221;row&#8221; use_row_as_full_screen_section=&#8221;no&#8221; type=&#8221;grid&#8221; text_align=&#8221;left&#8221; background_image_as_pattern=&#8221;without_pattern&#8221;][vc_column width=&#8221;1\/1&#8243;][vc_empty_space height=&#8221;40px&#8221;][vc_column_text] SCHMAL K\u00c1ROLY | Plak\u00e1tok, k\u00e9pek, plasztik\u00e1k [\/vc_column_text][vc_empty_space&#8230;<\/p>\n","protected":false},"author":1,"featured_media":0,"parent":9165,"menu_order":0,"comment_status":"open","ping_status":"open","template":"full_width.php","meta":{"inline_featured_image":false,"loftloader_pro_show_once":"","loftloader_pro_page_shortcode":"","footnotes":""},"class_list":["post-9167","page","type-page","status-publish","hentry"],"_links":{"self":[{"href":"https:\/\/budapestgaleria.hu\/_\/wp-json\/wp\/v2\/pages\/9167","targetHints":{"allow":["GET"]}}],"collection":[{"href":"https:\/\/budapestgaleria.hu\/_\/wp-json\/wp\/v2\/pages"}],"about":[{"href":"https:\/\/budapestgaleria.hu\/_\/wp-json\/wp\/v2\/types\/page"}],"author":[{"embeddable":true,"href":"https:\/\/budapestgaleria.hu\/_\/wp-json\/wp\/v2\/users\/1"}],"replies":[{"embeddable":true,"href":"https:\/\/budapestgaleria.hu\/_\/wp-json\/wp\/v2\/comments?post=9167"}],"version-history":[{"count":0,"href":"https:\/\/budapestgaleria.hu\/_\/wp-json\/wp\/v2\/pages\/9167\/revisions"}],"up":[{"embeddable":true,"href":"https:\/\/budapestgaleria.hu\/_\/wp-json\/wp\/v2\/pages\/9165"}],"wp:attachment":[{"href":"https:\/\/budapestgaleria.hu\/_\/wp-json\/wp\/v2\/media?parent=9167"}],"curies":[{"name":"wp","href":"https:\/\/api.w.org\/{rel}","templated":true}]}}