{"id":9178,"date":"2015-02-02T09:02:37","date_gmt":"2015-02-02T09:02:37","guid":{"rendered":"http:\/\/budapestgaleria.hu\/_\/?page_id=9178"},"modified":"2015-02-02T09:02:37","modified_gmt":"2015-02-02T09:02:37","slug":"huszar-andrea-kiallitasa","status":"publish","type":"page","link":"https:\/\/budapestgaleria.hu\/_\/kiallitasok-2009-budapest-galeria\/huszar-andrea-kiallitasa\/","title":{"rendered":"Husz\u00e1r Andrea ki\u00e1ll\u00edt\u00e1sa"},"content":{"rendered":"<div class=\"wpb-content-wrapper\"><p>[vc_row row_type=&#8221;row&#8221; use_row_as_full_screen_section=&#8221;no&#8221; type=&#8221;grid&#8221; text_align=&#8221;left&#8221; background_image_as_pattern=&#8221;without_pattern&#8221;][vc_column width=&#8221;1\/1&#8243;][vc_empty_space height=&#8221;40px&#8221;][vc_column_text]<\/p>\n<h2 class=\"cim_1\">Husz\u00e1r Andrea ki\u00e1ll\u00edt\u00e1sa<\/h2>\n<p>[\/vc_column_text][vc_empty_space height=&#8221;32px&#8221;][\/vc_column][\/vc_row][vc_row bgparallax=&#8221;parallax&#8221; contentwidth=&#8221;container&#8221; toppadding=&#8221;40&#8243; bottompadding=&#8221;10&#8243; border=&#8221;on&#8221; css=&#8221;.vc_custom_1420648296958{background-color: #ffffff !important;}&#8221; row_type=&#8221;row&#8221; use_row_as_full_screen_section=&#8221;no&#8221; type=&#8221;grid&#8221; text_align=&#8221;left&#8221; background_image_as_pattern=&#8221;without_pattern&#8221;][vc_column width=&#8221;1\/3&#8243; css=&#8221;.vc_custom_1420649554591{padding-right: 25px !important;}&#8221;][vc_column_text]<\/p>\n<p class=\"hely_bpgal\">Budapest Gal\u00e9ria<\/p>\n<p class=\"cim_bpgal\">1036 Budapest, Lajos utca 158.<\/p>\n<p class=\"datum_bpgal\">2009. m\u00e1rcius 31 \u2013 m\u00e1jus 17.<\/p>\n<p>[\/vc_column_text][vc_column_text]<\/p>\n<p class=\"kiemeles_bpgal\">Megnyit\u00f3:<\/p>\n<p class=\"kurrens_bpgal\">2009. m\u00e1rcius 31. (cs\u00fct\u00f6rt\u00f6k), 18:00<\/p>\n<p class=\"kiemeles_bpgal\">Megnyitotta:<\/p>\n<p class=\"kurrens_bpgal\">GY\u00d6RFFY \u00c1KOS, \u00edr\u00f3<\/p>\n<p>[\/vc_column_text][vc_empty_space height=&#8221;32px&#8221;][\/vc_column][vc_column width=&#8221;2\/3&#8243;][vc_column_text]28 mondat<br \/>\n<strong>Noche escura del alma<\/strong><br \/>\n<em>(\u201eA l\u00e9lek s\u00f6t\u00e9t \u00e9jszak\u00e1ja\u201d \u2013 Keresztes Szt. J\u00e1nos)<\/em><\/p>\n<p>Kil\u00e9pve az \u00e9g al\u00e1, valamelyest enyh\u00fcl a szorong\u00e1s.<br \/>\nHagyd, hogy lecs\u00fasszanak r\u00f3lad a k\u00e9pek. A mozdulataidat nem te ir\u00e1ny\u00edtod. A templom fal\u00e1ban r\u00f3mai k\u0151. A minden ok n\u00e9lk\u00fcli, hirtelen szomor\u00fas\u00e1g. Hagyni, hogy legyen. Legyen v\u00e9gre m\u00e1r. K\u00e9nyszerk\u00e9pzet\u00fcnket hissz\u00fck \u00f6nmagunknak. Ahogy \u00e9lnem k\u00e9ne, ezzel a sz\u00e1nalmas mondattal kezd\u0151dik minden. Tel\u00edt\u0151dni v\u00e9gre az \u00fcress\u00e9ggel, ak\u00e1r az \u00e9g. A lassan kiserken\u0151 v\u00e9r \u00f6sv\u00e9nyeit figyeled. Ahogy kiszakadsz, elkeveredsz \u00e9s elt\u0171nsz. Egy ismeretlen n\u0151 ismeretlen illat\u00fa teste, vagy csak a csillagos \u00e9ggel egyed\u00fcl. Valaminek az \u00edg\u00e9rete ilyenkor, mikor minden f\u00e1j. Mindegyik sz\u00f3 ima, csak valahogy kihalt, kirohadt bel\u0151l\u00fck valami. Egy \u00f6tsz\u00e1z \u00e9ve a tengerre n\u00e9z\u0151 ablak. A szok\u00e1sok \u00e9s beidegezetts\u00e9gek k\u00e9nyszerzubbonya. \u00d6sszeroncsolva \u00e9s bemocskolva fek\u00fcdni valami ragacsos, fekete fel\u00fcleten. Csak hunyorogni tudtam, a szemem a f\u00e9nyt nem viselte el. A f\u00e1k k\u00f6z\u00e9 ferd\u00e9n bevil\u00e1g\u00edtott a nap. V\u00e9giggondolni, ez az, ami sosem siker\u00fclt. El\u0151sz\u00f6r f\u00e1jdalomnak kell lennie, hogy v\u00e9gre valami val\u00f3di t\u00f6rt\u00e9nhessen. Az angyal arca \u00e9rtelmetlenn\u00e9 tesz minden m\u00e1s l\u00e1tv\u00e1nyt. Nem mintha b\u00e1rmit tudn\u00e9k arr\u00f3l, hogy mi a gonosz. Valami poshadts\u00e1g van mindenen. Val\u00f3sz\u00edn\u0171leg mindig ugyanazt kell l\u00e1tnom. Otthonoss\u00e1 tenni mindezt, otthonoss\u00e1 a sz\u00e1mkivetetts\u00e9get. Valahol kimondhatatlanul messze lakik a p\u00e1sztor.<\/p>\n<p class=\"szerzo\">Gy\u0151rffy \u00c1kos<\/p>\n<p>[\/vc_column_text][vc_empty_space height=&#8221;20px&#8221;][\/vc_column][\/vc_row][vc_row row_type=&#8221;row&#8221; use_row_as_full_screen_section=&#8221;no&#8221; type=&#8221;grid&#8221; text_align=&#8221;left&#8221; background_image_as_pattern=&#8221;without_pattern&#8221;][vc_column width=&#8221;1\/1&#8243;][vc_empty_space height=&#8221;32px&#8221;][vc_empty_space height=&#8221;45px&#8221;][\/vc_column][\/vc_row]<\/p>\n<\/div>","protected":false},"excerpt":{"rendered":"<p>[vc_row row_type=&#8221;row&#8221; use_row_as_full_screen_section=&#8221;no&#8221; type=&#8221;grid&#8221; text_align=&#8221;left&#8221; background_image_as_pattern=&#8221;without_pattern&#8221;][vc_column width=&#8221;1\/1&#8243;][vc_empty_space height=&#8221;40px&#8221;][vc_column_text] Husz\u00e1r Andrea ki\u00e1ll\u00edt\u00e1sa [\/vc_column_text][vc_empty_space height=&#8221;32px&#8221;][\/vc_column][\/vc_row][vc_row bgparallax=&#8221;parallax&#8221; contentwidth=&#8221;container&#8221;&#8230;<\/p>\n","protected":false},"author":1,"featured_media":0,"parent":9165,"menu_order":4,"comment_status":"open","ping_status":"open","template":"full_width.php","meta":{"inline_featured_image":false,"loftloader_pro_show_once":"","loftloader_pro_page_shortcode":"","footnotes":""},"class_list":["post-9178","page","type-page","status-publish","hentry"],"_links":{"self":[{"href":"https:\/\/budapestgaleria.hu\/_\/wp-json\/wp\/v2\/pages\/9178","targetHints":{"allow":["GET"]}}],"collection":[{"href":"https:\/\/budapestgaleria.hu\/_\/wp-json\/wp\/v2\/pages"}],"about":[{"href":"https:\/\/budapestgaleria.hu\/_\/wp-json\/wp\/v2\/types\/page"}],"author":[{"embeddable":true,"href":"https:\/\/budapestgaleria.hu\/_\/wp-json\/wp\/v2\/users\/1"}],"replies":[{"embeddable":true,"href":"https:\/\/budapestgaleria.hu\/_\/wp-json\/wp\/v2\/comments?post=9178"}],"version-history":[{"count":0,"href":"https:\/\/budapestgaleria.hu\/_\/wp-json\/wp\/v2\/pages\/9178\/revisions"}],"up":[{"embeddable":true,"href":"https:\/\/budapestgaleria.hu\/_\/wp-json\/wp\/v2\/pages\/9165"}],"wp:attachment":[{"href":"https:\/\/budapestgaleria.hu\/_\/wp-json\/wp\/v2\/media?parent=9178"}],"curies":[{"name":"wp","href":"https:\/\/api.w.org\/{rel}","templated":true}]}}