{"id":9180,"date":"2015-02-02T09:10:07","date_gmt":"2015-02-02T09:10:07","guid":{"rendered":"http:\/\/budapestgaleria.hu\/_\/?page_id=9180"},"modified":"2015-02-02T09:10:07","modified_gmt":"2015-02-02T09:10:07","slug":"rozsda-endre-almai","status":"publish","type":"page","link":"https:\/\/budapestgaleria.hu\/_\/kiallitasok-2009-budapest-galeria\/rozsda-endre-almai\/","title":{"rendered":"Rozsda Endre \u00e1lmai"},"content":{"rendered":"<div class=\"wpb-content-wrapper\"><p>[vc_row row_type=&#8221;row&#8221; use_row_as_full_screen_section=&#8221;no&#8221; type=&#8221;grid&#8221; text_align=&#8221;left&#8221; background_image_as_pattern=&#8221;without_pattern&#8221;][vc_column width=&#8221;1\/1&#8243;][vc_empty_space height=&#8221;40px&#8221;][vc_column_text]<\/p>\n<h2 class=\"cim_1\">Rozsda Endre \u00e1lmai<\/h2>\n<p>[\/vc_column_text][vc_empty_space height=&#8221;32px&#8221;][\/vc_column][\/vc_row][vc_row bgparallax=&#8221;parallax&#8221; contentwidth=&#8221;container&#8221; toppadding=&#8221;40&#8243; bottompadding=&#8221;10&#8243; border=&#8221;on&#8221; css=&#8221;.vc_custom_1420648296958{background-color: #ffffff !important;}&#8221; row_type=&#8221;row&#8221; use_row_as_full_screen_section=&#8221;no&#8221; type=&#8221;grid&#8221; text_align=&#8221;left&#8221; background_image_as_pattern=&#8221;without_pattern&#8221;][vc_column width=&#8221;1\/3&#8243; css=&#8221;.vc_custom_1420649554591{padding-right: 25px !important;}&#8221;][vc_column_text]<\/p>\n<p class=\"hely_bpgal\">Budapest Gal\u00e9ria<\/p>\n<p class=\"cim_bpgal\">1036 Budapest, Lajos utca 158.<\/p>\n<p class=\"datum_bpgal\">2009. \u00e1prilis 20 \u2013 m\u00e1jus 17.<\/p>\n<p>[\/vc_column_text][vc_column_text]<\/p>\n<p class=\"kiemeles_bpgal\">Megnyit\u00f3:<\/p>\n<p class=\"kurrens_bpgal\">2009. \u00e1prilis 20. (cs\u00fct\u00f6rt\u00f6k), 18:00<\/p>\n<p class=\"kiemeles_bpgal\">Megnyitotta:<\/p>\n<p class=\"kurrens_bpgal\">KONOK TAM\u00c1S, fest\u0151m\u0171v\u00e9sz<\/p>\n<p>[\/vc_column_text][vc_empty_space height=&#8221;32px&#8221;][\/vc_column][vc_column width=&#8221;2\/3&#8243;][vc_column_text]A M\u0171csarnokban 1998-ban \u00e9s a Sz\u00e9pm\u0171v\u00e9szeti M\u00fazeumban 2001-ben bemutatott jelent\u0151s m\u00e9ret\u0171, \u00e1tfog\u00f3 ki\u00e1ll\u00edt\u00e1sok ut\u00e1n, a Rozsda Endre Bar\u00e1tai T\u00e1rsas\u00e1g \u00e9s a Budapest Gal\u00e9ria k\u00f6z\u00f6s rendez\u00e9s\u00e9ben, ez\u00fattal sokkal szem\u00e9lyesebb, intimebb megk\u00f6zel\u00edt\u00e9sben, \u00e9s j\u00f3n\u00e9h\u00e1ny, els\u0151 alkalommal nyilv\u00e1noss\u00e1g el\u00e9 ker\u00fcl\u0151 alkot\u00e1son kereszt\u00fcl t\u00e1rul fel el\u00f6tt\u00fcnk Rozsda Endre sz\u00fcrrealista l\u00e9lekkel meg\u00e9lt vil\u00e1ga.<\/p>\n<p>\u201eSzeretn\u00e9k m\u00e1r a hal\u00e1lban fel\u00e9bredni\u201d, mondogatta \u00e9lete utols\u00f3 id\u0151szak\u00e1ban Rozsda Endre. Imm\u00e1r t\u00edz esztendeje annak, hogy ez a k\u00edv\u00e1ns\u00e1ga teljes\u00fclhetett, \u00e9s ezen a kerek \u00e9vfordul\u00f3n, minek is \u00f6r\u00fclne legjobban a holt\u00e1ban virraszt\u00f3 m\u0171v\u00e9sz, mint egy olyan ki\u00e1ll\u00edt\u00e1snak, amely f\u00f6ldi l\u00e9t\u00e9nek \u00e1lombirodalm\u00e1t id\u00e9zi vissza.<\/p>\n<p>A magyar m\u00fazeumokt\u00f3l, valamint francia \u00e9s magyar mag\u00e1ngy\u0171jtem\u00e9nyekb\u0151l k\u00f6lcs\u00f6nz\u00f6tt, mintegy harminc festm\u00e9nyen \u00e9s k\u00f6zelannyi rajzon, a r\u00e9gm\u00falt val\u00f3s t\u00f6rt\u00e9n\u00e9sei \u00e9s k\u00e9pzeletsz\u00fclte szitu\u00e1ci\u00f3k, vissza-visszat\u00e9r\u0151 v\u00edzi\u00f3k \u00e9s \u00e9bren meg\u00e1lmodott k\u00e9psorok fon\u00f3dnak \u00f6ssze. Festm\u00e9nyeinek, rajzainak sz\u00f6ved\u00e9k\u00e9ben nincs r\u00e9gen vagy most, nincs itt vagy ott, minden egyid\u0151ben, egy t\u00e9rben s\u0171r\u00fcs\u00f6dik \u00f6ssze, mint ahogy \u00e9let\u00e9nek tragikus mozzanatait is k\u00e9pes volt saj\u00e1ts\u00e1gos humor\u00fa k\u00f6zegben megjelen\u00edteni. \u201eOlyan vil\u00e1gba \u00e1lmodom magam, ahol az id\u0151 dimenzi\u00f3j\u00e1ban j\u00e1rhatok el\u0151re \u00e9s h\u00e1tra, fel \u00e9s le, ahol feln\u0151tt vagyok egy olyan id\u0151ben, melyben val\u00f3j\u00e1ban gyerek voltam.\u201d \u2013 fogalmazza meg a nemcsak k\u00e9peiben, de \u00edr\u00e1saiban is \u00edzig-v\u00e9rig sz\u00fcrrealista m\u0171v\u00e9sz.<br \/>\nA k\u00e9nyszerb\u0151l elhagyott sz\u00fcl\u0151f\u00f6ld, Magyarorsz\u00e1g helyett Franciaorsz\u00e1g lett Rozsda v\u00e1lasztott haz\u00e1ja. \u00c9let\u00e9nek t\u00f6bb mint hatvan \u00e9v\u00e9t P\u00e1rizsban \u00e9lte le, ahol nemcsak a gy\u0171jt\u0151k, de a sz\u00fcrrealista m\u0171v\u00e9szt\u00e1rsak megbecs\u00fcl\u00e9s\u00e9t is siker\u00fclt kiv\u00edvnia, amint azt az 1964-ben, Hans Arp, Matta, Max Ernst, Man Ray, Marcel Duchamp \u00e9s Darius Milhaud alkotta zs\u00fcri \u00e1ltal oda\u00edt\u00e9lt Copley-d\u00edj is tan\u00fas\u00edtja. \u00c9vtizedeken \u00e1t a legend\u00e1s Bateau Lavoir egyik m\u0171term\u00e9ben dolgozott, a ki\u00e1ll\u00edt\u00e1son szerepl\u0151 alkot\u00e1sok z\u00f6me is ott k\u00e9sz\u00fclt. A Rozsda \u00e1lomvil\u00e1g\u00e1b\u00f3l v\u00e1logatott festm\u00e9nyek \u00e9s rajzok most a sz\u00e9p \u00e9s szomor\u00fa eml\u00e9kek sz\u00ednhely\u00e9n, Budapesten l\u00e1that\u00f3k, mik\u00f6zben alkot\u00f3juk valahonnan a t\u00e1volb\u00f3l vigy\u00e1zza \u201egyermekeit.\u201d<\/p>\n<p class=\"szerzo\">Cserba J\u00falia (kur\u00e1tor)<\/p>\n<p>A Budapest Gal\u00e9ria \u00e9s a Rozsda Endre Bar\u00e1ti T\u00e1rsas\u00e1g k\u00f6sz\u00f6net\u00e9t fejezi ki a ki\u00e1ll\u00edt\u00e1s l\u00e9trej\u00f6tt\u00e9ben ny\u00fajtott seg\u00edts\u00e9g\u00e9rt:<\/p>\n<p>Budapest T\u00f6rt\u00e9net M\u00fazeumnak<br \/>\nMagyar Nemzeti Gal\u00e9ri\u00e1nak<br \/>\nSz\u00e9pm\u0171v\u00e9szeti M\u00fazeumnak<br \/>\nF\u0151v\u00e1rosi K\u00e9pt\u00e1r-Kiscelli M\u00fazeumnak<br \/>\nBudapesti Francia Int\u00e9zetnek<br \/>\nV\u00e1rfok Gal\u00e9ri\u00e1nak<br \/>\nZ\u00f6ldek \/ Eur\u00f3pai Szabad Sz\u00f6vets\u00e9g\u00e9nek<\/p>\n<p>valamint a p\u00e1rizsi \u00e9s budapesti mag\u00e1ngy\u0171jt\u0151knek<\/p>\n<p><strong>KAPCSOL\u00d3D\u00d3 ROZSDA ENDRE KI\u00c1LL\u00cdT\u00c1SOK<\/strong><br \/>\nROZSDA ENDRE (1913-1999)<br \/>\nJubileumi ki\u00e1ll\u00edt\u00e1s-sorozat a V\u00e1rfok Gal\u00e9ri\u00e1ban<\/p>\n<p>ROZSDA KORAI PAP\u00cdRMUNK\u00c1I (1935-1955)<br \/>\nV\u00e1rfok Gal\u00e9ria \u2013 V\u00e1rfok Terem<\/p>\n<p>KORAI FESTM\u00c9NYEK \u2013 ROZSDA A M\u00c1SODIK VIL\u00c1GH\u00c1BOR\u00da EL\u0150TT<br \/>\nV\u00e1rfok Gal\u00e9ria \u2013 V\u00e1rnegyed Gal\u00e9ria<\/p>\n<p>ROZSDA SZ\u00dcRREALIZMUSA<br \/>\nV\u00e1rfok Gal\u00e9ria \u2013 XO Terem<\/p>\n<p>JAP\u00c1NBAN MEG\u00d6LTEK EGY EUR\u00d3PAIT<br \/>\nV\u00e1rfok Gal\u00e9ria \u2013 Gal\u00e9ria 19<\/p>\n<p>ROZSDA FOT\u00d3I<br \/>\nBudapesti Francia Int\u00e9zet[\/vc_column_text][vc_empty_space height=&#8221;20px&#8221;][\/vc_column][\/vc_row][vc_row row_type=&#8221;row&#8221; use_row_as_full_screen_section=&#8221;no&#8221; type=&#8221;grid&#8221; text_align=&#8221;left&#8221; background_image_as_pattern=&#8221;without_pattern&#8221;][vc_column width=&#8221;1\/1&#8243;][vc_empty_space height=&#8221;32px&#8221;][vc_empty_space height=&#8221;45px&#8221;][\/vc_column][\/vc_row]<\/p>\n<\/div>","protected":false},"excerpt":{"rendered":"<p>[vc_row row_type=&#8221;row&#8221; use_row_as_full_screen_section=&#8221;no&#8221; type=&#8221;grid&#8221; text_align=&#8221;left&#8221; background_image_as_pattern=&#8221;without_pattern&#8221;][vc_column width=&#8221;1\/1&#8243;][vc_empty_space height=&#8221;40px&#8221;][vc_column_text] Rozsda Endre \u00e1lmai [\/vc_column_text][vc_empty_space height=&#8221;32px&#8221;][\/vc_column][\/vc_row][vc_row bgparallax=&#8221;parallax&#8221; contentwidth=&#8221;container&#8221;&#8230;<\/p>\n","protected":false},"author":1,"featured_media":0,"parent":9165,"menu_order":5,"comment_status":"open","ping_status":"open","template":"full_width.php","meta":{"inline_featured_image":false,"loftloader_pro_show_once":"","loftloader_pro_page_shortcode":"","footnotes":""},"class_list":["post-9180","page","type-page","status-publish","hentry"],"_links":{"self":[{"href":"https:\/\/budapestgaleria.hu\/_\/wp-json\/wp\/v2\/pages\/9180","targetHints":{"allow":["GET"]}}],"collection":[{"href":"https:\/\/budapestgaleria.hu\/_\/wp-json\/wp\/v2\/pages"}],"about":[{"href":"https:\/\/budapestgaleria.hu\/_\/wp-json\/wp\/v2\/types\/page"}],"author":[{"embeddable":true,"href":"https:\/\/budapestgaleria.hu\/_\/wp-json\/wp\/v2\/users\/1"}],"replies":[{"embeddable":true,"href":"https:\/\/budapestgaleria.hu\/_\/wp-json\/wp\/v2\/comments?post=9180"}],"version-history":[{"count":0,"href":"https:\/\/budapestgaleria.hu\/_\/wp-json\/wp\/v2\/pages\/9180\/revisions"}],"up":[{"embeddable":true,"href":"https:\/\/budapestgaleria.hu\/_\/wp-json\/wp\/v2\/pages\/9165"}],"wp:attachment":[{"href":"https:\/\/budapestgaleria.hu\/_\/wp-json\/wp\/v2\/media?parent=9180"}],"curies":[{"name":"wp","href":"https:\/\/api.w.org\/{rel}","templated":true}]}}