{"id":9182,"date":"2015-02-02T09:17:04","date_gmt":"2015-02-02T09:17:04","guid":{"rendered":"http:\/\/budapestgaleria.hu\/_\/?page_id=9182"},"modified":"2015-02-02T09:17:04","modified_gmt":"2015-02-02T09:17:04","slug":"bartha-c-erno-tv-mania","status":"publish","type":"page","link":"https:\/\/budapestgaleria.hu\/_\/kiallitasok-2009-budapest-galeria\/bartha-c-erno-tv-mania\/","title":{"rendered":"Bartha C. Ern\u0151 | Tv m\u00e1nia"},"content":{"rendered":"<div class=\"wpb-content-wrapper\"><p>[vc_row row_type=&#8221;row&#8221; use_row_as_full_screen_section=&#8221;no&#8221; type=&#8221;grid&#8221; text_align=&#8221;left&#8221; background_image_as_pattern=&#8221;without_pattern&#8221;][vc_column width=&#8221;1\/1&#8243;][vc_empty_space height=&#8221;40px&#8221;][vc_column_text]<\/p>\n<h2 class=\"cim_1\">BARTHA C. ERN\u0150 | Tv m\u00e1nia<\/h2>\n<p>[\/vc_column_text][vc_empty_space height=&#8221;32px&#8221;][\/vc_column][\/vc_row][vc_row bgparallax=&#8221;parallax&#8221; contentwidth=&#8221;container&#8221; toppadding=&#8221;40&#8243; bottompadding=&#8221;10&#8243; border=&#8221;on&#8221; css=&#8221;.vc_custom_1420648296958{background-color: #ffffff !important;}&#8221; row_type=&#8221;row&#8221; use_row_as_full_screen_section=&#8221;no&#8221; type=&#8221;grid&#8221; text_align=&#8221;left&#8221; background_image_as_pattern=&#8221;without_pattern&#8221;][vc_column width=&#8221;1\/3&#8243; css=&#8221;.vc_custom_1420649554591{padding-right: 25px !important;}&#8221;][vc_column_text]<\/p>\n<p class=\"hely_bpgal\">Budapest Gal\u00e9ria<\/p>\n<p class=\"cim_bpgal\">1036 Budapest, Lajos utca 158.<\/p>\n<p class=\"datum_bpgal\">2009. \u00e1prilis 24 \u2013 m\u00e1jus 24.<\/p>\n<p>[\/vc_column_text][vc_column_text]<\/p>\n<p class=\"kiemeles_bpgal\">Megnyit\u00f3:<\/p>\n<p class=\"kurrens_bpgal\">2009. \u00e1prilis 24. (p\u00e9ntek), 17:00<\/p>\n<p class=\"kiemeles_bpgal\">Megnyitotta:<\/p>\n<p class=\"kurrens_bpgal\">SEB\u0150K ZOLT\u00c1N, essz\u00e9\u00edr\u00f3<\/p>\n<p>[\/vc_column_text][vc_empty_space height=&#8221;32px&#8221;][\/vc_column][vc_column width=&#8221;2\/3&#8243;][vc_column_text]\u201eAzt mondja a gyeszn\u00f3, hogy nekik van az \u00f3lban t\u00e9v\u00e9j\u00fck, mert hogy az emberek r\u00e1j\u00f6ttek arra, hogy ha gyeszn\u00f3 a t\u00e9v\u00e9t n\u00e9zi, akkor sz\u00f3rakozottabb \u00e9s \u00e9hesebb lesz \u00e9s akkor t\u00f6bbet eszik \u00e9s m\u00e1r nemcsak mosl\u00e9kot esznek, hanem az esti filmhez s\u00f3smogyor\u00f3t is kapnak meg pir\u00edtott makkot. \u00c9s hogy a hajnali ad\u00e1sban valami Fukagyoma nev\u0171 f\u00f3szer azt mondta nekik, hogy a t\u00f6rt\u00e9nelemnek v\u00e9ge \u00e9s hogy ezt \u00e1ll\u00edt\u00f3lag direkte a magyar diszn\u00f3knak \u00fczeni\u2026\u201d<\/p>\n<p class=\"szerzo\">Ficsku P\u00e1l<\/p>\n<p>\u201eA telev\u00edzi\u00f3 var\u00e1zsdoboz, \u00e1lomvil\u00e1g, egy m\u00e1gikus ablak. Kikapcsol\u00f3d\u00e1s, szok\u00e1s. Egy t\u00e1rgy, ami frusztr\u00e1ci\u00f3kat kelt benn\u00fcnk, de ugyanakkor seg\u00edt is frusztr\u00e1ci\u00f3inkon. J\u00f3 \u00e9s rossz. Egy bar\u00e1t. Egy virtu\u00e1lis vil\u00e1g. Egy inform\u00e1ci\u00f3s \u00e9s egy kommunik\u00e1ci\u00f3s eszk\u00f6z. Fegyver \u00e9s hatalom, a demokr\u00e1cia \u00e9s az elnyom\u00e1s eszk\u00f6ze. A b\u0171v\u00f6s doboz \u00e1ldozataiv\u00e1 v\u00e1ltunk, az pedig a csal\u00e1d olt\u00e1r\u00e1v\u00e1. Megjelen\u00e9se \u00f3ta sokkal kevesebbet olvasunk, vele feksz\u00fcnk, vele kel\u00fcnk, el\u0151tte f\u0151z\u00fcnk, esz\u00fcnk, szeretkez\u00fcnk, legintimebb t\u00e1rgyunkk\u00e1 v\u00e1lt, f\u00fcgg\u00fcnk t\u0151le, enyh\u00edti \u00e9s m\u00e9ly\u00edti mag\u00e1nyunkat.<\/p>\n<p>A telev\u00edzi\u00f3 \u00f6tven \u00e9vvel ezel\u0151tt m\u00e9g luxuscikknek sz\u00e1m\u00edtott. Az egyszer\u0171 t\u00e1rgy nagyon gyorsan egy belt\u00e9ri dekor\u00e1ci\u00f3s elemm\u00e9 alakult \u00e1t. Az egykori telev\u00edzi\u00f3, az id\u0151k folyam\u00e1n, form\u00e1t \u00e9s anyagot v\u00e1ltoztatott, de szerepe megmaradt. Az elavult, r\u00e9gi, feh\u00e9r-fekete k\u00e9sz\u00fcl\u00e9kek, ma m\u00e1r padl\u00e1sokon, pinc\u00e9kben, kamr\u00e1kban porosodnak, hely\u00fcket \u00fajabb, modernebb telev\u00edzi\u00f3k veszik \u00e1t. Ezeket az elfelejtett, egykor csod\u00e1lt t\u00e1rgyakat, a TV m\u00e1nia projektemben ism\u00e9t \u00e9letre keltem \u00e9s \u00fajrahasznos\u00edtom. Megfosztv\u00e1n tartalmukt\u00f3l, k\u00fcl\u00f6nb\u00f6z\u0151 t\u00e1rgyakk\u00e1 alak\u00edtottam \u0151ket \u00e1t. A k\u00e9sz\u00fcl\u00e9kek k\u00fcls\u0151 form\u00e1ja szinte minden esteben megmaradt, de \u00fajabb jelent\u00e9sekkel ruh\u00e1ztam fel.<\/p>\n<p>Az egy\u00e9nt\u0151l f\u00fcgg, hogy ki mire haszn\u00e1lja fel a telev\u00edzi\u00f3t. Ne hagyjuk, hogy domin\u00e1ljon minket, hiszen a kapcsol\u00f3 a mi kez\u00fcnkben van-, \u00e9s ne felejts\u00fck el, hogy \u00bba t\u00e9v\u00e9n\u00e9z\u00e9s is munka\u00ab.\u201d<\/p>\n<p class=\"szerzo\">J. A. Godard<\/p>\n<p>[\/vc_column_text][vc_empty_space height=&#8221;20px&#8221;][\/vc_column][\/vc_row][vc_row row_type=&#8221;row&#8221; use_row_as_full_screen_section=&#8221;no&#8221; type=&#8221;grid&#8221; text_align=&#8221;left&#8221; background_image_as_pattern=&#8221;without_pattern&#8221;][vc_column width=&#8221;1\/1&#8243;][vc_empty_space height=&#8221;32px&#8221;][vc_empty_space height=&#8221;45px&#8221;][\/vc_column][\/vc_row]<\/p>\n<\/div>","protected":false},"excerpt":{"rendered":"<p>[vc_row row_type=&#8221;row&#8221; use_row_as_full_screen_section=&#8221;no&#8221; type=&#8221;grid&#8221; text_align=&#8221;left&#8221; background_image_as_pattern=&#8221;without_pattern&#8221;][vc_column width=&#8221;1\/1&#8243;][vc_empty_space height=&#8221;40px&#8221;][vc_column_text] BARTHA C. ERN\u0150 | Tv m\u00e1nia [\/vc_column_text][vc_empty_space&#8230;<\/p>\n","protected":false},"author":1,"featured_media":0,"parent":9165,"menu_order":6,"comment_status":"open","ping_status":"open","template":"full_width.php","meta":{"inline_featured_image":false,"loftloader_pro_show_once":"","loftloader_pro_page_shortcode":"","footnotes":""},"class_list":["post-9182","page","type-page","status-publish","hentry"],"_links":{"self":[{"href":"https:\/\/budapestgaleria.hu\/_\/wp-json\/wp\/v2\/pages\/9182","targetHints":{"allow":["GET"]}}],"collection":[{"href":"https:\/\/budapestgaleria.hu\/_\/wp-json\/wp\/v2\/pages"}],"about":[{"href":"https:\/\/budapestgaleria.hu\/_\/wp-json\/wp\/v2\/types\/page"}],"author":[{"embeddable":true,"href":"https:\/\/budapestgaleria.hu\/_\/wp-json\/wp\/v2\/users\/1"}],"replies":[{"embeddable":true,"href":"https:\/\/budapestgaleria.hu\/_\/wp-json\/wp\/v2\/comments?post=9182"}],"version-history":[{"count":0,"href":"https:\/\/budapestgaleria.hu\/_\/wp-json\/wp\/v2\/pages\/9182\/revisions"}],"up":[{"embeddable":true,"href":"https:\/\/budapestgaleria.hu\/_\/wp-json\/wp\/v2\/pages\/9165"}],"wp:attachment":[{"href":"https:\/\/budapestgaleria.hu\/_\/wp-json\/wp\/v2\/media?parent=9182"}],"curies":[{"name":"wp","href":"https:\/\/api.w.org\/{rel}","templated":true}]}}