{"id":9190,"date":"2015-02-02T10:25:28","date_gmt":"2015-02-02T10:25:28","guid":{"rendered":"http:\/\/budapestgaleria.hu\/_\/?page_id=9190"},"modified":"2015-02-02T10:25:28","modified_gmt":"2015-02-02T10:25:28","slug":"to-be-continued","status":"publish","type":"page","link":"https:\/\/budapestgaleria.hu\/_\/kiallitasok-2009-budapest-galeria\/to-be-continued\/","title":{"rendered":"\u2026to be continued"},"content":{"rendered":"<div class=\"wpb-content-wrapper\"><p>[vc_row row_type=&#8221;row&#8221; use_row_as_full_screen_section=&#8221;no&#8221; type=&#8221;grid&#8221; text_align=&#8221;left&#8221; background_image_as_pattern=&#8221;without_pattern&#8221;][vc_column width=&#8221;1\/1&#8243;][vc_empty_space height=&#8221;40px&#8221;][vc_column_text]<\/p>\n<h2 class=\"cim_1\">\u2026to be continued<\/h2>\n<p>[\/vc_column_text][vc_empty_space height=&#8221;32px&#8221;][\/vc_column][\/vc_row][vc_row bgparallax=&#8221;parallax&#8221; contentwidth=&#8221;container&#8221; toppadding=&#8221;40&#8243; bottompadding=&#8221;10&#8243; border=&#8221;on&#8221; css=&#8221;.vc_custom_1420648296958{background-color: #ffffff !important;}&#8221; row_type=&#8221;row&#8221; use_row_as_full_screen_section=&#8221;no&#8221; type=&#8221;grid&#8221; text_align=&#8221;left&#8221; background_image_as_pattern=&#8221;without_pattern&#8221;][vc_column width=&#8221;1\/3&#8243; css=&#8221;.vc_custom_1420649554591{padding-right: 25px !important;}&#8221;][vc_column_text]<\/p>\n<p class=\"hely_bpgal\">Budapest Gal\u00e9ria<\/p>\n<p class=\"cim_bpgal\">1036 Budapest, Lajos utca 158.<\/p>\n<p class=\"datum_bpgal\">2009. m\u00e1jus 29 \u2013 j\u00fanius 28.<\/p>\n<p>[\/vc_column_text][vc_column_text]<\/p>\n<p class=\"kiemeles_bpgal\">Ki\u00e1ll\u00edt\u00f3 m\u0171v\u00e9szek:<\/p>\n<p class=\"verzal_bpgal\">antalaci | Bereczki Kata | B\u00e9res P\u00e1lma | Bodol\u00f3czki Linda | Cs\u00e1bi \u00c1d\u00e1m | Gosztola Kitti | Gyimesi Andrea | Holl\u00f3s \u00c1d\u00e1m | H. Power | Kendra Bea | Lakatos \u00c1ron | Nemes M\u00e1rton | Petern\u00e1k Anna | Szinyova Gerg\u0151 | T\u00f3th Anna \u00e9s Varga Bertalan | Zakar Vikt\u00f3ria<\/p>\n<p>[\/vc_column_text][vc_column_text]<\/p>\n<p class=\"kiemeles_bpgal\">Megnyit\u00f3:<\/p>\n<p class=\"kurrens_bpgal\">2009. m\u00e1jus 29., (p\u00e9ntek), 17:00<\/p>\n<p class=\"kiemeles_bpgal\">Megnyitotta:<\/p>\n<p class=\"kurrens_bpgal\">BEKE L\u00c1SZL\u00d3, m\u0171v\u00e9szett\u00f6rt\u00e9n\u00e9sz<\/p>\n<p>[\/vc_column_text][vc_empty_space height=&#8221;32px&#8221;][\/vc_column][vc_column width=&#8221;2\/3&#8243;][vc_column_text]A to be continued felirat ugyan mindig egy epiz\u00f3d v\u00e9g\u00e9n olvashat\u00f3, de val\u00f3j\u00e1ban egy t\u00f6rt\u00e9net k\u00f6zep\u00e9t jel\u00f6li. Egy megkezdett folyamatot, mely v\u00e1rhat\u00f3an v\u00e1ltozatosan \u00e9s izgalmasan bonyol\u00f3dik tov\u00e1bb. A Budapest Gal\u00e9ria k\u00f6zel h\u00fasz \u00e9ve ad helyet olyan id\u0151szakos ki\u00e1ll\u00edt\u00e1soknak, melyeknek szerepl\u0151i a Magyar K\u00e9pz\u0151m\u0171v\u00e9szeti Egyetem hallgat\u00f3i. M\u00edg az el\u0151z\u0151 gener\u00e1ci\u00f3khoz tartoz\u00f3 alkot\u00f3k a ki\u00e1ll\u00edt\u00f3t\u00e9rre reflekt\u00e1ltak munk\u00e1ikkal, azt tematiz\u00e1lt\u00e1k els\u0151sorban, addig a mostani fiatal m\u0171v\u00e9szek nemcsak az \u00e9p\u00fcletre, hanem egym\u00e1sra, kult\u00far\u00e1jukra, \u00f6nmaguk helyzet\u00e9re is reag\u00e1lnak. Egyszerre l\u00e1thatunk v\u00e1ltozatos kamara t\u00e1rlatokat, \u00e9s egy lend\u00fcletes, friss gondolatmenetet, egy sz\u00f6ved\u00e9ket, \u2013 egy csoportos ki\u00e1ll\u00edt\u00e1st. [\/vc_column_text][vc_empty_space height=&#8221;20px&#8221;][\/vc_column][\/vc_row][vc_row row_type=&#8221;row&#8221; use_row_as_full_screen_section=&#8221;no&#8221; type=&#8221;grid&#8221; text_align=&#8221;left&#8221; background_image_as_pattern=&#8221;without_pattern&#8221;][vc_column width=&#8221;1\/1&#8243;][vc_empty_space height=&#8221;32px&#8221;][vc_empty_space height=&#8221;45px&#8221;][\/vc_column][\/vc_row]<\/p>\n<\/div>","protected":false},"excerpt":{"rendered":"<p>[vc_row row_type=&#8221;row&#8221; use_row_as_full_screen_section=&#8221;no&#8221; type=&#8221;grid&#8221; text_align=&#8221;left&#8221; background_image_as_pattern=&#8221;without_pattern&#8221;][vc_column width=&#8221;1\/1&#8243;][vc_empty_space height=&#8221;40px&#8221;][vc_column_text] \u2026to be continued [\/vc_column_text][vc_empty_space height=&#8221;32px&#8221;][\/vc_column][\/vc_row][vc_row bgparallax=&#8221;parallax&#8221; contentwidth=&#8221;container&#8221;&#8230;<\/p>\n","protected":false},"author":1,"featured_media":0,"parent":9165,"menu_order":9,"comment_status":"open","ping_status":"open","template":"full_width.php","meta":{"inline_featured_image":false,"loftloader_pro_show_once":"","loftloader_pro_page_shortcode":"","footnotes":""},"class_list":["post-9190","page","type-page","status-publish","hentry"],"_links":{"self":[{"href":"https:\/\/budapestgaleria.hu\/_\/wp-json\/wp\/v2\/pages\/9190","targetHints":{"allow":["GET"]}}],"collection":[{"href":"https:\/\/budapestgaleria.hu\/_\/wp-json\/wp\/v2\/pages"}],"about":[{"href":"https:\/\/budapestgaleria.hu\/_\/wp-json\/wp\/v2\/types\/page"}],"author":[{"embeddable":true,"href":"https:\/\/budapestgaleria.hu\/_\/wp-json\/wp\/v2\/users\/1"}],"replies":[{"embeddable":true,"href":"https:\/\/budapestgaleria.hu\/_\/wp-json\/wp\/v2\/comments?post=9190"}],"version-history":[{"count":0,"href":"https:\/\/budapestgaleria.hu\/_\/wp-json\/wp\/v2\/pages\/9190\/revisions"}],"up":[{"embeddable":true,"href":"https:\/\/budapestgaleria.hu\/_\/wp-json\/wp\/v2\/pages\/9165"}],"wp:attachment":[{"href":"https:\/\/budapestgaleria.hu\/_\/wp-json\/wp\/v2\/media?parent=9190"}],"curies":[{"name":"wp","href":"https:\/\/api.w.org\/{rel}","templated":true}]}}