{"id":9192,"date":"2015-02-02T10:32:47","date_gmt":"2015-02-02T10:32:47","guid":{"rendered":"http:\/\/budapestgaleria.hu\/_\/?page_id=9192"},"modified":"2015-02-02T10:32:47","modified_gmt":"2015-02-02T10:32:47","slug":"pacser-attila-lux-lucis","status":"publish","type":"page","link":"https:\/\/budapestgaleria.hu\/_\/kiallitasok-2009-budapest-galeria\/pacser-attila-lux-lucis\/","title":{"rendered":"P\u00e1cser Attila | Lux, Lucis"},"content":{"rendered":"<div class=\"wpb-content-wrapper\"><p>[vc_row row_type=&#8221;row&#8221; use_row_as_full_screen_section=&#8221;no&#8221; type=&#8221;grid&#8221; text_align=&#8221;left&#8221; background_image_as_pattern=&#8221;without_pattern&#8221;][vc_column width=&#8221;1\/1&#8243;][vc_empty_space height=&#8221;40px&#8221;][vc_column_text]<\/p>\n<h2 class=\"cim_1\">P\u00c1CSER ATTILA | Lux, Lucis<\/h2>\n<p>[\/vc_column_text][vc_empty_space height=&#8221;32px&#8221;][\/vc_column][\/vc_row][vc_row bgparallax=&#8221;parallax&#8221; contentwidth=&#8221;container&#8221; toppadding=&#8221;40&#8243; bottompadding=&#8221;10&#8243; border=&#8221;on&#8221; css=&#8221;.vc_custom_1420648296958{background-color: #ffffff !important;}&#8221; row_type=&#8221;row&#8221; use_row_as_full_screen_section=&#8221;no&#8221; type=&#8221;grid&#8221; text_align=&#8221;left&#8221; background_image_as_pattern=&#8221;without_pattern&#8221;][vc_column width=&#8221;1\/3&#8243; css=&#8221;.vc_custom_1420649554591{padding-right: 25px !important;}&#8221;][vc_column_text]<\/p>\n<p class=\"hely_bpgal\">Budapest Gal\u00e9ria<\/p>\n<p class=\"cim_bpgal\">1036 Budapest, Lajos utca 158.<\/p>\n<p class=\"datum_bpgal\">2009. j\u00falius 9 \u2013 augusztus 23.<\/p>\n<p>[\/vc_column_text][vc_column_text]<\/p>\n<p class=\"kiemeles_bpgal\">Megnyit\u00f3:<\/p>\n<p class=\"kurrens_bpgal\">2009. j\u00f3lius 9., 18:00<\/p>\n<p class=\"kiemeles_bpgal\">Megnyitotta:<\/p>\n<p class=\"kurrens_bpgal\">LENGYEL ANDR\u00c1S, k\u00e9pz\u0151m\u0171v\u00e9sz<\/p>\n<p>[\/vc_column_text][vc_empty_space height=&#8221;32px&#8221;][\/vc_column][vc_column width=&#8221;2\/3&#8243;][vc_column_text]R\u00e9szlet a megjelen\u0151 katal\u00f3gusb\u00f3l:<br \/>\n\u201e(\u2026)Attila \u00fajabb munk\u00e1iban azonban a f\u00e9ny nemcsak eszk\u00f6z, egy\u00fattal a m\u0171 t\u00e9m\u00e1ja \u00e9s t\u00e1rgya is. Csend\u00e9leteket \u00e9s enteri\u0151r\u00f6ket l\u00e1tunk. Innen k\u00e9t h\u00e1zt\u00f6mbnyire, a Kossuth Lajos utca egyik tet\u0151ter\u00e9ben k\u00e9sz\u00fcltek, egy XIX. sz\u00e1zadi napf\u00e9nym\u0171teremben. A k\u00e9peken \u00e9s itt a ki\u00e1ll\u00edt\u00f3teremben egyar\u00e1nt a d\u00e9lut\u00e1ni nyugati, bees\u0151 f\u00e9nyek \u00e9rv\u00e9nyes\u00fclnek. Id\u0151beli \u00e9s helysz\u00edni egybees\u00e9sek, szerencs\u00e9s koincidenci\u00e1k. Legink\u00e1bb m\u00e9gis egy szeml\u00e9let jelenl\u00e9te. P\u00e1cser Attila ezeken a munk\u00e1kon a sz\u00e9ls\u0151s\u00e9gek ellen dolgozik. A kiegyens\u00falyozotts\u00e1g, a m\u00e9rt\u00e9kletess\u00e9g \u00e9s \u00e1tgondolts\u00e1g fel\u00e9 halad. Szel\u00edds\u00e9g sug\u00e1rzik a k\u00e9pekr\u0151l. A t\u00e9r, a f\u00e9ny, a t\u00e1rgyak, az \u00e9p\u00fcletbels\u0151 \u00e9s az ablakon \u00e1t l\u00e1tott \u00e9gbolt b\u00e9k\u00e9s egy\u00fctt\u00e9l\u00e9se. A falakon megjelenik a f\u00e9ny k\u00e9pe, \u00e9s sug\u00e1rzik a k\u00e9p bels\u0151 f\u00e9nye.\u201d<\/p>\n<p class=\"szerzo\">Lengyel Andr\u00e1s<\/p>\n<p>[\/vc_column_text][vc_empty_space height=&#8221;20px&#8221;][\/vc_column][\/vc_row][vc_row row_type=&#8221;row&#8221; use_row_as_full_screen_section=&#8221;no&#8221; type=&#8221;grid&#8221; text_align=&#8221;left&#8221; background_image_as_pattern=&#8221;without_pattern&#8221;][vc_column width=&#8221;1\/1&#8243;][vc_empty_space height=&#8221;32px&#8221;][vc_empty_space height=&#8221;45px&#8221;][\/vc_column][\/vc_row]<\/p>\n<\/div>","protected":false},"excerpt":{"rendered":"<p>[vc_row row_type=&#8221;row&#8221; use_row_as_full_screen_section=&#8221;no&#8221; type=&#8221;grid&#8221; text_align=&#8221;left&#8221; background_image_as_pattern=&#8221;without_pattern&#8221;][vc_column width=&#8221;1\/1&#8243;][vc_empty_space height=&#8221;40px&#8221;][vc_column_text] P\u00c1CSER ATTILA | Lux, Lucis [\/vc_column_text][vc_empty_space height=&#8221;32px&#8221;][\/vc_column][\/vc_row][vc_row&#8230;<\/p>\n","protected":false},"author":1,"featured_media":0,"parent":9165,"menu_order":10,"comment_status":"open","ping_status":"open","template":"full_width.php","meta":{"inline_featured_image":false,"loftloader_pro_show_once":"","loftloader_pro_page_shortcode":"","footnotes":""},"class_list":["post-9192","page","type-page","status-publish","hentry"],"_links":{"self":[{"href":"https:\/\/budapestgaleria.hu\/_\/wp-json\/wp\/v2\/pages\/9192","targetHints":{"allow":["GET"]}}],"collection":[{"href":"https:\/\/budapestgaleria.hu\/_\/wp-json\/wp\/v2\/pages"}],"about":[{"href":"https:\/\/budapestgaleria.hu\/_\/wp-json\/wp\/v2\/types\/page"}],"author":[{"embeddable":true,"href":"https:\/\/budapestgaleria.hu\/_\/wp-json\/wp\/v2\/users\/1"}],"replies":[{"embeddable":true,"href":"https:\/\/budapestgaleria.hu\/_\/wp-json\/wp\/v2\/comments?post=9192"}],"version-history":[{"count":0,"href":"https:\/\/budapestgaleria.hu\/_\/wp-json\/wp\/v2\/pages\/9192\/revisions"}],"up":[{"embeddable":true,"href":"https:\/\/budapestgaleria.hu\/_\/wp-json\/wp\/v2\/pages\/9165"}],"wp:attachment":[{"href":"https:\/\/budapestgaleria.hu\/_\/wp-json\/wp\/v2\/media?parent=9192"}],"curies":[{"name":"wp","href":"https:\/\/api.w.org\/{rel}","templated":true}]}}