{"id":9208,"date":"2015-02-02T11:51:30","date_gmt":"2015-02-02T11:51:30","guid":{"rendered":"http:\/\/budapestgaleria.hu\/_\/?page_id=9208"},"modified":"2015-02-02T11:51:30","modified_gmt":"2015-02-02T11:51:30","slug":"soos-tamas-antal-peter-a-melankolia-pillantasa-antal-lusztig-gyujtemeny","status":"publish","type":"page","link":"https:\/\/budapestgaleria.hu\/_\/kiallitasok-2009-budapest-galeria\/soos-tamas-antal-peter-a-melankolia-pillantasa-antal-lusztig-gyujtemeny\/","title":{"rendered":"So\u00f3s Tam\u00e1s \u2013 Antal P\u00e9ter | A Melank\u00f3lia pillant\u00e1sa (Antal-Lusztig gy\u0171jtem\u00e9ny)"},"content":{"rendered":"<div class=\"wpb-content-wrapper\"><p>[vc_row row_type=&#8221;row&#8221; use_row_as_full_screen_section=&#8221;no&#8221; type=&#8221;grid&#8221; text_align=&#8221;left&#8221; background_image_as_pattern=&#8221;without_pattern&#8221;][vc_column width=&#8221;1\/1&#8243;][vc_empty_space height=&#8221;40px&#8221;][vc_column_text]<\/p>\n<h2 class=\"cim_1\">SO\u00d3S TAM\u00c1S \u2013 ANTAL P\u00c9TER | A Melank\u00f3lia pillant\u00e1sa (Antal-Lusztig gy\u0171jtem\u00e9ny)<\/h2>\n<p>[\/vc_column_text][vc_empty_space height=&#8221;32px&#8221;][\/vc_column][\/vc_row][vc_row bgparallax=&#8221;parallax&#8221; contentwidth=&#8221;container&#8221; toppadding=&#8221;40&#8243; bottompadding=&#8221;10&#8243; border=&#8221;on&#8221; css=&#8221;.vc_custom_1420648296958{background-color: #ffffff !important;}&#8221; row_type=&#8221;row&#8221; use_row_as_full_screen_section=&#8221;no&#8221; type=&#8221;grid&#8221; text_align=&#8221;left&#8221; background_image_as_pattern=&#8221;without_pattern&#8221;][vc_column width=&#8221;1\/3&#8243; css=&#8221;.vc_custom_1420649554591{padding-right: 25px !important;}&#8221;][vc_column_text]<\/p>\n<p class=\"hely_bpgal\">Budapest Gal\u00e9ria<\/p>\n<p class=\"cim_bpgal\">1036 Budapest, Lajos utca 158.<\/p>\n<p class=\"datum_bpgal\">2009. december 11 \u2013 2010. janu\u00e1r 10.<\/p>\n<p>[\/vc_column_text][vc_column_text]<\/p>\n<p class=\"kiemeles_bpgal\">Megnyit\u00f3:<\/p>\n<p class=\"kurrens_bpgal\">2009. december 11., 17:00<\/p>\n<p class=\"kiemeles_bpgal\">Megnyitotta:<\/p>\n<p class=\"kurrens_bpgal\"><a href=\"http:\/\/www.renyiandras.hu\" target=\"_blank\">R\u00c9NYI ANDR\u00c1S,<\/a> m\u0171v\u00e9szett\u00f6rt\u00e9n\u00e9sz<\/p>\n<p>[\/vc_column_text][vc_empty_space height=&#8221;32px&#8221;][\/vc_column][vc_column width=&#8221;2\/3&#8243;][vc_column_text]A ki\u00e1ll\u00edt\u00e1s Antal P\u00e9terrel val\u00f3 egy\u00fcttgondolkod\u00e1sb\u00f3l j\u00f6tt l\u00e9tre.<\/p>\n<p>Az egy\u00fcttm\u0171k\u00f6d\u00e9st a gy\u0171jtem\u00e9nyben l\u00e9v\u0151 antik ed\u00e9nyek k\u00fcl\u00f6nleges aur\u00e1ja inspir\u00e1lta.Els\u0151 l\u00e1t\u00e1sra nagy hat\u00e1ssal voltak r\u00e1m, \u00e9s azonnal a sz\u00ednmez\u0151k\u00e9peimmel val\u00f3 k\u00f6z\u00f6s ki\u00e1ll\u00edt\u00e1sukra gondoltam, amelyet Antal P\u00e9ter \u00f6r\u00f6mmel t\u00e1mogatott. A k\u00ednai Yin \u00e9s Tang korabeli t\u00e1rgyak csod\u00e1latos form\u00e1i \u00e9s a m\u00e1zak var\u00e1zslatos sz\u00ednei k\u00fcl\u00f6n\u00f6s er\u0151vel b\u00edrnak, m\u00edg m\u00e1s ed\u00e9nyeknek az archaikus sug\u00e1rz\u00e1sa ny\u0171g\u00f6z\u00f6tt le. A t\u00e1rgyak mint pillant\u00e1s az id\u0151re, t\u00f6bbek \u00f6nmagukn\u00e1l, k\u00f6zvet\u00edt\u0151k a sz\u00e1momra.A benn\u00fck r\u00f6gz\u00fclt kultur\u00e1lis eml\u00e9kezet, sz\u00edn \u00e9s forma k\u00fcl\u00f6nleges lehet\u0151s\u00e9g, hogy az elm\u00falt \u00e9vekben l\u00e9trej\u00f6tt a \u201cMelank\u00f3lia ut\u00e1n\u201d c\u00edm\u0171 festm\u00e9nysorozatom monokr\u00f3m sz\u00edn\u00e9rz\u00e9kenys\u00e9g\u00e9vel p\u00e1ros\u00edtva, a ki\u00e1ll\u00edt\u00e1s intenzit\u00e1s\u00e1t tov\u00e1bb fokozzam.<\/p>\n<p>Az \u00edgy rendezett t\u00e9r, sz\u00e1nd\u00e9kom szerint alkalmas lehet arra, hogy a figyelem koncentr\u00e1l\u00f3djon. Ennek a figyelemnek a f\u00f3kusz\u00e1ban az ezer\u00e9ves t\u00e1rgyak aur\u00e1ja, a monokr\u00f3m sz\u00edn\u00e9rzetek egy\u00fcttes\u00e9ben t\u00f6bbet, m\u00e1st k\u00f6zvet\u00edthet a l\u00e1togat\u00f3nak mint \u00f6nmagukban a k\u00e9pek. A tiszta sz\u00ednmez\u0151k\u00e9pek az emberi l\u00e1t\u00e1s azon tulajdons\u00e1g\u00e1ra koncentr\u00e1lnak, hogy sz\u00ednl\u00e1t\u00e1sunk egyedi \u00e9s csak az egy\u00e9nre jellemz\u0151. Val\u00f3j\u00e1ban mindenki m\u00e1s sz\u00ednverzi\u00f3t l\u00e1t, a k\u00f6zmegeggyez\u00e9s szerinti k\u00e9k, vagy v\u00f6r\u00f6s a minden n\u00e9z\u0151 szem\u00e9ben l\u00e9trej\u00f6v\u0151, de k\u00fcl\u00f6nb\u00f6z\u0151 sz\u00edn\u00e9rzet, sz\u00ednintenzit\u00e1s k\u00f6z\u00f6s nevez\u0151je.<\/p>\n<p>A ki\u00e1ll\u00edt\u00e1s r\u00e9szek\u00e9nt 2005-ben Sv\u00e1jcban, egy zugi kolostorban k\u00e9sz\u00fclt vide\u00f3et\u0171d l\u00e1that\u00f3, amelyen sv\u00e1jci \u00e9s indiai ap\u00e1c\u00e1k a melank\u00f3lia sz\u00f3t ejtik ki angolul \u00e9s tamilul. A vide\u00f3 a ki\u00e1ll\u00edt\u00e1s eg\u00e9sz ter\u00e9t a melank\u00f3lia k\u00f6r\u00e9be vont medit\u00e1ci\u00f3s \u00e9lm\u00e9ny teljess\u00e9g\u00e9t sz\u00e1nd\u00e9kolja fokozni.<\/p>\n<p>A ker\u00e1mi\u00e1kkal v\u00e9gzett \u201ct\u00e1rgymedit\u00e1ci\u00f3k\u201d fot\u00f3i, az antik ed\u00e9nyeket \u00faj, k\u00fcl\u00f6n\u00f6s helyzetben mutatj\u00e1k, a ma t\u00f6rt\u00e9n\u00e9seihez k\u00f6tve \u0151ket. \u201cYin \u00e1lma \u201c, \u201cAz id\u0151 s\u00falya\u201d, \u201cYin h\u0151je\u201d k\u00e9pc\u00edmekben a m\u0171vek id\u0151beli t\u00e1gass\u00e1ga konfront\u00e1l\u00f3dik a jelenetek banalit\u00e1s\u00e1val. Olykor az esem\u00e9ny kock\u00e1zata, az antik t\u00e1rgy megsemmis\u00fcl\u00e9s\u00e9nek vesz\u00e9lye r\u00f6gz\u00fcl a fot\u00f3n \u00e1br\u00e1zolt egyszer\u0171 cselekv\u00e9s sor\u00e1n. M\u00e1skor az antik ed\u00e9ny aur\u00e1ja egyes\u00fcl a vasal\u00f3 h\u0151j\u00e9vel, vagy, az id\u0151 s\u00faly\u00e1nak nehezen megragadhat\u00f3 \u00e9rzet\u00e9t fogalmazom meg. Ezekben a m\u0171vekben a korai 80-as \u00e9vek k\u00e9peihez kialak\u00edtott fot\u00f3nyelvet eleven\u00edtem fel \u00fajra, ism\u00e9t felhaszn\u00e1lva a t\u00e1rgyak teremt\u0151 erej\u00e9t. A ki\u00e1ll\u00edt\u00e1snak fontos r\u00e9sze az ablakon \u00e1t behatol\u00f3 v\u00e1rosi forgalom zaja \u00e9s dinamik\u00e1ja, feler\u0151s\u00edtve a bels\u0151 t\u00e9r \u00e9rzet\u00e9t, a ki\u00e1ll\u00edt\u00e1s csendj\u00e9t. Az egyedi m\u0171t\u00e1rgyak, \u00e9s antik ed\u00e9nyek egy\u00fcttese, a ki\u00e1ll\u00edt\u00e1s ter\u00e9ben egyetlen, nagy install\u00e1ci\u00f3ban egyes\u00fclve r\u00e9st nyithat a h\u00e9tk\u00f6znapok egyformas\u00e1g\u00e1n. Az id\u0151, a sz\u00edn \u00e9s a forma megid\u00e9z\u00e9se, a m\u0171v\u00e9szetre vetett pillant\u00e1s lehet\u0151s\u00e9g\u00e9t teremti meg, felt\u00e1rva azt az \u00e9rzetet, hogy \u201dA m\u0171v\u00e9szet a Melank\u00f3lia pillant\u00e1sa.\u201d<\/p>\n<p class=\"szerzo\">So\u00f3s Tam\u00e1s<\/p>\n<p>[\/vc_column_text][vc_empty_space height=&#8221;20px&#8221;][\/vc_column][\/vc_row][vc_row row_type=&#8221;row&#8221; use_row_as_full_screen_section=&#8221;no&#8221; type=&#8221;grid&#8221; text_align=&#8221;left&#8221; background_image_as_pattern=&#8221;without_pattern&#8221;][vc_column width=&#8221;1\/1&#8243;][vc_empty_space height=&#8221;32px&#8221;][vc_empty_space height=&#8221;45px&#8221;][\/vc_column][\/vc_row]<\/p>\n<\/div>","protected":false},"excerpt":{"rendered":"<p>[vc_row row_type=&#8221;row&#8221; use_row_as_full_screen_section=&#8221;no&#8221; type=&#8221;grid&#8221; text_align=&#8221;left&#8221; background_image_as_pattern=&#8221;without_pattern&#8221;][vc_column width=&#8221;1\/1&#8243;][vc_empty_space height=&#8221;40px&#8221;][vc_column_text] SO\u00d3S TAM\u00c1S \u2013 ANTAL P\u00c9TER | A&#8230;<\/p>\n","protected":false},"author":1,"featured_media":0,"parent":9165,"menu_order":17,"comment_status":"open","ping_status":"open","template":"full_width.php","meta":{"inline_featured_image":false,"loftloader_pro_show_once":"","loftloader_pro_page_shortcode":"","footnotes":""},"class_list":["post-9208","page","type-page","status-publish","hentry"],"_links":{"self":[{"href":"https:\/\/budapestgaleria.hu\/_\/wp-json\/wp\/v2\/pages\/9208","targetHints":{"allow":["GET"]}}],"collection":[{"href":"https:\/\/budapestgaleria.hu\/_\/wp-json\/wp\/v2\/pages"}],"about":[{"href":"https:\/\/budapestgaleria.hu\/_\/wp-json\/wp\/v2\/types\/page"}],"author":[{"embeddable":true,"href":"https:\/\/budapestgaleria.hu\/_\/wp-json\/wp\/v2\/users\/1"}],"replies":[{"embeddable":true,"href":"https:\/\/budapestgaleria.hu\/_\/wp-json\/wp\/v2\/comments?post=9208"}],"version-history":[{"count":0,"href":"https:\/\/budapestgaleria.hu\/_\/wp-json\/wp\/v2\/pages\/9208\/revisions"}],"up":[{"embeddable":true,"href":"https:\/\/budapestgaleria.hu\/_\/wp-json\/wp\/v2\/pages\/9165"}],"wp:attachment":[{"href":"https:\/\/budapestgaleria.hu\/_\/wp-json\/wp\/v2\/media?parent=9208"}],"curies":[{"name":"wp","href":"https:\/\/api.w.org\/{rel}","templated":true}]}}