{"id":9217,"date":"2015-02-02T12:19:34","date_gmt":"2015-02-02T12:19:34","guid":{"rendered":"http:\/\/budapestgaleria.hu\/_\/?page_id=9217"},"modified":"2015-04-10T07:12:57","modified_gmt":"2015-04-10T07:12:57","slug":"vincze-balazs-festomuvesz-1947-2008-emlekkiallitasa","status":"publish","type":"page","link":"https:\/\/budapestgaleria.hu\/_\/kiallitasok-2010-budapest-galeria\/vincze-balazs-festomuvesz-1947-2008-emlekkiallitasa\/","title":{"rendered":"Vincze Bal\u00e1zs fest\u0151m\u0171v\u00e9sz (1947-2008) eml\u00e9kki\u00e1ll\u00edt\u00e1sa"},"content":{"rendered":"<div class=\"wpb-content-wrapper\"><p>[vc_row row_type=&#8221;row&#8221; use_row_as_full_screen_section=&#8221;no&#8221; type=&#8221;grid&#8221; text_align=&#8221;left&#8221; background_image_as_pattern=&#8221;without_pattern&#8221;][vc_column width=&#8221;1\/1&#8243;][vc_empty_space height=&#8221;40px&#8221;][vc_column_text]<\/p>\n<h2 class=\"cim_1\">Vincze Bal\u00e1zs fest\u0151m\u0171v\u00e9sz (1947\u20132008) eml\u00e9kki\u00e1ll\u00edt\u00e1sa<\/h2>\n<p>[\/vc_column_text][vc_empty_space height=&#8221;32px&#8221;][\/vc_column][\/vc_row][vc_row bgparallax=&#8221;parallax&#8221; contentwidth=&#8221;container&#8221; toppadding=&#8221;40&#8243; bottompadding=&#8221;10&#8243; border=&#8221;on&#8221; css=&#8221;.vc_custom_1420648296958{background-color: #ffffff !important;}&#8221; row_type=&#8221;row&#8221; use_row_as_full_screen_section=&#8221;no&#8221; type=&#8221;grid&#8221; text_align=&#8221;left&#8221; background_image_as_pattern=&#8221;without_pattern&#8221;][vc_column width=&#8221;1\/3&#8243; css=&#8221;.vc_custom_1420649554591{padding-right: 25px !important;}&#8221;][vc_column_text]<\/p>\n<p class=\"hely_bpgal\">Budapest Gal\u00e9ria<\/p>\n<p class=\"cim_bpgal\">1036 Budapest, Lajos utca 158.<\/p>\n<p class=\"datum_bpgal\">2009. janu\u00e1r 21 \u2013 febru\u00e1r 14.<\/p>\n<p>[\/vc_column_text][vc_column_text]<\/p>\n<p class=\"kiemeles_bpgal\">Megnyit\u00f3:<\/p>\n<p class=\"kurrens_bpgal\">2010. janu\u00e1r 21. (cs\u00fct\u00f6rt\u00f6k), 17:00<\/p>\n<p class=\"kiemeles_bpgal\">Megnyitotta:<\/p>\n<p class=\"kurrens_bpgal\">ANDR\u00c1SI G\u00c1BOR, m\u0171v\u00e9szett\u00f6rt\u00e9n\u00e9sz<\/p>\n<p>[\/vc_column_text][vc_empty_space height=&#8221;32px&#8221;][\/vc_column][vc_column width=&#8221;2\/3&#8243;][vc_column_text]Vincze Bal\u00e1zs k\u00e9tszer felv\u00e9telizett a budapesti K\u00e9pz\u0151m\u0171v\u00e9szeti F\u0151iskol\u00e1ra, sikertelen\u00fcl. Az Iparm\u0171v\u00e9szeti F\u0151iskol\u00e1ra felvett\u00e9k, de nem fogadta el. 1968-ban sorkatonak\u00e9nt k\u00e9nytelen volt r\u00e9szt venni a pr\u00e1gai tavasz lever\u00e9s\u00e9ben. Ezut\u00e1n hat\u00e1rozta el, hogy elhagyja a kommunista Magyarorsz\u00e1got. 1970 nyar\u00e1n disszid\u00e1l, 1971-72-ben Franciaorsz\u00e1gba \u00e9rkezik \u00e9s megkapja a politikai menek\u00fclt st\u00e1tuszt. 1972-ben, P\u00e1rizsban beiratkozik az \u00c9cole des Arts D\u00e9coratifs (Iparm\u0171v\u00e9szeti F\u0151iskola) fest\u0151 szak\u00e1ra. 1973 nyar\u00e1n Sien\u00e1ban tart\u00f3zkodik \u00e9s k\u00e9sz\u00edti a pasztell-sorozatot. Ez \u00e9v \u0151sz\u00e9n feles\u00e9g\u00fcl veszi B\u00e9atrice Bettinet-t. A francia b\u00fcrokr\u00e1cia miatt, mivel havonta kellett hosszabb\u00edtania a politikai menek\u00fclti tart\u00f3zkod\u00e1si enged\u00e9lyt, amerikai bev\u00e1ndorl\u00e1si v\u00edzumot k\u00e9r. 1973 december\u00e9t\u0151l 1974 m\u00e1jus\u00e1ig New York Queens negyed\u00e9ben \u00e9l, egy magyar \u00e9tteremben dolgozik. 1974-ben megkapja a francia \u00e1llampolg\u00e1rs\u00e1got, visszat\u00e9r Franciaorsz\u00e1gba. \u00dajra beiratkozik az \u00c9cole National Sup\u00e9rieure des Arts decoratifs-ra (Iparm\u0171v\u00e9szeti F\u0151iskola) ez\u00fattal grafikai szakra. Ekkoriban kezdi cinklemez-sorozat\u00e1t (f\u00e9mmarat\u00e1s). Kezdetben a nyomat volt az alkot\u00f3i c\u00e9l, k\u00e9s\u0151bb azonban maga a lemez v\u00e1lt m\u0171alkot\u00e1ss\u00e1. A f\u0151iskol\u00e1n k\u00e9t tan\u00e1ra volt r\u00e1 hat\u00e1ssal, Le Heude \u00e9s Fiorini. Ismerte a magyar sz\u00e1rmaz\u00e1s\u00fa Hanta\u00ef Simont \u00e9s annak pliage-technik\u00e1ja (a v\u00e1szon fest\u00e9s el\u0151tti gy\u0171r\u00e9se) hat\u00e1ssal volt r\u00e1. A szint\u00e9n magyar sz\u00e1rmaz\u00e1s\u00fa Reigl Judit fest\u0151m\u0171v\u00e9sz is hatott r\u00e1, csak\u00fagy, mint a makrofotogr\u00e1fia. 1975-ben kapja meg f\u0151iskolai diplom\u00e1j\u00e1t. 1976 okt\u00f3bere \u00e9s 1977 j\u00faniusa k\u00f6z\u00f6tt Amszterdamban tart\u00f3zkodik. Ebb\u0151l az id\u0151szakb\u00f3l sz\u00e1rmazik t\u00f6bb peinture sur toile libre (keret n\u00e9lk\u00fcli v\u00e1szon festm\u00e9ny). H\u00e1zat v\u00e1s\u00e1rol az auvergne-i Champroy-ban. Ki\u00e1ll\u00edt\u00e1sokon vesz r\u00e9szt Franciaorsz\u00e1gban Salon des R\u00e9alit\u00e9s Nouvelles (ismeretlen helyen), Salon de la Gravure, Levallois (Ile de France), L\u2019Art dans la ville, Billom (Auvergne). 1979-ben feles\u00e9g\u00e9vel, B\u00e9atrice Bettinet-vel egy\u00fctt r\u00e9szt vesznek a Jeune Gravure Contemporaine c\u00edm\u0171 grafikai ki\u00e1ll\u00edt\u00e1son a P\u00e1rizsi Postam\u00fazeumban. A h\u00e1rom ki\u00e1ll\u00edtott m\u0171ve cinknyomat: Dentelle, Mouvement I \u00e9s Mouvement II. 1980 augusztus\u00e1ban Meudon-ban dolgozik Les herbes folles (Kusza f\u00fcvek) c\u00edm\u0171 pasztell sorozat\u00e1n. M\u0171veihez felhaszn\u00e1lja a r\u00e9gi kartonokat, amelyeket \u00e9lett\u00e1rsa, R\u00e9gine Gourmel k\u00f6nyvrestaur\u00e1tori munk\u00e1ja sor\u00e1n lecser\u00e9l a r\u00e9gi k\u00f6nyvekr\u0151l. Ilyen kartonokra k\u00e9sz\u00fclt p\u00e9ld\u00e1ul az El\u00e1tkozott kir\u00e1lyok (Les Rois maudits) sorozat 1990 ut\u00e1n. 1991-ben hazatelep\u00fcl, Nagyb\u00f6rzs\u00f6nyben v\u00e1s\u00e1rol sz\u00e9p paraszth\u00e1zat, ahol m\u0171termet alak\u00edt ki mag\u00e1nak. Megismerkedik Moln\u00e1r M\u00e1rt\u00e1val, k\u00e9s\u0151bbi \u00e9lett\u00e1rs\u00e1val. Ki\u00e1ll\u00edt\u00e1sa ny\u00edlik az \u00d3budai Pincegal\u00e9ri\u00e1ban. 1997-ben f\u00e9mmarat\u00e1saib\u00f3l ki\u00e1ll\u00edt\u00e1s ny\u00edlik a Marczib\u00e1nyi t\u00e9ri M\u0171vel\u0151d\u00e9si H\u00e1zban. 2008. szeptember 23-\u00e1n hal meg, Budapesten.<\/p>\n<p><strong>EGY\u00c9NI KI\u00c1LL\u00cdT\u00c1SOK<\/strong><br \/>\n<strong>1991<\/strong> \u00d3budai Pincegal\u00e9ria, Budapest<br \/>\n<strong>1997<\/strong> Marczib\u00e1nyi t\u00e9ri M\u0171vel\u0151d\u00e9si H\u00e1z, Budapest<\/p>\n<p><strong>CSOPORTOS KI\u00c1LL\u00cdT\u00c1SOK<\/strong><br \/>\n<strong>1976<\/strong> Salon des R\u00e9alit\u00e9s Nouvelles (ismeretlen helyen) Salon de la Gravure, Levallois (\u00cele de France) L\u2019Art dans la ville, Billom (Auvergne)<br \/>\n<strong>1981<\/strong> Hommage \u00e1 Bart\u00f3k, P\u00e1rizsi Magyar Int\u00e9zet Bart\u00f3k, Mak\u00f3i Gal\u00e9ria<br \/>\n<strong>1984<\/strong> Bart\u00f3k \u00e9s a kort\u00e1rs magyar grafika, B\u00e9k\u00e9scsaba<br \/>\n<strong>2006<\/strong> Hommage \u00e1 Bart\u00f3k, Magyar Nemzeti Gal\u00e9ria<\/p>\n<p><strong>M\u0170VEI K\u00d6ZGY\u0170JTEM\u00c9NYEKBEN<\/strong><br \/>\nA Magyar Nemzeti Gal\u00e9ria 2006-ban megv\u00e1s\u00e1rolja Szel\u00edd felindul\u00e1s c\u00edm\u0171 munk\u00e1j\u00e1t (pap\u00edr, cinknyomat, 320x245mm, \u00e9v n\u00e9lk\u00fcl).<\/p>\n<p>\u201eVincze Bal\u00e1zs p\u00e1ly\u00e1j\u00e1nak peri\u00f3dusai k\u00f6z\u00fcl kiemelkedik a hetvenes \u00e9vekben sz\u00fcletett remek Siena sorozat, mely finom pasztellsz\u00edneivel \u00e9s l\u00edrai-konstrukt\u00edv szerkezetess\u00e9g\u00e9vel az \u00c9cole de Paris &#8211; k\u00f6zelebbr\u0151l a francia l\u00edrai absztrakci\u00f3, a \u00bbtache\u00ab (a foltfest\u00e9szet) &#8211; hat\u00e1s\u00e1t mutatja. Ennek ellen\u00e9re m\u00e9g sz\u0171kebb bar\u00e1ti k\u00f6re el\u0151tt is ismeretlen volt. M\u0171v\u00e9szett\u00f6rt\u00e9neti szempontb\u00f3l a sorozat a hazai \u00bbelvont m\u0171v\u00e9szet\u00ab t\u00e1j inspir\u00e1lta, a l\u00e1tv\u00e1nyt, a mot\u00edvumot az absztrakt felfog\u00e1sban is meg\u0151rz\u0151 vonulat\u00e1nak (Bene G\u00e9za \u00e9s Gad\u00e1nyi Jen\u0151 munk\u00e1ss\u00e1g\u00e1nak) egy lehets\u00e9ges tov\u00e1bbi l\u00e9p\u00e9sek\u00e9nt, folytat\u00e1sak\u00e9nt \u00e9rtelmezhet\u0151. Vincze lelem\u00e9nye volt, hogy a hetvenes-nyolcvanas \u00e9vekben k\u00e9sz\u00fclt cinknyomatai eredetij\u00e9\u00fcl szolg\u00e1l\u00f3, gyakorta \u00e1tszakadt-\u00e1tt\u00f6rt lemezeket s\u00edkplasztik\u00e1kk\u00e9nt \u00e9rtelmezte, \u00e9s t\u00e9rbe f\u00fcggesztve mutatta be. Ezzel (mint t\u00e1rgyak) installat\u00edv karaktert kaptak, \u00e9s \u00edgy a k\u00fcl\u00f6nb\u00f6z\u0151 helyzetekben m\u00e1s \u00e9s m\u00e1s egy\u00fctt\u00e1ll\u00e1st k\u00e9pezve modulokk\u00e9nt tudta alkalmazni \u0151ket. A m\u0171vek t\u00e1rgy-mivolt\u00e1t, anyagszer\u0171s\u00e9g\u00e9t hangs\u00falyozt\u00e1k azok a nagym\u00e9ret\u0171, k\u00e1rpitszer\u0171 anyagkoll\u00e1zsai is, melyeket a m\u00e1r eml\u00edtett \u00f3budai ki\u00e1ll\u00edt\u00e1son lehetett l\u00e1tni, s melyek a francia m\u0171v\u00e9szetb\u0151l a Supports\/Surfaces csoport k\u00e9pfelfog\u00e1s\u00e1hoz, a hazai sz\u00ednt\u00e9rr\u0151l Swierkiewicz R\u00f3bert 1990\u20131991 t\u00e1j\u00e1n sz\u00fcletett ponyvafestm\u00e9nyeihez \u00e1llnak k\u00f6zel.\u201d<\/p>\n<p class=\"forras\">(r\u00e9szlet Andr\u00e1si G\u00e1bor \u00edr\u00e1s\u00e1b\u00f3l a ki\u00e1ll\u00edt\u00e1s katal\u00f3gus\u00e1b\u00f3l)<\/p>\n<p>[\/vc_column_text][vc_empty_space height=&#8221;20px&#8221;][\/vc_column][\/vc_row][vc_row row_type=&#8221;row&#8221; use_row_as_full_screen_section=&#8221;no&#8221; type=&#8221;grid&#8221; text_align=&#8221;left&#8221; background_image_as_pattern=&#8221;without_pattern&#8221;][vc_column width=&#8221;1\/1&#8243;][vc_empty_space height=&#8221;32px&#8221;][vc_empty_space height=&#8221;45px&#8221;][\/vc_column][\/vc_row]<\/p>\n<\/div>","protected":false},"excerpt":{"rendered":"<p>[vc_row row_type=&#8221;row&#8221; use_row_as_full_screen_section=&#8221;no&#8221; type=&#8221;grid&#8221; text_align=&#8221;left&#8221; background_image_as_pattern=&#8221;without_pattern&#8221;][vc_column width=&#8221;1\/1&#8243;][vc_empty_space height=&#8221;40px&#8221;][vc_column_text] Vincze Bal\u00e1zs fest\u0151m\u0171v\u00e9sz (1947\u20132008) eml\u00e9kki\u00e1ll\u00edt\u00e1sa [\/vc_column_text][vc_empty_space height=&#8221;32px&#8221;][\/vc_column][\/vc_row][vc_row&#8230;<\/p>\n","protected":false},"author":1,"featured_media":0,"parent":9084,"menu_order":19,"comment_status":"open","ping_status":"open","template":"full_width.php","meta":{"inline_featured_image":false,"loftloader_pro_show_once":"","loftloader_pro_page_shortcode":"","footnotes":""},"class_list":["post-9217","page","type-page","status-publish","hentry"],"_links":{"self":[{"href":"https:\/\/budapestgaleria.hu\/_\/wp-json\/wp\/v2\/pages\/9217","targetHints":{"allow":["GET"]}}],"collection":[{"href":"https:\/\/budapestgaleria.hu\/_\/wp-json\/wp\/v2\/pages"}],"about":[{"href":"https:\/\/budapestgaleria.hu\/_\/wp-json\/wp\/v2\/types\/page"}],"author":[{"embeddable":true,"href":"https:\/\/budapestgaleria.hu\/_\/wp-json\/wp\/v2\/users\/1"}],"replies":[{"embeddable":true,"href":"https:\/\/budapestgaleria.hu\/_\/wp-json\/wp\/v2\/comments?post=9217"}],"version-history":[{"count":0,"href":"https:\/\/budapestgaleria.hu\/_\/wp-json\/wp\/v2\/pages\/9217\/revisions"}],"up":[{"embeddable":true,"href":"https:\/\/budapestgaleria.hu\/_\/wp-json\/wp\/v2\/pages\/9084"}],"wp:attachment":[{"href":"https:\/\/budapestgaleria.hu\/_\/wp-json\/wp\/v2\/media?parent=9217"}],"curies":[{"name":"wp","href":"https:\/\/api.w.org\/{rel}","templated":true}]}}