{"id":9220,"date":"2015-02-02T12:24:35","date_gmt":"2015-02-02T12:24:35","guid":{"rendered":"http:\/\/budapestgaleria.hu\/_\/?page_id=9220"},"modified":"2015-02-02T12:25:35","modified_gmt":"2015-02-02T12:25:35","slug":"bornemisza-eszter-kiallitasa","status":"publish","type":"page","link":"https:\/\/budapestgaleria.hu\/_\/kiallitasok-2010-budapest-galeria\/bornemisza-eszter-kiallitasa\/","title":{"rendered":"Bornemisza Eszter ki\u00e1ll\u00edt\u00e1sa"},"content":{"rendered":"<div class=\"wpb-content-wrapper\"><p>[vc_row row_type=&#8221;row&#8221; use_row_as_full_screen_section=&#8221;no&#8221; type=&#8221;grid&#8221; text_align=&#8221;left&#8221; background_image_as_pattern=&#8221;without_pattern&#8221;][vc_column width=&#8221;1\/1&#8243;][vc_empty_space height=&#8221;40px&#8221;][vc_column_text]<\/p>\n<h2 class=\"cim_1\">Bornemisza Eszter ki\u00e1ll\u00edt\u00e1sa<\/h2>\n<p>[\/vc_column_text][vc_empty_space height=&#8221;32px&#8221;][\/vc_column][\/vc_row][vc_row bgparallax=&#8221;parallax&#8221; contentwidth=&#8221;container&#8221; toppadding=&#8221;40&#8243; bottompadding=&#8221;10&#8243; border=&#8221;on&#8221; css=&#8221;.vc_custom_1420648296958{background-color: #ffffff !important;}&#8221; row_type=&#8221;row&#8221; use_row_as_full_screen_section=&#8221;no&#8221; type=&#8221;grid&#8221; text_align=&#8221;left&#8221; background_image_as_pattern=&#8221;without_pattern&#8221;][vc_column width=&#8221;1\/3&#8243; css=&#8221;.vc_custom_1420649554591{padding-right: 25px !important;}&#8221;][vc_column_text]<\/p>\n<p class=\"hely_bpgal\">Budapest Gal\u00e9ria<\/p>\n<p class=\"cim_bpgal\">1036 Budapest, Lajos utca 158.<\/p>\n<p class=\"datum_bpgal\">2010. febru\u00e1r 4 \u2013 febru\u00e1r 21.<\/p>\n<p>[\/vc_column_text][vc_column_text]<\/p>\n<p class=\"kiemeles_bpgal\">Megnyit\u00f3:<\/p>\n<p class=\"kurrens_bpgal\">2010. febru\u00e1r 4., 17:00<\/p>\n<p class=\"kiemeles_bpgal\">Megnyitotta:<\/p>\n<p class=\"kurrens_bpgal\">SZIL\u00c1GYI \u00c1KOS, eszt\u00e9ta<\/p>\n<p>[\/vc_column_text][vc_empty_space height=&#8221;32px&#8221;][\/vc_column][vc_column width=&#8221;2\/3&#8243;][vc_column_text]Bornemisza Eszter sikeres matematikusi p\u00e1lyafut\u00e1sa ut\u00e1n 1996 \u00f3ta foglalkozik varrott textilk\u00e9pekkel &#8211; quiltekkel.<\/p>\n<p>A k\u00e9peihez felhaszn\u00e1lt anyagokat saj\u00e1t maga festi, vagy \u00e9ppen sz\u00edntelen\u00edti, nyomtatja, batikolja, koll\u00e1zsolt fel\u00fcletekk\u00e9 varrja, \u00edgy quiltjeinek felsz\u00edne gazdag, \u00f6sszetett r\u00e9tegekb\u0151l \u00e1ll \u00f6ssze.<\/p>\n<p>Jelek, nyomok,\u0151si t\u00e9rk\u00e9pfoszl\u00e1nyok, modern metr\u00f3vonalak \u00e9s \u00fath\u00e1l\u00f3zatok r\u00e9tegei, labirintusok \u00e9s \u00fatveszt\u0151k, a kusza k\u00e9z\u00edr\u00e1sos sz\u00f6vegr\u00e9szletek \u00e9s \u00e1ramk\u00f6r\u00f6k h\u00e1l\u00f3zatszer\u0171 sz\u00f6ved\u00e9kei gazdag asszoci\u00e1ci\u00f3s terepet biztos\u00edtanak a f\u00f6ldi \u00e9s szellemi t\u00f6rt\u00e9nelem sok-sok r\u00e9teg\u00e9ben val\u00f3 elm\u00e9lyed\u00e9sre. A k\u00fcl\u00f6nb\u00f6z\u0151 min\u0151s\u00e9g\u0171 textilek strukt\u00far\u00e1ja is ezt sz\u00f6ved\u00e9k jelleget er\u0151s\u00edti, a nagyon laz\u00e1n sz\u0151tt v\u00e1szont\u00f3l a vastag pamutsz\u00f6vetig, s\u0151t a nemezig, amelyek a term\u00e9szet sz\u00edneinek gazdag sk\u00e1l\u00e1j\u00e1n, a barna, rozsdasz\u00edn, arany, homok, fekete, sz\u00fcrke \u00e9s feh\u00e9r hat\u00e1rain mozognak.<br \/>\n[\/vc_column_text][vc_empty_space height=&#8221;20px&#8221;][\/vc_column][\/vc_row][vc_row row_type=&#8221;row&#8221; use_row_as_full_screen_section=&#8221;no&#8221; type=&#8221;grid&#8221; text_align=&#8221;left&#8221; background_image_as_pattern=&#8221;without_pattern&#8221;][vc_column width=&#8221;1\/1&#8243;][vc_empty_space height=&#8221;32px&#8221;][vc_empty_space height=&#8221;45px&#8221;][\/vc_column][\/vc_row]<\/p>\n<\/div>","protected":false},"excerpt":{"rendered":"<p>[vc_row row_type=&#8221;row&#8221; use_row_as_full_screen_section=&#8221;no&#8221; type=&#8221;grid&#8221; text_align=&#8221;left&#8221; background_image_as_pattern=&#8221;without_pattern&#8221;][vc_column width=&#8221;1\/1&#8243;][vc_empty_space height=&#8221;40px&#8221;][vc_column_text] Bornemisza Eszter ki\u00e1ll\u00edt\u00e1sa [\/vc_column_text][vc_empty_space height=&#8221;32px&#8221;][\/vc_column][\/vc_row][vc_row bgparallax=&#8221;parallax&#8221; contentwidth=&#8221;container&#8221;&#8230;<\/p>\n","protected":false},"author":1,"featured_media":0,"parent":9084,"menu_order":20,"comment_status":"open","ping_status":"open","template":"full_width.php","meta":{"inline_featured_image":false,"loftloader_pro_show_once":"","loftloader_pro_page_shortcode":"","footnotes":""},"class_list":["post-9220","page","type-page","status-publish","hentry"],"_links":{"self":[{"href":"https:\/\/budapestgaleria.hu\/_\/wp-json\/wp\/v2\/pages\/9220","targetHints":{"allow":["GET"]}}],"collection":[{"href":"https:\/\/budapestgaleria.hu\/_\/wp-json\/wp\/v2\/pages"}],"about":[{"href":"https:\/\/budapestgaleria.hu\/_\/wp-json\/wp\/v2\/types\/page"}],"author":[{"embeddable":true,"href":"https:\/\/budapestgaleria.hu\/_\/wp-json\/wp\/v2\/users\/1"}],"replies":[{"embeddable":true,"href":"https:\/\/budapestgaleria.hu\/_\/wp-json\/wp\/v2\/comments?post=9220"}],"version-history":[{"count":0,"href":"https:\/\/budapestgaleria.hu\/_\/wp-json\/wp\/v2\/pages\/9220\/revisions"}],"up":[{"embeddable":true,"href":"https:\/\/budapestgaleria.hu\/_\/wp-json\/wp\/v2\/pages\/9084"}],"wp:attachment":[{"href":"https:\/\/budapestgaleria.hu\/_\/wp-json\/wp\/v2\/media?parent=9220"}],"curies":[{"name":"wp","href":"https:\/\/api.w.org\/{rel}","templated":true}]}}