{"id":9228,"date":"2015-02-02T12:52:30","date_gmt":"2015-02-02T12:52:30","guid":{"rendered":"http:\/\/budapestgaleria.hu\/_\/?page_id=9228"},"modified":"2015-02-02T12:52:30","modified_gmt":"2015-02-02T12:52:30","slug":"morph-csoport-kiallitasa","status":"publish","type":"page","link":"https:\/\/budapestgaleria.hu\/_\/kiallitasok-2008-budapest-galeria\/morph-csoport-kiallitasa\/","title":{"rendered":"Morph csoport ki\u00e1ll\u00edt\u00e1sa"},"content":{"rendered":"<div class=\"wpb-content-wrapper\"><p>[vc_row row_type=&#8221;row&#8221; use_row_as_full_screen_section=&#8221;no&#8221; type=&#8221;grid&#8221; text_align=&#8221;left&#8221; background_image_as_pattern=&#8221;without_pattern&#8221;][vc_column width=&#8221;1\/1&#8243;][vc_empty_space height=&#8221;40px&#8221;][vc_column_text]<\/p>\n<h2 class=\"cim_1\">Morph csoport ki\u00e1ll\u00edt\u00e1sa<\/h2>\n<p>[\/vc_column_text][vc_empty_space height=&#8221;32px&#8221;][\/vc_column][\/vc_row][vc_row bgparallax=&#8221;parallax&#8221; contentwidth=&#8221;container&#8221; toppadding=&#8221;40&#8243; bottompadding=&#8221;10&#8243; border=&#8221;on&#8221; css=&#8221;.vc_custom_1420648296958{background-color: #ffffff !important;}&#8221; row_type=&#8221;row&#8221; use_row_as_full_screen_section=&#8221;no&#8221; type=&#8221;grid&#8221; text_align=&#8221;left&#8221; background_image_as_pattern=&#8221;without_pattern&#8221;][vc_column width=&#8221;1\/3&#8243; css=&#8221;.vc_custom_1420649554591{padding-right: 25px !important;}&#8221;][vc_column_text]<\/p>\n<p class=\"hely_bpgal\">BTM \u2013 Budapest Ki\u00e1ll\u00edt\u00f3terem<\/p>\n<p class=\"cim_bpgal\">1056 Budapest, Szabad sajt\u00f3 \u00fat 5.<\/p>\n<p class=\"datum_bpgal\">2008. janu\u00e1r 10 \u2013 febru\u00e1r 10.<\/p>\n<p>[\/vc_column_text][vc_column_text]<\/p>\n<p class=\"kiemeles_bpgal\">Ki\u00e1ll\u00edt\u00f3 m\u0171v\u00e9szek:<\/p>\n<p class=\"verzal_bpgal\">Drabik Istv\u00e1n | Ga\u00e1l J\u00f3zsef | Kalm\u00e1r J\u00e1nos | Mata Attila | Szab\u00f3 Tam\u00e1s<\/p>\n<p>[\/vc_column_text][vc_column_text]<\/p>\n<p class=\"kiemeles_bpgal\">Megnyit\u00f3:<\/p>\n<p class=\"kurrens_bpgal\">2008. janu\u00e1r 10., 17:00<\/p>\n<p class=\"kiemeles_bpgal\">Megnyitotta:<\/p>\n<p class=\"kurrens_bpgal\">BACS\u00d3 B\u00c9LA, eszt\u00e9ta<\/p>\n<p>[\/vc_column_text][vc_empty_space height=&#8221;32px&#8221;][\/vc_column][vc_column width=&#8221;2\/3&#8243;][vc_column_text]A Morph egy \u00f6ttag\u00fa, 2005-ben szervez\u0151d\u00f6tt szobr\u00e1szm\u0171v\u00e9sz csoport. A Morphok m\u0171v\u00e9szet\u00e9nek k\u00f6z\u00f6s nevez\u0151je: a Morph.<\/p>\n<p>A Morph eredetileg g\u00f6r\u00f6g nyelv\u00e9szeti ut\u00f3tag \u00e9s k\u00e9pz\u0151, mely alakra,<br \/>\nform\u00e1ra utal, sz\u00e1mos ehhez kapcsol\u00f3d\u00f3 elnevez\u00e9s r\u00e9sze, mint morfizmus (alak\u00fas\u00e1g), morfol\u00f3gia (alaktan) vagy anamorf\u00f3zis (\u00e1talakul\u00e1s). A MorphoM\u00e1nia az a saj\u00e1tos megk\u00f6zel\u00edt\u00e9si m\u00f3d, mellyel a Morphok a vil\u00e1got interpret\u00e1lj\u00e1k. A Morph azt a k\u00f6z\u00f6s, az emberi alakb\u00f3l kiindul\u00f3, szobr\u00e1szi gondolkoz\u00e1st szimboliz\u00e1lja, melyet mind az \u00f6ten maguk\u00e9nak vallanak.<br \/>\n[\/vc_column_text][vc_empty_space height=&#8221;20px&#8221;][\/vc_column][\/vc_row][vc_row row_type=&#8221;row&#8221; use_row_as_full_screen_section=&#8221;no&#8221; type=&#8221;grid&#8221; text_align=&#8221;left&#8221; background_image_as_pattern=&#8221;without_pattern&#8221;][vc_column width=&#8221;1\/1&#8243;][vc_empty_space height=&#8221;32px&#8221;][vc_empty_space height=&#8221;45px&#8221;][\/vc_column][\/vc_row]<\/p>\n<\/div>","protected":false},"excerpt":{"rendered":"<p>[vc_row row_type=&#8221;row&#8221; use_row_as_full_screen_section=&#8221;no&#8221; type=&#8221;grid&#8221; text_align=&#8221;left&#8221; background_image_as_pattern=&#8221;without_pattern&#8221;][vc_column width=&#8221;1\/1&#8243;][vc_empty_space height=&#8221;40px&#8221;][vc_column_text] Morph csoport ki\u00e1ll\u00edt\u00e1sa [\/vc_column_text][vc_empty_space height=&#8221;32px&#8221;][\/vc_column][\/vc_row][vc_row bgparallax=&#8221;parallax&#8221; contentwidth=&#8221;container&#8221;&#8230;<\/p>\n","protected":false},"author":1,"featured_media":0,"parent":9226,"menu_order":0,"comment_status":"open","ping_status":"open","template":"full_width.php","meta":{"inline_featured_image":false,"loftloader_pro_show_once":"","loftloader_pro_page_shortcode":"","footnotes":""},"class_list":["post-9228","page","type-page","status-publish","hentry"],"_links":{"self":[{"href":"https:\/\/budapestgaleria.hu\/_\/wp-json\/wp\/v2\/pages\/9228","targetHints":{"allow":["GET"]}}],"collection":[{"href":"https:\/\/budapestgaleria.hu\/_\/wp-json\/wp\/v2\/pages"}],"about":[{"href":"https:\/\/budapestgaleria.hu\/_\/wp-json\/wp\/v2\/types\/page"}],"author":[{"embeddable":true,"href":"https:\/\/budapestgaleria.hu\/_\/wp-json\/wp\/v2\/users\/1"}],"replies":[{"embeddable":true,"href":"https:\/\/budapestgaleria.hu\/_\/wp-json\/wp\/v2\/comments?post=9228"}],"version-history":[{"count":0,"href":"https:\/\/budapestgaleria.hu\/_\/wp-json\/wp\/v2\/pages\/9228\/revisions"}],"up":[{"embeddable":true,"href":"https:\/\/budapestgaleria.hu\/_\/wp-json\/wp\/v2\/pages\/9226"}],"wp:attachment":[{"href":"https:\/\/budapestgaleria.hu\/_\/wp-json\/wp\/v2\/media?parent=9228"}],"curies":[{"name":"wp","href":"https:\/\/api.w.org\/{rel}","templated":true}]}}