{"id":9230,"date":"2015-02-02T12:59:04","date_gmt":"2015-02-02T12:59:04","guid":{"rendered":"http:\/\/budapestgaleria.hu\/_\/?page_id=9230"},"modified":"2015-02-02T12:59:04","modified_gmt":"2015-02-02T12:59:04","slug":"kovacs-melinda-fotografus-kiallitasa","status":"publish","type":"page","link":"https:\/\/budapestgaleria.hu\/_\/kiallitasok-2008-budapest-galeria\/kovacs-melinda-fotografus-kiallitasa\/","title":{"rendered":"Kov\u00e1cs Melinda fotogr\u00e1fus ki\u00e1ll\u00edt\u00e1sa"},"content":{"rendered":"<div class=\"wpb-content-wrapper\"><p>[vc_row row_type=&#8221;row&#8221; use_row_as_full_screen_section=&#8221;no&#8221; type=&#8221;grid&#8221; text_align=&#8221;left&#8221; background_image_as_pattern=&#8221;without_pattern&#8221;][vc_column width=&#8221;1\/1&#8243;][vc_empty_space height=&#8221;40px&#8221;][vc_column_text]<\/p>\n<h2 class=\"cim_1\">Kov\u00e1cs Melinda fotogr\u00e1fus ki\u00e1ll\u00edt\u00e1sa<\/h2>\n<p>[\/vc_column_text][vc_empty_space height=&#8221;32px&#8221;][\/vc_column][\/vc_row][vc_row bgparallax=&#8221;parallax&#8221; contentwidth=&#8221;container&#8221; toppadding=&#8221;40&#8243; bottompadding=&#8221;10&#8243; border=&#8221;on&#8221; css=&#8221;.vc_custom_1420648296958{background-color: #ffffff !important;}&#8221; row_type=&#8221;row&#8221; use_row_as_full_screen_section=&#8221;no&#8221; type=&#8221;grid&#8221; text_align=&#8221;left&#8221; background_image_as_pattern=&#8221;without_pattern&#8221;][vc_column width=&#8221;1\/3&#8243; css=&#8221;.vc_custom_1420649554591{padding-right: 25px !important;}&#8221;][vc_column_text]<\/p>\n<p class=\"hely_bpgal\">Budapest Gal\u00e9ria<\/p>\n<p class=\"cim_bpgal\">1036 Budapest, Lajos utca 158.<\/p>\n<p class=\"datum_bpgal\">2008. janu\u00e1r 18 \u2013 febru\u00e1r 24.<\/p>\n<p>[\/vc_column_text][vc_column_text]<\/p>\n<p class=\"kiemeles_bpgal\">Megnyit\u00f3:<\/p>\n<p class=\"kurrens_bpgal\">2008. janu\u00e1r 18. (p\u00e9ntek), 17:00<\/p>\n<p class=\"kiemeles_bpgal\">Megnyitotta:<\/p>\n<p class=\"kurrens_bpgal\">J\u00c1SZ ATTILA, k\u00f6lt\u0151<\/p>\n<p>[\/vc_column_text][vc_empty_space height=&#8221;32px&#8221;][\/vc_column][vc_column width=&#8221;2\/3&#8243;][vc_column_text]\u201eKM \u00faj k\u00e9pei (is) tele vannak meglepet\u00e9ssel. A finom kidolgoz\u00e1s \u00e9s a v\u00e1ratlan k\u00e9p(zelet)t\u00e1rs\u00edt\u00e1s eszk\u00f6zeinek kontrasztja adja a MEGLEPET\u00c9S \u00fct\u00e9sszer\u0171 erej\u00e9t.<\/p>\n<p>KM egy n\u0151i Kafka, a nagy \u00edr\u00f3 kegyetlens\u00e9gig prec\u00edz \u00e1br\u00e1zol\u00e1stechnik\u00e1j\u00e1val \u00e9s egy roppant \u00e9rz\u00e9keny n\u0151i l\u00e9lek finoms\u00e1gaival meg\u00e1ldva, \u00e9s nyilv\u00e1n megverve is. De a k\u00e9peken (sz\u00e1munkra) csak az \u00c1LD\u00c1S l\u00e1tszik. B\u00e1rmilyen brut\u00e1lis \u00e9s ig\u00e9nyes legyen is a megk\u00f6zel\u00edt\u00e9s.<\/p>\n<p>A b\u00e1r\u00e1ny, a szem\u00e9b\u0151l foly\u00f3 v\u00e9rk\u00f6nnyekkel v\u00e9rt\u00f3cs\u00e1ban tocsog\u00f3, hihetetlen\u00fcl eszt\u00e9tikus h\u00fashalmok k\u00f6zt zar\u00e1ndokol\u00f3 szimb\u00f3lum, felkavar\u00f3an \u00e9s \u00f6r\u00f6kk\u00e9val\u00f3an aktu\u00e1lis, a banalit\u00e1ssal kokett\u00e1l\u00f3 szakr\u00e1lis \u00e1br\u00e1zol\u00e1sa, a j\u00e9zusi (szenved\u0151) embernek\u2026\u201d<\/p>\n<p class=\"szerzo\">J\u00e1sz Attila<\/p>\n<p>[\/vc_column_text][vc_empty_space height=&#8221;20px&#8221;][\/vc_column][\/vc_row][vc_row row_type=&#8221;row&#8221; use_row_as_full_screen_section=&#8221;no&#8221; type=&#8221;grid&#8221; text_align=&#8221;left&#8221; background_image_as_pattern=&#8221;without_pattern&#8221;][vc_column width=&#8221;1\/1&#8243;][vc_empty_space height=&#8221;32px&#8221;][vc_empty_space height=&#8221;45px&#8221;][\/vc_column][\/vc_row]<\/p>\n<\/div>","protected":false},"excerpt":{"rendered":"<p>[vc_row row_type=&#8221;row&#8221; use_row_as_full_screen_section=&#8221;no&#8221; type=&#8221;grid&#8221; text_align=&#8221;left&#8221; background_image_as_pattern=&#8221;without_pattern&#8221;][vc_column width=&#8221;1\/1&#8243;][vc_empty_space height=&#8221;40px&#8221;][vc_column_text] Kov\u00e1cs Melinda fotogr\u00e1fus ki\u00e1ll\u00edt\u00e1sa [\/vc_column_text][vc_empty_space height=&#8221;32px&#8221;][\/vc_column][\/vc_row][vc_row bgparallax=&#8221;parallax&#8221;&#8230;<\/p>\n","protected":false},"author":1,"featured_media":0,"parent":9226,"menu_order":1,"comment_status":"open","ping_status":"open","template":"full_width.php","meta":{"inline_featured_image":false,"loftloader_pro_show_once":"","loftloader_pro_page_shortcode":"","footnotes":""},"class_list":["post-9230","page","type-page","status-publish","hentry"],"_links":{"self":[{"href":"https:\/\/budapestgaleria.hu\/_\/wp-json\/wp\/v2\/pages\/9230","targetHints":{"allow":["GET"]}}],"collection":[{"href":"https:\/\/budapestgaleria.hu\/_\/wp-json\/wp\/v2\/pages"}],"about":[{"href":"https:\/\/budapestgaleria.hu\/_\/wp-json\/wp\/v2\/types\/page"}],"author":[{"embeddable":true,"href":"https:\/\/budapestgaleria.hu\/_\/wp-json\/wp\/v2\/users\/1"}],"replies":[{"embeddable":true,"href":"https:\/\/budapestgaleria.hu\/_\/wp-json\/wp\/v2\/comments?post=9230"}],"version-history":[{"count":0,"href":"https:\/\/budapestgaleria.hu\/_\/wp-json\/wp\/v2\/pages\/9230\/revisions"}],"up":[{"embeddable":true,"href":"https:\/\/budapestgaleria.hu\/_\/wp-json\/wp\/v2\/pages\/9226"}],"wp:attachment":[{"href":"https:\/\/budapestgaleria.hu\/_\/wp-json\/wp\/v2\/media?parent=9230"}],"curies":[{"name":"wp","href":"https:\/\/api.w.org\/{rel}","templated":true}]}}