{"id":9232,"date":"2015-02-02T13:08:53","date_gmt":"2015-02-02T13:08:53","guid":{"rendered":"http:\/\/budapestgaleria.hu\/_\/?page_id=9232"},"modified":"2015-02-02T13:11:45","modified_gmt":"2015-02-02T13:11:45","slug":"hegedus-2-laszlo-h2-1ooartbooks","status":"publish","type":"page","link":"https:\/\/budapestgaleria.hu\/_\/kiallitasok-2008-budapest-galeria\/hegedus-2-laszlo-h2-1ooartbooks\/","title":{"rendered":"Heged\u0171s 2 L\u00e1szl\u00f3 H2 | 1OOARTBOOKS"},"content":{"rendered":"<div class=\"wpb-content-wrapper\"><p>[vc_row row_type=&#8221;row&#8221; use_row_as_full_screen_section=&#8221;no&#8221; type=&#8221;grid&#8221; text_align=&#8221;left&#8221; background_image_as_pattern=&#8221;without_pattern&#8221;][vc_column width=&#8221;1\/1&#8243;][vc_empty_space height=&#8221;40px&#8221;][vc_column_text]<\/p>\n<h2 class=\"cim_1\">HEGED\u0170S 2 L\u00c1SZL\u00d3 H2 | 1OOARTBOOKS<\/h2>\n<p>[\/vc_column_text][vc_empty_space height=&#8221;32px&#8221;][\/vc_column][\/vc_row][vc_row bgparallax=&#8221;parallax&#8221; contentwidth=&#8221;container&#8221; toppadding=&#8221;40&#8243; bottompadding=&#8221;10&#8243; border=&#8221;on&#8221; css=&#8221;.vc_custom_1420648296958{background-color: #ffffff !important;}&#8221; row_type=&#8221;row&#8221; use_row_as_full_screen_section=&#8221;no&#8221; type=&#8221;grid&#8221; text_align=&#8221;left&#8221; background_image_as_pattern=&#8221;without_pattern&#8221;][vc_column width=&#8221;1\/3&#8243; css=&#8221;.vc_custom_1420649554591{padding-right: 25px !important;}&#8221;][vc_column_text]<\/p>\n<p class=\"hely_bpgal\">Budapest Gal\u00e9ria<\/p>\n<p class=\"cim_bpgal\">1036 Budapest, Lajos utca 158.<\/p>\n<p class=\"datum_bpgal\">2008. febru\u00e1r 28 \u2013 m\u00e1rcius 30.<\/p>\n<p>[\/vc_column_text][vc_column_text]<\/p>\n<p class=\"kiemeles_bpgal\">Megnyit\u00f3:<\/p>\n<p class=\"kurrens_bpgal\">2008. febru\u00e1r 28.<\/p>\n<p class=\"kiemeles_bpgal\">Megnyitotta:<\/p>\n<p class=\"kurrens_bpgal\">DR. MONOK ISTV\u00c1N, az Orsz\u00e1gos Sz\u00e9chenyi K\u00f6nyvt\u00e1r f\u0151igazgat\u00f3ja<\/p>\n<p>[\/vc_column_text][vc_empty_space height=&#8221;32px&#8221;][\/vc_column][vc_column width=&#8221;2\/3&#8243;][vc_column_text]A Budapest Gal\u00e9ri\u00e1ban rendezend\u0151 ki\u00e1ll\u00edt\u00e1s r\u00e9sze annak a retrospekt\u00edv folyamatnak, ami a Magyar Fotogr\u00e1fiai M\u00fazeumban kezd\u0151d\u00f6tt \u00e9s folytat\u00f3dott az Ernst \u00e9s a Pet\u0151fi Irodalmi M\u00fazeumban (fot\u00f3, k\u00e9pz\u0151m\u0171v\u00e9szet, h2lemezek).<br \/>\nAz idei ki\u00e1ll\u00edt\u00e1s c\u00edme: 100ARTBOOKS. Sz\u00e1z m\u0171v\u00e9szk\u00f6nyv ker\u00fcl bemutat\u00e1sra, ami cd-n dokument\u00e1lva, 500 sz\u00e1mozott p\u00e9ld\u00e1nyban jelenik meg. A cd egyik oldala, mint m\u0171t\u00e1rgy (szit\u00e1zott sz\u00f6veg), a m\u00e1sik oldala pedig az adat-dokumentumhordoz\u00f3.<\/p>\n<p>\u201eAz els\u0151 m\u0171v\u00e9szk\u00f6nyvemet (a mail-art k\u00f6vetkezm\u00e9nyek\u00e9nt) egy Oldenburgb\u00f3l \u00e9rkez\u0151 megh\u00edv\u00e1sra k\u00e9sz\u00edtettem el 1986-ban. Tudtommal addig Magyarorsz\u00e1gon nem volt ilyen ki\u00e1ll\u00edt\u00e1s. A rendezv\u00e9nyre egy k\u00e9zi k\u00f6t\u00e9s\u0171, t\u00f6bb mint 1400 oldalas reprezentat\u00edv kiadv\u00e1ny jelent meg. A k\u00f6nyv egy p\u00e9ld\u00e1ny\u00e1t Kovalovszky M\u00e1rta m\u0171v\u00e9szett\u00f6rt\u00e9n\u00e9sznek adtam, aki 1987-ben a Szent Istv\u00e1n Kir\u00e1ly M\u00fazeumban megrendezte az I. Nemzetk\u00f6zi M\u0171v\u00e9szk\u00f6nyv Ki\u00e1ll\u00edt\u00e1st Magyarorsz\u00e1gon.<br \/>\nOldenburgba egy szombat-vas\u00e1rnapi eb\u00e9djegyt\u00f6mb maradv\u00e1ny\u00e1t k\u00fcldtem \u00bbk\u00e9zi b\u0151rk\u00f6t\u00e9sben\u00ab (magyar r\u00e9sztvev\u0151k: Lakner L\u00e1szl\u00f3 [D], Moln\u00e1r Vera [F], Papp Tibor [Aus], Sug\u00e1r J\u00e1nos).<\/p>\n<p>Amikor a k\u00f6nyvet (a k\u00f6nyv test\u00e9t) m\u0171v\u00e9szk\u00f6nyvv\u00e9 transzform\u00e1lom, a \u00bbt\u00e1rgy\u00ab m\u0171t\u00e1rggy\u00e1 v\u00e1l\u00e1s\u00e1t hozom l\u00e9tre. Mindig a k\u00f6nyv k\u00e9t t\u00e9rbeli helyzet\u00e9t veszem alapul, a Z\u00c1RT \u00e9s a NYITOTT form\u00e1t (egy-k\u00e9t esetben a kiny\u00edl\u00f3-bez\u00e1rul\u00f3 form\u00e1t).\u201d<\/p>\n<p><strong>M\u0170V\u00c9SZK\u00d6NYV KI\u00c1L\u00cdT\u00c1SOK (V\u00c1LOGAT\u00c1S)<\/strong><br \/>\n<strong>1986<\/strong> M\u0171v\u00e9szk\u00f6nyvek, Library of the University Oldenburg, N\u00e9metorsz\u00e1g<br \/>\n<strong>1987<\/strong> \u2026Meglepet\u00e9s\u2026 olvas\u00f3ink r\u00e9sz\u00e9re, I. Nemzetk\u00f6zi M\u0171v\u00e9szk\u00f6nyv Ki\u00e1ll\u00edt\u00e1s, Istv\u00e1n<br \/>\nKir\u00e1ly M\u00fazeum, Sz\u00e9kesfeh\u00e9rv\u00e1r<br \/>\n<strong>1990 <\/strong>A Nagy Feh\u00e9rv\u00e1ri \u00c1rv\u00edz (egy\u00e9ni) V\u00e1rost\u00f6rt\u00e9neti M\u00fazeum, Sz\u00e9kesfeh\u00e9rv\u00e1r<br \/>\nA Nagy Feh\u00e9rv\u00e1ri \u00c1rv\u00edz (egy\u00e9ni) M\u0171csarnok Dorottya utcai ki\u00e1ll\u00edt\u00f3terme, Budapest<br \/>\n<strong>1992<\/strong> Medium: paper, Sz\u00e9pm\u0171v\u00e9szeti M\u00fazeum, Budapest<br \/>\n<strong>1993<\/strong> K\u00f6nyvt\u00e1rgyak, Orsz\u00e1gos Sz\u00e9chenyi K\u00f6nyvt\u00e1r, Budapest<br \/>\nA Nagy Feh\u00e9rv\u00e1ri \u00c1rv\u00edz (egy\u00e9ni) Szombathelyi K\u00e9pt\u00e1r, Szombathely<br \/>\nA Nagy Feh\u00e9rv\u00e1ri \u00c1rv\u00edz (egy\u00e9ni) Kapos Art Gal\u00e9ria, Kaposv\u00e1r<br \/>\n<strong>1994<\/strong> Budapesti Nemzetk\u00f6zi K\u00f6nyvfesztiv\u00e1l, Kongresszusi K\u00f6zpont, Budapest<br \/>\nM\u0171v\u00e9szk\u00f6nyvek, Magyar Kult\u00fara H\u00e1za, P\u00e1rizs, Franciaorsz\u00e1g<br \/>\nK\u00f6nyvt\u00e1rgyak, Magyar Kult\u00fara H\u00e1za, Bukarest, Rom\u00e1nia<br \/>\nMetamorf\u00f3zis, Balassi K\u00f6nyvesbolt, Budapest<br \/>\n<strong>1995<\/strong> A Szent Istv\u00e1n Kir\u00e1ly M\u00fazeum nemzetk\u00f6zi m\u0171v\u00e9szk\u00f6nyv gy\u0171jtem\u00e9ny\u00e9b\u0151l, Szent<br \/>\nIstv\u00e1n Kir\u00e1ly M\u00fazeum, Sz\u00e9kesfeh\u00e9rv\u00e1r<br \/>\nM\u0171v\u00e9szk\u00f6nyvek, Zenet\u00f6rt\u00e9neti M\u00fazeum, Budapest<br \/>\nM\u0171v\u00e9szk\u00f6nyvek, Magyar Kultur\u00e1lis Int\u00e9zet, P\u00e1rizs, Bukarest, Pr\u00e1ga<br \/>\nM\u0171v\u00e9szk\u00f6nyvek, Cs\u00f3k Istv\u00e1n Gal\u00e9ria, Budapest<br \/>\n<strong>1996<\/strong> Nemzetk\u00f6zi m\u0171v\u00e9szk\u00f6nyv ki\u00e1ll\u00edt\u00e1s, Vigad\u00f3 Gal\u00e9ria, Budapest<br \/>\nHungarian artbooks, Print at Trammel Crow Center, Upper East Pavilion,<br \/>\nDallas, USA<br \/>\n<strong>1999<\/strong> Made in Hungary, Artists&#8217; Books, Dowd Fine Arts Gallery, Cortland, USA<br \/>\nMade in Hungary, Artists&#8217; Books, Visual Studies Workshop Galleries,<br \/>\nRochester, USA<br \/>\nM\u0171v\u00e9szk\u00f6nyvek, Frankfurti Nemzetk\u00f6zi K\u00f6nyvv\u00e1s\u00e1r, Frankfurt, N\u00e9metorsz\u00e1g<br \/>\n<strong>2000<\/strong> Magyar m\u0171v\u00e9szk\u00f6nyvek, Goethe Int\u00e9zet, Budapest<br \/>\nNemzetk\u00f6zi M\u0171v\u00e9szk\u00f6nyv Trienn\u00e1l\u00e9, Kort\u00e1rs M\u0171v\u00e9szeti K\u00f6zpont, Vilnius, Litv\u00e1nia<br \/>\n3. Nemzetk\u00f6zi m\u0171v\u00e9szk\u00f6nyv ki\u00e1ll\u00edt\u00e1s, V\u00e1rosi K\u00e9pt\u00e1r &#8211; De\u00e1k Gy\u0171jtem\u00e9ny,<br \/>\nSz\u00e9kesfeh\u00e9rv\u00e1r<br \/>\nArtists&#8217; Books, Barbican Concourse Gallery, London, Anglia<br \/>\nL\u00e9legzet, M\u0171v\u00e9szk\u00f6nyv ki\u00e1ll\u00edt\u00e1s, Megyei M\u0171vel\u0151d\u00e9si K\u00f6zpont, Kecskem\u00e9t<br \/>\n\u201eLivres \u2013 Libres\u201d Magyar m\u0171v\u00e9szk\u00f6nyvek, Muse\u00e9 Lanchelevici, La Louvi\u00e9re,<br \/>\nBelgium<br \/>\n<strong>2001<\/strong> Magyar m\u0171v\u00e9szk\u00f6nyvek, V\u00e1rosi K\u00f6nyvt\u00e1r, Viborg, D\u00e1nia<br \/>\nA k\u00f6nyv m\u0171alkot\u00e1s, Rippl-R\u00f3nai M\u00fazeum, Kaposv\u00e1r<br \/>\n<strong>2004<\/strong> Z\u00e1rt k\u00f6nyvek (egy\u00e9ni), Szabadm\u0171vel\u0151d\u00e9s H\u00e1za, Sz\u00e9kesfeh\u00e9rv\u00e1r<\/p>\n<p><strong>GY\u0170JTEM\u00c9NYEK<\/strong><br \/>\nOrsz\u00e1gos Sz\u00e9chenyi K\u00f6nyvt\u00e1r, Budapest<br \/>\nPet\u0151fi Irodalmi M\u00fazeum, Budapest<br \/>\nRippl-R\u00f3nay M\u00fazeum, Kaposv\u00e1r<br \/>\nUniversity Library, Oldenburg, N\u00e9metorsz\u00e1g<br \/>\nV\u00e1rosi K\u00e9pt\u00e1r, Sz\u00e9kesfeh\u00e9rv\u00e1r<br \/>\nVisual Studies Workshop, Rochester (NY, USA)<\/p>\n<p>&nbsp;<\/p>\n<p><strong>K\u00e9t k\u00f6nyv<\/strong><\/p>\n<p>A tengerparton, egy homokd\u0171n\u00e9n hanyatt fekve a felh\u0151ket b\u00e1multam, \u00fagy, mint gyerekkoromban a f\u00fcves kertv\u00e9geken. A hull\u00e1mok monoton ism\u00e9tl\u0151d\u00e9s\u00e9nek csendes z\u00fag\u00e1sa nyugalmat \u00e1rasztott. Az id\u0151 felold\u00f3dott \u00e9s hangulatt\u00e1 v\u00e1ltozott. Napok, hetek, h\u00f3napok, \u00e9vek teltek \u00edgy el. Semmi nem v\u00e1ltozott, csak a felh\u0151k gomolyogtak untalanul.<\/p>\n<p>Okt\u00f3ber tizenkett\u0151, a metr\u00f3n\u00e1l, tal\u00e1n holnap, egy emelettel feljebb, \u2026 Alig hallhat\u00f3an szavakat v\u00e9ltem hallani. A hull\u00e1mok morajl\u00e1sa egyre halkabb\u00e1 v\u00e1lt, m\u00edg nem teljesen elnyomta a szavak zavaros zsong\u00e1sa. Bizonyoss\u00e1 v\u00e1lt, hogy nem k\u00e9pzel\u0151d\u0151k, k\u00e9t karomat el\u0151re ny\u00fajtva, egy hirtelen mozdulattal fel akartam \u00fclni, de ez csak a m\u00e1sodik elrugaszkod\u00e1sra siker\u00fclt. A tenger hull\u00e1mz\u00f3 bet\u0171kb\u0151l, szavakb\u00f3l, mondatokb\u00f3l, id\u00e9zetekb\u0151l \u00e1llt \u00f6ssze. A felh\u0151k el-elt\u0171nve sz\u00ednes form\u00e1kk\u00e1 alakultak \u00e1t. V\u00e1ltozatosan ism\u00e9tl\u0151d\u0151 \u00e9s v\u00e9gtelennek t\u0171n\u0151 volt minden. A felh\u0151form\u00e1kb\u00f3l feh\u00e9r lapok hullottak. T\u00e1vol a sz\u00f6vegtengerparton, alig kivehet\u0151en valami k\u00f6zeledett. Amikor a kezemet a szemem f\u00f6l\u00e9 helyezve megpr\u00f3b\u00e1ltam a nap f\u00e9ny\u00e9t kitakarni, hogy jobban l\u00e1ssak, az id\u0151 egy pillanatra meg\u00e1llt. De mint a filmeken a v\u00e1g\u00e1sn\u00e1l, az a valami v\u00e1ratlanul j\u00f3l beazonos\u00edthat\u00f3 k\u00f6zels\u00e9gbe ker\u00fclt. Ami k\u00f6zeledett, az k\u00e9t k\u00f6nyv volt j\u00f3l kivehet\u0151 r\u00e9szletekkel. Egy esterh\u00e1zy \u00e9s egy m\u0171v\u00e9szk\u00f6nyv l\u00e9pegetett a h\u00f6mp\u00f6lyg\u0151 bet\u0171tenger mellett. Test\u00fck a k\u00f6nyv, kez\u00fck-l\u00e1buk pedig ugyanolyan volt, mint Miki eg\u00e9r\u00e9.<\/p>\n<p>Szeptember 11. m\u00e9g mindig sehol, ti tegyetek \u00fagy, mintha azok lenn\u00e9tek, mi meg majd elhissz\u00fck, 1 \u00d7 1 az egy, 2 \u00d7 2 az kett\u0151, fogj egy s\u00e9tap\u00e1lc\u00e1t \u00e9s l\u00e9gy vid\u00e1m\u2026<\/p>\n<p>A k\u00e9t k\u00f6nyv sz\u00f3tlanul s\u00e9t\u00e1lt, n\u00e9ha meg\u00e1lltak \u00e9s a sz\u00f6vegtenger fel\u00e9 n\u00e9ztek. Amikor p\u00e1r l\u00e9p\u00e9snyire el\u0151tt\u00fck egy er\u0151sebb sodr\u00e1ssal a szavak lassan besziv\u00e1rogtak a homokba, az esterh\u00e1zy-k\u00f6nyv meg\u00e1llt (a morajl\u00e1s elcsendes\u00fclt), majd megsz\u00f3lalt:<\/p>\n<p>\u2013Az \u00e9n mondataimnak m\u00e1s a val\u00f3s\u00e1ghoz val\u00f3 viszonya, majdnem, hogy ford\u00edtott, mint ami norm\u00e1lis. Nem le\u00edrom a val\u00f3s\u00e1g egy r\u00e9sz\u00e9t, \u00e9s akkor ellen\u0151rz\u00f6m magamat, hogy j\u00f3l dolgoztam-e, hogy ezek a mondatok val\u00f3ban le\u00edrj\u00e1k-e ezt a val\u00f3s\u00e1got, hanem mondatokat eszk\u00e1b\u00e1lok, \u00e9s a mondataim val\u00f3s\u00e1g\u00e1t ellen\u0151rz\u00f6m azon, hogy megn\u00e9zem, van-e a vil\u00e1gban olyan v\u00e9sz, amely megfelel ennek a le\u00edr\u00e1snak. Ez egy m\u00e1s viszony, amely l\u00e9nyeg\u00e9ben azt \u00e1ll\u00edtja, hogy \u00e9n csak a nyelvet tekintem val\u00f3s\u00e1gnak, \u00e9s mindent nyelvnek tekintek. Vagy m\u00e9g ink\u00e1bb: az egyetlen dolog, amit komolyan veszek, az a nyelv.<\/p>\n<p>Miel\u0151tt m\u00e9g az esterh\u00e1zy-k\u00f6nyv befejezte volna a mondanival\u00f3j\u00e1t, egy feh\u00e9r lap v\u00e1ltoz\u00f3 ir\u00e1ny\u00fa, hint\u00e1z\u00f3 mozg\u00e1ssal egyre alacsonyabbra ereszkedett, \u00e9s amikor m\u00e1r el\u00e9rhet\u0151 t\u00e1vols\u00e1gban volt, a m\u0171v\u00e9szk\u00f6nyv \u00e9rte ny\u00falt. A pap\u00edr ekkor egyik sz\u00ednb\u0151l a m\u00e1sikba t\u0171nt \u00e1t, majd \u00fajra feh\u00e9r lett. Ekkor a m\u0171v\u00e9szk\u00f6nyv egy pap\u00edrhaj\u00f3t hajtogatott, a sz\u00f6vegtengerre rakta \u00e9s megsz\u00f3lalt:<\/p>\n<p>\u2013Hol volt, hol nem volt, volt egyszer egy sz\u00e1mol\u00f3 b\u0171v\u00e9sz. 1 \u00d7 1 volt a neve. Mikor sz\u00e1molt, akkor l\u00e1thatatlann\u00e1 v\u00e1lt. Hol volt, hol nem volt. Tov\u00e1bb ballagtak. Alig felfedezhet\u0151 mosoly volt az arcukon. \u00c9vek teltek el. A k\u00e9t k\u00f6nyv egyre t\u00e1volodott. A nap lassan a horizonthoz \u00e9rt, de miel\u0151tt m\u00e9g v\u00e9gleg elt\u0171nt volna, az id\u0151 egy pillanatra meg\u00e1llt, az esterh\u00e1zy- \u00e9s a m\u0171v\u00e9szk\u00f6nyv ut\u00e1n n\u00e9zett, majd \u00fajra ment tov\u00e1bb.<\/p>\n<p>\u00c9vtizedek, \u00e9vsz\u00e1zadok teltek el, de a nap nem j\u00f6tt fel t\u00f6bbet. S\u00f6t\u00e9ts\u00e9gbe mer\u00fclt minden \u00e9s csak a sz\u00f6vegtenger z\u00fag\u00e1sa hallatszott.[\/vc_column_text][vc_empty_space height=&#8221;20px&#8221;][\/vc_column][\/vc_row][vc_row row_type=&#8221;row&#8221; use_row_as_full_screen_section=&#8221;no&#8221; type=&#8221;grid&#8221; text_align=&#8221;left&#8221; background_image_as_pattern=&#8221;without_pattern&#8221;][vc_column width=&#8221;1\/1&#8243;][vc_empty_space height=&#8221;32px&#8221;][vc_empty_space height=&#8221;45px&#8221;][\/vc_column][\/vc_row]<\/p>\n<\/div>","protected":false},"excerpt":{"rendered":"<p>[vc_row row_type=&#8221;row&#8221; use_row_as_full_screen_section=&#8221;no&#8221; type=&#8221;grid&#8221; text_align=&#8221;left&#8221; background_image_as_pattern=&#8221;without_pattern&#8221;][vc_column width=&#8221;1\/1&#8243;][vc_empty_space height=&#8221;40px&#8221;][vc_column_text] HEGED\u0170S 2 L\u00c1SZL\u00d3 H2 | 1OOARTBOOKS [\/vc_column_text][vc_empty_space&#8230;<\/p>\n","protected":false},"author":1,"featured_media":0,"parent":9226,"menu_order":2,"comment_status":"open","ping_status":"open","template":"full_width.php","meta":{"inline_featured_image":false,"loftloader_pro_show_once":"","loftloader_pro_page_shortcode":"","footnotes":""},"class_list":["post-9232","page","type-page","status-publish","hentry"],"_links":{"self":[{"href":"https:\/\/budapestgaleria.hu\/_\/wp-json\/wp\/v2\/pages\/9232","targetHints":{"allow":["GET"]}}],"collection":[{"href":"https:\/\/budapestgaleria.hu\/_\/wp-json\/wp\/v2\/pages"}],"about":[{"href":"https:\/\/budapestgaleria.hu\/_\/wp-json\/wp\/v2\/types\/page"}],"author":[{"embeddable":true,"href":"https:\/\/budapestgaleria.hu\/_\/wp-json\/wp\/v2\/users\/1"}],"replies":[{"embeddable":true,"href":"https:\/\/budapestgaleria.hu\/_\/wp-json\/wp\/v2\/comments?post=9232"}],"version-history":[{"count":0,"href":"https:\/\/budapestgaleria.hu\/_\/wp-json\/wp\/v2\/pages\/9232\/revisions"}],"up":[{"embeddable":true,"href":"https:\/\/budapestgaleria.hu\/_\/wp-json\/wp\/v2\/pages\/9226"}],"wp:attachment":[{"href":"https:\/\/budapestgaleria.hu\/_\/wp-json\/wp\/v2\/media?parent=9232"}],"curies":[{"name":"wp","href":"https:\/\/api.w.org\/{rel}","templated":true}]}}