{"id":9239,"date":"2015-02-02T13:22:46","date_gmt":"2015-02-02T13:22:46","guid":{"rendered":"http:\/\/budapestgaleria.hu\/_\/?page_id=9239"},"modified":"2015-03-09T18:21:48","modified_gmt":"2015-03-09T18:21:48","slug":"b-h-concept-bohar-andras-1961-2006-emlekkiallitasa","status":"publish","type":"page","link":"https:\/\/budapestgaleria.hu\/_\/kiallitasok-2008-budapest-galeria\/b-h-concept-bohar-andras-1961-2006-emlekkiallitasa\/","title":{"rendered":"B.H. concept | Boh\u00e1r Andr\u00e1s (1961\u20132006) eml\u00e9kki\u00e1ll\u00edt\u00e1sa"},"content":{"rendered":"<div class=\"wpb-content-wrapper\"><p>[vc_row row_type=&#8221;row&#8221; use_row_as_full_screen_section=&#8221;no&#8221; type=&#8221;grid&#8221; text_align=&#8221;left&#8221; background_image_as_pattern=&#8221;without_pattern&#8221;][vc_column width=&#8221;1\/1&#8243;][vc_empty_space height=&#8221;40px&#8221;][vc_column_text]<\/p>\n<h2 class=\"cim_1\">B.H. concept | Boh\u00e1r Andr\u00e1s (1961\u20132006) eml\u00e9kki\u00e1ll\u00edt\u00e1sa<\/h2>\n<p>[\/vc_column_text][vc_empty_space height=&#8221;32px&#8221;][\/vc_column][\/vc_row][vc_row bgparallax=&#8221;parallax&#8221; contentwidth=&#8221;container&#8221; toppadding=&#8221;40&#8243; bottompadding=&#8221;10&#8243; border=&#8221;on&#8221; css=&#8221;.vc_custom_1420648296958{background-color: #ffffff !important;}&#8221; row_type=&#8221;row&#8221; use_row_as_full_screen_section=&#8221;no&#8221; type=&#8221;grid&#8221; text_align=&#8221;left&#8221; background_image_as_pattern=&#8221;without_pattern&#8221;][vc_column width=&#8221;1\/3&#8243; css=&#8221;.vc_custom_1420649554591{padding-right: 25px !important;}&#8221;][vc_column_text]<\/p>\n<p class=\"hely_bpgal\">Budapest Gal\u00e9ria<\/p>\n<p class=\"cim_bpgal\">1036 Budapest, Lajos utca 158.<\/p>\n<p class=\"datum_bpgal\">2008. febru\u00e1r 21 \u2013 m\u00e1rcius 30.<\/p>\n<p>[\/vc_column_text][vc_column_text]<\/p>\n<p class=\"kiemeles_bpgal\">Megnyit\u00f3:<\/p>\n<p class=\"kurrens_bpgal\">2008. febru\u00e1r 21.<\/p>\n<p>[\/vc_column_text][vc_empty_space height=&#8221;32px&#8221;][\/vc_column][vc_column width=&#8221;2\/3&#8243;][vc_column_text]Boh\u00e1r Andr\u00e1s filoz\u00f3fus, eszt\u00e9ta, kritikus, k\u00e9pz\u0151m\u0171v\u00e9sz 1961-ben sz\u00fcletett Budapesten, 1982-ben a Budapesti Tan\u00edt\u00f3k\u00e9pz\u0151 F\u0151iskol\u00e1n, 1982-ben az ELTE BTK filoz\u00f3fia szak\u00e1n szerzett diplom\u00e1t. 1996 \u00e9s 2003 k\u00f6z\u00f6tt a JPTE, 2003-t\u00f3l a Kaposv\u00e1ri Egyetem oktat\u00f3ja volt. Kutat\u00e1si ter\u00fclete a kult\u00farak\u00f6zvet\u00edt\u00e9s filoz\u00f3fiai, antropol\u00f3giai, etikai \u00e9s eszt\u00e9tikai dimenzi\u00f3i, az aktu\u00e1lis avantg\u00e1rd (vizu\u00e1lis \u00e9s k\u00eds\u00e9rleti k\u00f6lt\u00e9szeti, elektrogr\u00e1fiai) hermeneutikai recepci\u00f3ja volt. 1994 \u00f3ta a Magyar \u00cdr\u00f3sz\u00f6vets\u00e9g Kritikai Szakoszt\u00e1ly\u00e1nak tagja. Sz\u00f6vets\u00e9g\u00fcnk\u00f6n k\u00edv\u00fcl a Magyar Filoz\u00f3fiai T\u00e1rsas\u00e1gnak, a Szent Istv\u00e1n T\u00e1rsulatnak, a Magyar Alkot\u00f3m\u0171v\u00e9szet Orsz\u00e1gos Egyes\u00fclet\u00e9nek, valamint a Magyar M\u0171hely alkot\u00f3k\u00f6r\u00e9nek is tagja volt.<\/p>\n<p>A Magyar Elektrogr\u00e1fiai T\u00e1rsas\u00e1gnak 2001 \u00f3ta alap\u00edt\u00f3 \u00e9s vezet\u0151s\u00e9gi tagja, akt\u00edv alkot\u00f3ja.<\/p>\n<p>A Matric\u00e1k rendezv\u00e9ny egyik n\u00e9vad\u00f3ja \u00e9s filoz\u00f3fiai koncepci\u00f3j\u00e1nak megteremt\u0151je volt.<\/p>\n<p>Boh\u00e1r Andr\u00e1s eszt\u00e9ta, filoz\u00f3fus, vizu\u00e1lis m\u0171v\u00e9sz, akit a nyitott kult\u00fara probl\u00e9m\u00e1i foglalkoztatt\u00e1k: Heidegger l\u00e9telm\u00e9let\u00e9nek, Gadamer hermeneutik\u00e1j\u00e1nak \u00e9s Habermas diskurzus-etik\u00e1j\u00e1nak \u00f6sszehangol\u00e1s\u00e1ra t\u00f6rekedett.<\/p>\n<p>A magyar aktu\u00e1lis avantg\u00e1rd elm\u00e9let\u00e9nek egyik meghat\u00e1roz\u00f3 szem\u00e9lyis\u00e9ge.<br \/>\nTer\u00fclete: kort\u00e1rs irodalom, k\u00e9pz\u0151m\u0171v\u00e9szet vizu\u00e1lis k\u00f6lt\u00e9szet, elektrogr\u00e1fia<\/p>\n<p>1993\u20131995 K\u00e1llai Ern\u0151-, 1996-ban M\u00f3ricz Zsigmond-, 1996\u20131999 Soros-, 2001-ben Bihari Ott\u00f3-, 2002\u20132005 k\u00f6z\u00f6tt Bolyai J\u00e1nos \u00f6szt\u00f6nd\u00edjas volt. 2001-ben Ph.D fokozatot szerzett, 2004-ben habilit\u00e1lt.<\/p>\n<p>45 \u00e9ves kor\u00e1ban 2006. febru\u00e1r 24-\u00e9n v\u00e1ratlanul elhunyt<\/p>\n<p><strong>F\u0151bb m\u0171vei: <\/strong>Antropol\u00f3giai \u00e9s etikai v\u00e1zlatok (1993), Pl\u00f3tinosz \u00e1lma (1990), Filoz\u00f3fiai n.\u00e9.z.\u0151.p.o.n.t.o.k. (2002), Aktu\u00e1lis avantg\u00e1rd: M. M. (2002), Papp Tibor (2002), Nyitott kult\u00fara fel\u00e9 (2003)[\/vc_column_text][vc_empty_space height=&#8221;20px&#8221;][\/vc_column][\/vc_row][vc_row row_type=&#8221;row&#8221; use_row_as_full_screen_section=&#8221;no&#8221; type=&#8221;grid&#8221; text_align=&#8221;left&#8221; background_image_as_pattern=&#8221;without_pattern&#8221;][vc_column width=&#8221;1\/1&#8243;][vc_empty_space height=&#8221;32px&#8221;][vc_empty_space height=&#8221;45px&#8221;][\/vc_column][\/vc_row]<\/p>\n<\/div>","protected":false},"excerpt":{"rendered":"<p>[vc_row row_type=&#8221;row&#8221; use_row_as_full_screen_section=&#8221;no&#8221; type=&#8221;grid&#8221; text_align=&#8221;left&#8221; background_image_as_pattern=&#8221;without_pattern&#8221;][vc_column width=&#8221;1\/1&#8243;][vc_empty_space height=&#8221;40px&#8221;][vc_column_text] B.H. concept | Boh\u00e1r Andr\u00e1s (1961\u20132006) eml\u00e9kki\u00e1ll\u00edt\u00e1sa&#8230;<\/p>\n","protected":false},"author":1,"featured_media":0,"parent":9226,"menu_order":4,"comment_status":"open","ping_status":"open","template":"full_width.php","meta":{"inline_featured_image":false,"loftloader_pro_show_once":"","loftloader_pro_page_shortcode":"","footnotes":""},"class_list":["post-9239","page","type-page","status-publish","hentry"],"_links":{"self":[{"href":"https:\/\/budapestgaleria.hu\/_\/wp-json\/wp\/v2\/pages\/9239","targetHints":{"allow":["GET"]}}],"collection":[{"href":"https:\/\/budapestgaleria.hu\/_\/wp-json\/wp\/v2\/pages"}],"about":[{"href":"https:\/\/budapestgaleria.hu\/_\/wp-json\/wp\/v2\/types\/page"}],"author":[{"embeddable":true,"href":"https:\/\/budapestgaleria.hu\/_\/wp-json\/wp\/v2\/users\/1"}],"replies":[{"embeddable":true,"href":"https:\/\/budapestgaleria.hu\/_\/wp-json\/wp\/v2\/comments?post=9239"}],"version-history":[{"count":0,"href":"https:\/\/budapestgaleria.hu\/_\/wp-json\/wp\/v2\/pages\/9239\/revisions"}],"up":[{"embeddable":true,"href":"https:\/\/budapestgaleria.hu\/_\/wp-json\/wp\/v2\/pages\/9226"}],"wp:attachment":[{"href":"https:\/\/budapestgaleria.hu\/_\/wp-json\/wp\/v2\/media?parent=9239"}],"curies":[{"name":"wp","href":"https:\/\/api.w.org\/{rel}","templated":true}]}}