{"id":9244,"date":"2015-02-02T13:35:03","date_gmt":"2015-02-02T13:35:03","guid":{"rendered":"http:\/\/budapestgaleria.hu\/_\/?page_id=9244"},"modified":"2015-02-02T13:35:54","modified_gmt":"2015-02-02T13:35:54","slug":"turcsanyi-antal-festomuvesz-kiallitasa","status":"publish","type":"page","link":"https:\/\/budapestgaleria.hu\/_\/kiallitasok-2008-budapest-galeria\/turcsanyi-antal-festomuvesz-kiallitasa\/","title":{"rendered":"Turcs\u00e1nyi Antal fest\u0151m\u0171v\u00e9sz  ki\u00e1ll\u00edt\u00e1sa"},"content":{"rendered":"<div class=\"wpb-content-wrapper\"><p>[vc_row row_type=&#8221;row&#8221; use_row_as_full_screen_section=&#8221;no&#8221; type=&#8221;grid&#8221; text_align=&#8221;left&#8221; background_image_as_pattern=&#8221;without_pattern&#8221;][vc_column width=&#8221;1\/1&#8243;][vc_empty_space height=&#8221;40px&#8221;][vc_column_text]<\/p>\n<h2 class=\"cim_1\">Turcs\u00e1nyi Antal fest\u0151m\u0171v\u00e9sz ki\u00e1ll\u00edt\u00e1sa<\/h2>\n<p>[\/vc_column_text][vc_empty_space height=&#8221;32px&#8221;][\/vc_column][\/vc_row][vc_row bgparallax=&#8221;parallax&#8221; contentwidth=&#8221;container&#8221; toppadding=&#8221;40&#8243; bottompadding=&#8221;10&#8243; border=&#8221;on&#8221; css=&#8221;.vc_custom_1420648296958{background-color: #ffffff !important;}&#8221; row_type=&#8221;row&#8221; use_row_as_full_screen_section=&#8221;no&#8221; type=&#8221;grid&#8221; text_align=&#8221;left&#8221; background_image_as_pattern=&#8221;without_pattern&#8221;][vc_column width=&#8221;1\/3&#8243; css=&#8221;.vc_custom_1420649554591{padding-right: 25px !important;}&#8221;][vc_column_text]<\/p>\n<p class=\"hely_bpgal\">Budapest Gal\u00e9ria<\/p>\n<p class=\"cim_bpgal\">1036 Budapest, Lajos utca 158.<\/p>\n<p class=\"datum_bpgal\">2008. m\u00e1rcius 19 \u2013 \u00e1prilis 20.<\/p>\n<p>[\/vc_column_text][vc_column_text]<\/p>\n<p class=\"kiemeles_bpgal\">Megnyit\u00f3:<\/p>\n<p class=\"kurrens_bpgal\">2008. m\u00e1rcius 19. (szerda), 17:00<\/p>\n<p class=\"kiemeles_bpgal\">Megnyitotta:<\/p>\n<p class=\"kurrens_bpgal\">S. NAGY KATALIN, m\u0171v\u00e9szett\u00f6rt\u00e9n\u00e9sz<\/p>\n<p>[\/vc_column_text][vc_empty_space height=&#8221;32px&#8221;][\/vc_column][vc_column width=&#8221;2\/3&#8243;][vc_column_text]\u201eTurcs\u00e1nyi Antal m\u0171v\u00e9szete els\u0151 \u00edzben 1990-ben ker\u00fclt a szakmai \u00e9rdekl\u0151d\u00e9s el\u0151ter\u00e9be, amikor Lajos utcai(Budapest Gal\u00e9ria Ki\u00e1ll\u00edt\u00f3h\u00e1za) ki\u00e1ll\u00edt\u00e1s\u00e1t N\u00e9meth Lajos, a m\u0171v\u00e9szett\u00f6rt\u00e9net professzora, a K\u00e9pz\u0151- \u00e9s Iparm\u0171v\u00e9sz Sz\u00f6vets\u00e9g akkori eln\u00f6ke nyitotta meg, \u00e9s felfedez\u00e9sk\u00e9nt, magasra \u00e9rt\u00e9kelve elemezte munk\u00e1ss\u00e1g\u00e1t. Turcs\u00e1nyi ekkor \u00bbteljes v\u00e9rtezetben\u00ab l\u00e9pett a magyar fest\u00e9szet sz\u00ednpad\u00e1ra, kiform\u00e1lt, tiszta besz\u00e9d\u0171 fest\u00e9szeti nyelvvel, egys\u00e9ges szeml\u00e9let\u0171 munk\u00e1kkal.\u201d<\/p>\n<p>\u201eFontos \u00e1llom\u00e1s volt Turcs\u00e1nyi p\u00e1ly\u00e1j\u00e1n a Vigad\u00f3 Gal\u00e9ria-beli ki\u00e1ll\u00edt\u00e1sa 2001-ben, pontosabban az Underground c\u00edm\u0171 monument\u00e1lis m\u0171ve, amit kifejezetten erre az alkalomra \u00e9s ki\u00e1ll\u00edt\u00f3helyre festett. A kilenc r\u00e9szb\u0151l \u00e1ll\u00f3, 18 m\u00e9teres festm\u00e9nyen kor\u00e1bbi munk\u00e1inak expressz\u00edv formahalmoz\u00e1s\u00e1t, a k\u00e9pelemek zs\u00fafolt ny\u00fczsg\u00e9s\u00e9t t\u00e1gas nyugalom, higgadt, kiegyens\u00falyozott kompoz\u00edci\u00f3 v\u00e1ltotta fel. A term\u00e9szeti \u00e9s term\u00e9szetire utal\u00f3 organikus jelleg\u0171 k\u00e9pelemek k\u00f6z\u00e9 geometrikus form\u00e1k vegy\u00fcltek; saj\u00e1tos m\u00f3don gazdag\u00edtva az \u00bb\u00e1br\u00e1zol\u00f3\u00ab mot\u00edvumok k\u00f6r\u00e9t. Saj\u00e1tos a m\u00f3d: hiszen \u00e1br\u00e1zolt ugyan, de elvont form\u00e1t, geometrikus testet. Nem t\u00f6rt\u00e9nt m\u00e1s, mint hogy a m\u0171b\u0151l kor\u00e1bban csak itt-ott kivillan\u00f3 puszt\u00e1n a k\u00e9pi \u00f6sszef\u00fcgg\u00e9sben \u00e9rtelmes, semleges fel\u00fcletek konkr\u00e9t m\u00e9rtani form\u00e1kk\u00e1 \u00e9s testekk\u00e9, olykor \u00e9p\u00edt\u00e9szeti fragmentumokk\u00e1 t\u00e1gultak. A k\u00e9t elt\u00e9r\u0151 mot\u00edvumvil\u00e1g v\u00e1ltozatosan hull\u00e1mz\u00f3 formarendje harmonikus eg\u00e9szben egyes\u00fclt a kompoz\u00edci\u00f3ban, m\u00e9gis valamely lefojtott fesz\u00fclts\u00e9get sugallt. A m\u0171 a kor\u00e1bbi \u00e9vekben kavarg\u00f3 \u00e9s nyugtalan tudattalan kiegyens\u00falyozottabb k\u00e9p\u00e9t t\u00fckr\u00f6zte egy elvonatkoztatott \u00bbbens\u0151 \u00f6narck\u00e9p\u00ab form\u00e1j\u00e1ban.\u201d<\/p>\n<p>\u201eMintha egy \u00faj formalelt\u00e1r k\u00e9sz\u00fclne, \u00faj t\u00edpus\u00fa form\u00e1k \u00e9s megold\u00e1sok sz\u00e1mbav\u00e9tele egy \u00faj, m\u00e1sf\u00e9le k\u00e9pt\u00edpus el\u0151k\u00e9sz\u00edt\u00e9sek\u00e9nt. Mintha az eddig ismert szoros kompoz\u00edci\u00f3s rendb\u0151l, a form\u00e1k s\u0171r\u0171, \u00f6sszeszorul\u00f3 rendj\u00e9b\u0151l kiszabaduln\u00e1nak, \u00f6n\u00e1ll\u00f3 l\u00e9tre keln\u00e9nek a form\u00e1k, m\u00e9ghozz\u00e1 a nem \u00e1br\u00e1zol\u00f3 t\u00edpus\u00faak, \u00e9s kivetn\u00e9k maguk k\u00f6z\u00fcl a r\u00e9gieket, a sz\u00f6rnyekre, testdarabokra, m\u00e1s, felismerhet\u0151 r\u00e9szletekre eml\u00e9keztet\u0151ket. Megint m\u00e1s form\u00e1k a szem\u00fcnk el\u0151tt sz\u00fcletnek a fest\u0151i kavarg\u00e1sb\u00f3l, s nyernek konkr\u00e9t, nonfigurat\u00edv form\u00e1t. A paletta is meg\u00fajul: sz\u00e9lesebb sk\u00e1l\u00e1j\u00fa, vil\u00e1gosabb t\u00f3nus\u00fa \u00e9s sz\u00ednvil\u00e1g\u00fa, mint kor\u00e1bban.\u201d<\/p>\n<p class=\"forras\">R\u00e9szletek Kov\u00e1ts Albertnek Turcs\u00e1nyi Antal <em>\u00c9lm\u00e9nyek, k\u00e9pzetek, k\u00e9pek<\/em> c\u00edm\u0171 ki\u00e1ll\u00edt\u00e1s\u00e1n,<br \/>\n2007. november 23-\u00e1n, a szigetszentmikl\u00f3si V\u00e1rosi Gal\u00e9ri\u00e1ban elhangzott megnyit\u00f3besz\u00e9d\u00e9b\u0151l<\/p>\n<p>[\/vc_column_text][vc_empty_space height=&#8221;20px&#8221;][\/vc_column][\/vc_row][vc_row row_type=&#8221;row&#8221; use_row_as_full_screen_section=&#8221;no&#8221; type=&#8221;grid&#8221; text_align=&#8221;left&#8221; background_image_as_pattern=&#8221;without_pattern&#8221;][vc_column width=&#8221;1\/1&#8243;][vc_empty_space height=&#8221;32px&#8221;][vc_empty_space height=&#8221;45px&#8221;][\/vc_column][\/vc_row]<\/p>\n<\/div>","protected":false},"excerpt":{"rendered":"<p>[vc_row row_type=&#8221;row&#8221; use_row_as_full_screen_section=&#8221;no&#8221; type=&#8221;grid&#8221; text_align=&#8221;left&#8221; background_image_as_pattern=&#8221;without_pattern&#8221;][vc_column width=&#8221;1\/1&#8243;][vc_empty_space height=&#8221;40px&#8221;][vc_column_text] Turcs\u00e1nyi Antal fest\u0151m\u0171v\u00e9sz ki\u00e1ll\u00edt\u00e1sa [\/vc_column_text][vc_empty_space height=&#8221;32px&#8221;][\/vc_column][\/vc_row][vc_row bgparallax=&#8221;parallax&#8221;&#8230;<\/p>\n","protected":false},"author":1,"featured_media":0,"parent":9226,"menu_order":6,"comment_status":"open","ping_status":"open","template":"full_width.php","meta":{"inline_featured_image":false,"loftloader_pro_show_once":"","loftloader_pro_page_shortcode":"","footnotes":""},"class_list":["post-9244","page","type-page","status-publish","hentry"],"_links":{"self":[{"href":"https:\/\/budapestgaleria.hu\/_\/wp-json\/wp\/v2\/pages\/9244","targetHints":{"allow":["GET"]}}],"collection":[{"href":"https:\/\/budapestgaleria.hu\/_\/wp-json\/wp\/v2\/pages"}],"about":[{"href":"https:\/\/budapestgaleria.hu\/_\/wp-json\/wp\/v2\/types\/page"}],"author":[{"embeddable":true,"href":"https:\/\/budapestgaleria.hu\/_\/wp-json\/wp\/v2\/users\/1"}],"replies":[{"embeddable":true,"href":"https:\/\/budapestgaleria.hu\/_\/wp-json\/wp\/v2\/comments?post=9244"}],"version-history":[{"count":0,"href":"https:\/\/budapestgaleria.hu\/_\/wp-json\/wp\/v2\/pages\/9244\/revisions"}],"up":[{"embeddable":true,"href":"https:\/\/budapestgaleria.hu\/_\/wp-json\/wp\/v2\/pages\/9226"}],"wp:attachment":[{"href":"https:\/\/budapestgaleria.hu\/_\/wp-json\/wp\/v2\/media?parent=9244"}],"curies":[{"name":"wp","href":"https:\/\/api.w.org\/{rel}","templated":true}]}}