{"id":9247,"date":"2015-02-02T13:42:02","date_gmt":"2015-02-02T13:42:02","guid":{"rendered":"http:\/\/budapestgaleria.hu\/_\/?page_id=9247"},"modified":"2025-06-12T00:59:03","modified_gmt":"2025-06-11T22:59:03","slug":"lakas-a-varosban-mai-lakoepuletek-helsinkiben-es-kornyeken-finn-kortars-epiteszet","status":"publish","type":"page","link":"https:\/\/budapestgaleria.hu\/_\/kiallitasok-2008-budapest-galeria\/lakas-a-varosban-mai-lakoepuletek-helsinkiben-es-kornyeken-finn-kortars-epiteszet\/","title":{"rendered":"Lak\u00e1s a v\u00e1rosban &#8211; Mai lak\u00f3\u00e9p\u00fcletek Helsinkiben \u00e9s k\u00f6rny\u00e9k\u00e9n. Finn kort\u00e1rs \u00e9p\u00edt\u00e9szet"},"content":{"rendered":"<div class=\"wpb-content-wrapper\"><p>[vc_row css_animation=&#8221;&#8221; row_type=&#8221;row&#8221; use_row_as_full_screen_section=&#8221;no&#8221; type=&#8221;grid&#8221; angled_section=&#8221;no&#8221; text_align=&#8221;left&#8221; background_image_as_pattern=&#8221;without_pattern&#8221;][vc_column][vc_empty_space height=&#8221;40px&#8221;][vc_column_text]<\/p>\n<h2 class=\"cim_1\">Lak\u00e1s a v\u00e1rosban &#8211; Mai lak\u00f3\u00e9p\u00fcletek Helsinkiben \u00e9s k\u00f6rny\u00e9k\u00e9n. Finn kort\u00e1rs \u00e9p\u00edt\u00e9szet<\/h2>\n<p>[\/vc_column_text][vc_empty_space][\/vc_column][\/vc_row][vc_row css_animation=&#8221;&#8221; row_type=&#8221;row&#8221; use_row_as_full_screen_section=&#8221;no&#8221; type=&#8221;grid&#8221; angled_section=&#8221;no&#8221; text_align=&#8221;left&#8221; background_image_as_pattern=&#8221;without_pattern&#8221; bgparallax=&#8221;parallax&#8221; contentwidth=&#8221;container&#8221; toppadding=&#8221;40&#8243; bottompadding=&#8221;10&#8243; border=&#8221;on&#8221; css=&#8221;.vc_custom_1420648296958{background-color: #ffffff !important;}&#8221;][vc_column width=&#8221;1\/3&#8243; css=&#8221;.vc_custom_1420649554591{padding-right: 25px !important;}&#8221;][vc_column_text]<\/p>\n<p class=\"hely_bpgal\">Budapest Gal\u00e9ria<\/p>\n<p class=\"cim_bpgal\">1036 Budapest, Lajos utca 158.<\/p>\n<p class=\"datum_bpgal\">2008. \u00e1prilis 24 \u2013 m\u00e1jus 25.<\/p>\n<p>[\/vc_column_text][vc_column_text]<\/p>\n<p class=\"kiemeles_bpgal\">Megnyit\u00f3:<\/p>\n<p class=\"kurrens_bpgal\">2008. \u00e1prilis 24. (cs\u00fct\u00f6rt\u00f6k), 17:00<\/p>\n<p class=\"kiemeles_bpgal\">Megnyitotta:<\/p>\n<p class=\"kurrens_bpgal\">JARI VIL\u00c9N, Finnorsz\u00e1g magyarorsz\u00e1gi nagyk\u00f6vete<br \/>\nROY M\u00c4NTT\u00c4RI, a Finn \u00c9p\u00edt\u00e9szeti M\u00fazeum ki\u00e1ll\u00edt\u00e1si oszt\u00e1ly vezet\u0151je<br \/>\nFF\u00d6LDES L\u00c1SZL\u00d3, \u00e9p\u00edt\u00e9sz<\/p>\n<p class=\"kiemeles_bpgal\">Kur\u00e1tor:<\/p>\n<p class=\"kurrens_bpgal\">SULYOK MIKL\u00d3S, m\u0171v\u00e9szett\u00f6rt\u00e9n\u00e9sz<\/p>\n<p>[\/vc_column_text][vc_empty_space][\/vc_column][vc_column width=&#8221;2\/3&#8243;][vc_column_text]A Budapest Gal\u00e9ria, a Finn Nagyk\u00f6vets\u00e9g \u00e9s a Finnagora szervez\u00e9s\u00e9ben l\u00e9trej\u00f6tt Lak\u00e1s a v\u00e1rosban c. ki\u00e1ll\u00edt\u00e1s \u00e9s a hozz\u00e1 kapcsol\u00f3d\u00f3 szemin\u00e1rium Helsinki \u00e9s k\u00f6rny\u00e9ke nemr\u00e9giben elk\u00e9sz\u00fclt lak\u00f3\u00e9p\u00fcleteit mutatja be. A ki\u00e1ll\u00edt\u00e1s a lak\u00f3negyedekt\u0151l csal\u00e1di h\u00e1zakig terjed\u0151 tervez\u00e9si folyamatok k\u00fcl\u00f6nb\u00f6z\u0151 vari\u00e1ci\u00f3it mutatja be, a lak\u00f3h\u00e1zak \u00e9p\u00edt\u00e9szet\u00e9nek lehet\u0151s\u00e9geit, sz\u00e9lesk\u00f6r\u0171, egyes esetekben konfliktusokkal terhelt kih\u00edv\u00e1sait \u00e9s megold\u00e1sait.<\/p>\n<p>A v\u00e1rosi k\u00f6rnyezet egyszerre h\u00e1l\u00e1s \u00e9s neh\u00e9z terep az \u00e9p\u00edt\u00e9sz sz\u00e1m\u00e1ra. A v\u00e1ros legf\u0151bb tulajdons\u00e1ga a s\u0171r\u0171s\u00e9g. A s\u0171r\u0171n lakott telep\u00fcl\u00e9s hat\u00e9konys\u00e1got ny\u00fajt, ami a k\u00f6lts\u00e9gek megtakar\u00edt\u00e1s\u00e1hoz vezet. M\u00e1sfel\u0151l azonban a k\u00fcl\u00f6nb\u00f6z\u0151 tev\u00e9kenys\u00e9gek egyidej\u0171s\u00e9ge toleranci\u00e1t k\u00f6vetel a v\u00e1roslak\u00f3kt\u00f3l. A kett\u0151 rugalmass\u00e1got k\u00f6vetel\u0151 hat\u00e1rmezsgy\u00e9je adja a v\u00e1rosi l\u00e9t \u00e9l\u00e9nks\u00e9g\u00e9t \u00e9s vonz\u00e1s\u00e1t.<\/p>\n<p>A finn \u00e9p\u00fclet\u00e1llom\u00e1ny 70 sz\u00e1zal\u00e9ka a m\u00e1sodik vil\u00e1gh\u00e1bor\u00fa ut\u00e1n k\u00e9sz\u00fclt \u00e9s mostan\u00e1ban a lakoss\u00e1gnak kb. 80 sz\u00e1zal\u00e9ka \u00e9l be\u00e9p\u00edtett ter\u00fcleten. A v\u00e1rosi lak\u00f3k\u00f6rnyezet teh\u00e1t egyre nyilv\u00e1nosabb\u00e1, a v\u00e1roslak\u00f3k pedig a kor\u00e1bbin\u00e1l sokkal alkalmazkod\u00f3bb\u00e1 v\u00e1lnak. Ehhez a t\u00e9mak\u00f6rh\u00f6z kapcsol\u00f3dik a Finn \u00c9p\u00edt\u00e9szeti M\u00fazeum ki\u00e1ll\u00edt\u00e1sa, mely 21 konkr\u00e9t megold\u00e1st mutat be az emeletes \u00f6koh\u00e1zt\u00f3l a fogh\u00edjbe\u00e9p\u00edt\u00e9sen kereszt\u00fcl a t\u00edpush\u00e1zig &#8211; a legh\u00edresebb kort\u00e1rs finn \u00e9p\u00edt\u00e9szek (tk. Magyarorsz\u00e1gon is elismert Tuomo Siitonen, Markku Komonen, Juhani Pallasmaa) elgondol\u00e1sai szerint. A ki\u00e1ll\u00edt\u00e1s \u00e9s a helysz\u00ednen megv\u00e1s\u00e1rolhat\u00f3 katal\u00f3gus r\u00e9szletes k\u00e9panyaggal, alaprajzokkal illusztr\u00e1lja a megold\u00e1sokat.<\/p>\n<p>A ki\u00e1ll\u00edt\u00e1s alkalm\u00e1b\u00f3l a megnyit\u00f3 napj\u00e1n \u00e1prilis 24-\u00e9n a Finnagora, a finn kultur\u00e1lis tudom\u00e1nyos \u00e9s gazdas\u00e1gi k\u00f6zpont szemin\u00e1riumot szervez a t\u00e9m\u00e1ban, finn \u00e9s magyar szakemberek r\u00e9szv\u00e9tel\u00e9vel. A ki\u00e1ll\u00edt\u00e1son is bemutat\u00e1sra ker\u00fcl\u0151 \u00e9p\u00fcletek tervez\u0151i k\u00f6z\u00fcl Hennu Kjisik \u00e9s Kimmo Friman el\u0151ad\u00e1sait hallhatjuk majd a szemin\u00e1riumon. Magyar r\u00e9szr\u0151l pedig Hajnal Zsolt \u00e9s Alf\u00f6ldi Gy\u00f6rgy mondja el v\u00e9lem\u00e9ny\u00e9t a v\u00e1rosi \u00e9p\u00edt\u00e9szetr\u0151l az \u00e9rdekl\u0151d\u0151knek a Finnagor\u00e1ban (VI., D\u00f3zsa Gy\u00f6rgy \u00fat 84\/a).<\/p>\n<p>A Finn \u00c9p\u00edt\u00e9szeti M\u00fazeum a ki\u00e1ll\u00edt\u00e1st City Home c\u00edmmel a 2006-os Velencei \u00c9p\u00edt\u00e9szeti Bienn\u00e1le Finn Pavilonja sz\u00e1m\u00e1ra k\u00e9szitette. A ki\u00e1ll\u00edt\u00e1s tervez\u0151i Roy M\u00e4ntt\u00e4ri \u00e9s Hannu Hellman.[\/vc_column_text][vc_empty_space height=&#8221;20px&#8221;][\/vc_column][\/vc_row][vc_row css_animation=&#8221;&#8221; row_type=&#8221;row&#8221; use_row_as_full_screen_section=&#8221;no&#8221; type=&#8221;grid&#8221; angled_section=&#8221;no&#8221; text_align=&#8221;left&#8221; background_image_as_pattern=&#8221;without_pattern&#8221;][vc_column][vc_empty_space][\/vc_column][\/vc_row]<\/p>\n<\/div>","protected":false},"excerpt":{"rendered":"<p>[vc_row css_animation=&#8221;&#8221; row_type=&#8221;row&#8221; use_row_as_full_screen_section=&#8221;no&#8221; type=&#8221;grid&#8221; angled_section=&#8221;no&#8221; text_align=&#8221;left&#8221; background_image_as_pattern=&#8221;without_pattern&#8221;][vc_column][vc_empty_space height=&#8221;40px&#8221;][vc_column_text] Lak\u00e1s a v\u00e1rosban &#8211; Mai lak\u00f3\u00e9p\u00fcletek&#8230;<\/p>\n","protected":false},"author":1,"featured_media":0,"parent":9226,"menu_order":7,"comment_status":"closed","ping_status":"closed","template":"full_width.php","meta":{"inline_featured_image":false,"loftloader_pro_show_once":"","loftloader_pro_page_shortcode":"","footnotes":""},"class_list":["post-9247","page","type-page","status-publish","hentry"],"_links":{"self":[{"href":"https:\/\/budapestgaleria.hu\/_\/wp-json\/wp\/v2\/pages\/9247","targetHints":{"allow":["GET"]}}],"collection":[{"href":"https:\/\/budapestgaleria.hu\/_\/wp-json\/wp\/v2\/pages"}],"about":[{"href":"https:\/\/budapestgaleria.hu\/_\/wp-json\/wp\/v2\/types\/page"}],"author":[{"embeddable":true,"href":"https:\/\/budapestgaleria.hu\/_\/wp-json\/wp\/v2\/users\/1"}],"replies":[{"embeddable":true,"href":"https:\/\/budapestgaleria.hu\/_\/wp-json\/wp\/v2\/comments?post=9247"}],"version-history":[{"count":0,"href":"https:\/\/budapestgaleria.hu\/_\/wp-json\/wp\/v2\/pages\/9247\/revisions"}],"up":[{"embeddable":true,"href":"https:\/\/budapestgaleria.hu\/_\/wp-json\/wp\/v2\/pages\/9226"}],"wp:attachment":[{"href":"https:\/\/budapestgaleria.hu\/_\/wp-json\/wp\/v2\/media?parent=9247"}],"curies":[{"name":"wp","href":"https:\/\/api.w.org\/{rel}","templated":true}]}}