{"id":9249,"date":"2015-02-02T13:47:58","date_gmt":"2015-02-02T13:47:58","guid":{"rendered":"http:\/\/budapestgaleria.hu\/_\/?page_id=9249"},"modified":"2015-02-02T13:48:35","modified_gmt":"2015-02-02T13:48:35","slug":"kecskemeti-sandor-kiallitasa","status":"publish","type":"page","link":"https:\/\/budapestgaleria.hu\/_\/kiallitasok-2008-budapest-galeria\/kecskemeti-sandor-kiallitasa\/","title":{"rendered":"Kecskem\u00e9ti S\u00e1ndor ki\u00e1ll\u00edt\u00e1sa"},"content":{"rendered":"<div class=\"wpb-content-wrapper\"><p>[vc_row row_type=&#8221;row&#8221; use_row_as_full_screen_section=&#8221;no&#8221; type=&#8221;grid&#8221; text_align=&#8221;left&#8221; background_image_as_pattern=&#8221;without_pattern&#8221;][vc_column width=&#8221;1\/1&#8243;][vc_empty_space height=&#8221;40px&#8221;][vc_column_text]<\/p>\n<h2 class=\"cim_1\">Kecskem\u00e9ti S\u00e1ndor ki\u00e1ll\u00edt\u00e1sa<\/h2>\n<p>[\/vc_column_text][vc_empty_space height=&#8221;32px&#8221;][\/vc_column][\/vc_row][vc_row bgparallax=&#8221;parallax&#8221; contentwidth=&#8221;container&#8221; toppadding=&#8221;40&#8243; bottompadding=&#8221;10&#8243; border=&#8221;on&#8221; css=&#8221;.vc_custom_1420648296958{background-color: #ffffff !important;}&#8221; row_type=&#8221;row&#8221; use_row_as_full_screen_section=&#8221;no&#8221; type=&#8221;grid&#8221; text_align=&#8221;left&#8221; background_image_as_pattern=&#8221;without_pattern&#8221;][vc_column width=&#8221;1\/3&#8243; css=&#8221;.vc_custom_1420649554591{padding-right: 25px !important;}&#8221;][vc_column_text]<\/p>\n<p class=\"hely_bpgal\">Budapest Gal\u00e9ria<\/p>\n<p class=\"cim_bpgal\">1036 Budapest, Lajos utca 158.<\/p>\n<p class=\"datum_bpgal\">2008. m\u00e1jus 29 \u2013 j\u00falius 13.<\/p>\n<p>[\/vc_column_text][vc_column_text]<\/p>\n<p class=\"kiemeles_bpgal\">Megnyit\u00f3:<\/p>\n<p class=\"kurrens_bpgal\">2008. m\u00e1jus 29., 17:00<\/p>\n<p class=\"kiemeles_bpgal\">Megnyitotta:<\/p>\n<p class=\"kurrens_bpgal\">KER\u00c9NYI J\u00d3ZSEF, \u00e9p\u00edt\u00e9sz<\/p>\n<p>[\/vc_column_text][vc_empty_space height=&#8221;32px&#8221;][\/vc_column][vc_column width=&#8221;2\/3&#8243;][vc_column_text]1982-ben volt itt ki\u00e1ll\u00edt\u00e1som a Budapest Gal\u00e9ri\u00e1ban, mintha tegnap lett volna\u2026 Akkori terveimet, \u00e1lmaimat visszaid\u00e9zve sok minden megval\u00f3sult bel\u0151l\u00fck, de a legt\u00f6bbj\u00fck gy\u00f6keresen megv\u00e1ltozott. Persze biztosan ilyen az \u00e9let. 1990 \u00f3ta N\u00e9metorsz\u00e1gban is \u00e9lek \u00e9s dolgozom, ami hat\u00e1ssal volt, s van gondolkod\u00e1somra, m\u0171v\u00e9szetemre. Nekem a szobr\u00e1szat olyan vizu\u00e1lis nyelv, amely testv\u00e9r\u00e9vel az \u00e9p\u00edt\u00e9szettel egy\u00fctt olyan k\u00e9rd\u00e9sekkel foglalkozik, mint a t\u00e9r, a logika, a rend, az ar\u00e1ny, a ritmus\u2026, aminek szellemis\u00e9g\u00e9t anyag\u00e1ban tal\u00e1lja meg. Az ut\u00f3bbi id\u0151ben legt\u00f6bbet gr\u00e1nittal dolgozom, mert szeretem f\u00e9rfias ellen\u00e1ll\u00e1s\u00e1t \u00e9s tiszta gondolatot ig\u00e9nyl\u0151 komolys\u00e1g\u00e1t, de keramikusi tev\u00e9kenys\u00e9gemet soha nem tagadom. Van m\u00e9g valami, ami gyermekkorom \u00f3ta vonzott, \u00e9s az a zene. 60 \u00e9vesen \u201eh\u00e1lyogkov\u00e1csol\u00e1sk\u00e9nt\u201d meg\u00e9lhettem, hogy szobraim hangjaib\u00f3l Barab\u00e1s Zolt\u00e1n zeneszerz\u00f6 bar\u00e1tom m\u0171veket kompon\u00e1lt. Erre a ki\u00e1ll\u00edt\u00e1sra olyan munk\u00e1kat hoztam, melyek az utols\u00f3 p\u00e1r \u00e9vben k\u00e9sz\u00fcltek. Szobraimnak z\u00f6m\u00e9ben nem adok c\u00edmet \u2013 \u201esemmit nem ut\u00e1noz, semmit nem illusztr\u00e1l, \u00e9s nem mes\u00e9l el t\u00f6rt\u00e9netet.\u201d (James Ferguson)<\/p>\n<p class=\"szerzo\">KES<\/p>\n<p>[\/vc_column_text][vc_empty_space height=&#8221;20px&#8221;][\/vc_column][\/vc_row][vc_row row_type=&#8221;row&#8221; use_row_as_full_screen_section=&#8221;no&#8221; type=&#8221;grid&#8221; text_align=&#8221;left&#8221; background_image_as_pattern=&#8221;without_pattern&#8221;][vc_column width=&#8221;1\/1&#8243;][vc_empty_space height=&#8221;32px&#8221;][vc_empty_space height=&#8221;45px&#8221;][\/vc_column][\/vc_row]<\/p>\n<\/div>","protected":false},"excerpt":{"rendered":"<p>[vc_row row_type=&#8221;row&#8221; use_row_as_full_screen_section=&#8221;no&#8221; type=&#8221;grid&#8221; text_align=&#8221;left&#8221; background_image_as_pattern=&#8221;without_pattern&#8221;][vc_column width=&#8221;1\/1&#8243;][vc_empty_space height=&#8221;40px&#8221;][vc_column_text] Kecskem\u00e9ti S\u00e1ndor ki\u00e1ll\u00edt\u00e1sa [\/vc_column_text][vc_empty_space height=&#8221;32px&#8221;][\/vc_column][\/vc_row][vc_row bgparallax=&#8221;parallax&#8221; contentwidth=&#8221;container&#8221;&#8230;<\/p>\n","protected":false},"author":1,"featured_media":0,"parent":9226,"menu_order":8,"comment_status":"open","ping_status":"open","template":"full_width.php","meta":{"inline_featured_image":false,"loftloader_pro_show_once":"","loftloader_pro_page_shortcode":"","footnotes":""},"class_list":["post-9249","page","type-page","status-publish","hentry"],"_links":{"self":[{"href":"https:\/\/budapestgaleria.hu\/_\/wp-json\/wp\/v2\/pages\/9249","targetHints":{"allow":["GET"]}}],"collection":[{"href":"https:\/\/budapestgaleria.hu\/_\/wp-json\/wp\/v2\/pages"}],"about":[{"href":"https:\/\/budapestgaleria.hu\/_\/wp-json\/wp\/v2\/types\/page"}],"author":[{"embeddable":true,"href":"https:\/\/budapestgaleria.hu\/_\/wp-json\/wp\/v2\/users\/1"}],"replies":[{"embeddable":true,"href":"https:\/\/budapestgaleria.hu\/_\/wp-json\/wp\/v2\/comments?post=9249"}],"version-history":[{"count":0,"href":"https:\/\/budapestgaleria.hu\/_\/wp-json\/wp\/v2\/pages\/9249\/revisions"}],"up":[{"embeddable":true,"href":"https:\/\/budapestgaleria.hu\/_\/wp-json\/wp\/v2\/pages\/9226"}],"wp:attachment":[{"href":"https:\/\/budapestgaleria.hu\/_\/wp-json\/wp\/v2\/media?parent=9249"}],"curies":[{"name":"wp","href":"https:\/\/api.w.org\/{rel}","templated":true}]}}