{"id":9254,"date":"2015-02-02T13:59:53","date_gmt":"2015-02-02T13:59:53","guid":{"rendered":"http:\/\/budapestgaleria.hu\/_\/?page_id=9254"},"modified":"2015-02-02T14:00:50","modified_gmt":"2015-02-02T14:00:50","slug":"schmidt-motor-peter-retropassziv-gepterem","status":"publish","type":"page","link":"https:\/\/budapestgaleria.hu\/_\/kiallitasok-2008-budapest-galeria\/schmidt-motor-peter-retropassziv-gepterem\/","title":{"rendered":"Schmidt Motor P\u00e9ter | Retropassz\u00edv g\u00e9pterem"},"content":{"rendered":"<div class=\"wpb-content-wrapper\"><p>[vc_row row_type=&#8221;row&#8221; use_row_as_full_screen_section=&#8221;no&#8221; type=&#8221;grid&#8221; text_align=&#8221;left&#8221; background_image_as_pattern=&#8221;without_pattern&#8221;][vc_column width=&#8221;1\/1&#8243;][vc_empty_space height=&#8221;40px&#8221;][vc_column_text]<\/p>\n<h2 class=\"cim_1\">SCHMIDT MOTOR P\u00c9TER | Retropassz\u00edv g\u00e9pterem<\/h2>\n<p>[\/vc_column_text][vc_empty_space height=&#8221;32px&#8221;][\/vc_column][\/vc_row][vc_row bgparallax=&#8221;parallax&#8221; contentwidth=&#8221;container&#8221; toppadding=&#8221;40&#8243; bottompadding=&#8221;10&#8243; border=&#8221;on&#8221; css=&#8221;.vc_custom_1420648296958{background-color: #ffffff !important;}&#8221; row_type=&#8221;row&#8221; use_row_as_full_screen_section=&#8221;no&#8221; type=&#8221;grid&#8221; text_align=&#8221;left&#8221; background_image_as_pattern=&#8221;without_pattern&#8221;][vc_column width=&#8221;1\/3&#8243; css=&#8221;.vc_custom_1420649554591{padding-right: 25px !important;}&#8221;][vc_column_text]<\/p>\n<p class=\"hely_bpgal\">Budapest Gal\u00e9ria<\/p>\n<p class=\"cim_bpgal\">1036 Budapest, Lajos utca 158.<\/p>\n<p class=\"datum_bpgal\">2008. j\u00falius 10 \u2013 szeptember 7.<\/p>\n<p>[\/vc_column_text][vc_column_text]<\/p>\n<p class=\"kiemeles_bpgal\">Megnyit\u00f3:<\/p>\n<p class=\"kurrens_bpgal\">2008. j\u00falius 10. (cs\u00fct\u00f6rt\u00f6k), 17:00<\/p>\n<p class=\"kiemeles_bpgal\">Megnyitotta:<\/p>\n<p class=\"kurrens_bpgal\">ST. AUBY TAM\u00c1S, a TNPU szuperintend\u00e1nsa\/p&gt;[\/vc_column_text][vc_empty_space height=&#8221;32px&#8221;][\/vc_column][vc_column width=&#8221;2\/3&#8243;][vc_column_text]OLVASD.EL!<\/p>\n<p>Az egyik teremben egy mikrofon, a m\u00e1sikban egy \u00e1talak\u00edtott nyomtat\u00f3 \u00e9s egy webkamera, a harmadikban egy monitor van elhelyezve. A nyomtat\u00f3 vez\u00e9rl\u00e9se a mikrofonba \u00e9s a webkamer\u00e1ba a k\u00f6rnyezet\u00e9b\u0151l jut\u00f3 audit\u00edv, ill. vizu\u00e1lis hat\u00e1sok digitaliz\u00e1lt adataival t\u00f6rt\u00e9nik. Mivel a nyomtat\u00f3 a m\u0171k\u00f6d\u00e9se k\u00f6zben maga is ad ki hangot, illetve f\u00e9ny is ver\u0151dik r\u00f3la vissza, ez\u00e9rt ezekkel hozz\u00e1j\u00e1rul saj\u00e1t m\u0171k\u00f6dtet\u00e9s\u00e9hez. A nyomtat\u00f3 lassabban dolgozza fel az adatokat, mint ahogyan azok r\u00f6gz\u00edt\u00e9sre ker\u00fclnek. \u00cdgy kor\u00e1bban keletkezett adatok k\u00e9s\u0151bb \u00fajra megjelennek. A mikrofon, a nyomtat\u00f3 \u00e9s a kamera sz\u00e1m\u00edt\u00f3g\u00e9pek seg\u00edts\u00e9g\u00e9vel \u00f6ssze vannak kapcsolva, \u00edgy egyetlen hardverr\u00e9 alakulnak. Ezt az \u00f6sszekapcsol\u00e1st a sz\u00e1m\u00edt\u00f3g\u00e9peken fut\u00f3 programok szervezik. \u00c9n egy \u00faj programot \u00edrtam megl\u00e9v\u0151 programok \u00f6sszekapcsol\u00e1s\u00e1val (parancsok kiad\u00e1s\u00e1val). A szam\u00edt\u00f3g\u00e9pet szint\u00e9n t\u00f6bb alkatr\u00e9sz \u00f6sszekapcsol\u00e1sa m\u0171k\u00f6dteti. Amikor az \u00faj programot k\u00e9sz\u00edtettem, akkor egy meghat\u00e1rozott sorrendben \u00f6sszekapcsoltam megl\u00e9v\u0151 elemeket (hardvereket), azaz term\u00e9szetszer\u0171leg szoftvert \u00edrtam. Az \u00f6sszekapcsol\u00e1s m\u0171velet\u00e9t szoftvernek h\u00edvom, a m\u0171velet eredm\u00e9nz\u00e9t hardvernek. A nyomtat\u00f3fejhez egy port\u00f6rl\u0151-r\u00fad van applik\u00e1lva, ami egy poros k\u00e9pr\u0151l t\u00f6r\u00f6lgeti a port. A poros k\u00e9pet l\u00e1tva sokminden esz\u00fcnkbe juthat. A port\u00f6rl\u0151r\u0151l \u00e9s a port\u00f6rl\u0151 mozg\u00e1s\u00e1r\u00f3l is. Eml\u00e9kelemeket szint\u00e9n k\u00e9pesek vagyunk \u00f6sszek\u00f6tni egym\u00e1ssal, teh\u00e1t k\u00e9pesek vagyunk szoftvert k\u00e9sz\u00edteni, majd ezeknek az elemeknek az \u00f6sszekapcsol\u00e1s\u00e1val egy v\u00e9gkifejletet, hardvert l\u00e9trehozni. Teh\u00e1t a v\u00e9gkifejlet \u00fagy j\u00f6n l\u00e9tre, hogy a pillanatnyilag l\u00e1tott dolgokat \u00f6sszekapcsoljuk k\u00fcl\u00f6nb\u00f6z\u0151 id\u0151kb\u0151l sz\u00e1rmaz\u00f3 eml\u00e9kelemeinkkel. Vajon minden mindennel \u00f6ssze van-e kapcsolva, vagy csak azok a dolgok, amelyeket \u00f6sszekapcsolunk?<\/p>\n<p class=\"szerzo\">2008. J\u00falius 10. Schmidt Motor P\u00e9ter<\/p>\n<p>\u201eNem vagyok sem m\u0171v\u00e9sz sem programoz\u00f3, ez\u00e9rt csak mint n\u00e9z\u0151 tudok megjelenni a ki\u00e1ll\u00edt\u00e1sban. Pontosabban a n\u00e9z\u0151 szempontjai fel\u0151l tudom megk\u00f6zel\u00edteni az \u00e1ltalam v\u00e1lasztott t\u00e9m\u00e1t. N\u00e9z\u0151k\u00e9nt megismerhettem t\u00f6bb olyan m\u0171vet is, amiben kompj\u00fatert haszn\u00e1lnak. K\u00f6zben, mivel csal\u00e1dom is van, dolgoztam, mint programfejleszt\u0151. \u00cdgy kialak\u00edtottam a hozz\u00e1\u00e1ll\u00e1somat a kompj\u00faterhez. Ez a szoftver-hardver-\u00e1talakul\u00e1sos szeml\u00e9letm\u00f3dom:<br \/>\nA processzor \u00e9s a programok fel\u00e9p\u00edt\u00e9s\u00e9ben felfedeztem egy \u00e9rdekes jelens\u00e9get, ezt nevezem a szoftver \u00e9s a hardver egym\u00e1sba alakul\u00e1s\u00e1nak. Egy processzorban sorosan \u00e9s p\u00e1rhuzamosan kapcsolt kapcsol\u00f3k vannak. A processzor tervez\u0151je meghat\u00e1rozza a kapcsol\u00f3k sorrendj\u00e9t, \u00e9s ezzel kialak\u00edtja a k\u00edv\u00e1nt m\u0171veletet. A programoz\u00f3 ezut\u00e1n az adott m\u0171veletek \u00f6sszekapcsol\u00e1s\u00e1val egy \u00fajabb funkci\u00f3t tud l\u00e9trehozni. A processzor tervez\u0151j\u00e9nek szempontj\u00e1b\u00f3l a hardver a kapcsol\u00f3k, a szoftver pedig az, ahogyan a kapcsol\u00f3kat egym\u00e1shoz k\u00e9pest elrendezi. A programoz\u00f3 szempontj\u00e1b\u00f3l a hardver a processzor, a szoftver pedig az adott m\u0171veletek \u00fajb\u00f3li elrendez\u00e9se. A felhaszn\u00e1l\u00f3 szempontj\u00e1b\u00f3l a hardver a programoz\u00f3 \u00e1ltal l\u00e9trehozott szoftver, a program k\u00fcl\u00f6nb\u00f6z\u0151 funkci\u00f3inak haszn\u00e1lata sor\u00e1n pedig az adott funkci\u00f3kat rendezi \u00fajra az \u0151 c\u00e9ljainak megfelel\u0151en \u00e9s ezzel \u00fajra szoftvert csin\u00e1l. Az \u00edgy l\u00e9trehozott dolog pedig ism\u00e9t hardverr\u00e9 alakul.<\/p>\n<p>Mint n\u00e9z\u0151, mint nem m\u0171v\u00e9sz \u00e9s mint nem programoz\u00f3 megfogalmazhatok kritik\u00e1kat saj\u00e1t, illetve m\u00e1sok megl\u00e1t\u00e1saival szemben. A ki\u00e1ll\u00edt\u00e1st egyr\u00e9szr\u0151l a saj\u00e1t szoftver-hardver-\u00e1talakul\u00e1sos elm\u00e9letem par\u00f3di\u00e1jak\u00e9nt, m\u00e1sr\u00e9szr\u0151l az informatikusok \u00e9s m\u0171v\u00e9szek \u00e1ltal kital\u00e1lt, kompj\u00fateres vonatkoz\u00e1sban haszn\u00e1lt hozz\u00e1\u00e1ll\u00e1sok, megfogalmaz\u00e1sok kritik\u00e1jak\u00e9nt k\u00e9pzelem el. Az ut\u00f3bbihoz magyar\u00e1zatk\u00e9nt bemutatok egy p\u00e9ld\u00e1t. Sokszor l\u00e1ttam t\u00f6bb kompj\u00fateres m\u0171 c\u00edm\u00e9n\u00e9l magyar\u00e1zatk\u00e9nt, hogy az egy interakt\u00edv m\u0171. A www.mimi.hu \u00fatmutat\u00f3 tud\u00e1st\u00e1r szerint az interakt\u00edv a k\u00f6vekez\u0151t jelenti: \u201eJelz\u0151 olyan rendszerek \u00e9s szoftverek le\u00edr\u00e1s\u00e1ra, amelyek k\u00e9tir\u00e1ny\u00fa kommunik\u00e1ci\u00f3ra k\u00e9pesek, azaz viselked\u00e9s\u00fck \u00e9s m\u0171k\u00f6d\u00e9s\u00fck nem el\u0151re meghat\u00e1rozott, hanem a felhaszn\u00e1l\u00f3i bevitel \u00e1ltal befoly\u00e1solhat\u00f3, ir\u00e1ny\u00edthat\u00f3.\u201d Vagyis k\u00e9tir\u00e1ny\u00fa kommunik\u00e1ci\u00f3r\u00f3l van sz\u00f3, teh\u00e1t mindk\u00e9t szerepl\u0151je akt\u00edv. Sajnos a kompj\u00fater csak passz\u00edv f\u00e9lk\u00e9nt k\u00e9pes megjelenni ebben a helyzetben. A kommunik\u00e1ci\u00f3 ezen fajt\u00e1j\u00e1t \u00e9n ink\u00e1bb adatcser\u00e9nek h\u00edvom. Vannak m\u00e1s m\u0171vek, melyek szint\u00e9n az adatcsere m\u0171velet\u00e9t haszn\u00e1lj\u00e1k. P\u00e9ld\u00e1ul olyan programok, amik egy k\u00e9p adatait hangk\u00e9nt j\u00e1tssz\u00e1k le. Ezenfel\u00fcl keletkezetek m\u00e1s jelz\u0151k is ebben a t\u00e9m\u00e1ban (net art, software art, internet art, browser art stb.). Ezek kialakul\u00e1sa, haszn\u00e1lata szint\u00e9n el\u00e9g kaotikus k\u00e9pet mutat.<\/p>\n<p>A ki\u00e1ll\u00edt\u00e1st r\u00e9gi kompj\u00faterek \u00e9s perif\u00e9ri\u00e1k felhaszn\u00e1l\u00e1s\u00e1val k\u00e9pzelem el, mert ezeket olcs\u00f3n vagy ingyen is be lehet szerezni. A kompj\u00fatereket \u00e9s perif\u00e9ri\u00e1kat h\u00e1l\u00f3zatba k\u00f6t\u00f6m egym\u00e1ssal, hogy mindegyik g\u00e9p mindegyikkel tudjon adatcser\u00e9t folytatni. N\u00e9h\u00e1ny perif\u00e9ri\u00e1t \u00e1talak\u00edtok. P\u00e9d\u00e1ul egy plotter rajzol\u00f3 fej\u00e9re egy gyerekcs\u00f6rg\u0151t szerelek vagy egy tintasugaras nyomtat\u00f3 fej\u00e9t kalap\u00e1csra cser\u00e9lem (ezek csak p\u00e9ld\u00e1k, nem felt\u00e9tlen\u00fcl lesz \u00edgy). A ki\u00e1ll\u00edt\u00e1s els\u0151 eleme egy programoz\u00e1si m\u00f3dszert fog szeml\u00e9ltetni, amit sok interakt\u00edvnak mondott m\u0171 eset\u00e9n alkalmaznak. Ez lehet p\u00e9ld\u00e1ul egy olyan \u201eversgener\u00e1tor,\u201d ami egy kiv\u00e1lasztott vagy beg\u00e9pelt sz\u00f3ra sok sz\u00f3t hoz, majd azokra \u00fajabbakat, hierarchikusan megjelen\u00edtve. A hierarchikus megjelen\u00e9sre a v\u00e9ges sz\u00e1m\u00fa el\u00e1gaz\u00e1sok bemutat\u00e1sa miatt van sz\u00fcks\u00e9g. Az el\u00e1gaz\u00e1s az \u201einterakci\u00f3\u201d. Teh\u00e1t minden esetben az \u00f6sszes el\u00e1gaz\u00e1s, vagyis lehet\u0151s\u00e9g megjelenik, \u00edgy nem t\u00f6rt\u00e9nik soha semmi. A megjelen\u00edtett adatok azt\u00e1n \u00e1tker\u00fclnek egy m\u00e1sik kompj\u00faterre vagy perif\u00e9ri\u00e1ra, ahol valamilyen program majd szint\u00e9n lefut \u00e9s csin\u00e1l vel\u00fck valamit. N\u00e9h\u00e1ny helyen m\u00e9g kapcsol\u00f3kat fogok elhelyezeni, amiket tetsz\u0151legesen lehet majd kapcsolgatni az adatok \u00fatj\u00e1nak megv\u00e1ltoztatat\u00e1s\u00e1hoz. A perif\u00e9ri\u00e1k egy r\u00e9sz\u00e9hez (nyomtat\u00f3, plotter, monitor, billenty\u0171zet stb.) adatgy\u0171jt\u0151 perif\u00e9ri\u00e1kat (mikrofon, kamera stb.) illesztek, melyek m\u00e1s programoknak szolg\u00e1ltatnak majd adatokat. Sz\u00f3val egy \u00f6sszek\u00f6t\u00f6tt, zajong\u00f3, villog\u00f3 dolgot k\u00e9pzelek el, ami nem csin\u00e1l semmit (nem c\u00e9lja l\u00e9trehozni rajzot, k\u00e9pet, zen\u00e9t stb.). A k\u00fcl\u00f6nb\u00f6z\u0151 elemeknek a c\u00edme: Level high; Level low; Level 1; Level 2 stb. Mindegyik c\u00edmhez kieg\u00e9sz\u00edt\u00e9sk\u00e9nt: \u00f6sszek\u00f6t\u00f6tt kapcsol\u00f3k k\u00fcl\u00f6nb\u00f6z\u0151 szintek alapj\u00e1n kiv\u00e1lasztott sorrendje.\u201d<\/p>\n<p class=\"szerzo\">Schmidt Motor P\u00e9ter<\/p>\n<p>[\/vc_column_text][vc_empty_space height=&#8221;20px&#8221;][\/vc_column][\/vc_row][vc_row row_type=&#8221;row&#8221; use_row_as_full_screen_section=&#8221;no&#8221; type=&#8221;grid&#8221; text_align=&#8221;left&#8221; background_image_as_pattern=&#8221;without_pattern&#8221;][vc_column width=&#8221;1\/1&#8243;][vc_empty_space height=&#8221;32px&#8221;][vc_empty_space height=&#8221;45px&#8221;][\/vc_column][\/vc_row]<\/p>\n<\/div>","protected":false},"excerpt":{"rendered":"<p>[vc_row row_type=&#8221;row&#8221; use_row_as_full_screen_section=&#8221;no&#8221; type=&#8221;grid&#8221; text_align=&#8221;left&#8221; background_image_as_pattern=&#8221;without_pattern&#8221;][vc_column width=&#8221;1\/1&#8243;][vc_empty_space height=&#8221;40px&#8221;][vc_column_text] SCHMIDT MOTOR P\u00c9TER | Retropassz\u00edv g\u00e9pterem [\/vc_column_text][vc_empty_space&#8230;<\/p>\n","protected":false},"author":1,"featured_media":0,"parent":9226,"menu_order":10,"comment_status":"open","ping_status":"open","template":"full_width.php","meta":{"inline_featured_image":false,"loftloader_pro_show_once":"","loftloader_pro_page_shortcode":"","footnotes":""},"class_list":["post-9254","page","type-page","status-publish","hentry"],"_links":{"self":[{"href":"https:\/\/budapestgaleria.hu\/_\/wp-json\/wp\/v2\/pages\/9254","targetHints":{"allow":["GET"]}}],"collection":[{"href":"https:\/\/budapestgaleria.hu\/_\/wp-json\/wp\/v2\/pages"}],"about":[{"href":"https:\/\/budapestgaleria.hu\/_\/wp-json\/wp\/v2\/types\/page"}],"author":[{"embeddable":true,"href":"https:\/\/budapestgaleria.hu\/_\/wp-json\/wp\/v2\/users\/1"}],"replies":[{"embeddable":true,"href":"https:\/\/budapestgaleria.hu\/_\/wp-json\/wp\/v2\/comments?post=9254"}],"version-history":[{"count":0,"href":"https:\/\/budapestgaleria.hu\/_\/wp-json\/wp\/v2\/pages\/9254\/revisions"}],"up":[{"embeddable":true,"href":"https:\/\/budapestgaleria.hu\/_\/wp-json\/wp\/v2\/pages\/9226"}],"wp:attachment":[{"href":"https:\/\/budapestgaleria.hu\/_\/wp-json\/wp\/v2\/media?parent=9254"}],"curies":[{"name":"wp","href":"https:\/\/api.w.org\/{rel}","templated":true}]}}