{"id":9260,"date":"2015-02-02T14:11:26","date_gmt":"2015-02-02T14:11:26","guid":{"rendered":"http:\/\/budapestgaleria.hu\/_\/?page_id=9260"},"modified":"2015-02-02T14:11:26","modified_gmt":"2015-02-02T14:11:26","slug":"molnar-laszlo-a-lepel","status":"publish","type":"page","link":"https:\/\/budapestgaleria.hu\/_\/kiallitasok-2008-budapest-galeria\/molnar-laszlo-a-lepel\/","title":{"rendered":"Moln\u00e1r L\u00e1szl\u00f3 | A lepel"},"content":{"rendered":"<div class=\"wpb-content-wrapper\"><p>[vc_row row_type=&#8221;row&#8221; use_row_as_full_screen_section=&#8221;no&#8221; type=&#8221;grid&#8221; text_align=&#8221;left&#8221; background_image_as_pattern=&#8221;without_pattern&#8221;][vc_column width=&#8221;1\/1&#8243;][vc_empty_space height=&#8221;40px&#8221;][vc_column_text]<\/p>\n<h2 class=\"cim_1\">MOLN\u00c1R L\u00c1SZL\u00d3 | A lepel<\/h2>\n<p>[\/vc_column_text][vc_empty_space height=&#8221;32px&#8221;][\/vc_column][\/vc_row][vc_row bgparallax=&#8221;parallax&#8221; contentwidth=&#8221;container&#8221; toppadding=&#8221;40&#8243; bottompadding=&#8221;10&#8243; border=&#8221;on&#8221; css=&#8221;.vc_custom_1420648296958{background-color: #ffffff !important;}&#8221; row_type=&#8221;row&#8221; use_row_as_full_screen_section=&#8221;no&#8221; type=&#8221;grid&#8221; text_align=&#8221;left&#8221; background_image_as_pattern=&#8221;without_pattern&#8221;][vc_column width=&#8221;1\/3&#8243; css=&#8221;.vc_custom_1420649554591{padding-right: 25px !important;}&#8221;][vc_column_text]<\/p>\n<p class=\"hely_bpgal\">Budapest Gal\u00e9ria<\/p>\n<p class=\"cim_bpgal\">1036 Budapest, Lajos utca 158.<\/p>\n<p class=\"datum_bpgal\">2008. j\u00falius 17 \u2013 augusztus 24.<\/p>\n<p>[\/vc_column_text][vc_column_text]<\/p>\n<p class=\"kiemeles_bpgal\">Megnyit\u00f3:<\/p>\n<p class=\"kurrens_bpgal\">2008. j\u00falius 17. (cs\u00fct\u00f6rt\u00f6k), 17:00<\/p>\n<p class=\"kiemeles_bpgal\">Megnyitotta:<\/p>\n<p class=\"kurrens_bpgal\">SULYOK MIKL\u00d3S, m\u0171v\u00e9szett\u00f6rt\u00e9n\u00e9sz<\/p>\n<p>[\/vc_column_text][vc_empty_space height=&#8221;32px&#8221;][\/vc_column][vc_column width=&#8221;2\/3&#8243;][vc_column_text]Moln\u00e1r L\u00e1szl\u00f3 mestere Budapesten (a n\u00e9vrokon) Moln\u00e1r S\u00e1ndor. 1992: VI. Orsz\u00e1gos Kisgrafikai Bienn\u00e1le, Salg\u00f3tarj\u00e1n, az \u00daj M\u0171v\u00e9szet d\u00edja. 1962-ben kapcsol\u00f3dott be a Zugl\u00f3i K\u00f6r munk\u00e1j\u00e1ba. 1967-t\u0151l rendszeresen tanulm\u00e1nyutakat tesz Eur\u00f3p\u00e1ban (P\u00e1rizs, London, Madrid, B\u00e9cs, K\u00f6ln, Pr\u00e1ga, Amszterdam, R\u00f3ma, Velence, Firenze stb.). Budapesten \u00e9l. P\u00e1ly\u00e1ja kezdetben a francia l\u00edrai absztrakci\u00f3 jegy\u00e9ben indult. Fest\u00e9szete a 70-es \u00e9vekt\u0151l a figurat\u00edv \u00e9s nonfigurat\u00edv felfog\u00e1s \u00f6sszeegyeztethet\u0151s\u00e9ge fel\u00e9 fordult. Nem fogadja el e k\u00e9t formak\u00e9pz\u00e9s ellent\u00e9t\u00e9t; m\u0171vein az &#8222;absztrakt&#8221; elemek t\u00e1rgyias-asszociat\u00edv tendenci\u00e1j\u00e1t, ill. az alakok \u00e9s t\u00e1rgyak elvont sz\u00edn- \u00e9s formavonatkoz\u00e1sait hangs\u00falyozza. M\u0171v\u00e9szet\u00e9nek kulcsa az \u00e1that\u00e1s jelens\u00e9ge: a csend\u00e9letek t\u00e1jk\u00e9pk\u00e9nt, a figur\u00e1lis kompoz\u00edci\u00f3k t\u00e1jk\u00e9nt (\u00e9s viszont) is \u00e9rtelmezhet\u0151k. Festm\u00e9nyeinek ihlet\u0151je Pilinszky l\u00edr\u00e1ja \u00e9s Medny\u00e1nszky dr\u00e1mai expresszivit\u00e1sa; t\u00e9m\u00e1ja gyakran a szenved\u00e9st\u00f6rt\u00e9net valamelyik epiz\u00f3dja.<\/p>\n<p><strong>EGY\u00c9NI KI\u00c1LL\u00cdT\u00c1SOK<\/strong><br \/>\n<strong>1980<\/strong> Geod\u00e9ziai \u00e9s Kartogr\u00e1fiai V\u00e1llalat Sz\u00e9kh\u00e1za \u2022 J\u00f3zsef Attila M\u0171vel\u0151d\u00e9si K\u00f6zpont<br \/>\n<strong>1984<\/strong> Gy\u00f6ngy\u00f6si Gal\u00e9ria, Gy\u00f6ngy\u00f6s \u2022 \u00d3budai Pincegal\u00e9ria, Budapest<br \/>\n<strong>1986<\/strong> \u00d3buda Gal\u00e9ria, Budapest<br \/>\n<strong>1989<\/strong> Vachot S. V\u00e1rosi K\u00f6nyvt\u00e1r Gal\u00e9ria, Gy\u00f6ngy\u00f6s<br \/>\n<strong>1992<\/strong> F\u00e9szek Klub, Budapest<br \/>\n<strong>1993<\/strong> Csepel Gal\u00e9ria, Budapest<br \/>\n<strong>1994<\/strong> Vigad\u00f3 Gal\u00e9ria, Budapest<br \/>\n<strong>1996<\/strong> Galerie Bieberach<br \/>\n<strong>1997<\/strong> B\u00fcrghaus &#8222;Kelter&#8221;, Winterbach<br \/>\n<strong>1998<\/strong> Szinyei Szalon, Budapest<br \/>\n<strong>1999<\/strong> Budapest Gal\u00e9ria<br \/>\n<strong>2003<\/strong> Gal\u00e9ria 13, Soroks\u00e1r-Budapest<br \/>\n<strong>2007<\/strong> Gy\u00f6ngy\u00f6spata, M\u0171vel\u0151d\u00e9si H\u00e1z<\/p>\n<p><strong>V\u00c1LOGATOTT CSOPORTOS KI\u00c1LL\u00cdT\u00c1SOK<\/strong><br \/>\n<strong>1989<\/strong> Magyar m\u0171v\u00e9szet a &#8217;80-as \u00e9vekben, Passauer Kunstverein, Szt. Anna-k\u00e1polna, Passau \u2022 Passau I-II., \u00d3budai T\u00e1rsask\u00f6r Gal\u00e9ria, Budapest &#8211; 1992 \u2022 VI. Salg\u00f3tarj\u00e1ni Rajzbienn\u00e1l\u00e9, Salg\u00f3tarj\u00e1n<br \/>\n<strong>1993<\/strong> Zugl\u00f3i K\u00f6r 1958-1968, No. 5 Gal\u00e9ria, Budapest<\/p>\n<p><strong>M\u0170VEK K\u00d6ZGY\u0170JTEM\u00c9NYEKBEN<\/strong><br \/>\nMagyar Nemzeti Gal\u00e9ria, Budapest<\/p>\n<p><strong>IRODALOM<\/strong><br \/>\nANDR\u00c1SI G.: ~ ki\u00e1ll\u00edt\u00e1sa az \u00d3budai Pincegal\u00e9ri\u00e1ban, M\u0171v\u00e9szet, 1984\/8. ANDR\u00c1SI G.: A Zugl\u00f3i K\u00f6r 1958-1968, Ars Hungarica, 1991\/1. SINKOVITS P.: A fest\u00e9szet ki\u00e1lt\u00e1s az \u00e9jszak\u00e1ban, \u00daj M\u0171v\u00e9szet, 1992\/3. SINK\u00d3 I.: \u201eArchai.\u201d ~ ki\u00e1ll\u00edt\u00e1sa a Vigad\u00f3 Gal\u00e9ri\u00e1ban, \u00daj M\u0171v\u00e9szet, 1995\/5. ANDR\u00c1SI G.: Mot\u00edvumrejt\u0151 absztrakci\u00f3 a Zugl\u00f3i K\u00f6rben, Ars Hungarica, 1998\/1. [\/vc_column_text][vc_empty_space height=&#8221;20px&#8221;][\/vc_column][\/vc_row][vc_row row_type=&#8221;row&#8221; use_row_as_full_screen_section=&#8221;no&#8221; type=&#8221;grid&#8221; text_align=&#8221;left&#8221; background_image_as_pattern=&#8221;without_pattern&#8221;][vc_column width=&#8221;1\/1&#8243;][vc_empty_space height=&#8221;32px&#8221;][vc_empty_space height=&#8221;45px&#8221;][\/vc_column][\/vc_row]<\/p>\n<\/div>","protected":false},"excerpt":{"rendered":"<p>[vc_row row_type=&#8221;row&#8221; use_row_as_full_screen_section=&#8221;no&#8221; type=&#8221;grid&#8221; text_align=&#8221;left&#8221; background_image_as_pattern=&#8221;without_pattern&#8221;][vc_column width=&#8221;1\/1&#8243;][vc_empty_space height=&#8221;40px&#8221;][vc_column_text] MOLN\u00c1R L\u00c1SZL\u00d3 | A lepel [\/vc_column_text][vc_empty_space height=&#8221;32px&#8221;][\/vc_column][\/vc_row][vc_row&#8230;<\/p>\n","protected":false},"author":1,"featured_media":0,"parent":9226,"menu_order":12,"comment_status":"open","ping_status":"open","template":"full_width.php","meta":{"inline_featured_image":false,"loftloader_pro_show_once":"","loftloader_pro_page_shortcode":"","footnotes":""},"class_list":["post-9260","page","type-page","status-publish","hentry"],"_links":{"self":[{"href":"https:\/\/budapestgaleria.hu\/_\/wp-json\/wp\/v2\/pages\/9260","targetHints":{"allow":["GET"]}}],"collection":[{"href":"https:\/\/budapestgaleria.hu\/_\/wp-json\/wp\/v2\/pages"}],"about":[{"href":"https:\/\/budapestgaleria.hu\/_\/wp-json\/wp\/v2\/types\/page"}],"author":[{"embeddable":true,"href":"https:\/\/budapestgaleria.hu\/_\/wp-json\/wp\/v2\/users\/1"}],"replies":[{"embeddable":true,"href":"https:\/\/budapestgaleria.hu\/_\/wp-json\/wp\/v2\/comments?post=9260"}],"version-history":[{"count":0,"href":"https:\/\/budapestgaleria.hu\/_\/wp-json\/wp\/v2\/pages\/9260\/revisions"}],"up":[{"embeddable":true,"href":"https:\/\/budapestgaleria.hu\/_\/wp-json\/wp\/v2\/pages\/9226"}],"wp:attachment":[{"href":"https:\/\/budapestgaleria.hu\/_\/wp-json\/wp\/v2\/media?parent=9260"}],"curies":[{"name":"wp","href":"https:\/\/api.w.org\/{rel}","templated":true}]}}