{"id":9262,"date":"2015-02-02T14:17:13","date_gmt":"2015-02-02T14:17:13","guid":{"rendered":"http:\/\/budapestgaleria.hu\/_\/?page_id=9262"},"modified":"2015-02-02T14:18:21","modified_gmt":"2015-02-02T14:18:21","slug":"szortsey-gabor-1951-2004-emlekkiallitas","status":"publish","type":"page","link":"https:\/\/budapestgaleria.hu\/_\/kiallitasok-2008-budapest-galeria\/szortsey-gabor-1951-2004-emlekkiallitas\/","title":{"rendered":"Sz\u00f6rtsey G\u00e1bor (1951-2004) eml\u00e9kki\u00e1ll\u00edt\u00e1s"},"content":{"rendered":"<div class=\"wpb-content-wrapper\"><p>[vc_row row_type=&#8221;row&#8221; use_row_as_full_screen_section=&#8221;no&#8221; type=&#8221;grid&#8221; text_align=&#8221;left&#8221; background_image_as_pattern=&#8221;without_pattern&#8221;][vc_column width=&#8221;1\/1&#8243;][vc_empty_space height=&#8221;40px&#8221;][vc_column_text]<\/p>\n<h2 class=\"cim_1\">Sz\u00f6rtsey G\u00e1bor (1951-2004) eml\u00e9kki\u00e1ll\u00edt\u00e1s<\/h2>\n<p>[\/vc_column_text][vc_empty_space height=&#8221;32px&#8221;][\/vc_column][\/vc_row][vc_row bgparallax=&#8221;parallax&#8221; contentwidth=&#8221;container&#8221; toppadding=&#8221;40&#8243; bottompadding=&#8221;10&#8243; border=&#8221;on&#8221; css=&#8221;.vc_custom_1420648296958{background-color: #ffffff !important;}&#8221; row_type=&#8221;row&#8221; use_row_as_full_screen_section=&#8221;no&#8221; type=&#8221;grid&#8221; text_align=&#8221;left&#8221; background_image_as_pattern=&#8221;without_pattern&#8221;][vc_column width=&#8221;1\/3&#8243; css=&#8221;.vc_custom_1420649554591{padding-right: 25px !important;}&#8221;][vc_column_text]<\/p>\n<p class=\"hely_bpgal\">BTM \u2013 Budapest Ki\u00e1ll\u00edt\u00f3terem<\/p>\n<p class=\"cim_bpgal\">1056 Budapest, Szabad sajt\u00f3 \u00fat 5.<\/p>\n<p class=\"datum_bpgal\">2008. szeptember 4\u00a0\u2013 okt\u00f3ber\u00a05.<\/p>\n<p>[\/vc_column_text][vc_column_text]<\/p>\n<p class=\"kiemeles_bpgal\">Megnyit\u00f3:<\/p>\n<p class=\"kurrens_bpgal\">2008. szeptember 4.<\/p>\n<p class=\"kiemeles_bpgal\">Megnyitotta:<\/p>\n<p class=\"kurrens_bpgal\">FITZ P\u00c9TER, m\u0171v\u00e9szett\u00f6rt\u00e9n\u00e9sz<\/p>\n<p>[\/vc_column_text][vc_empty_space height=&#8221;32px&#8221;][\/vc_column][vc_column width=&#8221;2\/3&#8243;][vc_column_text]<strong>Fitz P\u00e9ter<\/strong><br \/>\nA SEMMI SZ\u00c9L\u00c9N \u00c9S BELJEBB<\/p>\n<p>A semmi sz\u00e9l\u00e9n egyens\u00falyoz\u00e1s szinte mindegyik k\u00e9p\u00e9n jelenl\u00e9v\u0151, szinte term\u00e9szetes dolog. \u2013 \u00edrtam 1997-ben egy Sz\u00f6rtsey G\u00e1borr\u00f3l sz\u00f3l\u00f3 sz\u00f6vegben, utalva egyik k\u00e9pe c\u00edm\u00e9re. Ez nyilv\u00e1nval\u00f3an arr\u00f3l a k\u00e9pi vil\u00e1gr\u00f3l sz\u00f3lt, amely a kilencvenes \u00e9vekben fest\u00e9szet\u00e9nek l\u00e9nyegi von\u00e1sa volt, de m\u00e1ra, azzal, hogy m\u00e1r nem \u00e9l\u0151 m\u0171v\u00e9szre vonatkozik, szimbolikus \u00e9rtelmet kapott. A l\u00e9t, nem l\u00e9t hat\u00e1r\u00e1t m\u00e1r \u00e1tl\u00e9pve, fest\u0151i vizsg\u00e1l\u00f3d\u00e1sai, megold\u00e1sai \u00e9s metafizikai terei m\u00e1s \u00e9rtelmet kapnak.<\/p>\n<p>A rendk\u00edv\u00fcl sz\u00ednes, \u00e9rz\u00e9ki \u00e9s szinte te\u00e1tr\u00e1lis gesztusokkal teli, \u201efrissen festve\u201d korszakot k\u00f6vet\u0151en szinte mindenben megv\u00e1ltozott fest\u0151i alap\u00e1ll\u00e1sa. A nyolcvanas \u00e9vek oldott, a teljes k\u00e9pmez\u0151t bet\u00f6lt\u0151, sz\u00ednes foltfest\u00e9szete, a t\u00f6m\u00f6r k\u00e9pszerkezet elt\u0171nt, \u00e9s szinte mindenben az addigi ellent\u00e9tje jelent meg. Fest\u00e9szet\u00e9nek addigi l\u00e9nyege a sz\u00edn a volt. M\u00e1r akkor is k\u00fcl\u00f6n\u00f6s v\u00e1lt\u00e1snak hatott ez a szenzibilit\u00e1sban val\u00f3 elmer\u00fcl\u00e9s, hiszen m\u00e9g kor\u00e1bban, p\u00e1ly\u00e1ja elej\u00e9n, a tradicion\u00e1lis m\u0171form\u00e1kon k\u00edv\u00fcli lehet\u0151s\u00e9gek jobban foglalkoztatt\u00e1k. \u00c9s Sz\u00f6rtsey G\u00e1bor a lehets\u00e9ges lehet\u0151s\u00e9gek k\u00f6z\u00fcl szinte mindent elhagyott \u00faj, a kilencvenes \u00e9vekben kezd\u0151d\u00f6tt korszak\u00e1ban. A sz\u00ednt\u00e1r\u00e1t az elk\u00e9pzelhet\u0151 legkevesebbre cs\u00f6kkentette, a feket\u00e9r\u0151l kezdett el besz\u00e9lni, a fekete legk\u00fcl\u00f6nf\u00e9l\u00e9bb lehet\u0151s\u00e9geir\u0151l.<\/p>\n<p>A gy\u00f6keres fordulat nem volt k\u00f6nnyen megteremthet\u0151 \u00e9s befogadhat\u00f3, de l\u00e9trehoz\u00e1sa sikeres volt. \u00d6nmag\u00e1ban ellentmond\u00e1s, hogy mik\u00f6zben a sz\u00ednsk\u00e1la reduk\u00e1l\u00f3dott, a vil\u00e1gos sz\u00fcrk\u00e9t\u0151l a feket\u00e9ig, m\u00e9gis, mintha ugyan\u00fagy sz\u00ednpomp\u00e1s k\u00e9pekkel lenne dolgunk, mint az el\u0151z\u0151 korszakban. A purit\u00e1nul hat\u00e1rok k\u00f6z\u00e9 szor\u00edtott, a fekete t\u00e1blafest\u00e9k \u2013 \u00e9s persze tempera \u2013 \u00e1ltal k\u00f6r\u00fclhat\u00e1rolt lehet\u0151s\u00e9gekb\u0151l k\u00edv\u00e1nta kik\u00e9nyszer\u00edteni a lehet\u0151 legt\u00f6bbet. Ez persze a n\u00e9z\u0151t\u0151l id\u0151t, f\u00e1radts\u00e1got k\u00edv\u00e1n. Meg kell \u00e1llni a k\u00e9p el\u0151tt, mert gazdags\u00e1g\u00e1t nem adja k\u00f6nnyen \u00e9s k\u00fcl\u00f6n\u00f6sen nem adja gyorsan, ezek a k\u00e9pek elm\u00e9ly\u00fcl\u00e9st ig\u00e9nyelnek. \u00c1t\u00e9l\u00e9st, \u00e9s medit\u00e1ci\u00f3t, kontempl\u00e1ci\u00f3t. Ugyanis l\u00e9nyeg\u00fck ebben a r\u00e9tegben rejt\u0151zik. A t\u00f3nusfokozatok, melyeket haszn\u00e1lt szinte v\u00e9gtelen, b\u00e1r reduk\u00e1lt dinamik\u00e1j\u00fa, lehet\u0151s\u00e9get nyitottak sz\u00e1m\u00e1ra. Festm\u00e9nyei k\u00e9pi lehet\u0151s\u00e9gei valahol a fekete-feh\u00e9r fot\u00f3, grafika \u00e9s a fametszetek adotts\u00e1gai k\u00f6z\u00e9 helyezhet\u0151ek el, de azokn\u00e1l m\u00e9g mindig sokkal oldottabb, fest\u0151i megold\u00e1sokat eredm\u00e9nyeztek.<\/p>\n<p>Ez az \u00f6nk\u00e9nt v\u00e1llalt megold\u00e1s, a lemond\u00e1s a sz\u00ednr\u0151l, ugyanakkor rendk\u00edv\u00fcl kedvezett a form\u00e1k el\u0151t\u00e9rbe ker\u00fcl\u00e9s\u00e9nek. Ugyanakkor Sz\u00f6rtsey e t\u00e9ren is kil\u00e9pett a konvenci\u00f3k vonal\u00e1b\u00f3l, \u00e1br\u00e1zol\u00e1sai ugyanis sem a figurat\u00edvvit\u00e1s, sem pedig a nonfigur\u00e1ci\u00f3 szorosan vett k\u00e1nonjaiba nem illeszthet\u0151k bele. Vannak is, meg nincsenek is val\u00f3s t\u00e1rgyai, jelen vannak, \u00e9szlelhet\u0151en azonos\u00edthat\u00f3 objektek, de, vagy igen hat\u00e1rozottan reduk\u00e1ltan megjelen\u00edtve, vagy olyan t\u00e9ri \u00f6sszef\u00fcgg\u00e9sekbe helyezve, hogy val\u00f3s, vagy eredeti form\u00e1juk \u00e9s hozz\u00e1 kapcsol\u00f3d\u00f3 funkci\u00f3juk teljesen le vannak h\u00e1ntva, amit\u0151l valamifajta \u201enem t\u00e1rggy\u00e1\u201d l\u00e9nyeg\u00fclnek \u00e1t.<\/p>\n<p>A t\u00e1rgyak m\u0171le\u00edr\u00e1sa rendk\u00edv\u00fcl neh\u00e9z. Polc, sz\u00e9k, doboz, de hajtogatott pap\u00edrhaj\u00f3, k\u00fcl\u00f6nf\u00e9le munkaeszk\u00f6z\u00f6k, m\u00e9rtani idomok elrajzolva, valahogy az a n\u00e9z\u0151 benyom\u00e1sa, hogy nem is fontos t\u00e1rgyak sereglet\u00e9vel van dolga. Olyan idomok, melyek ak\u00e1r l\u00e9tezhetn\u00e9nek is, de csak a k\u00e9pfel\u00fcleten l\u00e9teznek, \u00fagy, mint k\u00e9palkot\u00f3 objektek s nem t\u00f6bb k\u00f6z\u00fck van a val\u00f3s\u00e1ghoz, mint, form\u00e1jukkal jelen lenni. A t\u00e1rgyak \u00e9s form\u00e1k, rendk\u00edv\u00fcli m\u00f3don megform\u00e1ltak, m\u00e9rtani testek, melyek ugyanakkor rajzi k\u00f6nnyeds\u00e9ggel, bumfordi b\u00e1jjal, vagy \u00e9ppen tragikus komors\u00e1ggal, s\u00falyos \u00e9s fenyeget\u0151 hat\u00e1ssal is rendelkeznek. Rendk\u00edv\u00fcl neh\u00e9z eld\u00f6nteni, hogy trivialit\u00e1suk \u00f6nmagukt\u00f3l val\u00f3-e, vagy egym\u00e1shoz viszonyul\u00e1suk miatt j\u00f6n l\u00e9tre a sz\u00fcrre\u00e1lis \u00f6sszhat\u00e1suk, a t\u00e9rben \u00e9s id\u0151ben val\u00f3 jelenl\u00e9t\u00fck irrealit\u00e1sa.<\/p>\n<p>Sz\u00f6rtsey \u00f6nt\u00f6rv\u00e9ny\u0171 tereket teremtett, melyekben t\u00e1rgyai meglehet\u0151sen titokzatosan helyezkednek el: a fekete-sz\u00fcrke fest\u0151i terek\/h\u00e1tterek metafizikus k\u00f6zeget teremtenek, bonyolultan \u00e9s bizonytalanul \u00e9szlelhet\u0151 a fent \u00e9s lent, a kint \u00e9s bent. A terek \u00f6nmagukban is egy-egy mikrokozmosz alkotnak, amelyben a k\u00fcl\u00f6nf\u00e9le l\u00e9pt\u00e9k\u0171 t\u00e1rgyak poz\u00edci\u00f3ja, egym\u00e1shoz val\u00f3 viszonya is relat\u00edv, s mindezt fokozza a k\u00e9t k\u00e9pelem k\u00f6z\u00f6tti k\u00fcl\u00f6n\u00f6s kapcsolat.Leny\u0171g\u00f6z\u0151, ahogy ezek a bonyolult geometri\u00e1ra m\u0171k\u00f6d\u0151, semmi-objektek a metafizikus terekben helyet kapnak, elrendez\u0151dnek.<\/p>\n<p>A l\u00e1t\u00f3s\u00edkok folyamatosan v\u00e1ltoznak, a gomolyg\u00f3, s\u00f6t\u00e9t fel\u00fcleteket hat\u00e1rozott falfel\u00fcletek, vagy t\u00f6redezett, szaggatott has\u00edt\u00e9kok szably\u00e1k \u00e1t. K\u00fcl\u00f6n\u00f6s m\u00e9lys\u00e9gek ny\u00edlnak a feh\u00e9ren \u00e1s\u00edt\u00f3 m\u00e9lys\u00e9g fel\u00e9, mintha az \u0171r k\u00f6vetkezne a k\u00e9pen t\u00fal. Azt\u00e1n l\u00e1gyan \u00edvel\u0151 domboldal hat\u00e1rolja a szemhat\u00e1rt, majd a sarkon befordulva valami \u00e1thatolhatatlan k\u00f6d gomolyog \u00e1t a sz\u00ednen, mindent megint bizonytalann\u00e1 v\u00e1ltoztatva, mindent, ami eddig bizonyos volt. N\u00e9h\u00e1ny has\u00e1b \u00e1tl\u00e1that\u00f3 lett, olyan intenz\u00edv a t\u00e9r, mi k\u00f6r\u00fclveszi. A t\u00e1rgyak a legk\u00fcl\u00f6nf\u00e9l\u00e9bb n\u00e9z\u0151pontokb\u00f3l \u00e1br\u00e1zoltak \u2013 fel\u00fcln\u00e9zet, aluln\u00e9zet, oldaln\u00e9zet \u2013, sokszor egyazon kompoz\u00edci\u00f3n bel\u00fcl is. Ez a n\u00e9z\u0151pontv\u00e1lt\u00e1si rendszer, ha lehet, m\u00e9g titokzatosabb\u00e1 teszi az eg\u00e9sz k\u00e9pszerkezetet.<\/p>\n<p>A k\u00e9psorozat m\u0171egy\u00fcttest alkot, mik\u00f6zben term\u00e9szetesen k\u00fcl\u00f6n-k\u00fcl\u00f6n auton\u00f3m alkot\u00e1sok, m\u00e9gis, az az ember \u00e9rz\u00e9se, mintha egy \u00f6sszetartoz\u00f3, v\u00e9gtelens\u00e9gig tart\u00f3 t\u00f6rt\u00e9net bontakozna ki, \u00fajabb \u00e9s \u00fajabb titokzatos terek \u00e9s t\u00e1rgyak ker\u00fclnek szem\u00fcnk el\u00e9, a k\u00f6vetkez\u0151 k\u00e9ppel megint egy \u00fajabb hat\u00e1rtalan ismeretlen t\u00e1rul fel. A szem\u00e9lyes, bels\u0151 vil\u00e1g, amely a fekete-feh\u00e9r-sz\u00fcrke h\u00e1rmass\u00e1gt\u00f3l \u00f3hatatlanul komor, mik\u00f6zben a lebeg\u0151, tudatosan bizonytalan t\u00e9ri helyzet\u0171, nem egyszer mulats\u00e1gosan bumfordi t\u00e1rgyak miatt, kor\u00e1ntsem dr\u00e1maiak a k\u00e9pek. A val\u00f3s \u00e9s irre\u00e1lis t\u00e1rgyak kombin\u00e1ci\u00f3ja, egy\u00fctt a t\u00e9r val\u00f3s perspekt\u00edv\u00e1kt\u00f3l mentes megjelen\u00edt\u00e9s\u00e9vel, sz\u00fcrre\u00e1lis \u00f6sszhat\u00e1st hoz l\u00e9tre. Nem nevezn\u00e9m ugyanakkor sz\u00fcrrealist\u00e1nak Sz\u00f6rtsey fest\u00e9szet\u00e9t a fogalom klasszikus \u00e9rtelm\u00e9ben. K\u00e9ts\u00e9gtelen van \u00f6sszef\u00fcgg\u00e9s Mir\u00f3 lebeg\u0151 apr\u00f3 t\u00e1rgyaival \u00e9s figur\u00e1ival, de a t\u00e9r-h\u00e1tt\u00e9r felfog\u00e1sa gy\u00f6keresen m\u00e1s.<\/p>\n<p>A sorozat java r\u00e9sze pap\u00edrra \u00e9s nem v\u00e1szonra k\u00e9sz\u00fclt. Az ilyen nagym\u00e9ret\u0171 pap\u00edrfel\u00fcletek m\u00e1r term\u00e9szet\u00fckn\u00e9l fogva is m\u00faland\u00f3bbak, mint a v\u00e1sznak, esend\u0151s\u00e9g\u00fck szinte k\u00f3doltan van jelen.<\/p>\n<p>Teljesen v\u00e1ratlanul \u00fagy alakult, hogy Sz\u00f6rtsey G\u00e1bor munk\u00e1ss\u00e1ga l\u00e9nyeg\u00e9ben ezzel a sorozattal z\u00e1rult.[\/vc_column_text][vc_empty_space height=&#8221;20px&#8221;][\/vc_column][\/vc_row][vc_row row_type=&#8221;row&#8221; use_row_as_full_screen_section=&#8221;no&#8221; type=&#8221;grid&#8221; text_align=&#8221;left&#8221; background_image_as_pattern=&#8221;without_pattern&#8221;][vc_column width=&#8221;1\/1&#8243;][vc_empty_space height=&#8221;32px&#8221;][vc_empty_space height=&#8221;45px&#8221;][\/vc_column][\/vc_row]<\/p>\n<\/div>","protected":false},"excerpt":{"rendered":"<p>[vc_row row_type=&#8221;row&#8221; use_row_as_full_screen_section=&#8221;no&#8221; type=&#8221;grid&#8221; text_align=&#8221;left&#8221; background_image_as_pattern=&#8221;without_pattern&#8221;][vc_column width=&#8221;1\/1&#8243;][vc_empty_space height=&#8221;40px&#8221;][vc_column_text] Sz\u00f6rtsey G\u00e1bor (1951-2004) eml\u00e9kki\u00e1ll\u00edt\u00e1s [\/vc_column_text][vc_empty_space height=&#8221;32px&#8221;][\/vc_column][\/vc_row][vc_row bgparallax=&#8221;parallax&#8221;&#8230;<\/p>\n","protected":false},"author":1,"featured_media":0,"parent":9226,"menu_order":13,"comment_status":"open","ping_status":"open","template":"full_width.php","meta":{"inline_featured_image":false,"loftloader_pro_show_once":"","loftloader_pro_page_shortcode":"","footnotes":""},"class_list":["post-9262","page","type-page","status-publish","hentry"],"_links":{"self":[{"href":"https:\/\/budapestgaleria.hu\/_\/wp-json\/wp\/v2\/pages\/9262","targetHints":{"allow":["GET"]}}],"collection":[{"href":"https:\/\/budapestgaleria.hu\/_\/wp-json\/wp\/v2\/pages"}],"about":[{"href":"https:\/\/budapestgaleria.hu\/_\/wp-json\/wp\/v2\/types\/page"}],"author":[{"embeddable":true,"href":"https:\/\/budapestgaleria.hu\/_\/wp-json\/wp\/v2\/users\/1"}],"replies":[{"embeddable":true,"href":"https:\/\/budapestgaleria.hu\/_\/wp-json\/wp\/v2\/comments?post=9262"}],"version-history":[{"count":0,"href":"https:\/\/budapestgaleria.hu\/_\/wp-json\/wp\/v2\/pages\/9262\/revisions"}],"up":[{"embeddable":true,"href":"https:\/\/budapestgaleria.hu\/_\/wp-json\/wp\/v2\/pages\/9226"}],"wp:attachment":[{"href":"https:\/\/budapestgaleria.hu\/_\/wp-json\/wp\/v2\/media?parent=9262"}],"curies":[{"name":"wp","href":"https:\/\/api.w.org\/{rel}","templated":true}]}}