{"id":9275,"date":"2015-02-02T14:44:40","date_gmt":"2015-02-02T14:44:40","guid":{"rendered":"http:\/\/budapestgaleria.hu\/_\/?page_id=9275"},"modified":"2015-02-02T14:44:40","modified_gmt":"2015-02-02T14:44:40","slug":"babinszky-csilla-finoman-lepkedj","status":"publish","type":"page","link":"https:\/\/budapestgaleria.hu\/_\/kiallitasok-2008-budapest-galeria\/babinszky-csilla-finoman-lepkedj\/","title":{"rendered":"Babinszky Csilla | Finoman l\u00e9pkedj"},"content":{"rendered":"<div class=\"wpb-content-wrapper\"><p>[vc_row row_type=&#8221;row&#8221; use_row_as_full_screen_section=&#8221;no&#8221; type=&#8221;grid&#8221; text_align=&#8221;left&#8221; background_image_as_pattern=&#8221;without_pattern&#8221;][vc_column width=&#8221;1\/1&#8243;][vc_empty_space height=&#8221;40px&#8221;][vc_column_text]<\/p>\n<h2 class=\"cim_1\">BABINSZKY CSILLA | Finoman l\u00e9pkedj<\/h2>\n<p>[\/vc_column_text][vc_empty_space height=&#8221;32px&#8221;][\/vc_column][\/vc_row][vc_row bgparallax=&#8221;parallax&#8221; contentwidth=&#8221;container&#8221; toppadding=&#8221;40&#8243; bottompadding=&#8221;10&#8243; border=&#8221;on&#8221; css=&#8221;.vc_custom_1420648296958{background-color: #ffffff !important;}&#8221; row_type=&#8221;row&#8221; use_row_as_full_screen_section=&#8221;no&#8221; type=&#8221;grid&#8221; text_align=&#8221;left&#8221; background_image_as_pattern=&#8221;without_pattern&#8221;][vc_column width=&#8221;1\/3&#8243; css=&#8221;.vc_custom_1420649554591{padding-right: 25px !important;}&#8221;][vc_column_text]<\/p>\n<p class=\"hely_bpgal\">Budapest Gal\u00e9ria<\/p>\n<p class=\"cim_bpgal\">1036 Budapest, Lajos utca 158.<\/p>\n<p class=\"datum_bpgal\">2008. okt\u00f3ber 9 \u2013 november 2.<\/p>\n<p>[\/vc_column_text][vc_column_text]<\/p>\n<p class=\"kiemeles_bpgal\">Megnyit\u00f3:<\/p>\n<p class=\"kurrens_bpgal\">2008. okt\u00f3ber 9., 17:00<\/p>\n<p class=\"kiemeles_bpgal\">Megnyitotta:<\/p>\n<p class=\"kurrens_bpgal\">HAJDU ISTV\u00c1N, m\u0171kritikus<\/p>\n<p>[\/vc_column_text][vc_empty_space height=&#8221;32px&#8221;][\/vc_column][vc_column width=&#8221;2\/3&#8243;][vc_column_text]\u201e(\u2026) \u00c9s hogy mi\u00e9rt festettem a k\u00f6vetkez\u0151 k\u00e9pre egy hatalmas tort\u00e1t ami mintha bumm, lezuhanna, \u00e9s amit k\u00f6rbevesz valami meghat\u00e1rozhatatlan \u00e1th\u00e1ghatatlan hom\u00e1ly vagy hat\u00e1r? R\u00e1nk esik a nagy torta. Nagy, s\u00falyos, ragad\u00f3s, cs\u00e1b\u00edt\u00f3\u2026. gusztusos. Szerettem volna festeni valami csillog\u00f3an, \u00e9rz\u00e9kien k\u00edv\u00e1natosat, egy s\u00fctem\u00e9ny teli gy\u00fcm\u00f6lcssel. \u00c9des, \u00e9s vonz\u00f3. De benne van egy burokban. Valami \u00e1th\u00e1ghatatlan burok veszi k\u00f6r\u00fcl. Sz\u00f3val valami miatt m\u00e9gsem tudjuk megenni. Pedig m\u00e1r \u00e9rezz\u00fck az \u00edz\u00e9t\u2026 Vajon nem t\u00f6rt\u00e9nt-e meg mindannyiunkkal m\u00e1r hogy \u00fagy \u00e9rezte, mintha az orra el\u0151tt lenne a \u00bbs\u00fctem\u00e9ny\u00ab a t\u00e1lc\u00e1n, de ahogy ny\u00falna \u00e9rte, valahogy sohasem \u00e9ri el? Mintha a t\u00e1vols\u00e1got k\u00f6zte \u00e9s a dolog k\u00f6z\u00f6tt fix\u00e1lt\u00e1k volna? Mintha csak odarakt\u00e1k volna megmutatni hogy van, de el nem \u00e9rheted? Valami ami megfoghatatlan. Valami amit nem tudsz \u00bbelkapni.\u00ab Mire elvenn\u00e9d mindig elh\u00fazz\u00e1k el\u0151led.(\u2026)\u201d[\/vc_column_text][vc_empty_space height=&#8221;20px&#8221;][\/vc_column][\/vc_row][vc_row row_type=&#8221;row&#8221; use_row_as_full_screen_section=&#8221;no&#8221; type=&#8221;grid&#8221; text_align=&#8221;left&#8221; background_image_as_pattern=&#8221;without_pattern&#8221;][vc_column width=&#8221;1\/1&#8243;][vc_empty_space height=&#8221;32px&#8221;][vc_empty_space height=&#8221;45px&#8221;][\/vc_column][\/vc_row]<\/p>\n<\/div>","protected":false},"excerpt":{"rendered":"<p>[vc_row row_type=&#8221;row&#8221; use_row_as_full_screen_section=&#8221;no&#8221; type=&#8221;grid&#8221; text_align=&#8221;left&#8221; background_image_as_pattern=&#8221;without_pattern&#8221;][vc_column width=&#8221;1\/1&#8243;][vc_empty_space height=&#8221;40px&#8221;][vc_column_text] BABINSZKY CSILLA | Finoman l\u00e9pkedj [\/vc_column_text][vc_empty_space height=&#8221;32px&#8221;][\/vc_column][\/vc_row][vc_row&#8230;<\/p>\n","protected":false},"author":1,"featured_media":0,"parent":9226,"menu_order":17,"comment_status":"open","ping_status":"open","template":"full_width.php","meta":{"inline_featured_image":false,"loftloader_pro_show_once":"","loftloader_pro_page_shortcode":"","footnotes":""},"class_list":["post-9275","page","type-page","status-publish","hentry"],"_links":{"self":[{"href":"https:\/\/budapestgaleria.hu\/_\/wp-json\/wp\/v2\/pages\/9275","targetHints":{"allow":["GET"]}}],"collection":[{"href":"https:\/\/budapestgaleria.hu\/_\/wp-json\/wp\/v2\/pages"}],"about":[{"href":"https:\/\/budapestgaleria.hu\/_\/wp-json\/wp\/v2\/types\/page"}],"author":[{"embeddable":true,"href":"https:\/\/budapestgaleria.hu\/_\/wp-json\/wp\/v2\/users\/1"}],"replies":[{"embeddable":true,"href":"https:\/\/budapestgaleria.hu\/_\/wp-json\/wp\/v2\/comments?post=9275"}],"version-history":[{"count":0,"href":"https:\/\/budapestgaleria.hu\/_\/wp-json\/wp\/v2\/pages\/9275\/revisions"}],"up":[{"embeddable":true,"href":"https:\/\/budapestgaleria.hu\/_\/wp-json\/wp\/v2\/pages\/9226"}],"wp:attachment":[{"href":"https:\/\/budapestgaleria.hu\/_\/wp-json\/wp\/v2\/media?parent=9275"}],"curies":[{"name":"wp","href":"https:\/\/api.w.org\/{rel}","templated":true}]}}