{"id":9289,"date":"2015-02-02T15:07:51","date_gmt":"2015-02-02T15:07:51","guid":{"rendered":"http:\/\/budapestgaleria.hu\/_\/?page_id=9289"},"modified":"2015-02-02T15:09:03","modified_gmt":"2015-02-02T15:09:03","slug":"szuppan-iren-textilmuvesz-kiallitasa","status":"publish","type":"page","link":"https:\/\/budapestgaleria.hu\/_\/kiallitasok-2008-budapest-galeria\/szuppan-iren-textilmuvesz-kiallitasa\/","title":{"rendered":"Szupp\u00e1n Ir\u00e9n textilm\u0171v\u00e9sz ki\u00e1ll\u00edt\u00e1sa"},"content":{"rendered":"<div class=\"wpb-content-wrapper\"><p>[vc_row row_type=&#8221;row&#8221; use_row_as_full_screen_section=&#8221;no&#8221; type=&#8221;grid&#8221; text_align=&#8221;left&#8221; background_image_as_pattern=&#8221;without_pattern&#8221;][vc_column width=&#8221;1\/1&#8243;][vc_empty_space height=&#8221;40px&#8221;][vc_column_text]<\/p>\n<h2 class=\"cim_1\">Szupp\u00e1n Ir\u00e9n textilm\u0171v\u00e9sz ki\u00e1ll\u00edt\u00e1sa<\/h2>\n<p>[\/vc_column_text][vc_empty_space height=&#8221;32px&#8221;][\/vc_column][\/vc_row][vc_row bgparallax=&#8221;parallax&#8221; contentwidth=&#8221;container&#8221; toppadding=&#8221;40&#8243; bottompadding=&#8221;10&#8243; border=&#8221;on&#8221; css=&#8221;.vc_custom_1420648296958{background-color: #ffffff !important;}&#8221; row_type=&#8221;row&#8221; use_row_as_full_screen_section=&#8221;no&#8221; type=&#8221;grid&#8221; text_align=&#8221;left&#8221; background_image_as_pattern=&#8221;without_pattern&#8221;][vc_column width=&#8221;1\/3&#8243; css=&#8221;.vc_custom_1420649554591{padding-right: 25px !important;}&#8221;][vc_column_text]<\/p>\n<p class=\"hely_bpgal\">Budapest Gal\u00e9ria<\/p>\n<p class=\"cim_bpgal\">1036 Budapest, Lajos utca 158.<\/p>\n<p class=\"datum_bpgal\">2008. december 4 \u2013 2009 janu\u00e1r 4.<\/p>\n<p>[\/vc_column_text][vc_column_text]<\/p>\n<p class=\"kiemeles_bpgal\">Megnyit\u00f3:<\/p>\n<p class=\"kurrens_bpgal\">2008. december 4. (cs\u00fct\u00f6rt\u00f6k), 17:00<\/p>\n<p class=\"kiemeles_bpgal\">Megnyitotta:<\/p>\n<p class=\"kurrens_bpgal\">MIH\u00c1LY M\u00c1RIA, Sz\u00e9pm\u0171v\u00e9szeti M\u00fazeum f\u0151igazgat\u00f3-helyettese<\/p>\n<p>[\/vc_column_text][vc_empty_space height=&#8221;32px&#8221;][\/vc_column][vc_column width=&#8221;2\/3&#8243;][vc_column_text]A Budapest Gal\u00e9ri\u00e1ban 30 \u00e9v munk\u00e1ss\u00e1g\u00e1t fogom bemutatni. Falik\u00e1rpitjaim IKAT technik\u00e1val k\u00e9sz\u00edtem. Ez az indiai szigetvil\u00e1gb\u00f3l sz\u00e1rmaz\u00f3 gy\u00f6ny\u00f6r\u0171 textilfest\u00e9si elj\u00e1r\u00e1s a k\u00e9zifest\u00e9s \u00e9s a sz\u00f6v\u00e9s \u00e9rdekes egy\u00fcttese. \u00c9n a l\u00e1ncfonalak fest\u00e9s\u00e9t alkalmazom. A vet\u00fcl\u00e9k mindig festetlen, csak a fonal vastags\u00e1g\u00e1t v\u00e1ltoztatom.<br \/>\nT\u00f6bb \u00e9vtized ut\u00e1n m\u00e9g ma is fedezek fel \u00fajabb lehet\u0151s\u00e9geket \u00e9s sz\u00e9ps\u00e9geket ebben az \u0151si technik\u00e1ban.<\/p>\n<p>Szupp\u00e1n Ir\u00e9n textilm\u0171v\u00e9sz<br \/>\n<strong>1927<\/strong> \u00e1prilis 27-\u00e9n sz\u00fcletett Hossz\u00fahet\u00e9nyben<br \/>\n<strong>1952<\/strong>-ben diplom\u00e1zott a Magyar Iparm\u0171v\u00e9szeti F\u0151iskol\u00e1n, textil szakon<\/p>\n<p><strong>D\u00cdJAK, KIT\u00dcNTET\u00c9SEK<\/strong><br \/>\n<strong>1968<\/strong> Munk\u00e1csy-d\u00edj<br \/>\n<strong>1970<\/strong> Az I. Fal- \u00e9s T\u00e9rtextil Bienn\u00e1le III. d\u00edja, Szombathely<br \/>\n<strong>1982<\/strong> \u00c9rdemes M\u0171v\u00e9sz kit\u00fcntet\u00e9s<br \/>\n<strong>1994<\/strong> 13. Textil Bienn\u00e1le, Vas megye d\u00edja, Szombathely<br \/>\n<strong>2003<\/strong> \u201ePELSO\u201d Balaton M\u00fazeum, Keszthely, M\u0171vel\u0151d\u00e9si Miniszt\u00e9rium d\u00edja<br \/>\n<strong>2006<\/strong> Kiv\u00e1l\u00f3 M\u0171v\u00e9sz kit\u00fcntet\u00e9s<br \/>\n<strong>2006<\/strong> Az \u00c9v Iparm\u0171v\u00e9sze kit\u00fcntet\u00e9s, MAOE<\/p>\n<p><strong>EGY\u00c9NI KI\u00c1LL\u00cdT\u00c1SAI<\/strong><br \/>\n<strong>1960<\/strong> F\u00e9nyes Adolf Terem<br \/>\n(Engelsz J\u00f3zsef \u00f6tv\u00f6sm\u0171v\u00e9sszel), Budapest<br \/>\n<strong>1967<\/strong> Hlavniho Mesta Galeria<br \/>\n(Szab\u00f3 Erzs\u00e9bet \u00fcvegm\u0171v\u00e9sszel), Pr\u00e1ga<br \/>\n<strong>1975<\/strong> Cs\u00f3k Istv\u00e1n Gal\u00e9ria, Budapest<br \/>\n<strong>1976<\/strong> G\u00f6r\u00f6g Templom, V\u00e1c<br \/>\n<strong>1977<\/strong> K\u00e9k Iskola, Dunakeszi<br \/>\n<strong>1978<\/strong> M\u0171vel\u0151d\u00e9si H\u00e1z, Budapest<br \/>\n<strong>1979<\/strong> M\u0171vel\u0151d\u00e9si H\u00e1z, Duna\u00fajv\u00e1ros<br \/>\n<strong>1981<\/strong> Medny\u00e1nszky Terem, Budapest<br \/>\n<strong>1982<\/strong> Iskola Gal\u00e9ria, Dunakeszi<br \/>\n<strong>1984<\/strong> V\u00e1rosi M\u0171vel\u0151d\u00e9si K\u00f6zpont, M\u00f3r<br \/>\n<strong>1989<\/strong> Sala \u201eLes Arbres\u201d, Lyon Charbonniers-Les Bains, Franciaorsz\u00e1g<br \/>\nAdy Endre M\u0171vel\u0151d\u00e9si H\u00e1z, N\u00e1dudvar<br \/>\n<strong>1991<\/strong> K\u00e9pcsarnok, Sz\u00e9kesfeh\u00e9rv\u00e1r<br \/>\n<strong>2001<\/strong> G\u00f6d\u00f6ll\u0151i Iparm\u0171v\u00e9szeti M\u0171hely<br \/>\n<strong>2002<\/strong> Farkas Ferenc Zeneiskola. Dunakeszi<br \/>\n<strong>2008<\/strong> K\u00e9pcsarnok, Ferenczy K\u00e1roly Gal\u00e9ria, P\u00e9cs<br \/>\n<strong>2008<\/strong> Stoll Art Gal\u00e9ria (Polg\u00e1r R\u00f3zsa textilm\u0171v\u00e9sszel)<\/p>\n<p><strong>V\u00c1LOGAT\u00c1S A CSOPORTOS KI\u00c1LL\u00cdT\u00c1SOKB\u00d3L<\/strong><br \/>\n<strong>1959<\/strong> IV. Orsz\u00e1gos Iparm\u0171v\u00e9szeti Ki\u00e1ll\u00edt\u00e1s, M\u0171csarnok, Budapest<br \/>\n<strong>1968<\/strong> Textil Falik\u00e9p \u201968, Ernst M\u00fazeum, Budapest<br \/>\n<strong>1970<\/strong> I. Fal- \u00e9s T\u00e9rtextil Bienn\u00e1le, Savaria M\u00fazeum, Szombathely<br \/>\n<strong>1972<\/strong> II. Fal- \u00e9s T\u00e9rtextil Bienn\u00e1le, Savaria M\u00fazeum, Szombathely<br \/>\n<strong>1973<\/strong> Hungarian Textiles Exhibition, Manchester Polytechnic, Manchester<br \/>\n<strong>1974<\/strong> The First World Crafts Exhibition, Ontario Science Center, Toronto<br \/>\n<strong>1975<\/strong> Jubileumi Iparm\u0171v\u00e9szeti Ki\u00e1ll\u00edt\u00e1s, M\u0171csarnok, Budapest<br \/>\n<strong>1976<\/strong> Textilgrafika, Magyar Nemzeti Gal\u00e9ria, Budapest<br \/>\n<strong>1977<\/strong> Unkarin tekstiilitaidetta t\u00e4n\u00e4\u00e4n Ungersk textilkonst i dag,<br \/>\nAmos Anderson Museum, Helsinki<br \/>\n<strong>1978<\/strong> II. Quadriennale des Kunsthandwerks Socialistischer L\u00e4nder, Erfurth<br \/>\n<strong>1980<\/strong> VI. Fal- \u00e9s T\u00e9rtextil Bienn\u00e1le + Gobelin, Savaria M\u00fazeum, Szombathely<br \/>\n<strong>1983<\/strong> Orsz\u00e1gos Iparm\u0171v\u00e9szeti ki\u00e1ll\u00edt\u00e1s A tervez\u00e9s \u00e9rt\u00e9kteremt\u00e9s, M\u0171csarnok, Budapest<br \/>\n<strong>1988<\/strong> Eleven textil 1968-1978-1988. V\u00e1logat\u00e1s a modern textilm\u0171v\u00e9szet alkot\u00e1sokb\u00f3l, M\u0171csarnok, Budapest<br \/>\n<strong>1990<\/strong> Pest megyei Iparm\u0171v\u00e9szeti Ki\u00e1ll\u00edt\u00e1s, K\u00e9pt\u00e1r, Szentendre<br \/>\n<strong>1994<\/strong> 13. Magyar Textil Bienn\u00e1le, Szombathely<br \/>\n<strong>1998<\/strong> \u00f3ta tagja vagyok a G\u00f6d\u00f6ll\u0151i Iparm\u0171v\u00e9szeti M\u0171helynek, \u00e9s r\u00e9szt veszek minden \u00e9vben a rendezv\u00e9nyeiken.<br \/>\n<strong>2003<\/strong> PELSO Balaton M\u00fazeum, Keszthely[\/vc_column_text][vc_empty_space height=&#8221;20px&#8221;][\/vc_column][\/vc_row][vc_row row_type=&#8221;row&#8221; use_row_as_full_screen_section=&#8221;no&#8221; type=&#8221;grid&#8221; text_align=&#8221;left&#8221; background_image_as_pattern=&#8221;without_pattern&#8221;][vc_column width=&#8221;1\/1&#8243;][vc_empty_space height=&#8221;32px&#8221;][vc_empty_space height=&#8221;45px&#8221;][\/vc_column][\/vc_row][vc_row][vc_column][vc_column_text][\/vc_column_text][\/vc_column][\/vc_row]<\/p>\n<\/div>","protected":false},"excerpt":{"rendered":"<p>[vc_row row_type=&#8221;row&#8221; use_row_as_full_screen_section=&#8221;no&#8221; type=&#8221;grid&#8221; text_align=&#8221;left&#8221; background_image_as_pattern=&#8221;without_pattern&#8221;][vc_column width=&#8221;1\/1&#8243;][vc_empty_space height=&#8221;40px&#8221;][vc_column_text] Szupp\u00e1n Ir\u00e9n textilm\u0171v\u00e9sz ki\u00e1ll\u00edt\u00e1sa [\/vc_column_text][vc_empty_space height=&#8221;32px&#8221;][\/vc_column][\/vc_row][vc_row bgparallax=&#8221;parallax&#8221;&#8230;<\/p>\n","protected":false},"author":1,"featured_media":0,"parent":9226,"menu_order":21,"comment_status":"open","ping_status":"open","template":"full_width.php","meta":{"inline_featured_image":false,"loftloader_pro_show_once":"","loftloader_pro_page_shortcode":"","footnotes":""},"class_list":["post-9289","page","type-page","status-publish","hentry"],"_links":{"self":[{"href":"https:\/\/budapestgaleria.hu\/_\/wp-json\/wp\/v2\/pages\/9289","targetHints":{"allow":["GET"]}}],"collection":[{"href":"https:\/\/budapestgaleria.hu\/_\/wp-json\/wp\/v2\/pages"}],"about":[{"href":"https:\/\/budapestgaleria.hu\/_\/wp-json\/wp\/v2\/types\/page"}],"author":[{"embeddable":true,"href":"https:\/\/budapestgaleria.hu\/_\/wp-json\/wp\/v2\/users\/1"}],"replies":[{"embeddable":true,"href":"https:\/\/budapestgaleria.hu\/_\/wp-json\/wp\/v2\/comments?post=9289"}],"version-history":[{"count":0,"href":"https:\/\/budapestgaleria.hu\/_\/wp-json\/wp\/v2\/pages\/9289\/revisions"}],"up":[{"embeddable":true,"href":"https:\/\/budapestgaleria.hu\/_\/wp-json\/wp\/v2\/pages\/9226"}],"wp:attachment":[{"href":"https:\/\/budapestgaleria.hu\/_\/wp-json\/wp\/v2\/media?parent=9289"}],"curies":[{"name":"wp","href":"https:\/\/api.w.org\/{rel}","templated":true}]}}