{"id":9311,"date":"2015-02-20T09:34:38","date_gmt":"2015-02-20T09:34:38","guid":{"rendered":"http:\/\/budapestgaleria.hu\/_\/?page_id=9311"},"modified":"2015-02-20T09:34:38","modified_gmt":"2015-02-20T09:34:38","slug":"fener-tamas-buntetes","status":"publish","type":"page","link":"https:\/\/budapestgaleria.hu\/_\/kiallitasok-2006-budapest-galeria\/fener-tamas-buntetes\/","title":{"rendered":"F\u00e9ner Tam\u00e1s | B\u00fcntet\u00e9s"},"content":{"rendered":"<div class=\"wpb-content-wrapper\"><p>[vc_row row_type=&#8221;row&#8221; use_row_as_full_screen_section=&#8221;no&#8221; type=&#8221;grid&#8221; text_align=&#8221;left&#8221; background_image_as_pattern=&#8221;without_pattern&#8221;][vc_column width=&#8221;1\/1&#8243;][vc_empty_space height=&#8221;40px&#8221;][vc_column_text]<\/p>\n<h2 class=\"cim_1\">F\u00c9NER TAM\u00c1S | B\u00fcntet\u00e9s<\/h2>\n<p>[\/vc_column_text][vc_empty_space height=&#8221;32px&#8221;][\/vc_column][\/vc_row][vc_row bgparallax=&#8221;parallax&#8221; contentwidth=&#8221;container&#8221; toppadding=&#8221;40&#8243; bottompadding=&#8221;10&#8243; border=&#8221;on&#8221; css=&#8221;.vc_custom_1420648296958{background-color: #ffffff !important;}&#8221; row_type=&#8221;row&#8221; use_row_as_full_screen_section=&#8221;no&#8221; type=&#8221;grid&#8221; text_align=&#8221;left&#8221; background_image_as_pattern=&#8221;without_pattern&#8221;][vc_column width=&#8221;1\/3&#8243; css=&#8221;.vc_custom_1420649554591{padding-right: 25px !important;}&#8221;][vc_column_text]<\/p>\n<p class=\"hely_bpgal\">Budapest Gal\u00e9ria<\/p>\n<p class=\"cim_bpgal\">1036 Budapest, Lajos utca 158.<\/p>\n<p class=\"datum_bpgal\">2006. febru\u00e1r 23 \u2013 m\u00e1rcius 19.<\/p>\n<p>[\/vc_column_text][vc_column_text]<\/p>\n<p class=\"kiemeles_bpgal\">Megnyit\u00f3:<\/p>\n<p class=\"kurrens_bpgal\">2006. febru\u00e1r 23. (cs\u00fct\u00f6rt\u00f6k), 17 \u00f3ra<\/p>\n<p class=\"kiemeles_bpgal\">Megnyitotta:<\/p>\n<p class=\"kurrens_bpgal\">DR. B\u00d6K\u00d6NYI ISTV\u00c1N, bv. alt\u00e1bornagy, Orsz\u00e1gos Parancsnok<\/p>\n<p>[\/vc_column_text][vc_empty_space height=&#8221;32px&#8221;][\/vc_column][vc_column width=&#8221;2\/3&#8243;][vc_column_text]\u201eF\u00e9ner Tam\u00e1s fotoriporter vagyok. Budapesten sz\u00fclettem 1938-ban. A sajt\u00f3ban dolgozom 1957 \u00f3ta. Fot\u00f3riporteri munk\u00e1ss\u00e1gom mellett rendszeresen szerepelek ki\u00e1ll\u00edt\u00f3k\u00e9nt, k\u00f6nyvk\u00e9sz\u00edt\u0151k\u00e9t. Eddig 17 \u00f6n\u00e1ll\u00f3 ki\u00e1ll\u00edt\u00e1som volt. A k\u00e9peket mintegy m\u00e1sf\u00e9lsz\u00e1z alkalommal itthon, \u00e9s tal\u00e1n h\u00fasz alkalommal k\u00fclf\u00f6ld\u00f6n mutatt\u00e1k be. H\u00e9t k\u00f6tetem jelent meg. Legut\u00f3bb szerkeszt\u00e9semben jelent meg az MTI arch\u00edvum\u00e1nak egy r\u00e9sz\u00e9t bemutat\u00f3 k\u00f6tet. Egy\u00e9bk\u00e9nt az MTI munkat\u00e1rsa vagyok, szerz\u0151d\u00e9ses fot\u00f3riporterk\u00e9nt \u00e9s k\u00e9pszerkeszt\u0151k\u00e9nt. Munk\u00e1ss\u00e1gom\u00e9rt Bal\u00e1zs B\u00e9la, SZOT- \u00e9s Budapest\u00e9rt d\u00edjat, az \u00c9rdemes- \u00e9s a Kiv\u00e1l\u00f3 m\u0171v\u00e9sz c\u00edmet nyertem el. Ez ut\u00f3bbit 2005. m\u00e1rcius 15-\u00e9n.<br \/>\nA magyarorsz\u00e1gi b\u00f6rt\u00f6n\u00f6ket j\u00e1rom v\u00e9gig. H\u0171v\u00f6s, t\u00e1vols\u00e1gtart\u00f3, m\u00e1r-m\u00e1r eszt\u00e9tiz\u00e1l\u00f3 k\u00e9pekben mutatom be az \u00e9p\u00edt\u00e9szeti saj\u00e1toss\u00e1gokat, \u00e9s ugyanakkor a fogva tart\u00e1s napi gyakorlat\u00e1hoz tartoz\u00f3 t\u00e1rgyi vil\u00e1got. \u00c9rzelg\u0151ss\u00e9g n\u00e9lk\u00fcl szeretn\u00e9m \u00e9rz\u00e9keltetni elemi felh\u00e1borod\u00e1somat azon, hogy elismerve a t\u00e1rsadalom \u00f6nv\u00e9delm\u00e9nek jogoss\u00e1g\u00e1t, a kir\u00f3tt b\u00fcntet\u00e9shez adott esetben fogalmilag nem tartoz\u00f3 m\u00f3don milyen k\u00f6r\u00fclm\u00e9nyek k\u00f6z\u00f6tt lehet embereket fogva tartani. Tiszt\u00e1ban vagyok azzal, hogy a t\u00e1rsadalom teherb\u00edr\u00f3 k\u00e9pess\u00e9ge v\u00e9ges. M\u00e9gis: egy olyan tot\u00e1lis rendszerben, mint az \u00edt\u00e9let v\u00e9grehajt\u00e1s, a tot\u00e1lisan kiszolg\u00e1ltatott emberrel szemben nincs helye olyan gazdas\u00e1gi racionalit\u00e1snak, mely nem a t\u00f6rv\u00e9ny \u00e1ltal kiszabott minimum megad\u00e1s\u00e1b\u00f3l indul ki. Minden felel\u0151tlen int\u00e9zked\u00e9s a b\u00fcntet\u00e9s-v\u00e9grehajt\u00e1s legfontosabb c\u00e9lj\u00e1t, az elit\u00e9lt visszavezet\u00e9s\u00e9t a t\u00e1radalomba vesz\u00e9lyezteti felel\u0151tlen\u00fcl, \u00e9rz\u00e9ketlen\u00fcl. Hangs\u00falyozom: a k\u00e9peken elhat\u00e1rozottan nincs ember. A t\u00e1vollev\u0151 nyoma \u2013 Derrida-i fogalommal trace \u2013\u00a0hiteles\u00edti sz\u00e1momra jelenl\u00e9t\u00e9t.\u201d[\/vc_column_text][vc_empty_space height=&#8221;20px&#8221;][\/vc_column][\/vc_row][vc_row row_type=&#8221;row&#8221; use_row_as_full_screen_section=&#8221;no&#8221; type=&#8221;grid&#8221; text_align=&#8221;left&#8221; background_image_as_pattern=&#8221;without_pattern&#8221;][vc_column width=&#8221;1\/1&#8243;][vc_empty_space height=&#8221;32px&#8221;][vc_empty_space height=&#8221;45px&#8221;][\/vc_column][\/vc_row]<\/p>\n<\/div>","protected":false},"excerpt":{"rendered":"<p>[vc_row row_type=&#8221;row&#8221; use_row_as_full_screen_section=&#8221;no&#8221; type=&#8221;grid&#8221; text_align=&#8221;left&#8221; background_image_as_pattern=&#8221;without_pattern&#8221;][vc_column width=&#8221;1\/1&#8243;][vc_empty_space height=&#8221;40px&#8221;][vc_column_text] F\u00c9NER TAM\u00c1S | B\u00fcntet\u00e9s [\/vc_column_text][vc_empty_space height=&#8221;32px&#8221;][\/vc_column][\/vc_row][vc_row bgparallax=&#8221;parallax&#8221;&#8230;<\/p>\n","protected":false},"author":1,"featured_media":0,"parent":9309,"menu_order":0,"comment_status":"open","ping_status":"open","template":"full_width.php","meta":{"inline_featured_image":false,"loftloader_pro_show_once":"","loftloader_pro_page_shortcode":"","footnotes":""},"class_list":["post-9311","page","type-page","status-publish","hentry"],"_links":{"self":[{"href":"https:\/\/budapestgaleria.hu\/_\/wp-json\/wp\/v2\/pages\/9311","targetHints":{"allow":["GET"]}}],"collection":[{"href":"https:\/\/budapestgaleria.hu\/_\/wp-json\/wp\/v2\/pages"}],"about":[{"href":"https:\/\/budapestgaleria.hu\/_\/wp-json\/wp\/v2\/types\/page"}],"author":[{"embeddable":true,"href":"https:\/\/budapestgaleria.hu\/_\/wp-json\/wp\/v2\/users\/1"}],"replies":[{"embeddable":true,"href":"https:\/\/budapestgaleria.hu\/_\/wp-json\/wp\/v2\/comments?post=9311"}],"version-history":[{"count":0,"href":"https:\/\/budapestgaleria.hu\/_\/wp-json\/wp\/v2\/pages\/9311\/revisions"}],"up":[{"embeddable":true,"href":"https:\/\/budapestgaleria.hu\/_\/wp-json\/wp\/v2\/pages\/9309"}],"wp:attachment":[{"href":"https:\/\/budapestgaleria.hu\/_\/wp-json\/wp\/v2\/media?parent=9311"}],"curies":[{"name":"wp","href":"https:\/\/api.w.org\/{rel}","templated":true}]}}