{"id":9315,"date":"2015-02-20T11:31:30","date_gmt":"2015-02-20T11:31:30","guid":{"rendered":"http:\/\/budapestgaleria.hu\/_\/?page_id=9315"},"modified":"2015-03-09T22:40:22","modified_gmt":"2015-03-09T22:40:22","slug":"kepgrafika-1906-2006-100-eves-a-grafikaoktatas-a-magyar-kepzomuveszeti-egyetemen","status":"publish","type":"page","link":"https:\/\/budapestgaleria.hu\/_\/kiallitasok-2006-budapest-galeria\/kepgrafika-1906-2006-100-eves-a-grafikaoktatas-a-magyar-kepzomuveszeti-egyetemen\/","title":{"rendered":"K\u00e9pgrafika 1906\u20132006 | 100 \u00e9ves a grafikaoktat\u00e1s a Magyar K\u00e9pz\u0151m\u0171v\u00e9szeti Egyetemen"},"content":{"rendered":"<div class=\"wpb-content-wrapper\"><p>[vc_row row_type=&#8221;row&#8221; use_row_as_full_screen_section=&#8221;no&#8221; type=&#8221;grid&#8221; text_align=&#8221;left&#8221; background_image_as_pattern=&#8221;without_pattern&#8221;][vc_column width=&#8221;1\/1&#8243;][vc_empty_space height=&#8221;40px&#8221;][vc_column_text]<\/p>\n<h2 class=\"cim_1\">K\u00e9pgrafika 1906-2006 | 100 \u00e9ves a grafikaoktat\u00e1s a Magyar K\u00e9pz\u0151m\u0171v\u00e9szeti Egyetemen<\/h2>\n<p>[\/vc_column_text][vc_empty_space height=&#8221;32px&#8221;][\/vc_column][\/vc_row][vc_row bgparallax=&#8221;parallax&#8221; contentwidth=&#8221;container&#8221; toppadding=&#8221;40&#8243; bottompadding=&#8221;10&#8243; border=&#8221;on&#8221; css=&#8221;.vc_custom_1420648296958{background-color: #ffffff !important;}&#8221; row_type=&#8221;row&#8221; use_row_as_full_screen_section=&#8221;no&#8221; type=&#8221;grid&#8221; text_align=&#8221;left&#8221; background_image_as_pattern=&#8221;without_pattern&#8221;][vc_column width=&#8221;1\/3&#8243; css=&#8221;.vc_custom_1420649554591{padding-right: 25px !important;}&#8221;][vc_column_text]<\/p>\n<p class=\"hely_bpgal\">Budapest Gal\u00e9ria<\/p>\n<p class=\"cim_bpgal\">1036 Budapest, Lajos utca 158.<\/p>\n<p class=\"datum_bpgal\">2006. m\u00e1rcius 23 \u2013\u00e1prilis 23.<\/p>\n<p>[\/vc_column_text][vc_column_text]<\/p>\n<p class=\"kiemeles_bpgal\">Megnyit\u00f3:<\/p>\n<p class=\"kurrens_bpgal\">2006. m\u00e1rcius 23. (cs\u00fct\u00f6rt\u00f6k), 17:00<\/p>\n<p class=\"kiemeles_bpgal\">Megnyitotta:<\/p>\n<p class=\"kurrens_bpgal\">SOMORJAI KISS TIBOR, tansz\u00e9kvezet\u0151<\/p>\n<p>[\/vc_column_text][vc_empty_space height=&#8221;32px&#8221;][\/vc_column][vc_column width=&#8221;2\/3&#8243;][vc_column_text]A 2006-os esztend\u0151 jelent\u0151s \u00e9vfordul\u00f3ja a magyar grafika t\u00f6rt\u00e9net\u00e9nek.<\/p>\n<p>1906-ban, sz\u00e1z \u00e9ve &#8211; a jelent\u0151s grafikai m\u00falttal \u00e9s pedag\u00f3gia gyakorlattal rendelkez\u0151 M\u00fcnchenben tanult mester &#8211; Olgyai Viktor ind\u00edtotta be a Magyar K\u00e9pz\u0151m\u0171v\u00e9szeti Egyetem jogel\u0151dj\u00e9nek sz\u00e1m\u00edt\u00f3 Mintarajziskol\u00e1ban a grafika szaktanfolyamot.<\/p>\n<p>Ez a ki\u00e1ll\u00edt\u00e1s az els\u0151 \u00e1llom\u00e1sa a sz\u00e1z\u00e9ves \u00e9vfordul\u00f3t meg\u00fcnnepl\u0151 t\u00e1rlatsorozatnak. A sorozat megk\u00eds\u00e9rli m\u00e9lt\u00f3k\u00e9ppen bemutatni a hazai grafikaoktat\u00e1s eredm\u00e9nyeit, alakul\u00e1s\u00e1t.<\/p>\n<p>Olgyai Viktor ut\u00e1n Varga N\u00e1ndor Lajosnak tartozunk k\u00f6sz\u00f6nettel, aki nagytud\u00e1s\u00fa grafikus \u00e9s kiv\u00e1l\u00f3 oktat\u00f3k\u00e9nt a grafikai oszt\u00e1lyt vezette, \u00e9s l\u00e9trehozta a k\u00e9pgrafika arch\u00edvum alap\u00e1llom\u00e1ny\u00e1t is hatvan \u00e9vvel ezel\u0151tt, amely m\u00e1ra rendk\u00edv\u00fcl fontos gy\u0171jtem\u00e9nny\u00e9 gyarapodott.<\/p>\n<p>A folyamatosan b\u0151v\u00fcl\u0151 grafikai arch\u00edvumot a K\u00e9pz\u0151m\u0171v\u00e9szeti Egyetem k\u00f6nyvt\u00e1ra gondozza.<br \/>\nAz Egyetem Barcsay term\u00e9ben, j\u00f6v\u0151re egy \u00f6sszegz\u0151, sz\u00e1z \u00e9vet \u00e1tfog\u00f3 ki\u00e1ll\u00edt\u00e1son a kort\u00e1rs anyag mellett megtekinthet\u0151 lesz az arch\u00edvum nagy r\u00e9sze is.<\/p>\n<p>A 100 \u00e9ves a grafikaoktat\u00e1s programsorozat nyit\u00e1ny\u00e1nak is tekinthet\u0151 ki\u00e1ll\u00edt\u00e1s eligaz\u00edt\u00e1st ny\u00fajthat a kort\u00e1rs magyar k\u00e9pgrafika megismer\u00e9s\u00e9hez.<\/p>\n<p>A hagyom\u00e1nyos grafikai elj\u00e1r\u00e1sok ma is meg\u00e1llj\u00e1k a hely\u00fcket b\u00e1rmely k\u00e9pz\u0151m\u0171v\u00e9szeti seregszeml\u00e9n, mint egy saj\u00e1tos transzform\u00e1ci\u00f3s nyelvvel \u00e9s kimer\u00edthetetlen lehet\u0151s\u00e9gekkel rendelkez\u0151 vizu\u00e1lis m\u0171v\u00e9szeti \u00e1g.<\/p>\n<p>Vir\u00e1gkorukat \u00e9lik ma a k\u00e9zm\u0171ves technik\u00e1k, szinte ellenreakci\u00f3jak\u00e9nt a digitaliz\u00e1ci\u00f3nak, de ez term\u00e9szetesen nem jelenti azt, hogy a k\u00e9pgrafikus elvetn\u00e9 a technik\u00e1t, csak szeret olyan anyagokkal dolgozni melyek nem virtu\u00e1lisak hanem tapinthat\u00f3ak.<\/p>\n<p>Az anyagszer\u0171s\u00e9g miatt intim \u00e9s var\u00e1zslatos egy\u00e9ni vil\u00e1gok j\u00f6nnek l\u00e9tre a grafikai lapokon.<br \/>\nA ki\u00e1ll\u00edt\u00f3hely m\u00e9rete, adotts\u00e1ga alapj\u00e1n v\u00e1logattuk az anyagot, 123 grafika szerepel a t\u00e1rlaton 81 alkot\u00f3t\u00f3l.<\/p>\n<p>F\u0151 szempontk\u00e9nt el\u0151t\u00e9rbe \u00e1ll\u00edtottuk a grafikai nyelvezet gazdags\u00e1g\u00e1nak, soksz\u00edn\u0171s\u00e9g\u00e9nek bemutat\u00e1s\u00e1t: a monokr\u00f3mt\u00f3l a sz\u00ednes grafik\u00e1kig, a kism\u00e9ret\u0171 mezzotintot\u00f3l a nagym\u00e9ret\u0171 k\u0151nyomatokig, a lin\u00f3 \u00e9s fametszett\u0151l, a r\u00e9zkarcon \u00e9s a litogr\u00e1fi\u00e1n \u00e1t a szitanyom\u00e1sig, a k\u00fcl\u00f6nb\u00f6z\u0151 t\u00e9mavil\u00e1gok \u00e9s megk\u00f6zel\u00edt\u00e9seken \u00e1t a figurat\u00edv megfogalmaz\u00e1sokt\u00f3l az absztraktig. Egy sz\u00e9les spektrum a tansz\u00e9k m\u0171helyeiben k\u00e9sz\u00fclt munk\u00e1kb\u00f3l.<\/p>\n<p>A ki\u00e1ll\u00edt\u00e1s anyag\u00e1t a 2001 \u00e9s 2006 k\u00f6z\u00f6tt diplom\u00e1zottak munk\u00e1inak v\u00e1logatott anyaga, a jelenlegi \u00e9vfolyamok hallgat\u00f3inak munk\u00e1i \u00e9s az eml\u00edtett id\u0151szakban oktat\u00f3 tan\u00e1rok egy-egy munk\u00e1ja k\u00e9pezi.<br \/>\nA hallgat\u00f3i anyag egy r\u00e9sz\u00e9t a \u201eK\u00c9P A K\u00c9PBEN\u201d c\u00edm\u0171 tansz\u00e9ki p\u00e1ly\u00e1zatra be\u00e9rkezet munk\u00e1k alkotj\u00e1k.<\/p>\n<p>Egy olyan alkot\u00f3i m\u0171helyr\u0151l kapunk \u00e9letjelet, ahol \u00e1polj\u00e1k a magyar grafika hagyom\u00e1nyait, ugyanakkor szabad teret engednek \u00e9rt\u00e9kes m\u0171v\u00e9szi kezdem\u00e9nyez\u00e9seknek az alkot\u00f3i szem\u00e9lyis\u00e9g kialakul\u00e1s\u00e1nak a t\u00e1mogat\u00e1s\u00e1n kereszt\u00fcl.[\/vc_column_text][vc_empty_space height=&#8221;20px&#8221;][\/vc_column][\/vc_row][vc_row row_type=&#8221;row&#8221; use_row_as_full_screen_section=&#8221;no&#8221; type=&#8221;grid&#8221; text_align=&#8221;left&#8221; background_image_as_pattern=&#8221;without_pattern&#8221;][vc_column width=&#8221;1\/1&#8243;][vc_empty_space height=&#8221;32px&#8221;][vc_empty_space height=&#8221;45px&#8221;][\/vc_column][\/vc_row]<\/p>\n<\/div>","protected":false},"excerpt":{"rendered":"<p>[vc_row row_type=&#8221;row&#8221; use_row_as_full_screen_section=&#8221;no&#8221; type=&#8221;grid&#8221; text_align=&#8221;left&#8221; background_image_as_pattern=&#8221;without_pattern&#8221;][vc_column width=&#8221;1\/1&#8243;][vc_empty_space height=&#8221;40px&#8221;][vc_column_text] K\u00e9pgrafika 1906-2006 | 100 \u00e9ves a grafikaoktat\u00e1s&#8230;<\/p>\n","protected":false},"author":1,"featured_media":0,"parent":9309,"menu_order":1,"comment_status":"open","ping_status":"closed","template":"full_width.php","meta":{"inline_featured_image":false,"loftloader_pro_show_once":"","loftloader_pro_page_shortcode":"","footnotes":""},"class_list":["post-9315","page","type-page","status-publish","hentry"],"_links":{"self":[{"href":"https:\/\/budapestgaleria.hu\/_\/wp-json\/wp\/v2\/pages\/9315","targetHints":{"allow":["GET"]}}],"collection":[{"href":"https:\/\/budapestgaleria.hu\/_\/wp-json\/wp\/v2\/pages"}],"about":[{"href":"https:\/\/budapestgaleria.hu\/_\/wp-json\/wp\/v2\/types\/page"}],"author":[{"embeddable":true,"href":"https:\/\/budapestgaleria.hu\/_\/wp-json\/wp\/v2\/users\/1"}],"replies":[{"embeddable":true,"href":"https:\/\/budapestgaleria.hu\/_\/wp-json\/wp\/v2\/comments?post=9315"}],"version-history":[{"count":0,"href":"https:\/\/budapestgaleria.hu\/_\/wp-json\/wp\/v2\/pages\/9315\/revisions"}],"up":[{"embeddable":true,"href":"https:\/\/budapestgaleria.hu\/_\/wp-json\/wp\/v2\/pages\/9309"}],"wp:attachment":[{"href":"https:\/\/budapestgaleria.hu\/_\/wp-json\/wp\/v2\/media?parent=9315"}],"curies":[{"name":"wp","href":"https:\/\/api.w.org\/{rel}","templated":true}]}}