{"id":9319,"date":"2015-02-20T11:54:42","date_gmt":"2015-02-20T11:54:42","guid":{"rendered":"http:\/\/budapestgaleria.hu\/_\/?page_id=9319"},"modified":"2015-02-20T11:54:42","modified_gmt":"2015-02-20T11:54:42","slug":"menasagi-peter-tengely","status":"publish","type":"page","link":"https:\/\/budapestgaleria.hu\/_\/kiallitasok-2006-budapest-galeria\/menasagi-peter-tengely\/","title":{"rendered":"Menas\u00e1gi P\u00e9ter | Tengely"},"content":{"rendered":"<div class=\"wpb-content-wrapper\"><p>[vc_row row_type=&#8221;row&#8221; use_row_as_full_screen_section=&#8221;no&#8221; type=&#8221;grid&#8221; text_align=&#8221;left&#8221; background_image_as_pattern=&#8221;without_pattern&#8221;][vc_column width=&#8221;1\/1&#8243;][vc_empty_space height=&#8221;40px&#8221;][vc_column_text]<\/p>\n<h2 class=\"cim_1\">MENAS\u00c1GI P\u00c9TER | Tengely<\/h2>\n<p>[\/vc_column_text][vc_empty_space height=&#8221;32px&#8221;][\/vc_column][\/vc_row][vc_row bgparallax=&#8221;parallax&#8221; contentwidth=&#8221;container&#8221; toppadding=&#8221;40&#8243; bottompadding=&#8221;10&#8243; border=&#8221;on&#8221; css=&#8221;.vc_custom_1420648296958{background-color: #ffffff !important;}&#8221; row_type=&#8221;row&#8221; use_row_as_full_screen_section=&#8221;no&#8221; type=&#8221;grid&#8221; text_align=&#8221;left&#8221; background_image_as_pattern=&#8221;without_pattern&#8221;][vc_column width=&#8221;1\/3&#8243; css=&#8221;.vc_custom_1420649554591{padding-right: 25px !important;}&#8221;][vc_column_text]<\/p>\n<p class=\"hely_bpgal\">Budapest Gal\u00e9ria<\/p>\n<p class=\"cim_bpgal\">1036 Budapest, Lajos utca 158.<\/p>\n<p class=\"datum_bpgal\">2006. \u00e1prilis 27 \u2013 m\u00e1jus 28.<\/p>\n<p>[\/vc_column_text][vc_column_text]<\/p>\n<p class=\"kiemeles_bpgal\">Megnyit\u00f3:<\/p>\n<p class=\"kurrens_bpgal\">2006. \u00e1prilis 27. (cs\u00fct\u00f6rt\u00f6k), 18:00<\/p>\n<p class=\"kiemeles_bpgal\">Megnyitotta:<\/p>\n<p class=\"kurrens_bpgal\">G\u00c1LHIDY P\u00c9TER, szobr\u00e1szm\u0171v\u00e9sz<\/p>\n<p>[\/vc_column_text][vc_empty_space height=&#8221;32px&#8221;][\/vc_column][vc_column width=&#8221;2\/3&#8243;][vc_column_text]A 2004-ben Budapesten fel\u00e1ll\u00edtott Mansfeld P\u00e9ter-eml\u00e9km\u0171vel ismertt\u00e9 v\u00e1lt kiv\u00e1l\u00f3 fiatal szobr\u00e1szm\u0171v\u00e9sz, Menas\u00e1gi P\u00e9ter els\u0151 nagyobb \u00f6n\u00e1ll\u00f3 ki\u00e1ll\u00edt\u00e1s\u00e1t mutatja be a Budapest Gal\u00e9ria.<\/p>\n<p>Menas\u00e1gi P\u00e9ter a val\u00f3s\u00e1g egyszer\u0171, reprodukt\u00edv ut\u00e1nz\u00e1s\u00e1t messze maga m\u00f6g\u00f6tt hagyva jutott el a statika dinamik\u00e1j\u00e1t kihaszn\u00e1l\u00f3, ker\u00e9kmozg\u00e1sra \u00e9p\u00fcl\u0151 szobrok megalkot\u00e1s\u00e1hoz. Letisztult, reduk\u00e1lt formavil\u00e1g\u00fa, t\u00e1rgyszer\u0171 jelekkel oper\u00e1l\u00f3, saj\u00e1tos nyelvezetet alak\u00edtott ki munk\u00e1iban, amelyeknek a ker\u00e9k a f\u0151 mot\u00edvuma. Nagyvonal\u00fa, geometriz\u00e1l\u00f3 form\u00e1i a tiszta fel\u00fcletek dekorativit\u00e1s\u00e1t eredm\u00e9nyezik, amelyet a kivitelez\u00e9s perfekci\u00f3ja is er\u0151s\u00edt. A ker\u00e9kszobrokban a mozg\u00e1s fizikai megjelen\u00edt\u00e9se az ide\u00e1t\u00f3l a technikai, majd a transzcendens fel\u00e9 tart\u00f3 mozg\u00e1s\u00e1llapot fel\u00e9p\u00edt\u00e9se a c\u00e9l. A DLA (Doctor of Liberal Arts &#8211; a szabad m\u0171v\u00e9szetek doktora)-k\u00e9pz\u00e9s szobr\u00e1szati programja sor\u00e1n kidolgozott kutat\u00e1si ir\u00e1nyok egyike volt az elt\u00e9r\u0151 karakter\u0171 anyagok haszn\u00e1lat\u00e1val megval\u00f3sul\u00f3 precessz\u00e1l\u00f3 (a f\u00f6ld tengelye k\u00f6r\u00fcli mozg\u00e1shoz hasonl\u00f3) mozg\u00e1s vizsg\u00e1lata a szobr\u00e1szatban. A r\u00f6gz\u00edtett k\u00f6z\u00e9ppont k\u00f6r\u00fcl, ferde tengely sugar\u00e1ban mozgatott ker\u00e9k tanulm\u00e1nyoz\u00e1sa k\u00fcl\u00f6nb\u00f6z\u0151 anyagokban a mozg\u00e1sfajt\u00e1k k\u00fcl\u00f6nb\u00f6z\u0151s\u00e9g\u00e9t tette l\u00e1that\u00f3v\u00e1. Menas\u00e1gi \u00fajabb szobraiban ugyanis a ker\u00e9k, a k\u00f6r geometri\u00e1ja kieg\u00e9sz\u00fclt a v\u00edzt\u00f6megek mozgat\u00e1s\u00e1val. A massz\u00edv, s\u00falyos, nehezen megmunk\u00e1lhat\u00f3 k\u0151fajt\u00e1k (andezit, bazalt, gr\u00e1nit) v\u00e1laszt\u00e1sa mellett k\u00fcl\u00f6n\u00f6sen szembet\u0171n\u0151 a v\u00edz hidrargikus tulajdons\u00e1gait kiakn\u00e1z\u00f3 szobr\u00e1szati szeml\u00e9let. Az \u00f6sszegy\u0171jt\u00f6tt v\u00edz maga is k\u00f6r alakban szeret megjelenni, mindemellett a k\u0151 tisztas\u00e1g\u00e1t hordoz\u00f3 nyers er\u0151 k\u00f6zege is. A v\u00edz, amely a megtisztul\u00e1s eszk\u00f6ze, a benne val\u00f3 elmer\u00fcl\u00e9s ok\u00e1n a transzcendens vil\u00e1got hozza kapcsolatba a szobrokkal.<\/p>\n<p class=\"forras\">(K\u00e9szman J\u00f3zsef: A maradand\u00f3s\u00e1g p\u00f6rgetty\u0171i, 2003)<\/p>\n<p>[\/vc_column_text][vc_empty_space height=&#8221;20px&#8221;][\/vc_column][\/vc_row][vc_row row_type=&#8221;row&#8221; use_row_as_full_screen_section=&#8221;no&#8221; type=&#8221;grid&#8221; text_align=&#8221;left&#8221; background_image_as_pattern=&#8221;without_pattern&#8221;][vc_column width=&#8221;1\/1&#8243;][vc_empty_space height=&#8221;32px&#8221;][vc_empty_space height=&#8221;45px&#8221;][\/vc_column][\/vc_row]<\/p>\n<\/div>","protected":false},"excerpt":{"rendered":"<p>[vc_row row_type=&#8221;row&#8221; use_row_as_full_screen_section=&#8221;no&#8221; type=&#8221;grid&#8221; text_align=&#8221;left&#8221; background_image_as_pattern=&#8221;without_pattern&#8221;][vc_column width=&#8221;1\/1&#8243;][vc_empty_space height=&#8221;40px&#8221;][vc_column_text] MENAS\u00c1GI P\u00c9TER | Tengely [\/vc_column_text][vc_empty_space height=&#8221;32px&#8221;][\/vc_column][\/vc_row][vc_row bgparallax=&#8221;parallax&#8221;&#8230;<\/p>\n","protected":false},"author":1,"featured_media":0,"parent":9309,"menu_order":2,"comment_status":"open","ping_status":"open","template":"full_width.php","meta":{"inline_featured_image":false,"loftloader_pro_show_once":"","loftloader_pro_page_shortcode":"","footnotes":""},"class_list":["post-9319","page","type-page","status-publish","hentry"],"_links":{"self":[{"href":"https:\/\/budapestgaleria.hu\/_\/wp-json\/wp\/v2\/pages\/9319","targetHints":{"allow":["GET"]}}],"collection":[{"href":"https:\/\/budapestgaleria.hu\/_\/wp-json\/wp\/v2\/pages"}],"about":[{"href":"https:\/\/budapestgaleria.hu\/_\/wp-json\/wp\/v2\/types\/page"}],"author":[{"embeddable":true,"href":"https:\/\/budapestgaleria.hu\/_\/wp-json\/wp\/v2\/users\/1"}],"replies":[{"embeddable":true,"href":"https:\/\/budapestgaleria.hu\/_\/wp-json\/wp\/v2\/comments?post=9319"}],"version-history":[{"count":0,"href":"https:\/\/budapestgaleria.hu\/_\/wp-json\/wp\/v2\/pages\/9319\/revisions"}],"up":[{"embeddable":true,"href":"https:\/\/budapestgaleria.hu\/_\/wp-json\/wp\/v2\/pages\/9309"}],"wp:attachment":[{"href":"https:\/\/budapestgaleria.hu\/_\/wp-json\/wp\/v2\/media?parent=9319"}],"curies":[{"name":"wp","href":"https:\/\/api.w.org\/{rel}","templated":true}]}}