{"id":9321,"date":"2015-02-20T12:03:06","date_gmt":"2015-02-20T12:03:06","guid":{"rendered":"http:\/\/budapestgaleria.hu\/_\/?page_id=9321"},"modified":"2015-03-09T18:00:19","modified_gmt":"2015-03-09T18:00:19","slug":"molnar-sandor-sunjata","status":"publish","type":"page","link":"https:\/\/budapestgaleria.hu\/_\/kiallitasok-2006-budapest-kiallitoterem\/molnar-sandor-sunjata\/","title":{"rendered":"Moln\u00e1r S\u00e1ndor | Sunjata"},"content":{"rendered":"<div class=\"wpb-content-wrapper\"><p>[vc_row row_type=&#8221;row&#8221; use_row_as_full_screen_section=&#8221;no&#8221; type=&#8221;grid&#8221; text_align=&#8221;left&#8221; background_image_as_pattern=&#8221;without_pattern&#8221;][vc_column width=&#8221;1\/1&#8243;][vc_empty_space height=&#8221;40px&#8221;][vc_column_text]<\/p>\n<h2 class=\"cim_1\">MOLN\u00c1R S\u00c1NDOR | Sunjata<\/h2>\n<p>[\/vc_column_text][vc_empty_space height=&#8221;32px&#8221;][\/vc_column][\/vc_row][vc_row bgparallax=&#8221;parallax&#8221; contentwidth=&#8221;container&#8221; toppadding=&#8221;40&#8243; bottompadding=&#8221;10&#8243; border=&#8221;on&#8221; css=&#8221;.vc_custom_1420648296958{background-color: #ffffff !important;}&#8221; row_type=&#8221;row&#8221; use_row_as_full_screen_section=&#8221;no&#8221; type=&#8221;grid&#8221; text_align=&#8221;left&#8221; background_image_as_pattern=&#8221;without_pattern&#8221;][vc_column width=&#8221;1\/3&#8243; css=&#8221;.vc_custom_1420649554591{padding-right: 25px !important;}&#8221;][vc_column_text]<\/p>\n<p class=\"hely_bpgal\">Budapest Ki\u00e1ll\u00edt\u00f3terem<\/p>\n<p class=\"cim_bpgal\">1056 Budapest, Szabad sajt\u00f3 \u00fat 5.<\/p>\n<p class=\"datum_bpgal\">2006. j\u00fanius 29 \u2013 j\u00falius 30.<\/p>\n<p>[\/vc_column_text][vc_column_text]<\/p>\n<p class=\"kiemeles_bpgal\">Megnyit\u00f3:<\/p>\n<p class=\"kurrens_bpgal\">2006. j\u00fanius 29. (cs\u00fct\u00f6rt\u00f6k), 17:00<\/p>\n<p class=\"kiemeles_bpgal\">Megnyitotta:<\/p>\n<p class=\"kurrens_bpgal\">SULYOK MIKL\u00d3S, m\u0171v\u00e9szett\u00f6rt\u00e9n\u00e9sz<\/p>\n<p>[\/vc_column_text][vc_empty_space height=&#8221;32px&#8221;][\/vc_column][vc_column width=&#8221;2\/3&#8243;][vc_column_text]Az id\u00e9n hetven esztend\u0151s, Kossuth-d\u00edjas Moln\u00e1r S\u00e1ndor, a Sz\u00e9chenyi M\u0171v\u00e9szeti Akad\u00e9mia tagja, az \u00f6tvenes \u00e9vek v\u00e9g\u00e9n, a Zugl\u00f3i k\u00f6r alap\u00edt\u00f3jak\u00e9nt kezdte p\u00e1ly\u00e1j\u00e1t, a korabeli francia l\u00edrai absztrakt fest\u00e9szet hat\u00e1sa alatt. A ki\u00e1ll\u00edt\u00e1s c\u00edme Moln\u00e1r \u00e9vtizedek \u00f3ta gyakorolt fest\u00e9szeti (\u00e9s \u00e9let-) programj\u00e1nak, az \u00fan. fest\u0151-j\u00f3g\u00e1nak az utols\u00f3 \u00e1llom\u00e1s\u00e1t jelenti. A f\u00f6ld-, a v\u00edz-, a t\u0171z- \u00e9s a krist\u00e1ly-k\u00e9pek fokozatait a leveg\u0151-k\u00e9pek k\u00f6vetik, v\u00e9gs\u0151 \u00e1llom\u00e1sk\u00e9nt. A Moln\u00e1r \u00e1ltal mester\u00e9vel, Hamvas B\u00e9l\u00e1val a hatvanas \u00e9vekben a keleti filoz\u00f3fi\u00e1kra \u00e9p\u00edtve, elm\u00e9letileg megalapozott \u00e9s az\u00f3ta is nagy kitart\u00e1ssal \u00e9s invenci\u00f3val m\u0171velt fest\u00e9szetben a term\u00e9szeti l\u00e1tv\u00e1ny szolg\u00e1l kiindul\u00f3pontul az elvont forma megteremt\u00e9s\u00e9hez. Ezt azonban a fest\u0151 intu\u00edci\u00f3ja, \u00e9rzelmei \u00e9s fant\u00e1zi\u00e1ja \u00e1ltal fokozatosan \u00e1talak\u00edtja, \u00faj vil\u00e1got teremt, \u00e9letteli, szem\u00e9lyes \u00e9lm\u00e9nny\u00e9 teszi konkr\u00e9t term\u00e9szeti form\u00e1t. A most ki\u00e1ll\u00edtott, z\u00f6mmel nagy m\u00e9ret\u0171 \u201e\u00fcres k\u00e9pek\u201d val\u00f3j\u00e1ban nem \u00fcresek, nem monokr\u00f3m festm\u00e9nyek, mert mint a fest\u0151 mondja:<\/p>\n<p>\u201eAz \u00fcress\u00e9g nem a semmi, hanem a teljes l\u00e9tez\u00e9s meg nem nyilv\u00e1nult m\u00f3don. Miut\u00e1n az \u00f6reg fest\u0151 lebontotta \u00e9s f\u00f6ladta a vil\u00e1got, koldul haldokl\u00e1sra \u00e9s a hal\u00e1l ut\u00e1ni l\u00e9tre k\u00e9sz\u00fcl, ami azt jelenti, hogy azonosul az \u00fcress\u00e9ggel.\u201d<\/p>\n<p>Moln\u00e1r pikt\u00far\u00e1ja a magyar absztrakt fest\u00e9szet egyik cs\u00facsa, t\u00f6bbek k\u00f6z\u00f6tt Gyarmathy Tiham\u00e9r, Hortob\u00e1gyi Endre, Lossonczy Tam\u00e1s, Martyn Ferenc, Moln\u00e1r L\u00e1szl\u00f3, Veszelszky B\u00e9la \u00e9letm\u0171v\u00e9vel egy\u00fctt. Az absztrakci\u00f3 szabad formaalak\u00edt\u00e1sa mindig szigor\u00fa kompoz\u00edci\u00f3t, rendk\u00edv\u00fcl ig\u00e9nyes \u00e9s invenci\u00f3zus sz\u00ednhaszn\u00e1latot jelent Moln\u00e1r sz\u00e1m\u00e1ra. Az \u00fcress\u00e9get is \u00e9ppen a sz\u00ednek \u00e1ltal teremti meg, amelyek t\u00e1rgy n\u00e9lk\u00fcli, anyagtalan megjelen\u00edt\u00e9se k\u00fcl\u00f6nleges fest\u0151i feladat. K\u00e9pei mintha k\u00edv\u00fcl \u00e1lln\u00e1nak az id\u0151n: a h\u00e9tk\u00f6znapok nem \u00e9rintik meg, mert nem a tudat felsz\u00edn\u00e9n zajl\u00f3 esem\u00e9nyek \u00e9rdeklik, hanem a kollekt\u00edv tudatalatti, az \u00f6r\u00f6k \u00e9s \u00e1ltal\u00e1nos l\u00e9tez\u0151k vil\u00e1ga foglalkoztatja. C\u00e9lja az ill\u00fazi\u00f3kt\u00f3l megszabad\u00edtott val\u00f3s\u00e1got megval\u00f3s\u00edtani k\u00e9pes, tiszt\u00e1n szellemi jelleg\u0171 fest\u00e9szet l\u00e9trehoz\u00e1sa volt \u00e9s maradt m\u00e1ig is.[\/vc_column_text][vc_empty_space height=&#8221;20px&#8221;][\/vc_column][\/vc_row][vc_row row_type=&#8221;row&#8221; use_row_as_full_screen_section=&#8221;no&#8221; type=&#8221;grid&#8221; text_align=&#8221;left&#8221; background_image_as_pattern=&#8221;without_pattern&#8221;][vc_column width=&#8221;1\/1&#8243;][vc_empty_space height=&#8221;32px&#8221;][vc_empty_space height=&#8221;45px&#8221;][\/vc_column][\/vc_row]<\/p>\n<\/div>","protected":false},"excerpt":{"rendered":"<p>[vc_row row_type=&#8221;row&#8221; use_row_as_full_screen_section=&#8221;no&#8221; type=&#8221;grid&#8221; text_align=&#8221;left&#8221; background_image_as_pattern=&#8221;without_pattern&#8221;][vc_column width=&#8221;1\/1&#8243;][vc_empty_space height=&#8221;40px&#8221;][vc_column_text] MOLN\u00c1R S\u00c1NDOR | Sunjata [\/vc_column_text][vc_empty_space height=&#8221;32px&#8221;][\/vc_column][\/vc_row][vc_row bgparallax=&#8221;parallax&#8221;&#8230;<\/p>\n","protected":false},"author":1,"featured_media":0,"parent":9467,"menu_order":2,"comment_status":"open","ping_status":"open","template":"full_width.php","meta":{"inline_featured_image":false,"loftloader_pro_show_once":"","loftloader_pro_page_shortcode":"","footnotes":""},"class_list":["post-9321","page","type-page","status-publish","hentry"],"_links":{"self":[{"href":"https:\/\/budapestgaleria.hu\/_\/wp-json\/wp\/v2\/pages\/9321","targetHints":{"allow":["GET"]}}],"collection":[{"href":"https:\/\/budapestgaleria.hu\/_\/wp-json\/wp\/v2\/pages"}],"about":[{"href":"https:\/\/budapestgaleria.hu\/_\/wp-json\/wp\/v2\/types\/page"}],"author":[{"embeddable":true,"href":"https:\/\/budapestgaleria.hu\/_\/wp-json\/wp\/v2\/users\/1"}],"replies":[{"embeddable":true,"href":"https:\/\/budapestgaleria.hu\/_\/wp-json\/wp\/v2\/comments?post=9321"}],"version-history":[{"count":0,"href":"https:\/\/budapestgaleria.hu\/_\/wp-json\/wp\/v2\/pages\/9321\/revisions"}],"up":[{"embeddable":true,"href":"https:\/\/budapestgaleria.hu\/_\/wp-json\/wp\/v2\/pages\/9467"}],"wp:attachment":[{"href":"https:\/\/budapestgaleria.hu\/_\/wp-json\/wp\/v2\/media?parent=9321"}],"curies":[{"name":"wp","href":"https:\/\/api.w.org\/{rel}","templated":true}]}}