{"id":9336,"date":"2015-02-23T11:37:03","date_gmt":"2015-02-23T11:37:03","guid":{"rendered":"http:\/\/budapestgaleria.hu\/_\/?page_id=9336"},"modified":"2015-03-09T18:03:55","modified_gmt":"2015-03-09T18:03:55","slug":"ujhazi-peter-up66-2006","status":"publish","type":"page","link":"https:\/\/budapestgaleria.hu\/_\/kiallitasok-2006-budapest-kiallitoterem\/ujhazi-peter-up66-2006\/","title":{"rendered":"Ujh\u00e1zi P\u00e9ter | UP66 2006"},"content":{"rendered":"<div class=\"wpb-content-wrapper\"><p>[vc_row row_type=&#8221;row&#8221; use_row_as_full_screen_section=&#8221;no&#8221; type=&#8221;grid&#8221; text_align=&#8221;left&#8221; background_image_as_pattern=&#8221;without_pattern&#8221;][vc_column width=&#8221;1\/1&#8243;][vc_empty_space height=&#8221;40px&#8221;][vc_column_text]<\/p>\n<h2 class=\"cim_1\">UJH\u00c1ZI P\u00c9TER | UP66 2006<\/h2>\n<p>[\/vc_column_text][vc_empty_space height=&#8221;32px&#8221;][\/vc_column][\/vc_row][vc_row bgparallax=&#8221;parallax&#8221; contentwidth=&#8221;container&#8221; toppadding=&#8221;40&#8243; bottompadding=&#8221;10&#8243; border=&#8221;on&#8221; css=&#8221;.vc_custom_1420648296958{background-color: #ffffff !important;}&#8221; row_type=&#8221;row&#8221; use_row_as_full_screen_section=&#8221;no&#8221; type=&#8221;grid&#8221; text_align=&#8221;left&#8221; background_image_as_pattern=&#8221;without_pattern&#8221;][vc_column width=&#8221;1\/3&#8243; css=&#8221;.vc_custom_1420649554591{padding-right: 25px !important;}&#8221;][vc_column_text]<\/p>\n<p class=\"hely_bpgal\">Budapest Ki\u00e1ll\u00edt\u00f3terem<\/p>\n<p class=\"cim_bpgal\">1056 Budapest, Szabad sajt\u00f3 \u00fat 5.<\/p>\n<p class=\"datum_bpgal\">2006. m\u00e1jus 18 \u2013 j\u00fanius 25.<\/p>\n<p>[\/vc_column_text][vc_column_text]<\/p>\n<p class=\"kiemeles_bpgal\">Megnyit\u00f3:<\/p>\n<p class=\"kurrens_bpgal\">2006. m\u00e1jus 18. (cs\u00fct\u00f6rt\u00f6k), 17:00<\/p>\n<p class=\"kiemeles_bpgal\">Megnyitotta:<\/p>\n<p class=\"kurrens_bpgal\">KOVALOVSZKY M\u00c1RTA, m\u0171v\u00e9szett\u00f6rt\u00e9n\u00e9sz<\/p>\n<p>[\/vc_column_text][vc_empty_space height=&#8221;32px&#8221;][\/vc_column][vc_column width=&#8221;2\/3&#8243;][vc_column_text]Ujh\u00e1zi P\u00e9ter m\u0171v\u00e9szete m\u00e1r kiv\u00edvta mag\u00e1nak az \u0151t megillet\u0151 el\u0151kel\u0151 helyet, sz\u00e1mtalan m\u00e9ltat\u00e1s, \u00edr\u00e1s jelent meg m\u0171v\u00e9szet\u00e9r\u0151l az elm\u00falt \u00e9vtizedekben, m\u0171vei ott sorakoznak a m\u00fazeumi lelt\u00e1rk\u00f6nyvekben. 2000-ben Kovalovszky M\u00e1rta m\u0171v\u00e9szett\u00f6rt\u00e9n\u00e9sz tanulm\u00e1ny\u00e1val kismonogr\u00e1fia jelent meg eddigi munk\u00e1ss\u00e1g\u00e1r\u00f3l. Az elm\u00falt n\u00e9gy \u00e9vtized alatt sz\u00e1mos ki\u00e1ll\u00edt\u00e1si d\u00edjat nyert el, 1987-ben megkapta a Munk\u00e1csy-d\u00edjat, 2004-ban pedig, a Magyar K\u00f6zt\u00e1rsas\u00e1g \u00c9rdemes M\u0171v\u00e9sze lett. A gazdag \u00e9letm\u0171 \u00e1llom\u00e1sait a sz\u00e9kesfeh\u00e9rv\u00e1ri Szent Istv\u00e1n Kir\u00e1ly M\u00fazeum rendszeresen bemutatta, legut\u00f3bb 1994-ben volt gy\u0171jtem\u00e9nyes ki\u00e1ll\u00edt\u00e1sa Sz\u00e9kesfeh\u00e9rv\u00e1rott. Budapesten, az elm\u00falt \u00e9vtizedekben a kisebb mag\u00e1ngal\u00e9ri\u00e1k (St\u00fadi\u00f3 1900 Gal\u00e9ria, V\u00e1rfok Gal\u00e9ria) egy-k\u00e9t \u00e9vente rendeztek t\u00e1rlatokat leg\u00fajabb m\u0171veib\u0151l.<\/p>\n<p>2006-ban nagy ad\u00f3ss\u00e1got t\u00f6rleszt a f\u0151v\u00e1ros, \u00f6t budapesti gal\u00e9ria r\u00e9szv\u00e9tel\u00e9vel, v\u00e9gre l\u00e1that\u00f3k lesznek a m\u0171v\u00e9sz r\u00e9gi \u00e9s \u00faj alkot\u00e1sai.<\/p>\n<p>Ujh\u00e1zi P\u00e9ter \u00e9lete, \u00e9s t\u00f6bb mint h\u00e1rom \u00e9vtizedes m\u0171v\u00e9szp\u00e1ly\u00e1ja Sz\u00e9kesfeh\u00e9rv\u00e1rhoz k\u00f6t\u0151dik. Ebben a v\u00e1rosban sz\u00fcletett 1940-ben, \u00e9s ide t\u00e9rt vissza a K\u00e9pz\u0151m\u0171v\u00e9szeti F\u0151iskola fest\u0151 szak\u00e1nak elv\u00e9gz\u00e9se ut\u00e1n 1966-ban. Ir\u00f3ni\u00e1val f\u0171szerezett, elbesz\u00e9l\u0151 fest\u00e9szet\u00e9ben egyszerre \u00edr\u00f3dik a t\u00f6rt\u00e9nelem \u00e9s a mindennapok kr\u00f3nik\u00e1ja. K\u00e9peinek saj\u00e1tos, t\u00f6bb n\u00e9zetb\u0151l \u00f6sszerakott t\u00e9rk\u00e9pzete a hetvenes \u00e9vek k\u00f6zep\u00e9n szinte sz\u00fcks\u00e9gszer\u0171en vezeti el a m\u0171v\u00e9szt az asszambl\u00e1zshoz, a dobozok vil\u00e1g\u00e1hoz, majd a nyolcvanas \u00e9vekben a koll\u00e1zsolt, t\u00e9rbeli pap\u00edrmunk\u00e1khoz, a leporell\u00f3khoz, hogy azt\u00e1n a kilencvenes \u00e9vekben a szobr\u00e1szat fel\u00e9 fordulva, megsz\u00fcless\u00e9k egy groteszk ker\u00e1miapanoptikum. Ujh\u00e1zit, alapvet\u0151en narrat\u00edv m\u0171v\u00e9szi attit\u0171dje ellen\u00e9re, mindig vonzotta a t\u00e1jfest\u00e9szet. A nadapi lombk\u00e9p-sorozat egy, a hatvanas \u00e9vek v\u00e9g\u00e9n indul\u00f3, m\u00e1ig tart\u00f3 impresszionisztikus t\u00e1jnapl\u00f3, melynek \u00e1lland\u00f3 helysz\u00edne \u00e9s inspir\u00e1l\u00f3 forr\u00e1sa Nadap, egy kis falu a Velencei-hegys\u00e9gben.<\/p>\n<p>Csatak\u00e9p vagy kocsmai jelenet, heroizmus vagy banalit\u00e1s Ujh\u00e1zi \u201eseb\u00e9szi\u201d ecsete nyom\u00e1n a dolgok val\u00f3di arcukat mutatj\u00e1k, sokszor esend\u0151k \u00e9s sz\u00e1nalmasak. Ujh\u00e1zi k\u00e9szs\u00e9gesen al\u00e1mer\u00fcl, elvegy\u00fcl, megfigyel \u00e9s elmes\u00e9l, \u00fagy ahogy csak \u0151 tud, azt, amit csak \u0151 l\u00e1t \u2013 Nadapt\u00f3l New York-on \u00e1t Budapestt\u0151l Lisszabonig. Dobozok, piramisok, \u00fcgyiratgrafik\u00e1k, leporell\u00f3k \u2013 mind egy-egy r\u00e9szlet a vil\u00e1gb\u00f3l, ak\u00e1r egy sz\u00ednpadi el\u0151ad\u00e1s, ahol a szerepl\u0151k elj\u00e1tszanak valamit az \u00e9let\u00fcnkb\u0151l, s a r\u00e9szben mindig ott az eg\u00e9sz. K\u00e9pein kiter\u00edti, megforgatja, felszabdalja a teret, saj\u00e1tos viszonyrendszerbe \u00e1ll\u00edtva figur\u00e1it. Ez az egy\u00e9ni t\u00e9rfelfog\u00e1s egyszer csak m\u00e1r nem f\u00e9rt meg k\u00e9t dimenzi\u00f3ban, s a m\u0171v\u00e9sz a fest\u00e9s mellett dobozokat \u00e9p\u00edtett. Ujh\u00e1zi \u00e9letm\u0171v\u00e9ben elk\u00fcl\u00f6n\u00edthet\u0151k bizonyos korszakok, de az egyes m\u0171t\u00edpusok vagy m\u0171t\u00e1rgy-egy\u00fcttesek kisebb-nagyobb kihagy\u00e1ssal folyamatosan jelen vannak. Ilyenek a dobozok, vagy a Nadapi kert-ciklus.<\/p>\n<p>A Bart\u00f3k 32 Gal\u00e9ri\u00e1ban l\u00e1that\u00f3 alkot\u00e1sok a 70-es, 80-as \u00e9vekb\u0151l val\u00f3k, a Budapest Gal\u00e9ri\u00e1ban a m\u0171v\u00e9sz legut\u00f3bbi \u00e9vtizedben k\u00e9sz\u00fclt munk\u00e1it ismerheti meg a k\u00f6z\u00f6ns\u00e9g. A h\u00e1rom kisebb mag\u00e1ngal\u00e9ria egy-egy t\u00e9mak\u00f6rt vagy m\u0171csoportot mutat be, a Pint\u00e9r Sonja Gal\u00e9ria a nadapi \u00e9s New York-i ihlet\u00e9s\u0171 m\u0171veket, a K\u00f6rmendi Gal\u00e9ria az \u00fan. \u201ef\u00f6ldes\u201d k\u00e9peket \u00e9s a ker\u00e1mi\u00e1kat, a Godot Gal\u00e9ria a koll\u00e1zsokat, \u00fcgyiratokat, leporell\u00f3kat.<\/p>\n<p>A budapesti ki\u00e1ll\u00edt\u00e1s-sorozat megk\u00eds\u00e9rel valamit megmutatni ebb\u0151l a tematikai, m\u0171faji soksz\u00edn\u0171s\u00e9gb\u0151l, az emberi \u00e9s term\u00e9szeti vil\u00e1g kisszer\u0171s\u00e9gen \u00e9s nagyszer\u0171s\u00e9gen filozof\u00e1l\u00f3 m\u0171v\u00e9sz gazdag arzen\u00e1lj\u00e1b\u00f3l. (Nagy T. Katalin)<\/p>\n<p>BART\u00d3K 32 GAL\u00c9RIA: m\u00e1jus 18 \u2013 j\u00fanius 16.<\/p>\n<p>BUDAPEST GAL\u00c9RIA: m\u00e1jus 18 \u2013 j\u00fanius 25.<\/p>\n<p>K\u00d6RMENDI GAL\u00c9RIA: m\u00e1jus 18 \u2013 j\u00fanius 9.<\/p>\n<p>PINT\u00c9R SONJA KORT\u00c1RS GAL\u00c9RIA: m\u00e1jus 18 \u2013\u00a0j\u00fanius 24.<\/p>\n<p>GODOT GAL\u00c9RIA: m\u00e1jus 18 \u2013 j\u00fanius 3.[\/vc_column_text][vc_empty_space height=&#8221;20px&#8221;][\/vc_column][\/vc_row][vc_row row_type=&#8221;row&#8221; use_row_as_full_screen_section=&#8221;no&#8221; type=&#8221;grid&#8221; text_align=&#8221;left&#8221; background_image_as_pattern=&#8221;without_pattern&#8221;][vc_column width=&#8221;1\/1&#8243;][vc_empty_space height=&#8221;32px&#8221;][vc_empty_space height=&#8221;45px&#8221;][\/vc_column][\/vc_row]<\/p>\n<\/div>","protected":false},"excerpt":{"rendered":"<p>[vc_row row_type=&#8221;row&#8221; use_row_as_full_screen_section=&#8221;no&#8221; type=&#8221;grid&#8221; text_align=&#8221;left&#8221; background_image_as_pattern=&#8221;without_pattern&#8221;][vc_column width=&#8221;1\/1&#8243;][vc_empty_space height=&#8221;40px&#8221;][vc_column_text] UJH\u00c1ZI P\u00c9TER | UP66 2006 [\/vc_column_text][vc_empty_space height=&#8221;32px&#8221;][\/vc_column][\/vc_row][vc_row&#8230;<\/p>\n","protected":false},"author":1,"featured_media":0,"parent":9467,"menu_order":3,"comment_status":"open","ping_status":"open","template":"full_width.php","meta":{"inline_featured_image":false,"loftloader_pro_show_once":"","loftloader_pro_page_shortcode":"","footnotes":""},"class_list":["post-9336","page","type-page","status-publish","hentry"],"_links":{"self":[{"href":"https:\/\/budapestgaleria.hu\/_\/wp-json\/wp\/v2\/pages\/9336","targetHints":{"allow":["GET"]}}],"collection":[{"href":"https:\/\/budapestgaleria.hu\/_\/wp-json\/wp\/v2\/pages"}],"about":[{"href":"https:\/\/budapestgaleria.hu\/_\/wp-json\/wp\/v2\/types\/page"}],"author":[{"embeddable":true,"href":"https:\/\/budapestgaleria.hu\/_\/wp-json\/wp\/v2\/users\/1"}],"replies":[{"embeddable":true,"href":"https:\/\/budapestgaleria.hu\/_\/wp-json\/wp\/v2\/comments?post=9336"}],"version-history":[{"count":0,"href":"https:\/\/budapestgaleria.hu\/_\/wp-json\/wp\/v2\/pages\/9336\/revisions"}],"up":[{"embeddable":true,"href":"https:\/\/budapestgaleria.hu\/_\/wp-json\/wp\/v2\/pages\/9467"}],"wp:attachment":[{"href":"https:\/\/budapestgaleria.hu\/_\/wp-json\/wp\/v2\/media?parent=9336"}],"curies":[{"name":"wp","href":"https:\/\/api.w.org\/{rel}","templated":true}]}}