{"id":9342,"date":"2015-02-23T11:59:52","date_gmt":"2015-02-23T11:59:52","guid":{"rendered":"http:\/\/budapestgaleria.hu\/_\/?page_id=9342"},"modified":"2015-03-09T17:43:33","modified_gmt":"2015-03-09T17:43:33","slug":"gayor-tibor-deconstruction-4","status":"publish","type":"page","link":"https:\/\/budapestgaleria.hu\/_\/kiallitasok-2006-budapest-kiallitoterem\/gayor-tibor-deconstruction-4\/","title":{"rendered":"G\u00e1yor Tibor | (De)construction 4"},"content":{"rendered":"<div class=\"wpb-content-wrapper\"><p>[vc_row row_type=&#8221;row&#8221; use_row_as_full_screen_section=&#8221;no&#8221; type=&#8221;grid&#8221; text_align=&#8221;left&#8221; background_image_as_pattern=&#8221;without_pattern&#8221;][vc_column width=&#8221;1\/1&#8243;][vc_empty_space height=&#8221;40px&#8221;][vc_column_text]<\/p>\n<h2 class=\"cim_1\">G\u00c1YOR TIBOR | (De)construction 4<\/h2>\n<p>[\/vc_column_text][vc_empty_space height=&#8221;32px&#8221;][\/vc_column][\/vc_row][vc_row bgparallax=&#8221;parallax&#8221; contentwidth=&#8221;container&#8221; toppadding=&#8221;40&#8243; bottompadding=&#8221;10&#8243; border=&#8221;on&#8221; css=&#8221;.vc_custom_1420648296958{background-color: #ffffff !important;}&#8221; row_type=&#8221;row&#8221; use_row_as_full_screen_section=&#8221;no&#8221; type=&#8221;grid&#8221; text_align=&#8221;left&#8221; background_image_as_pattern=&#8221;without_pattern&#8221;][vc_column width=&#8221;1\/3&#8243; css=&#8221;.vc_custom_1420649554591{padding-right: 25px !important;}&#8221;][vc_column_text]<\/p>\n<p class=\"hely_bpgal\">Budapest Gal\u00e9ria<\/p>\n<p class=\"cim_bpgal\">1056 Budapest, Szabad sajt\u00f3 \u00fat 5.<\/p>\n<p class=\"datum_bpgal\">2006. augusztus 3 \u2013 szeptember 8.<\/p>\n<p>[\/vc_column_text][vc_column_text]<\/p>\n<p class=\"kiemeles_bpgal\">Megnyit\u00f3:<\/p>\n<p class=\"kurrens_bpgal\">2006. augusztus 3. (cs\u00fct\u00f6rt\u00f6k), 17:00<\/p>\n<p class=\"kiemeles_bpgal\">Megnyitotta:<\/p>\n<p class=\"kurrens_bpgal\">KUKORELLY ENDRE, \u00edr\u00f3<\/p>\n<p class=\"kiemeles_bpgal\">A ki\u00e1ll\u00edt\u00e1st z\u00e1rta:<\/p>\n<p class=\"kurrens_bpgal\">VEKERDY TAM\u00c1S, pszichol\u00f3gus, \u00edr\u00f3<\/p>\n<p>[\/vc_column_text][vc_empty_space height=&#8221;32px&#8221;][\/vc_column][vc_column width=&#8221;2\/3&#8243;][vc_column_text]\u201e\u00c9vtizedeken \u00e1t purit\u00e1n formaprobl\u00e9m\u00e1k foglalkoztattak: sz\u00fcrke t\u00e1bl\u00e1n a feh\u00e9rre alapozott fest\u0151v\u00e1szon sz\u00edn\u00e9t-vissz\u00e1j\u00e1t hajtogatva, more matematico szabdalva, forgatva, k\u00e9s\u0151bb szabadon lebegtetve egyfajta \u00f6nt\u00f6rv\u00e9ny\u0171 forma-genezis kalandja k\u00eds\u00e9rtett. Ennek az igencsak k\u00f6vetkezetes szellemi menetel\u00e9snek els\u0151, szisztematikus f\u00e1zis\u00e1r\u00f3l az 1986-os b\u00e9csi (Museum Moderner Kunst), majd a budapesti (Ernst M\u00fazeum) ki\u00e1ll\u00edt\u00e1som katal\u00f3gus\u00e1ban sz\u00e1moltam be.<\/p>\n<p>2004-ben, paradox m\u00f3don, egy az EU-csatlakoz\u00e1s alkalm\u00e1b\u00f3l megb\u00edz\u00e1sra (!) tervezett, professzion\u00e1lis iparosok \u00e1ltal elk\u00e9sz\u00edtett munk\u00e1m szeml\u00e9letv\u00e1ltoz\u00e1st provok\u00e1lt ki. Ez, a gondolataim, a hangulatom l\u00e9nyeg\u00e9t, az el\u0151ad\u00e1sm\u00f3dot, v\u00e9geredm\u00e9nyben \u2013 nem tal\u00e1lok jobb kifejez\u00e9st \u2013, a m\u0171vek aur\u00e1j\u00e1t illette. Mindenek el\u0151tt: egy \u00f6r\u00f6m-spektrum \u00e1llt \u00f6ssze, egy narancsba hajl\u00f3 v\u00f6r\u00f6st\u0151l, meleg \u00e9s hideg s\u00e1rg\u00e1kon \u00e1t a s\u00e1rg\u00e1s z\u00f6ldig, amit n\u00e9hol egy bizonyos k\u00e9k staccato-ja tagolt. A mindaddig szik\u00e1r konstrukci\u00f3k egy\u00e9rtelm\u0171s\u00e9ge von\u00f3dott k\u00e9ts\u00e9gbe, az egyir\u00e1ny\u00fa gondolat, a t\u00f6rv\u00e9ny alkalmaz\u00e1s\u00e1nak k\u00e9nyszere v\u00e1lt vitathat\u00f3v\u00e1, s\u0151t a vita t\u00e1rgy\u00e1v\u00e1 egy-egy munk\u00e1n bel\u00fcl. A k\u00e9sz\u00fcl\u0151 konstrukci\u00f3 nemcsak kiteljesed\u00e9sre, de \u00f6nmaga k\u00e9ts\u00e9gbevon\u00e1s\u00e1ra, horribile dictu destrukci\u00f3j\u00e1ra is inspir\u00e1lhat. Az idea megval\u00f3sul\u00e1s\u00e1nak sejt\u00e9se egyben k\u00e9tely is, a be nem fejez\u00e9s, az elbont\u00e1s n\u00e9ha diabolikus ingere olyan fesz\u00fclts\u00e9get is tud kelteni, ami k\u00e9pes a m\u0171vet hordozni. (Tragikomikus felhang: az environment jelleg\u0171 m\u0171 a ki\u00e1ll\u00edt\u00e1s v\u00e9g\u00e9n \u00fagyis elbonttatik\u2026)<\/p>\n<p>\u00cdgy j\u00f6ttek l\u00e9tre (De)constructio-im. A Budapest Gal\u00e9ri\u00e1ban bemutatott a sorban a negyedik.\u201d<\/p>\n<p class=\"szerzo\">G\u00e1yor Tibor<\/p>\n<p>[\/vc_column_text][vc_empty_space height=&#8221;20px&#8221;][\/vc_column][\/vc_row][vc_row row_type=&#8221;row&#8221; use_row_as_full_screen_section=&#8221;no&#8221; type=&#8221;grid&#8221; text_align=&#8221;left&#8221; background_image_as_pattern=&#8221;without_pattern&#8221;][vc_column width=&#8221;1\/1&#8243;][vc_empty_space height=&#8221;32px&#8221;][vc_empty_space height=&#8221;45px&#8221;][\/vc_column][\/vc_row]<\/p>\n<\/div>","protected":false},"excerpt":{"rendered":"<p>[vc_row row_type=&#8221;row&#8221; use_row_as_full_screen_section=&#8221;no&#8221; type=&#8221;grid&#8221; text_align=&#8221;left&#8221; background_image_as_pattern=&#8221;without_pattern&#8221;][vc_column width=&#8221;1\/1&#8243;][vc_empty_space height=&#8221;40px&#8221;][vc_column_text] G\u00c1YOR TIBOR | (De)construction 4 [\/vc_column_text][vc_empty_space height=&#8221;32px&#8221;][\/vc_column][\/vc_row][vc_row&#8230;<\/p>\n","protected":false},"author":1,"featured_media":0,"parent":9467,"menu_order":4,"comment_status":"open","ping_status":"open","template":"full_width.php","meta":{"inline_featured_image":false,"loftloader_pro_show_once":"","loftloader_pro_page_shortcode":"","footnotes":""},"class_list":["post-9342","page","type-page","status-publish","hentry"],"_links":{"self":[{"href":"https:\/\/budapestgaleria.hu\/_\/wp-json\/wp\/v2\/pages\/9342","targetHints":{"allow":["GET"]}}],"collection":[{"href":"https:\/\/budapestgaleria.hu\/_\/wp-json\/wp\/v2\/pages"}],"about":[{"href":"https:\/\/budapestgaleria.hu\/_\/wp-json\/wp\/v2\/types\/page"}],"author":[{"embeddable":true,"href":"https:\/\/budapestgaleria.hu\/_\/wp-json\/wp\/v2\/users\/1"}],"replies":[{"embeddable":true,"href":"https:\/\/budapestgaleria.hu\/_\/wp-json\/wp\/v2\/comments?post=9342"}],"version-history":[{"count":0,"href":"https:\/\/budapestgaleria.hu\/_\/wp-json\/wp\/v2\/pages\/9342\/revisions"}],"up":[{"embeddable":true,"href":"https:\/\/budapestgaleria.hu\/_\/wp-json\/wp\/v2\/pages\/9467"}],"wp:attachment":[{"href":"https:\/\/budapestgaleria.hu\/_\/wp-json\/wp\/v2\/media?parent=9342"}],"curies":[{"name":"wp","href":"https:\/\/api.w.org\/{rel}","templated":true}]}}