{"id":9344,"date":"2015-02-23T12:06:35","date_gmt":"2015-02-23T12:06:35","guid":{"rendered":"http:\/\/budapestgaleria.hu\/_\/?page_id=9344"},"modified":"2015-02-23T12:06:35","modified_gmt":"2015-02-23T12:06:35","slug":"dery-konstantin-kiallitasa","status":"publish","type":"page","link":"https:\/\/budapestgaleria.hu\/_\/kiallitasok-2006-budapest-galeria\/dery-konstantin-kiallitasa\/","title":{"rendered":"D\u00e9ry Konstantin ki\u00e1ll\u00edt\u00e1sa"},"content":{"rendered":"<div class=\"wpb-content-wrapper\"><p>[vc_row row_type=&#8221;row&#8221; use_row_as_full_screen_section=&#8221;no&#8221; type=&#8221;grid&#8221; text_align=&#8221;left&#8221; background_image_as_pattern=&#8221;without_pattern&#8221;][vc_column width=&#8221;1\/1&#8243;][vc_empty_space height=&#8221;40px&#8221;][vc_column_text]<\/p>\n<h2 class=\"cim_1\">D\u00c9RY KONSTANTIN ki\u00e1ll\u00edt\u00e1sa<\/h2>\n<p>[\/vc_column_text][vc_empty_space height=&#8221;32px&#8221;][\/vc_column][\/vc_row][vc_row bgparallax=&#8221;parallax&#8221; contentwidth=&#8221;container&#8221; toppadding=&#8221;40&#8243; bottompadding=&#8221;10&#8243; border=&#8221;on&#8221; css=&#8221;.vc_custom_1420648296958{background-color: #ffffff !important;}&#8221; row_type=&#8221;row&#8221; use_row_as_full_screen_section=&#8221;no&#8221; type=&#8221;grid&#8221; text_align=&#8221;left&#8221; background_image_as_pattern=&#8221;without_pattern&#8221;][vc_column width=&#8221;1\/3&#8243; css=&#8221;.vc_custom_1420649554591{padding-right: 25px !important;}&#8221;][vc_column_text]<\/p>\n<p class=\"hely_bpgal\">Budapest Gal\u00e9ria<\/p>\n<p class=\"cim_bpgal\">1036 Budapest, Lajos utca 158.<\/p>\n<p class=\"datum_bpgal\">2006. j\u00falius 27 \u2013 szeptember 3.<\/p>\n<p>[\/vc_column_text][vc_column_text]<\/p>\n<p class=\"kiemeles_bpgal\">Megnyit\u00f3:<\/p>\n<p class=\"kurrens_bpgal\">2006. j\u00falius 27. (cs\u00fct\u00f6rt\u00f6k), 17:00<\/p>\n<p class=\"kiemeles_bpgal\">Megnyitotta:<\/p>\n<p class=\"kurrens_bpgal\">BART\u00c1K CSABA, fest\u0151m\u0171v\u00e9sz<\/p>\n<p>[\/vc_column_text][vc_empty_space height=&#8221;32px&#8221;][\/vc_column][vc_column width=&#8221;2\/3&#8243;][vc_column_text]A fest\u0151m\u0171v\u00e9sz els\u0151 ki\u00e1ll\u00edt\u00e1sa Magyarorsz\u00e1gon, Budapesten<\/p>\n<p>\u201eA ki\u00e1ll\u00edtott k\u00e9pek t\u00e1jak, illetve bels\u0151 terek, melyekben n\u00e9h\u00e1ny esetben az emberi alak is megjelenik. A t\u00e1jk\u00e9peken \u00e1ltal\u00e1ban nem tal\u00e1lhat\u00f3 meg semmilyen a k\u00e9p centrum\u00e1t alkot\u00f3, k\u00fcl\u00f6nleges hangs\u00fallyal megjel\u00f6lt mot\u00edvum, szinte valamennyin egyszer\u0171, els\u0151 pillant\u00e1sra teljesen homog\u00e9nnak t\u0171n\u0151 s\u00edk mez\u0151 vagy f\u00e1k k\u00f6z\u00f6tti tiszt\u00e1s egy r\u00e9szlete, esetleg enyh\u00e9n dombos t\u00e1j jelenik meg. Az egyszer\u0171 l\u00e1tv\u00e1ny intenzit\u00e1s\u00e1nak fokoz\u00e1sa a bels\u0151 strukt\u00fara gazdag\u00edt\u00e1sa, az elemek sokszori ism\u00e9tl\u00e9se \u00e9s az ism\u00e9tl\u0151d\u0151 elemek apr\u00f3 k\u00fcl\u00f6nbs\u00e9geinek, k\u00f6rvonalainak vari\u00e1l\u00e1sa azok a fontosabb eszk\u00f6z\u00f6k, melyek seg\u00edts\u00e9g\u00e9vel ezek a t\u00e1jak megval\u00f3sulnak. Nem annyira a gyors pillant\u00e1s \u00e1ltal megragadott, mint ink\u00e1bb hosszan szeml\u00e9lt vagy tal\u00e1n m\u00e9gink\u00e1bb gondolatban hosszan magammal hordozott, viszonylag hossz\u00fa id\u0151 alatt megval\u00f3s\u00edtott k\u00e9pek ezek, melyek nem k\u00f6thet\u0151k minden szempontb\u00f3l a l\u00e1tottakhoz, csup\u00e1n annak elemeib\u0151l \u00e9p\u00fclnek fel.<\/p>\n<p>Am\u00edg a nagyobb t\u00e1jak \u00f6n\u00e1ll\u00f3 egys\u00e9gek, az eg\u00e9szen kis form\u00e1tum\u00fa, kev\u00e9sb\u00e9 homog\u00e9n, nagyobb kompoz\u00edci\u00f3s egys\u00e9gekb\u0151l \u00e9p\u00edtkez\u0151 t\u00e1jk\u00e9peknek gyakorta megvan az ugyanazon vagy nagyon hasonl\u00f3 t\u00e9m\u00e1t kisebb-nagyobb v\u00e1ltoztat\u00e1sokkal megjelen\u00edt\u0151 p\u00e1rjuk, melyekkel egy\u00fctt alkotnak egys\u00e9get, hol meger\u0151s\u00edtve, hol ellenpontozva egym\u00e1st. A visszavett halv\u00e1ny sz\u00ednek \u00e9s a k\u00fcl\u00f6n\u00f6s, tal\u00e1n helyenk\u00e9nt irre\u00e1lisnak t\u0171n\u0151 f\u00e9nyviszonyok mindegyik t\u00e1jk\u00e9pnek fontos jellemz\u0151i. Az emberi alakot is magukban foglal\u00f3 bels\u0151 tereket \u00e1br\u00e1zol\u00f3 k\u00e9peken, melyek nem a t\u00e1jakt\u00f3l elv\u00e1lasztva, hanem azok sor\u00e1t id\u0151nk\u00e9nt megszak\u00edtva jelennek meg a ki\u00e1ll\u00edt\u00e1son, a teret fel\u00e9p\u00edt\u0151 kev\u00e9s geometrikus elem feldarabolja a k\u00e9pfel\u00fcletet. Az el\u0151t\u00e9rben \u00e9lesen megjelen\u0151, gyakran t\u00e1rgyk\u00e9nt alig defini\u00e1lhat\u00f3 k\u00e9pi elemek, illetve a fikt\u00edv bels\u0151t\u00e9r \u201celszerkesztetts\u00e9ge\u201d az emberi alakot megk\u00f6zel\u00edthetetlenn\u00e9, elszigetelt\u00e9 teszi. Az alakok legt\u00f6bbsz\u00f6r k\u00fcl\u00f6n\u00f6s, g\u00f6rnyedt p\u00f3zba merevedve vagy \u00e9ppen mereven kiegyenesedve, ikonszer\u0171v\u00e9 v\u00e1lva \u00fclnek a t\u00e9rben. A n\u00e9gy fal \u00e1ltal hat\u00e1rolt kocka nem csak mint a benn\u00fcnket a k\u00fcls\u0151 k\u00f6rnyezett\u0151l v\u00e9delmez\u0151, hanem probl\u00e9m\u00e1inkat \u00f6nmagunkra visszavet\u00edt\u0151, azokkal benn\u00fcnket \u00f6sszez\u00e1r\u00f3 kamrak\u00e9nt jelenik meg ezeken a festm\u00e9nyeken, melyek sem nem hagyom\u00e1nyos \u00e9rtelemben vett portr\u00e9k, de nem is csup\u00e1n interieur-\u00f6k, melyekben a figura csak egy a sok k\u00e9pi elem k\u00f6z\u00f6tt.\u201d<\/p>\n<p class=\"szerzo\">D\u00e9ry Konstantin<\/p>\n<p>[\/vc_column_text][vc_empty_space height=&#8221;20px&#8221;][\/vc_column][\/vc_row][vc_row row_type=&#8221;row&#8221; use_row_as_full_screen_section=&#8221;no&#8221; type=&#8221;grid&#8221; text_align=&#8221;left&#8221; background_image_as_pattern=&#8221;without_pattern&#8221;][vc_column width=&#8221;1\/1&#8243;][vc_empty_space height=&#8221;32px&#8221;][vc_empty_space height=&#8221;45px&#8221;][\/vc_column][\/vc_row]<\/p>\n<\/div>","protected":false},"excerpt":{"rendered":"<p>[vc_row row_type=&#8221;row&#8221; use_row_as_full_screen_section=&#8221;no&#8221; type=&#8221;grid&#8221; text_align=&#8221;left&#8221; background_image_as_pattern=&#8221;without_pattern&#8221;][vc_column width=&#8221;1\/1&#8243;][vc_empty_space height=&#8221;40px&#8221;][vc_column_text] D\u00c9RY KONSTANTIN ki\u00e1ll\u00edt\u00e1sa [\/vc_column_text][vc_empty_space height=&#8221;32px&#8221;][\/vc_column][\/vc_row][vc_row bgparallax=&#8221;parallax&#8221; contentwidth=&#8221;container&#8221;&#8230;<\/p>\n","protected":false},"author":1,"featured_media":0,"parent":9309,"menu_order":5,"comment_status":"open","ping_status":"open","template":"full_width.php","meta":{"inline_featured_image":false,"loftloader_pro_show_once":"","loftloader_pro_page_shortcode":"","footnotes":""},"class_list":["post-9344","page","type-page","status-publish","hentry"],"_links":{"self":[{"href":"https:\/\/budapestgaleria.hu\/_\/wp-json\/wp\/v2\/pages\/9344","targetHints":{"allow":["GET"]}}],"collection":[{"href":"https:\/\/budapestgaleria.hu\/_\/wp-json\/wp\/v2\/pages"}],"about":[{"href":"https:\/\/budapestgaleria.hu\/_\/wp-json\/wp\/v2\/types\/page"}],"author":[{"embeddable":true,"href":"https:\/\/budapestgaleria.hu\/_\/wp-json\/wp\/v2\/users\/1"}],"replies":[{"embeddable":true,"href":"https:\/\/budapestgaleria.hu\/_\/wp-json\/wp\/v2\/comments?post=9344"}],"version-history":[{"count":0,"href":"https:\/\/budapestgaleria.hu\/_\/wp-json\/wp\/v2\/pages\/9344\/revisions"}],"up":[{"embeddable":true,"href":"https:\/\/budapestgaleria.hu\/_\/wp-json\/wp\/v2\/pages\/9309"}],"wp:attachment":[{"href":"https:\/\/budapestgaleria.hu\/_\/wp-json\/wp\/v2\/media?parent=9344"}],"curies":[{"name":"wp","href":"https:\/\/api.w.org\/{rel}","templated":true}]}}