{"id":9346,"date":"2015-02-23T12:21:19","date_gmt":"2015-02-23T12:21:19","guid":{"rendered":"http:\/\/budapestgaleria.hu\/_\/?page_id=9346"},"modified":"2015-02-23T12:22:29","modified_gmt":"2015-02-23T12:22:29","slug":"mozes-katalin-kiallitasa","status":"publish","type":"page","link":"https:\/\/budapestgaleria.hu\/_\/kiallitasok-2006-budapest-galeria\/mozes-katalin-kiallitasa\/","title":{"rendered":"M\u00f3zes Katalin ki\u00e1ll\u00edt\u00e1sa"},"content":{"rendered":"<div class=\"wpb-content-wrapper\"><p>[vc_row row_type=&#8221;row&#8221; use_row_as_full_screen_section=&#8221;no&#8221; type=&#8221;grid&#8221; text_align=&#8221;left&#8221; background_image_as_pattern=&#8221;without_pattern&#8221;][vc_column width=&#8221;1\/1&#8243;][vc_empty_space height=&#8221;40px&#8221;][vc_column_text]<\/p>\n<h2 class=\"cim_1\">M\u00d3ZES KATALIN ki\u00e1ll\u00edt\u00e1sa<\/h2>\n<p>[\/vc_column_text][vc_empty_space height=&#8221;32px&#8221;][\/vc_column][\/vc_row][vc_row bgparallax=&#8221;parallax&#8221; contentwidth=&#8221;container&#8221; toppadding=&#8221;40&#8243; bottompadding=&#8221;10&#8243; border=&#8221;on&#8221; css=&#8221;.vc_custom_1420648296958{background-color: #ffffff !important;}&#8221; row_type=&#8221;row&#8221; use_row_as_full_screen_section=&#8221;no&#8221; type=&#8221;grid&#8221; text_align=&#8221;left&#8221; background_image_as_pattern=&#8221;without_pattern&#8221;][vc_column width=&#8221;1\/3&#8243; css=&#8221;.vc_custom_1420649554591{padding-right: 25px !important;}&#8221;][vc_column_text]<\/p>\n<p class=\"hely_bpgal\">Budapest Gal\u00e9ria<\/p>\n<p class=\"cim_bpgal\">1036 Budapest, Lajos utca 158.<\/p>\n<p class=\"datum_bpgal\">2006. j\u00falius 27 \u2013 szeptember 3.<\/p>\n<p>[\/vc_column_text][vc_column_text]<\/p>\n<p class=\"kiemeles_bpgal\">Megnyit\u00f3:<\/p>\n<p class=\"kurrens_bpgal\">2006. j\u00falius 27. (cs\u00fct\u00f6rt\u00f6k), 17:30<\/p>\n<p class=\"kiemeles_bpgal\">Megnyitotta:<\/p>\n<p class=\"kurrens_bpgal\">S. NAGY KATALIN, m\u0171v\u00e9szett\u00f6rt\u00e9n\u00e9sz<\/p>\n<p>[\/vc_column_text][vc_empty_space height=&#8221;32px&#8221;][\/vc_column][vc_column width=&#8221;2\/3&#8243;][vc_column_text]Er\u0151teljesen megsz\u00f3l\u00edtottak e k\u00fcl\u00f6n\u00f6s nyelvezet\u0171, sz\u00e1momra cseppet sem idegen m\u0171vek, hiszen egyszerre sz\u00f3lnak az \u00e9let v\u00e9gtelen, zavarba ejt\u0151 komplexit\u00e1s\u00e1r\u00f3l, az abszol\u00fat semmir\u0151l, a c\u00e9l n\u00e9lk\u00fcli teremt\u00e9sr\u0151l \u00e9s a hal\u00e1l \u00e9rthetetlen jelenval\u00f3s\u00e1g\u00e1r\u00f3l, bizonyoss\u00e1g\u00e1r\u00f3l. Arr\u00f3l a rejt\u00e9lyes esszenci\u00e1r\u00f3l, ami a l\u00e9t\u00fcnk l\u00e9nyege: \u00e9let \u00e9s hal\u00e1l elv\u00e1laszhatatlans\u00e1g\u00e1r\u00f3l. M\u00f3zes Katalin k\u00e9pei nem k\u00edn\u00e1lnak biztons\u00e1got, k\u00e9nyelmet, langyos elengedetts\u00e9get, nem k\u00edn\u00e1lnak \u00e1br\u00e1ndokat, sem fel\u00fcletes v\u00e1laszokat. Minden m\u0171ve ugyanarr\u00f3l sz\u00f3l \u2013 az id\u0151legess\u00e9gr\u0151l, a vesz\u00e9lyeztetetts\u00e9gr\u0151l \u00e9s m\u00e9gis: arr\u00f3l a k\u00e9pess\u00e9gr\u0151l, hogy ha az ember akarja, meg\u00e9rtheti l\u00e9t\u00e9nek t\u00f6rv\u00e9nyeit, folyamatait. Ahogy M\u00f3zes Katalin megfesti k\u00e9peit, l\u00e9trehozza koll\u00e1zsait, dobozait, t\u00e1rgyait, a st\u00edlusokban b\u0151s\u00e9ges 20. sz\u00e1zad sz\u00e1mos forma\u00e9lm\u00e9ny\u00e9t megid\u00e9zi a kubist\u00e1kt\u00f3l, dadaist\u00e1kt\u00f3l, sz\u00fcrrealizmust\u00f3l \u00e1t a geometrikus \u00e9s l\u00edrai absztraktokig. M\u00e9gsem eklekticizmus, m\u00e9gis \u00f6ssze\u00e1ll egys\u00e9ges eg\u00e9ssz\u00e9 \u00e9s val\u00f3sz\u00edn\u0171 ez a jelen ezredfordul\u00f3 els\u0151 \u00e9vtized\u00e9nek egyik lehets\u00e9ges m\u0171v\u00e9szi magatart\u00e1sa.<\/p>\n<p class=\"szerzo\">S. Nagy Katalin<\/p>\n<p>[\/vc_column_text][vc_empty_space height=&#8221;20px&#8221;][vc_single_image image=&#8221;9347&#8243; border_color=&#8221;grey&#8221; img_link_target=&#8221;_self&#8221; img_size=&#8221;full&#8221;][vc_empty_space height=&#8221;10px&#8221;][vc_column_text]<\/p>\n<p class=\"kepalairas_cim_bal\"><em>Haj\u00f3<\/em><\/p>\n<p>[\/vc_column_text][vc_empty_space height=&#8221;32px&#8221;][vc_column_text]<strong>D\u00cdJAK, TANULM\u00c1NYOK<\/strong><br \/>\n<strong>1967-71<\/strong> Ferenczy I. K\u00e9pz\u0151m\u0171v\u00e9szeti K\u00f6r. Vezet\u0151 tan\u00e1r: Luzsicza Lajos.<br \/>\n<strong>1997<\/strong> Budapest 125, Budapest Gal\u00e9ria, fest\u00e9szeti d\u00edj. 1997,<br \/>\n<strong>1999<\/strong> Magyar Fest\u0151k T\u00e1rsas\u00e1g\u00e1nak d\u00edja. A Magyar Fest\u0151k T\u00e1rsas\u00e1ga tagja.<\/p>\n<p>\u00c9rzelmi t\u00f6lt\u00e9s\u0171, finom fest\u0151i megold\u00e1sokban gazdag m\u0171veit a g\u00f6r\u00f6g mitol\u00f3gia t\u00f6rt\u00e9netei, a tudatalatti vil\u00e1ga inspir\u00e1lja. Eszk\u00f6zt\u00e1r\u00e1t a kubizmus s\u00edkba forgatott \u00e9s \u00e1tszervezett t\u00e1rgyainak eml\u00e9ke \u00e9pp\u00fagy gazdag\u00edtja, mint a dadaizmus el\u0151\u00edt\u00e9let-mentess\u00e9ge, a k\u00e9palkot\u00f3 m\u00f3dszerk\u00e9nt alkalmazott koll\u00e1zselv \u00e9s a sz\u00fcrrealizmus abszurd format\u00e1rs\u00edt\u00e1son alapul\u00f3 kompon\u00e1l\u00e1sm\u00f3dja.<\/p>\n<p><strong>EGY\u00c9NI KI\u00c1LL\u00cdT\u00c1SOK<\/strong><br \/>\n<strong>1980<\/strong> Margitszigeti Therm\u00e1l Sz\u00e1ll\u00f3, Budapest<br \/>\n<strong>1985<\/strong> Fiatal M\u0171v\u00e9szek Klubja, Budapest<br \/>\n<strong>1988<\/strong> \u00d3budai Pincegal\u00e9ria, Budapest<br \/>\n<strong>1993<\/strong> Horv\u00e1th\/Luk\u00e1cs Gal\u00e9ria, Nagycenk<br \/>\n<strong>1994<\/strong> Vigad\u00f3 Gal\u00e9ria, Budapest (Ganczaugh Mikl\u00f3ssal, Kov\u00e1ts Alberttel)<br \/>\n<strong>1996<\/strong> Pannonia Hotel, Budapest<br \/>\n<strong>1998<\/strong> Merlin Gal\u00e9ria, Budapest<br \/>\n<strong>2000<\/strong> \u00d6koll\u00e9gium Artgal\u00e9ria, Budapest<br \/>\n<strong>2001<\/strong> Pint\u00e9r Sonja Kort\u00e1rs Gal\u00e9ria, Budapest AstraZeneca Gal\u00e9ria, T\u00f6r\u00f6kb\u00e1lint<br \/>\n<strong>2004<\/strong> Pint\u00e9r Sonja Kort\u00e1rs Gal\u00e9ria, Budapest<br \/>\n<strong>2004<\/strong> Magyar \u00c1llami Operah\u00e1z, Budapest<br \/>\n<strong>2005<\/strong> Pulchri Studio, H\u00e1ga, Hollandia, (Ganczaugh Mikl\u00f3ssal, Kov\u00e1ts Alberttal, Turcs\u00e1nyi Antallal)<br \/>\n<strong>2005<\/strong> Nyitott M\u0171hely Gal\u00e9ria, Budapest<\/p>\n<p><strong>IRODALOM<\/strong><br \/>\nKov\u00e1ts A.: Min\u00f3taurosz alakv\u00e1ltozatai, M\u0171v\u00e9szet, 1989\/10.<br \/>\nSzemad\u00e1m GY.: Ott, akkor &#8211; ~, Kov\u00e1ts Albert \u00e9s Ganczaugh Mikl\u00f3s ki\u00e1ll\u00edt\u00e1sa, \u00daj M\u0171v\u00e9szet, 1995\/3.<\/p>\n<p class=\"forras\">(forr\u00e1s: Kort\u00e1rs magyar m\u0171v\u00e9szeti lexikon, P. Szab\u00f3 Ern\u0151)<\/p>\n<p>[\/vc_column_text][\/vc_column][\/vc_row][vc_row row_type=&#8221;row&#8221; use_row_as_full_screen_section=&#8221;no&#8221; type=&#8221;grid&#8221; text_align=&#8221;left&#8221; background_image_as_pattern=&#8221;without_pattern&#8221;][vc_column width=&#8221;1\/1&#8243;][vc_empty_space height=&#8221;32px&#8221;][vc_empty_space height=&#8221;45px&#8221;][\/vc_column][\/vc_row]<\/p>\n<\/div>","protected":false},"excerpt":{"rendered":"<p>[vc_row row_type=&#8221;row&#8221; use_row_as_full_screen_section=&#8221;no&#8221; type=&#8221;grid&#8221; text_align=&#8221;left&#8221; background_image_as_pattern=&#8221;without_pattern&#8221;][vc_column width=&#8221;1\/1&#8243;][vc_empty_space height=&#8221;40px&#8221;][vc_column_text] M\u00d3ZES KATALIN ki\u00e1ll\u00edt\u00e1sa [\/vc_column_text][vc_empty_space height=&#8221;32px&#8221;][\/vc_column][\/vc_row][vc_row bgparallax=&#8221;parallax&#8221; contentwidth=&#8221;container&#8221;&#8230;<\/p>\n","protected":false},"author":1,"featured_media":0,"parent":9309,"menu_order":6,"comment_status":"open","ping_status":"open","template":"full_width.php","meta":{"inline_featured_image":false,"loftloader_pro_show_once":"","loftloader_pro_page_shortcode":"","footnotes":""},"class_list":["post-9346","page","type-page","status-publish","hentry"],"_links":{"self":[{"href":"https:\/\/budapestgaleria.hu\/_\/wp-json\/wp\/v2\/pages\/9346","targetHints":{"allow":["GET"]}}],"collection":[{"href":"https:\/\/budapestgaleria.hu\/_\/wp-json\/wp\/v2\/pages"}],"about":[{"href":"https:\/\/budapestgaleria.hu\/_\/wp-json\/wp\/v2\/types\/page"}],"author":[{"embeddable":true,"href":"https:\/\/budapestgaleria.hu\/_\/wp-json\/wp\/v2\/users\/1"}],"replies":[{"embeddable":true,"href":"https:\/\/budapestgaleria.hu\/_\/wp-json\/wp\/v2\/comments?post=9346"}],"version-history":[{"count":0,"href":"https:\/\/budapestgaleria.hu\/_\/wp-json\/wp\/v2\/pages\/9346\/revisions"}],"up":[{"embeddable":true,"href":"https:\/\/budapestgaleria.hu\/_\/wp-json\/wp\/v2\/pages\/9309"}],"wp:attachment":[{"href":"https:\/\/budapestgaleria.hu\/_\/wp-json\/wp\/v2\/media?parent=9346"}],"curies":[{"name":"wp","href":"https:\/\/api.w.org\/{rel}","templated":true}]}}