{"id":9350,"date":"2015-02-23T12:47:13","date_gmt":"2015-02-23T12:47:13","guid":{"rendered":"http:\/\/budapestgaleria.hu\/_\/?page_id=9350"},"modified":"2015-03-09T22:40:36","modified_gmt":"2015-03-09T22:40:36","slug":"kozep60-epiteszet-es-oktatas-a-budapesti-muszaki-egyetem-epiteszmernoki-karanak-kozepulettervezesi-tanszeke-1946-2006","status":"publish","type":"page","link":"https:\/\/budapestgaleria.hu\/_\/kiallitasok-2006-budapest-galeria\/kozep60-epiteszet-es-oktatas-a-budapesti-muszaki-egyetem-epiteszmernoki-karanak-kozepulettervezesi-tanszeke-1946-2006\/","title":{"rendered":"K\u00d6Z\u00c9P60 \u2013 \u00e9p\u00edt\u00e9szet \u00e9s oktat\u00e1s | A Budapesti M\u0171szaki Egyetem \u00c9p\u00edt\u00e9szm\u00e9rn\u00f6ki Kar\u00e1nak K\u00f6z\u00e9p\u00fclettervez\u00e9si Tansz\u00e9ke \u2013 1946\u20132006"},"content":{"rendered":"<div class=\"wpb-content-wrapper\"><p>[vc_row row_type=&#8221;row&#8221; use_row_as_full_screen_section=&#8221;no&#8221; type=&#8221;grid&#8221; text_align=&#8221;left&#8221; background_image_as_pattern=&#8221;without_pattern&#8221;][vc_column width=&#8221;1\/1&#8243;][vc_empty_space height=&#8221;40px&#8221;][vc_column_text]<\/p>\n<h2 class=\"cim_1\">K\u00d6Z\u00c9P60 \u2013 \u00e9p\u00edt\u00e9szet \u00e9s oktat\u00e1s | A Budapesti M\u0171szaki Egyetem \u00c9p\u00edt\u00e9szm\u00e9rn\u00f6ki Kar\u00e1nak K\u00f6z\u00e9p\u00fclettervez\u00e9si Tansz\u00e9ke \u2013 1946-2006<\/h2>\n<p>[\/vc_column_text][vc_empty_space height=&#8221;32px&#8221;][\/vc_column][\/vc_row][vc_row bgparallax=&#8221;parallax&#8221; contentwidth=&#8221;container&#8221; toppadding=&#8221;40&#8243; bottompadding=&#8221;10&#8243; border=&#8221;on&#8221; css=&#8221;.vc_custom_1420648296958{background-color: #ffffff !important;}&#8221; row_type=&#8221;row&#8221; use_row_as_full_screen_section=&#8221;no&#8221; type=&#8221;grid&#8221; text_align=&#8221;left&#8221; background_image_as_pattern=&#8221;without_pattern&#8221;][vc_column width=&#8221;1\/3&#8243; css=&#8221;.vc_custom_1420649554591{padding-right: 25px !important;}&#8221;][vc_column_text]<\/p>\n<p class=\"hely_bpgal\" style=\"margin-bottom: 2px;\">Budapest Gal\u00e9ria<\/p>\n<p class=\"cim_bpgal\" style=\"margin-bottom: 2px;\">1036 Budapest, Lajos utca 158.<\/p>\n<p class=\"datum_bpgal\">2006. szeptember 18 \u2013 okt\u00f3ber 15.<\/p>\n<p class=\"kiemeles_bpgal\" style=\"margin-bottom: 2px;\">Megnyit\u00f3:<\/p>\n<p class=\"kurrens_bpgal\">2006. szeptember 18. (h\u00e9tf\u0151), 18:00<\/p>\n<p class=\"kiemeles_bpgal\" style=\"margin-bottom: 2px;\">Megnyitotta:<\/p>\n<p class=\"kurrens_bpgal\">CS\u00c1GOLY FERENC, tansz\u00e9kvezet\u0151 egyetemi tan\u00e1r<\/p>\n<p>[\/vc_column_text][vc_separator type=&#8221;normal&#8221; position=&#8221;center&#8221; up=&#8221;15&#8243; down=&#8221;15&#8243;][vc_column_text]<\/p>\n<p class=\"hely_bpgal\" style=\"margin-bottom: 2px;\">BTM \u2013 Budapest Ki\u00e1ll\u00edt\u00f3terem<\/p>\n<p class=\"cim_bpgal\" style=\"margin-bottom: 2px;\">1056 Budapest, Szabad sajt\u00f3 \u00fat 5.<\/p>\n<p class=\"datum_bpgal\" style=\"margin-bottom: 2px;\">2006. szeptember 18 \u2013 okt\u00f3ber 15.<\/p>\n<p class=\"kiemeles_bpgal\" style=\"margin-bottom: 2px;\">Megnyit\u00f3:<\/p>\n<p class=\"kurrens_bpgal\">2006. szeptember 18. (h\u00e9tf\u0151), 15:30<\/p>\n<p class=\"kiemeles_bpgal\" style=\"margin-bottom: 2px;\">Megnyitotta:<\/p>\n<p class=\"kurrens_bpgal\">ELT\u00c9R ISTV\u00c1N, a Magyar \u00c9p\u00edt\u00e9sz Kamara eln\u00f6ke \u00e9s<br \/>\nREISCHL G\u00c1BOR, a Magyar \u00c9p\u00edt\u0151m\u0171v\u00e9szek Sz\u00f6vets\u00e9g\u00e9nek eln\u00f6ke<\/p>\n<p>[\/vc_column_text][vc_separator type=&#8221;normal&#8221; position=&#8221;center&#8221; up=&#8221;15&#8243; down=&#8221;15&#8243;][vc_column_text]<\/p>\n<p class=\"hely_bpgal\" style=\"margin-bottom: 2px;\">BME K\u00f6zponti \u00e9p\u00fclet &#8211; aula<\/p>\n<p class=\"cim_bpgal\" style=\"margin-bottom: 2px;\">1111 Budapest, M\u0171egyetem rakpart 3.<\/p>\n<p class=\"datum_bpgal\">2006. szeptember 18 \u2013 23.<\/p>\n<p class=\"kiemeles_bpgal\" style=\"margin-bottom: 2px;\">Megnyitotta:<\/p>\n<p class=\"kurrens_bpgal\">BECKER G\u00c1BOR, a BME \u00c9p\u00edt\u00e9szm\u00e9rn\u00f6ki Kar\u00e1nak d\u00e9k\u00e1nja<\/p>\n<p>[\/vc_column_text][vc_separator type=&#8221;normal&#8221; position=&#8221;center&#8221; up=&#8221;15&#8243; down=&#8221;15&#8243;][vc_column_text]<\/p>\n<p class=\"kiemeles_bpgal\">A ki\u00e1ll\u00edt\u00e1s kur\u00e1torai:<\/p>\n<p class=\"verzal_bpgal\">Sulyok Mikl\u00f3s, Major Gy\u00f6rgy<\/p>\n<p class=\"kiemeles_bpgal\">Ki\u00e1ll\u00edt\u00f3 \u00e9p\u00edt\u00e9szek:<\/p>\n<p class=\"verzal_bpgal\">Bal\u00e1zs Mih\u00e1ly | Cs\u00e1goly Ferenc | Fej\u00e9rdy P\u00e9ter | Kar\u00e1csony Tam\u00e1s | Kasz\u00e1s K\u00e1roly | Klobusovszky P\u00e9ter | Lenzs\u00e9r P\u00e9ter | Major Gy\u00f6rgy | Radv\u00e1nyi Gy\u00f6rgy | Sug\u00e1r P\u00e9ter | T\u00f6r\u00f6k Ferenc | Breiter Art\u00far | Farkasdy Zolt\u00e1n | Fazakas Gy\u00f6rgy | G\u00e1doros Lajos | Hercsuth Gy\u00f6rgy | Hofer Mikl\u00f3s | Jurcsik K\u00e1roly | Kasz\u00e1s K\u00e1roly | Komondy Zolt\u00e1n | Krizka Gy\u00f6rgy | M\u00fcller Ferenc | Puhl Antal | Rimner J\u00e1nos | T\u00f6r\u00f6k Ferenc | Tr\u00f3znai Attila | Varga Levente | Vir\u00e1g Csaba | Weichinger K\u00e1roly<\/p>\n<p>[\/vc_column_text][vc_empty_space height=&#8221;32px&#8221;][\/vc_column][vc_column width=&#8221;2\/3&#8243;][vc_column_text]K\u00fcl\u00f6nleges pillanat a mostani a K\u00f6z\u00e9p\u00fclettervez\u00e9si Tansz\u00e9k t\u00f6rt\u00e9net\u00e9ben:<br \/>\na hatvan\u00e9ves \u00e9vfordul\u00f3 nemcsak lez\u00e1r egy korszakot, hanem jelent\u0151s v\u00e1ltoz\u00e1sok nyit\u00e1ny\u00e1val esik egybe. Az \u00c9p\u00edt\u00e9szm\u00e9rn\u00f6ki Karon a most, 2006 \u0151sz\u00e9n ny\u00edl\u00f3 tan\u00e9vben indul a t\u00f6bbciklus\u00fa k\u00e9pz\u00e9s, amely az \u00fan. bolognai folyamat r\u00e9szek\u00e9nt, t\u00e1gabb \u00e9rtelemben, alapjaiban reform\u00e1lja meg az eg\u00e9sz magyar fels\u0151oktat\u00e1st. A telep\u00fcl\u00e9seink k\u00e9p\u00e9t alapvet\u0151en befoly\u00e1sol\u00f3 k\u00f6z\u00e9p\u00fcletek tervez\u00e9s\u00e9t legmagasabb szinten \u00e9ppen a BME K\u00f6z\u00e9p\u00fclettervez\u00e9si Tansz\u00e9k\u00e9n oktatj\u00e1k.<br \/>\nJoggal \u00e1ll\u00edthatjuk teh\u00e1t, hogy a Tansz\u00e9k, mindenkori oktat\u00f3i \u00e9s az itt diplom\u00e1zott sz\u00e1mos kiv\u00e1l\u00f3 \u00e9p\u00edt\u00e9sz r\u00e9v\u00e9n, meghat\u00e1roz\u00f3 szerepet t\u00f6lt\u00f6tt \u00e9s t\u00f6lt be ma is Magyarorsz\u00e1g \u00e9p\u00edt\u00e9szet\u00e9ben, \u00e9p\u00edtett k\u00f6rnyezet\u00fcnk form\u00e1l\u00e1s\u00e1ban.<\/p>\n<p>Az a m\u00edtosz \u00e9s aura, amely a K\u00f6z\u00e9p\u00fclettervez\u00e9si Tansz\u00e9ket Weichinger K\u00e1roly \u00f3ta k\u00eds\u00e9ri hallgat\u00f3k \u00e9s oktat\u00f3k, gyakorl\u00f3 \u00e9p\u00edt\u00e9szek k\u00f6r\u00e9ben, d\u00f6nt\u0151en a Tansz\u00e9ken uralkod\u00f3 gondolkod\u00e1si szabads\u00e1gon, az oktat\u00f3k kiv\u00e1l\u00f3s\u00e1g\u00e1n, a val\u00f3s\u00e1gos, egyedi feladatokon \u00e9s a nyitott \u00e9p\u00edt\u00e9szetszeml\u00e9leten is alapul, amely mindig a legmagasabb k\u00f6vetelm\u00e9nyeket \u00e1ll\u00edtja a hallgat\u00f3 el\u00e9, mik\u00f6zben b\u00e1tor\u00edtja az egy\u00e9ni elk\u00e9pzel\u00e9sek kibontakoz\u00e1s\u00e1t. S a legfontosabb tal\u00e1n az els\u0151 tansz\u00e9kvezet\u0151t\u0151l, Weichinger K\u00e1rolyt\u00f3l a mai vezet\u0151ig, Cs\u00e1goly Ferencig \u00edvel\u0151<br \/>\nhit a szem\u00e9lyes tan\u00e1r-di\u00e1k viszony, az \u00e9p\u00edt\u00e9szeti min\u0151s\u00e9g \u00e9s az \u00e9p\u00edt\u00e9szhivat\u00e1s kult\u00farateremt\u0151 erej\u00e9ben.<\/p>\n<p class=\"szerzo\">Sulyok Mikl\u00f3s<\/p>\n<p>[\/vc_column_text][vc_empty_space height=&#8221;20px&#8221;][\/vc_column][\/vc_row][vc_row row_type=&#8221;row&#8221; use_row_as_full_screen_section=&#8221;no&#8221; type=&#8221;grid&#8221; text_align=&#8221;left&#8221; background_image_as_pattern=&#8221;without_pattern&#8221;][vc_column width=&#8221;1\/1&#8243;][vc_empty_space height=&#8221;32px&#8221;][vc_empty_space height=&#8221;45px&#8221;][\/vc_column][\/vc_row]<\/p>\n<\/div>","protected":false},"excerpt":{"rendered":"<p>[vc_row row_type=&#8221;row&#8221; use_row_as_full_screen_section=&#8221;no&#8221; type=&#8221;grid&#8221; text_align=&#8221;left&#8221; background_image_as_pattern=&#8221;without_pattern&#8221;][vc_column width=&#8221;1\/1&#8243;][vc_empty_space height=&#8221;40px&#8221;][vc_column_text] K\u00d6Z\u00c9P60 \u2013 \u00e9p\u00edt\u00e9szet \u00e9s oktat\u00e1s | A&#8230;<\/p>\n","protected":false},"author":1,"featured_media":0,"parent":9309,"menu_order":7,"comment_status":"open","ping_status":"closed","template":"full_width.php","meta":{"inline_featured_image":false,"loftloader_pro_show_once":"","loftloader_pro_page_shortcode":"","footnotes":""},"class_list":["post-9350","page","type-page","status-publish","hentry"],"_links":{"self":[{"href":"https:\/\/budapestgaleria.hu\/_\/wp-json\/wp\/v2\/pages\/9350","targetHints":{"allow":["GET"]}}],"collection":[{"href":"https:\/\/budapestgaleria.hu\/_\/wp-json\/wp\/v2\/pages"}],"about":[{"href":"https:\/\/budapestgaleria.hu\/_\/wp-json\/wp\/v2\/types\/page"}],"author":[{"embeddable":true,"href":"https:\/\/budapestgaleria.hu\/_\/wp-json\/wp\/v2\/users\/1"}],"replies":[{"embeddable":true,"href":"https:\/\/budapestgaleria.hu\/_\/wp-json\/wp\/v2\/comments?post=9350"}],"version-history":[{"count":0,"href":"https:\/\/budapestgaleria.hu\/_\/wp-json\/wp\/v2\/pages\/9350\/revisions"}],"up":[{"embeddable":true,"href":"https:\/\/budapestgaleria.hu\/_\/wp-json\/wp\/v2\/pages\/9309"}],"wp:attachment":[{"href":"https:\/\/budapestgaleria.hu\/_\/wp-json\/wp\/v2\/media?parent=9350"}],"curies":[{"name":"wp","href":"https:\/\/api.w.org\/{rel}","templated":true}]}}