{"id":9362,"date":"2015-02-23T13:13:37","date_gmt":"2015-02-23T13:13:37","guid":{"rendered":"http:\/\/budapestgaleria.hu\/_\/?page_id=9362"},"modified":"2015-02-23T13:13:37","modified_gmt":"2015-02-23T13:13:37","slug":"hermann-zoltan-szeljegyzet","status":"publish","type":"page","link":"https:\/\/budapestgaleria.hu\/_\/kiallitasok-2006-budapest-galeria\/hermann-zoltan-szeljegyzet\/","title":{"rendered":"Hermann Zolt\u00e1n | Sz\u00e9ljegyzet"},"content":{"rendered":"<div class=\"wpb-content-wrapper\"><p>[vc_row row_type=&#8221;row&#8221; use_row_as_full_screen_section=&#8221;no&#8221; type=&#8221;grid&#8221; text_align=&#8221;left&#8221; background_image_as_pattern=&#8221;without_pattern&#8221;][vc_column width=&#8221;1\/1&#8243;][vc_empty_space height=&#8221;40px&#8221;][vc_column_text]<\/p>\n<h2 class=\"cim_1\">HERMANN ZOLT\u00c1N | Sz\u00e9ljegyzet<\/h2>\n<p>[\/vc_column_text][vc_empty_space height=&#8221;32px&#8221;][\/vc_column][\/vc_row][vc_row bgparallax=&#8221;parallax&#8221; contentwidth=&#8221;container&#8221; toppadding=&#8221;40&#8243; bottompadding=&#8221;10&#8243; border=&#8221;on&#8221; css=&#8221;.vc_custom_1420648296958{background-color: #ffffff !important;}&#8221; row_type=&#8221;row&#8221; use_row_as_full_screen_section=&#8221;no&#8221; type=&#8221;grid&#8221; text_align=&#8221;left&#8221; background_image_as_pattern=&#8221;without_pattern&#8221;][vc_column width=&#8221;1\/3&#8243; css=&#8221;.vc_custom_1420649554591{padding-right: 25px !important;}&#8221;][vc_column_text]<\/p>\n<p class=\"hely_bpgal\">Budapest Gal\u00e9ria<\/p>\n<p class=\"cim_bpgal\">1036 Budapest, Lajos utca 158.<\/p>\n<p class=\"datum_bpgal\">2006. november 23 \u2013 december 31.<\/p>\n<p>[\/vc_column_text][vc_column_text]<\/p>\n<p class=\"kiemeles_bpgal\">Megnyit\u00f3:<\/p>\n<p class=\"kurrens_bpgal\">2006. november 23. (cs\u00fct\u00f6rt\u00f6k), 17:00<\/p>\n<p class=\"kiemeles_bpgal\">Megnyitotta:<\/p>\n<p class=\"kurrens_bpgal\">ANDR\u00c1SI G\u00c1BOR, m\u0171v\u00e9szett\u00f6rt\u00e9n\u00e9sz<\/p>\n<p>[\/vc_column_text][vc_empty_space height=&#8221;32px&#8221;][\/vc_column][vc_column width=&#8221;2\/3&#8243;][vc_column_text]A Budapest Gal\u00e9ria ki\u00e1ll\u00edt\u00e1sa t\u00falnyom\u00f3r\u00e9szt Hermann Zolt\u00e1n eddig ki\u00e1ll\u00edt\u00e1son nem szerepelt m\u0171veit mutatja be, Foltok, Vonalak, Hegyek c\u00edm\u0171 m\u0171egy\u00fcteseib\u0151l. A Magyar K\u00e9pz\u0151m\u0171v\u00e9szeti F\u0151iskol\u00e1n v\u00e9gzett, 1987-ben, mesterei Kokas Ign\u00e1c \u00e9s Dienes G\u00e1bor voltak. 1985: Herman Lip\u00f3t-d\u00edj; 1987: Fiatal K\u00e9pz\u0151m\u0171v\u00e9szek St\u00fadi\u00f3ja-ki\u00e1ll\u00edt\u00e1s n\u00edv\u00f3d\u00edja; 2003: M\u00fcnchen \u00d6nkorm\u00e1nyzat\u00e1nak \u00d6szt\u00f6nd\u00edja; 2004: R\u00f3mai Magyar Akad\u00e9mia \u00d6szt\u00f6nd\u00edja. Budapesten \u00e9l \u00e9s dolgozik. 1985 \u00f3ta ki\u00e1ll\u00edt\u00f3 m\u0171v\u00e9sz. Korai absztrakt peri\u00f3dus\u00e1t k\u00f6vet\u0151en a 80-as \u00e9vekben figur\u00e1lis olajk\u00e9peket (V\u00e1rosi gesztus-sorozat, 1986-90) festett, \u00e9s ezzel p\u00e1rhuzamosan mot\u00edvumism\u00e9tl\u0151d\u00e9sekre alapozott, vegyes technik\u00e1j\u00fa nonfigurat\u00edv m\u0171veket alkotott (Sz\u00ednes rajzok, 1985-92). A 90-es \u00e9vek akvarell-sorozatm\u0171vei az alkot\u00f3i szubjektummal \u00e1thatott strukt\u00far\u00e1kra, r\u00e1csszerkezetekre alapozott, elvont kompoz\u00edci\u00f3k: a R\u00e1csos lapok c\u00edm\u0171 sorozat alkot\u00e1sain a konceptualit\u00e1s \u00e9s a szem\u00e9lyess\u00e9g szint\u00e9zise teremt\u0151dik meg. M\u0171vein a fel\u00e9p\u00edtett szerkezetet kiemeli a v\u00e9gtelens\u00e9get sugall\u00f3 t\u00e9rb\u0151l, \u00e9s egy\u00fattal a v\u00e9gtelen t\u00e9r r\u00e9sz\u00e9v\u00e9 is avatja. A hagyom\u00e1nyos technik\u00e1kkal k\u00e9sz\u00fclt festm\u00e9nyek, akvarellek \u00e9s rajzok mellett a 90-es \u00e9vek m\u00e1sodik fel\u00e9ben a feket\u00e9re, feh\u00e9rre \u00e9s a sz\u00fcrke \u00e1rnyalataira hangolt koll\u00e1zsszer\u0171 kompoz\u00edci\u00f3k k\u00e9sz\u00fcltek m\u0171hely\u00e9ben. Ilyen volt p\u00e9ld\u00e1ul a fest\u00e9k t\u00f6rl\u00e9s\u00e9re, d\u00f6rzs\u00f6l\u00e9s\u00e9re haszn\u00e1lt pap\u00edrlapok felragaszt\u00e1s\u00e1val kompon\u00e1lt Foltok c\u00edm\u0171, a Dorottya Gal\u00e9ria adotts\u00e1gaihoz harmonikusan illeszked\u0151, nagyhat\u00e1s\u00fa, 1999-es keltez\u00e9s\u0171 egy\u00fcttes is. A t\u00f6rl\u0151lapok akci\u00f3szer\u0171 sorol\u00e1sa idej\u00e9n Szem\u00e9lyes grafikonokat is k\u00e9sz\u00edtett, legink\u00e1bb v\u00edzszinteshez \u00e9s f\u00fcgg\u0151legeshez igazod\u00f3 vonalas, szab\u00e1lytalan r\u00e1csszerkezettel. K\u00e9s\u0151bb a r\u00e1csokra plasztikus hegyes forma ker\u00fclt, majd e k\u00f6zponti mot\u00edvum z\u00e1rt sz\u00ednmez\u0151k\u00f6n jelent meg. \u201eHegyekkel mentem R\u00f3m\u00e1ba\u201d c\u00edm\u0171 katal\u00f3gusa ezen alkot\u00e1sok sz\u00fclet\u00e9s\u00e9t \u00e9s els\u0151 csoportj\u00e1t foglalja \u00f6ssze.[\/vc_column_text][vc_empty_space height=&#8221;20px&#8221;][\/vc_column][\/vc_row][vc_row row_type=&#8221;row&#8221; use_row_as_full_screen_section=&#8221;no&#8221; type=&#8221;grid&#8221; text_align=&#8221;left&#8221; background_image_as_pattern=&#8221;without_pattern&#8221;][vc_column width=&#8221;1\/1&#8243;][vc_empty_space height=&#8221;32px&#8221;][vc_empty_space height=&#8221;45px&#8221;][\/vc_column][\/vc_row]<\/p>\n<\/div>","protected":false},"excerpt":{"rendered":"<p>[vc_row row_type=&#8221;row&#8221; use_row_as_full_screen_section=&#8221;no&#8221; type=&#8221;grid&#8221; text_align=&#8221;left&#8221; background_image_as_pattern=&#8221;without_pattern&#8221;][vc_column width=&#8221;1\/1&#8243;][vc_empty_space height=&#8221;40px&#8221;][vc_column_text] HERMANN ZOLT\u00c1N | Sz\u00e9ljegyzet [\/vc_column_text][vc_empty_space height=&#8221;32px&#8221;][\/vc_column][\/vc_row][vc_row bgparallax=&#8221;parallax&#8221;&#8230;<\/p>\n","protected":false},"author":1,"featured_media":0,"parent":9309,"menu_order":8,"comment_status":"open","ping_status":"open","template":"full_width.php","meta":{"inline_featured_image":false,"loftloader_pro_show_once":"","loftloader_pro_page_shortcode":"","footnotes":""},"class_list":["post-9362","page","type-page","status-publish","hentry"],"_links":{"self":[{"href":"https:\/\/budapestgaleria.hu\/_\/wp-json\/wp\/v2\/pages\/9362","targetHints":{"allow":["GET"]}}],"collection":[{"href":"https:\/\/budapestgaleria.hu\/_\/wp-json\/wp\/v2\/pages"}],"about":[{"href":"https:\/\/budapestgaleria.hu\/_\/wp-json\/wp\/v2\/types\/page"}],"author":[{"embeddable":true,"href":"https:\/\/budapestgaleria.hu\/_\/wp-json\/wp\/v2\/users\/1"}],"replies":[{"embeddable":true,"href":"https:\/\/budapestgaleria.hu\/_\/wp-json\/wp\/v2\/comments?post=9362"}],"version-history":[{"count":0,"href":"https:\/\/budapestgaleria.hu\/_\/wp-json\/wp\/v2\/pages\/9362\/revisions"}],"up":[{"embeddable":true,"href":"https:\/\/budapestgaleria.hu\/_\/wp-json\/wp\/v2\/pages\/9309"}],"wp:attachment":[{"href":"https:\/\/budapestgaleria.hu\/_\/wp-json\/wp\/v2\/media?parent=9362"}],"curies":[{"name":"wp","href":"https:\/\/api.w.org\/{rel}","templated":true}]}}