{"id":9366,"date":"2015-02-23T13:39:55","date_gmt":"2015-02-23T13:39:55","guid":{"rendered":"http:\/\/budapestgaleria.hu\/_\/?page_id=9366"},"modified":"2015-03-09T17:44:14","modified_gmt":"2015-03-09T17:44:14","slug":"halmy-miklos-vandorut-33","status":"publish","type":"page","link":"https:\/\/budapestgaleria.hu\/_\/kiallitasok-2006-budapest-kiallitoterem\/halmy-miklos-vandorut-33\/","title":{"rendered":"Halmy Mikl\u00f3s | V\u00e1ndor\u00fat 33"},"content":{"rendered":"<div class=\"wpb-content-wrapper\"><p>[vc_row row_type=&#8221;row&#8221; use_row_as_full_screen_section=&#8221;no&#8221; type=&#8221;grid&#8221; text_align=&#8221;left&#8221; background_image_as_pattern=&#8221;without_pattern&#8221;][vc_column width=&#8221;1\/1&#8243;][vc_empty_space height=&#8221;40px&#8221;][vc_column_text]<\/p>\n<h2 class=\"cim_1\">HALMY MIKL\u00d3S | V\u00e1ndor\u00fat 33<\/h2>\n<p>[\/vc_column_text][vc_empty_space height=&#8221;32px&#8221;][\/vc_column][\/vc_row][vc_row bgparallax=&#8221;parallax&#8221; contentwidth=&#8221;container&#8221; toppadding=&#8221;40&#8243; bottompadding=&#8221;10&#8243; border=&#8221;on&#8221; css=&#8221;.vc_custom_1420648296958{background-color: #ffffff !important;}&#8221; row_type=&#8221;row&#8221; use_row_as_full_screen_section=&#8221;no&#8221; type=&#8221;grid&#8221; text_align=&#8221;left&#8221; background_image_as_pattern=&#8221;without_pattern&#8221;][vc_column width=&#8221;1\/3&#8243; css=&#8221;.vc_custom_1420649554591{padding-right: 25px !important;}&#8221;][vc_column_text]<\/p>\n<p class=\"hely_bpgal\">BTM \u2013 Budapest Ki\u00e1ll\u00edt\u00f3terem<\/p>\n<p class=\"cim_bpgal\">1056 Budapest, Szabad sajt\u00f3 \u00fat 5.<\/p>\n<p class=\"datum_bpgal\">2006. december 14 \u2013 2007. janu\u00e1r 14.<\/p>\n<p>[\/vc_column_text][vc_column_text]<\/p>\n<p class=\"kiemeles_bpgal\">Megnyit\u00f3:<\/p>\n<p class=\"kurrens_bpgal\">2006. december 14. (cs\u00fct\u00f6rt\u00f6k), 17:00<\/p>\n<p class=\"kiemeles_bpgal\">Megnyitotta:<\/p>\n<p class=\"kurrens_bpgal\">T\u00c1BORI L\u00c1SZL\u00d3, keletkutat\u00f3<\/p>\n<p>[\/vc_column_text][vc_empty_space height=&#8221;32px&#8221;][\/vc_column][vc_column width=&#8221;2\/3&#8243;][vc_column_text]Az 50-60-as \u00e9vek fordul\u00f3j\u00e1n a hivatalos m\u0171v\u00e9szetpolitikai k\u00e9nyszerek ellen\u00e9re \u00faj \u00e9letre kelt avantg\u00e1rd mozgalmak r\u00e9sztvev\u0151jek\u00e9nt, a Hamvas B\u00e9la k\u00f6r\u00e9 gy\u0171lt fiatal m\u0171v\u00e9szek csoportj\u00e1nak tagjak\u00e9nt \u00f6n\u00e1ll\u00f3 utat j\u00e1r\u00f3 m\u0171v\u00e9sz volt. C\u00e9lja, hogy az \u00e9rzelmekt\u0151l fokozatosan, tudatosan megszabadulva az intellektu\u00e1lis, filoz\u00f3fiai-metafizikai \u00e9rt\u00e9kek fel\u00e9 t\u00f6rekedve intuit\u00edv, indukt\u00edv m\u00f3don egyetemes \u00f6sszk\u00e9pet teremtsen. A 60-as \u00e9vek elej\u00e9n saj\u00e1tos relief st\u00edlust alak\u00edtott ki elk\u00e9pzel\u00e9sei megval\u00f3s\u00edt\u00e1s\u00e1ra, ezzel a m\u00f3dszerrel kiz\u00e1r\u00f3lag n\u00e9gyzetes form\u00e1tum\u00fa, szigor\u00fa szerkezet\u0171 m\u0171veken dolgozik 1965 \u00f3ta. Felszabad\u00edt\u00f3 hat\u00e1st gyakorolt r\u00e1 p\u00e1rizsi tart\u00f3zkod\u00e1sa alatt a Mus\u00e9e de l&#8221;Homme magyar n\u00e9pm\u0171v\u00e9szeti anyag\u00e1nak megismer\u00e9se. E gazdag anyag adja azt az erk\u00f6lcsi felismer\u00e9st, er\u0151t, amelyet Halmy kifejezni igyekszik, egyszerre magyar, lok\u00e1lis k\u00f6t\u0151d\u00e9s\u0171 \u00e9s egyetemes \u00e9rv\u00e9nyess\u00e9g\u0171 m\u0171veivel. A plasztikus r\u00e9tegekkel fel\u00e9p\u00edtett kompoz\u00edci\u00f3k egyszerre \u00f6tv\u00f6zik magukba a fest\u00e9szet \u00e9s a szobr\u00e1szat lehet\u0151s\u00e9geit, kiemelt hangs\u00falyt adva az abszol\u00fat \u00e9rt\u00e9kk\u00e9nt szerepeltetett f\u00e9nynek. Alkot\u00f3i magatart\u00e1s\u00e1nak egyik jellemz\u0151je, hogy nemcsak az \u0151si, univerz\u00e1lis formak\u00e9szlet szem\u00e9lyis\u00e9g\u00e9nek sz\u0171r\u0151j\u00e9n \u00e1t val\u00f3 szintetiz\u00e1l\u00e1s\u00e1ra, de annak meg\u00faj\u00edt\u00e1s\u00e1ra is t\u00f6rekszik.<\/p>\n<p><strong>TANULM\u00c1NYOK<\/strong><br \/>\n<strong>1956<\/strong> Budapesti M\u0171szaki Egyetem Haj\u00f3m\u00e9rn\u00f6ki Kar, diplom\u00e1zott<br \/>\n<strong>1959<\/strong> Kirakatrendez\u0151 \u00e9s Dekorat\u0151rk\u00e9pz\u0151 Szakiskola<br \/>\n<strong>1965-1967<\/strong> \u00c9cole des Beaux Arts, P\u00e1rizs<\/p>\n<p>Szellemi mestereinek Marczell Gy\u00f6rgy\u00f6t \u00e9s Hamvas B\u00e9l\u00e1t tartja. A Magyar Fest\u0151k T\u00e1rsas\u00e1ga \u00e9s a Szinyei Merse P\u00e1l T\u00e1rsas\u00e1g tagja.<\/p>\n<p><strong>D\u00cdJAK<\/strong><br \/>\n<strong>1991<\/strong> \u00c9letm\u0171-d\u00edj<br \/>\n<strong>1992<\/strong> Szegedi Ny\u00e1ri T\u00e1rlat d\u00edja<br \/>\n<strong>1996<\/strong> Munk\u00e1csy-d\u00edj.<\/p>\n<p><strong>EGY\u00c9NI KI\u00c1LL\u00cdT\u00c1SOK<\/strong><br \/>\n<strong>1963<\/strong> Fiatal M\u0171v\u00e9szek Klubja, Budapest<br \/>\n<strong>1964<\/strong> Petri-Galla St\u00fadi\u00f3<br \/>\n<strong>1970<\/strong> Budapesti M\u0171szaki Egyetem, Martos F. Koll\u00e9gium, Budapesti M\u0171szaki Egyetem, Budapest<br \/>\n<strong>1971<\/strong> az I. ker.-i Hazafias N\u00e9pfront Sz\u00e9kh\u00e1za, Budapest<br \/>\n<strong>1972<\/strong> F\u00e9nyes Adolf Terem, Budapest (\u00f6nk\u00f6lts\u00e9ges)<br \/>\n<strong>1977<\/strong> Debreceni Orvostudom\u00e1nyi Egyetem Gal\u00e9ria, Debrecen; M\u0171vel\u0151d\u00e9si K\u00f6zpont, Kecskem\u00e9t<br \/>\n<strong>1981<\/strong> Semmelweis Orvostudom\u00e1nyi Egyetem Gal\u00e9ria, Budapest; Pataky Gal\u00e9ria, Budapest<br \/>\n<strong>1986<\/strong> Plazm\u00e1k \u00e9s k\u0151kertek, Debreceni Orvostudom\u00e1nyi Egyetem Gal\u00e9ria, Debrecen<br \/>\n<strong>1989<\/strong> Ernst M\u00fazeum, Budapest<br \/>\n<strong>1990<\/strong> Magyar Int\u00e9zet, Vars\u00f3<br \/>\n<strong>1994<\/strong> Vigad\u00f3 Gal\u00e9ria, Budapest<br \/>\n<strong>1994-1995<\/strong> S\u00e1rospataki Koll\u00e9gium \u00e9s R\u00e1k\u00f3czi-v\u00e1r (kat.)<br \/>\n<strong>1998<\/strong> Ferihegyi Gal\u00e9ria, Budapest<\/p>\n<p><strong>V\u00c1LOGATOTT CSOPORTOS KI\u00c1LL\u00cdT\u00c1SOK<\/strong><br \/>\n<strong>1962<\/strong> Gutenberg Terem, S\u00e1rospatak<br \/>\n<strong>1968<\/strong> Fiatal M\u0171v\u00e9szek Klubja, Budapest<br \/>\n<strong>1971<\/strong> K\u00e1polnat\u00e1rlatok, Balatonbogl\u00e1r<br \/>\n<strong>1977<\/strong> A n\u00e9pm\u0171v\u00e9szet szellem\u00e9ben, Katona J\u00f3zsef M\u00fazeum, Kecskem\u00e9t<br \/>\n<strong>1982<\/strong> Kod\u00e1ly Zolt\u00e1n eml\u00e9kki\u00e1ll\u00edt\u00e1s, Debrecen<br \/>\n<strong>1983<\/strong> \u00daj M\u0171v\u00e9szet\u00e9rt 1960-1975, Szeged<br \/>\n<strong>1992<\/strong> IV. T\u00e1blak\u00e9pfest\u00e9szeti Bienn\u00e1le, Szeged (grafikai d\u00edj)<br \/>\n<strong>1996<\/strong> Gy\u00f6kerek, M\u0171v\u00e9szetek H\u00e1za, Szeksz\u00e1rd<br \/>\n<strong>1997-1998<\/strong> S\u00edkplasztik\u00e1k, v\u00e1ndorki\u00e1ll\u00edt\u00e1s<\/p>\n<p><strong>\u0170VEK K\u00d6ZGY\u0170JTEM\u00c9NYEKBEN<\/strong><br \/>\nJanus Pannonius M\u00fazeum Modern K\u00e9pt\u00e1r, P\u00e9cs<br \/>\nK\u00e1rolyi Alap\u00edtv\u00e1ny, Vence (FR)<br \/>\nMagyar Nemzeti Gal\u00e9ria, Budapest<br \/>\nS\u00e1rospataki K\u00e9pt\u00e1r, V\u00e1rm\u00fazeum<\/p>\n<p><strong>IRODALOM<\/strong><br \/>\nR\u00e1cz Gy.: ~ m\u0171v\u00e9szete, Magyar \u00c9p\u00edt\u0151m\u0171v\u00e9szet, 1970\/6<br \/>\nKer\u00e9kgy\u00e1rt\u00f3 I.: ~ m\u0171v\u00e9szet\u00e9r\u0151l, M\u0171v\u00e9szet, 1971\/3. Jakab Z.: Szerk\u00f6vek. ~ faplasztik\u00e1i, Magyar \u00c9p\u00edt\u0151m\u0171v\u00e9szet, 1974\/4.<br \/>\nPap G.: Kincsek s m\u0171kincsek a Barbaricumb\u00f3l, M\u0171v\u00e9szet, 1975\/6.<br \/>\nMenyh\u00e1rt L.: Utak a n\u00e9pm\u0171v\u00e9szetb\u0151l, M\u0171v\u00e9szet \u00c9vk\u00f6nyv, 1978<br \/>\nMenyh\u00e1rt L.: K\u00e9t \u00e9vtized, M\u0171v\u00e9szet, 1981\/9.<br \/>\nMenyh\u00e1rt L.: Axis mundi, M\u0171v\u00e9szet, 1989\/9.<br \/>\nSch\u00e9ner M.: A n\u00e9gyzetbefoglalt g\u00f6mb-harm\u00f3ni\u00e1r\u00f3l. Gondolatok ~ m\u0171v\u00e9szet\u00e9r\u0151l (kat. bev, 1994, S\u00e1rospatak)<br \/>\nOl\u00e1h J.: A gyermek sz\u00fclet\u00e9se, Magyar Napl\u00f3, 1996\/11.<br \/>\nOl\u00e1h J.: \u00c1tkiab\u00e1lnak az \u0151s\u00f6k, Magyar Napl\u00f3, 1997\/3.<\/p>\n<p class=\"forras\">(Forr\u00e1s: <a href=\"http:\/\/www.artportal.hu\">www.artportal.hu;<\/a> P. Szab\u00f3 Ern\u0151)<\/p>\n<p>[\/vc_column_text][vc_empty_space height=&#8221;20px&#8221;][\/vc_column][\/vc_row][vc_row row_type=&#8221;row&#8221; use_row_as_full_screen_section=&#8221;no&#8221; type=&#8221;grid&#8221; text_align=&#8221;left&#8221; background_image_as_pattern=&#8221;without_pattern&#8221;][vc_column width=&#8221;1\/1&#8243;][vc_empty_space height=&#8221;32px&#8221;][vc_empty_space height=&#8221;45px&#8221;][\/vc_column][\/vc_row]<\/p>\n<\/div>","protected":false},"excerpt":{"rendered":"<p>[vc_row row_type=&#8221;row&#8221; use_row_as_full_screen_section=&#8221;no&#8221; type=&#8221;grid&#8221; text_align=&#8221;left&#8221; background_image_as_pattern=&#8221;without_pattern&#8221;][vc_column width=&#8221;1\/1&#8243;][vc_empty_space height=&#8221;40px&#8221;][vc_column_text] HALMY MIKL\u00d3S | V\u00e1ndor\u00fat 33 [\/vc_column_text][vc_empty_space height=&#8221;32px&#8221;][\/vc_column][\/vc_row][vc_row&#8230;<\/p>\n","protected":false},"author":1,"featured_media":0,"parent":9467,"menu_order":7,"comment_status":"open","ping_status":"open","template":"full_width.php","meta":{"inline_featured_image":false,"loftloader_pro_show_once":"","loftloader_pro_page_shortcode":"","footnotes":""},"class_list":["post-9366","page","type-page","status-publish","hentry"],"_links":{"self":[{"href":"https:\/\/budapestgaleria.hu\/_\/wp-json\/wp\/v2\/pages\/9366","targetHints":{"allow":["GET"]}}],"collection":[{"href":"https:\/\/budapestgaleria.hu\/_\/wp-json\/wp\/v2\/pages"}],"about":[{"href":"https:\/\/budapestgaleria.hu\/_\/wp-json\/wp\/v2\/types\/page"}],"author":[{"embeddable":true,"href":"https:\/\/budapestgaleria.hu\/_\/wp-json\/wp\/v2\/users\/1"}],"replies":[{"embeddable":true,"href":"https:\/\/budapestgaleria.hu\/_\/wp-json\/wp\/v2\/comments?post=9366"}],"version-history":[{"count":0,"href":"https:\/\/budapestgaleria.hu\/_\/wp-json\/wp\/v2\/pages\/9366\/revisions"}],"up":[{"embeddable":true,"href":"https:\/\/budapestgaleria.hu\/_\/wp-json\/wp\/v2\/pages\/9467"}],"wp:attachment":[{"href":"https:\/\/budapestgaleria.hu\/_\/wp-json\/wp\/v2\/media?parent=9366"}],"curies":[{"name":"wp","href":"https:\/\/api.w.org\/{rel}","templated":true}]}}