{"id":9371,"date":"2015-02-26T10:19:39","date_gmt":"2015-02-26T10:19:39","guid":{"rendered":"http:\/\/budapestgaleria.hu\/_\/?page_id=9371"},"modified":"2015-02-26T10:26:47","modified_gmt":"2015-02-26T10:26:47","slug":"quilt-art-20","status":"publish","type":"page","link":"https:\/\/budapestgaleria.hu\/_\/kiallitasok-2007-budapest-galeria\/quilt-art-20\/","title":{"rendered":"Quilt Art 20"},"content":{"rendered":"<div class=\"wpb-content-wrapper\"><p>[vc_row row_type=&#8221;row&#8221; use_row_as_full_screen_section=&#8221;no&#8221; type=&#8221;grid&#8221; text_align=&#8221;left&#8221; background_image_as_pattern=&#8221;without_pattern&#8221;][vc_column width=&#8221;1\/1&#8243;][vc_empty_space height=&#8221;40px&#8221;][vc_column_text]<\/p>\n<h2 class=\"cim_1\">Quilt Art 20<\/h2>\n<p>[\/vc_column_text][vc_empty_space height=&#8221;32px&#8221;][\/vc_column][\/vc_row][vc_row bgparallax=&#8221;parallax&#8221; contentwidth=&#8221;container&#8221; toppadding=&#8221;40&#8243; bottompadding=&#8221;10&#8243; border=&#8221;on&#8221; css=&#8221;.vc_custom_1420648296958{background-color: #ffffff !important;}&#8221; row_type=&#8221;row&#8221; use_row_as_full_screen_section=&#8221;no&#8221; type=&#8221;grid&#8221; text_align=&#8221;left&#8221; background_image_as_pattern=&#8221;without_pattern&#8221;][vc_column width=&#8221;1\/3&#8243; css=&#8221;.vc_custom_1420649554591{padding-right: 25px !important;}&#8221;][vc_column_text]<\/p>\n<p class=\"hely_bpgal\">Budapest Gal\u00e9ria<\/p>\n<p class=\"cim_bpgal\">1036 Budapest, Lajos utca 158.<\/p>\n<p class=\"datum_bpgal\">2007. janu\u00e1r 9 \u2013 febru\u00e1r 25.<\/p>\n<p>[\/vc_column_text][vc_column_text]<\/p>\n<p class=\"kiemeles_bpgal\">Ki\u00e1ll\u00edt\u00f3 m\u0171v\u00e9szek:<\/p>\n<p class=\"verzal_bpgal\">Bethan Ash | Bornemisza Eszter | Sally-Ann Boyd | Elizabeth Brimelow | Jette Clover | Linda Colsh | Fenella Davies | Susan Denton | Ann Fahy | Mary Fogg | Dirkje van der Horst Beetsma | Inge Hueber | Sara Impey | Bridget Ingram-Bartholom\u00e4us | Bente Vold Klausen | Jane Lloyd | Sandra Meech | Evelyn Montague | Dominie Nash | Janet Twinn | Charlotte Yde<\/p>\n<p>[\/vc_column_text][vc_column_text]<\/p>\n<p class=\"kiemeles_bpgal\">Megnyit\u00f3:<\/p>\n<p class=\"kurrens_bpgal\">2007. janu\u00e1r 9., (p\u00e9ntek), 16:00<\/p>\n<p class=\"kiemeles_bpgal\">Megnyitotta:<\/p>\n<p class=\"kurrens_bpgal\">FITZ P\u00c9TER, m\u0171v\u00e9szett\u00f6rt\u00e9n\u00e9sz<\/p>\n<p>[\/vc_column_text][vc_empty_space height=&#8221;32px&#8221;][\/vc_column][vc_column width=&#8221;2\/3&#8243;][vc_column_text]A Quilt Art csoport 1985-ben Angli\u00e1ban alakult azzal a c\u00e9llal, hogy a hagyom\u00e1nyosan patchwork technik\u00e1val, haszn\u00e1lati c\u00e9lra k\u00e9sz\u00fclt takar\u00f3 \u2013 a quilt &#8211; m\u0171faj\u00e1t meg\u00faj\u00edt\u00f3, \u00e9s m\u0171v\u00e9szi szintre emel\u0151 alkot\u00f3kat t\u00f6m\u00f6r\u00edtse, \u00e9s el\u0151seg\u00edtse e modern textilk\u00e9pek megismertet\u00e9s\u00e9t \u00e9s elfogadtat\u00e1s\u00e1t a sz\u00e9les k\u00f6z\u00f6ns\u00e9ggel. \u00daj tagjait a csoport a professzionalit\u00e1s \u00e9s a m\u0171v\u00e9szi sz\u00ednvonal alapj\u00e1n v\u00e1logatja, m\u00e1ra 9 orsz\u00e1gb\u00f3l h\u00fasz tagot sz\u00e1ml\u00e1l. Nemzetk\u00f6zi elismerts\u00e9g\u00e9t ki\u00e1ll\u00edt\u00e1saik \u00e9s kiadv\u00e1nyaik sora n\u00f6veli, \u00e9s tagjainak sz\u00e9lesk\u00f6r\u0171 oktat\u00f3 munk\u00e1ja.<\/p>\n<p>A Budapest Gal\u00e9ria Ki\u00e1ll\u00edt\u00f3h\u00e1z\u00e1ban bemutatand\u00f3 ki\u00e1ll\u00edt\u00e1si anyag, amely tavaly indult eur\u00f3pai \u00e9s tengerent\u00fali k\u00f6r\u00fatj\u00e1ra, a csoport alakul\u00e1s\u00e1nak 20 \u00e9ves \u00e9vfordul\u00f3j\u00e1t \u00fcnnepli, tagjainak az erre a kiemelked\u0151 alkalomra k\u00e9sz\u00fclt k\u00e9t-k\u00e9t alkot\u00e1s\u00e1val.[\/vc_column_text][vc_empty_space height=&#8221;20px&#8221;][\/vc_column][\/vc_row][vc_row row_type=&#8221;row&#8221; use_row_as_full_screen_section=&#8221;no&#8221; type=&#8221;grid&#8221; text_align=&#8221;left&#8221; background_image_as_pattern=&#8221;without_pattern&#8221;][vc_column width=&#8221;1\/1&#8243;][vc_empty_space height=&#8221;32px&#8221;][vc_empty_space height=&#8221;45px&#8221;][\/vc_column][\/vc_row]<\/p>\n<\/div>","protected":false},"excerpt":{"rendered":"<p>[vc_row row_type=&#8221;row&#8221; use_row_as_full_screen_section=&#8221;no&#8221; type=&#8221;grid&#8221; text_align=&#8221;left&#8221; background_image_as_pattern=&#8221;without_pattern&#8221;][vc_column width=&#8221;1\/1&#8243;][vc_empty_space height=&#8221;40px&#8221;][vc_column_text] Quilt Art 20 [\/vc_column_text][vc_empty_space height=&#8221;32px&#8221;][\/vc_column][\/vc_row][vc_row bgparallax=&#8221;parallax&#8221; contentwidth=&#8221;container&#8221;&#8230;<\/p>\n","protected":false},"author":1,"featured_media":0,"parent":9369,"menu_order":0,"comment_status":"open","ping_status":"open","template":"full_width.php","meta":{"inline_featured_image":false,"loftloader_pro_show_once":"","loftloader_pro_page_shortcode":"","footnotes":""},"class_list":["post-9371","page","type-page","status-publish","hentry"],"_links":{"self":[{"href":"https:\/\/budapestgaleria.hu\/_\/wp-json\/wp\/v2\/pages\/9371","targetHints":{"allow":["GET"]}}],"collection":[{"href":"https:\/\/budapestgaleria.hu\/_\/wp-json\/wp\/v2\/pages"}],"about":[{"href":"https:\/\/budapestgaleria.hu\/_\/wp-json\/wp\/v2\/types\/page"}],"author":[{"embeddable":true,"href":"https:\/\/budapestgaleria.hu\/_\/wp-json\/wp\/v2\/users\/1"}],"replies":[{"embeddable":true,"href":"https:\/\/budapestgaleria.hu\/_\/wp-json\/wp\/v2\/comments?post=9371"}],"version-history":[{"count":0,"href":"https:\/\/budapestgaleria.hu\/_\/wp-json\/wp\/v2\/pages\/9371\/revisions"}],"up":[{"embeddable":true,"href":"https:\/\/budapestgaleria.hu\/_\/wp-json\/wp\/v2\/pages\/9369"}],"wp:attachment":[{"href":"https:\/\/budapestgaleria.hu\/_\/wp-json\/wp\/v2\/media?parent=9371"}],"curies":[{"name":"wp","href":"https:\/\/api.w.org\/{rel}","templated":true}]}}