{"id":9374,"date":"2015-02-26T10:35:35","date_gmt":"2015-02-26T10:35:35","guid":{"rendered":"http:\/\/budapestgaleria.hu\/_\/?page_id=9374"},"modified":"2015-03-09T18:08:13","modified_gmt":"2015-03-09T18:08:13","slug":"50-ev-francia-plakatjai","status":"publish","type":"page","link":"https:\/\/budapestgaleria.hu\/_\/kiallitasok-2007-budapest-kiallitoterem\/50-ev-francia-plakatjai\/","title":{"rendered":"50 \u00e9v francia plak\u00e1tjai"},"content":{"rendered":"<div class=\"wpb-content-wrapper\"><p>[vc_row row_type=&#8221;row&#8221; use_row_as_full_screen_section=&#8221;no&#8221; type=&#8221;grid&#8221; text_align=&#8221;left&#8221; background_image_as_pattern=&#8221;without_pattern&#8221;][vc_column width=&#8221;1\/1&#8243;][vc_empty_space height=&#8221;40px&#8221;][vc_column_text]<\/p>\n<h2 class=\"cim_1\">50 \u00e9v francia plak\u00e1tjai<\/h2>\n<p>[\/vc_column_text][vc_empty_space height=&#8221;32px&#8221;][\/vc_column][\/vc_row][vc_row bgparallax=&#8221;parallax&#8221; contentwidth=&#8221;container&#8221; toppadding=&#8221;40&#8243; bottompadding=&#8221;10&#8243; border=&#8221;on&#8221; css=&#8221;.vc_custom_1420648296958{background-color: #ffffff !important;}&#8221; row_type=&#8221;row&#8221; use_row_as_full_screen_section=&#8221;no&#8221; type=&#8221;grid&#8221; text_align=&#8221;left&#8221; background_image_as_pattern=&#8221;without_pattern&#8221;][vc_column width=&#8221;1\/3&#8243; css=&#8221;.vc_custom_1420649554591{padding-right: 25px !important;}&#8221;][vc_column_text]<\/p>\n<p class=\"hely_bpgal\">Budapest Ki\u00e1ll\u00edt\u00f3terem<\/p>\n<p class=\"cim_bpgal\">1056 Budapest, Szabad sajt\u00f3 \u00fat 5.<\/p>\n<p class=\"datum_bpgal\">2007. janu\u00e1r 17 \u2013 febru\u00e1r 18.<\/p>\n<p>[\/vc_column_text][vc_column_text]<\/p>\n<p class=\"kiemeles_bpgal\">A ki\u00e1ll\u00edt\u00e1s kur\u00e1tora:<\/p>\n<p class=\"verzal_bpgal\">Alain Well<\/p>\n<p class=\"kiemeles_bpgal\">Ki\u00e1ll\u00edt\u00f3 m\u0171v\u00e9szek:<\/p>\n<p class=\"verzal_bpgal\">Gruau | Malcl\u00e8s | Cieslewicz | Reiser | Mai 68 | Savignac | Topor | Sin\u00e9 | Wolinski | Alexinski | Ungerer | P. Bernard | Zask | Curchod | Batory | Appeloig | Bouvet | Villemot | Folon | Grapus | Ferrari | Klein | Quarez | M\/M | Widmer | Paris-Clavel | A. Fran\u00e7ois | Kiffer | Bazooka | Morvan | Excoffon | Le Quernec | Jacno | Dali Mathieu<\/p>\n<p>[\/vc_column_text][vc_column_text]<\/p>\n<p class=\"kiemeles_bpgal\">Megnyit\u00f3:<\/p>\n<p class=\"kurrens_bpgal\">2007. janu\u00e1r 17., 17:00<\/p>\n<p class=\"kiemeles_bpgal\">Megnyitotta:<\/p>\n<p class=\"kurrens_bpgal\">FITZ P\u00c9TER, m\u0171v\u00e9szett\u00f6rt\u00e9n\u00e9sz<\/p>\n<p>[\/vc_column_text][vc_empty_space height=&#8221;32px&#8221;][\/vc_column][vc_column width=&#8221;2\/3&#8243;][vc_column_text]A m\u0171v\u00e9szi plak\u00e1t Franciaorsz\u00e1gban jelent meg el\u0151sz\u00f6r a XIX. sz\u00e1zad v\u00e9g\u00e9n olyan tehets\u00e9gek r\u00e9v\u00e9n, Ch\u00e9ret-t k\u00f6vet\u0151en, mint pl. Toulouse-Lautrec vagy Mucha. \u0150ket k\u00f6vette Cappiello, majd az els\u0151 vil\u00e1gh\u00e1bor\u00fa ut\u00e1n Carlu, Cassandre, Colin \u00e9s Loupot. 1945 ut\u00e1n egy \u00faj gener\u00e1ci\u00f3 jelenik meg. Savignac \u00e9s Andr\u00e9 Fran\u00e7ois Cassandre tan\u00edtv\u00e1nyai, m\u00edg Villemot, Paul Colin iskol\u00e1j\u00e1nak \u00f3r\u00e1it hallgatta.<\/p>\n<p>Az uralkod\u00f3 st\u00edlus &#8211; a vizu\u00e1lis boh\u00f3zat &#8211; megalkot\u00f3ja Savignac volt a Monsavon kis tehen\u00e9vel. A h\u00e1bor\u00fa ut\u00e1ni nyomor\u00fas\u00e1gos id\u0151kben a franci\u00e1knak sz\u00fcks\u00e9g\u00fck volt a nevet\u00e9sre: a komikus, kis figur\u00e1k, \u00e1llatk\u00e1k, amelyek a term\u00e9kkel \u00fagy j\u00e1tszanak, hogy k\u00f6zben annak legjobb tulajdons\u00e1gait hangs\u00falyozz\u00e1k a k\u00f6z\u00f6ns\u00e9g ig\u00e9nyeinek t\u00f6k\u00e9letesen megfelelt. Az \u00e9l\u00e9nk sz\u00ednek, amelyeket Villemot-hoz hasonl\u00f3an a t\u00f6bbi plak\u00e1tm\u0171v\u00e9sz is haszn\u00e1lt, tov\u00e1bb emelt\u00e9k a hirdet\u00e9sek vid\u00e1ms\u00e1g\u00e1t.<\/p>\n<p>A 60-as \u00e9vek v\u00e9g\u00e9n a plak\u00e1tm\u0171v\u00e9szetet egyszerre t\u00f6bb hat\u00e1s is \u00e9ri : egyr\u00e9szt a fot\u00f3, a rekl\u00e1m\u00fcgyn\u00f6ks\u00e9gek \u00e9s a marketing megjelen\u00e9se, m\u00e1sr\u00e9szt a sv\u00e1jci (pl. Jean Widmer) \u00e9s a lengyel (Cieszlewicz) m\u0171v\u00e9szek st\u00edlusai \u00e1ltal.<\/p>\n<p>A 68-as m\u00e1jusi forradalom plak\u00e1tjai mintak\u00e9nt szolg\u00e1lnak majd az eg\u00e9sz vil\u00e1gon, felbor\u00edtva az addigi st\u00edlusokat.<\/p>\n<p>A fiatal grafikusok (Grapus csoport) plak\u00e1ttervei, er\u0151sen politiz\u00e1l\u00f3dnak \u00e9s visszautas\u00edtj\u00e1k a rekl\u00e1mszakm\u00e1t. A nemzeti \u00e9s region\u00e1lis kultur\u00e1lis int\u00e9zm\u00e9nyek l\u00e1tv\u00e1nyos fejl\u0151d\u00e9se \u00e9s a fesztiv\u00e1lok ment\u0151\u00f6vk\u00e9nt szolg\u00e1lnak a plak\u00e1tm\u0171v\u00e9szet megment\u00e9s\u00e9hez. Le Quernec, Quarez, Michel Bouvet, Batory \u00e9s Catherine Zask m\u00e1r azt az \u00faj francia iskol\u00e1t k\u00e9pviselik, amelyet az eg\u00e9sz vil\u00e1g ismer, \u00e9s amely tov\u00e1bb \u00e9lteti a francia m\u0171v\u00e9szi plak\u00e1t fogalm\u00e1t.[\/vc_column_text][vc_empty_space height=&#8221;20px&#8221;][\/vc_column][\/vc_row][vc_row row_type=&#8221;row&#8221; use_row_as_full_screen_section=&#8221;no&#8221; type=&#8221;grid&#8221; text_align=&#8221;left&#8221; background_image_as_pattern=&#8221;without_pattern&#8221;][vc_column width=&#8221;1\/1&#8243;][vc_empty_space height=&#8221;32px&#8221;][vc_empty_space height=&#8221;45px&#8221;][\/vc_column][\/vc_row]<\/p>\n<\/div>","protected":false},"excerpt":{"rendered":"<p>[vc_row row_type=&#8221;row&#8221; use_row_as_full_screen_section=&#8221;no&#8221; type=&#8221;grid&#8221; text_align=&#8221;left&#8221; background_image_as_pattern=&#8221;without_pattern&#8221;][vc_column width=&#8221;1\/1&#8243;][vc_empty_space height=&#8221;40px&#8221;][vc_column_text] 50 \u00e9v francia plak\u00e1tjai [\/vc_column_text][vc_empty_space height=&#8221;32px&#8221;][\/vc_column][\/vc_row][vc_row bgparallax=&#8221;parallax&#8221;&#8230;<\/p>\n","protected":false},"author":1,"featured_media":0,"parent":9479,"menu_order":0,"comment_status":"open","ping_status":"open","template":"full_width.php","meta":{"inline_featured_image":false,"loftloader_pro_show_once":"","loftloader_pro_page_shortcode":"","footnotes":""},"class_list":["post-9374","page","type-page","status-publish","hentry"],"_links":{"self":[{"href":"https:\/\/budapestgaleria.hu\/_\/wp-json\/wp\/v2\/pages\/9374","targetHints":{"allow":["GET"]}}],"collection":[{"href":"https:\/\/budapestgaleria.hu\/_\/wp-json\/wp\/v2\/pages"}],"about":[{"href":"https:\/\/budapestgaleria.hu\/_\/wp-json\/wp\/v2\/types\/page"}],"author":[{"embeddable":true,"href":"https:\/\/budapestgaleria.hu\/_\/wp-json\/wp\/v2\/users\/1"}],"replies":[{"embeddable":true,"href":"https:\/\/budapestgaleria.hu\/_\/wp-json\/wp\/v2\/comments?post=9374"}],"version-history":[{"count":0,"href":"https:\/\/budapestgaleria.hu\/_\/wp-json\/wp\/v2\/pages\/9374\/revisions"}],"up":[{"embeddable":true,"href":"https:\/\/budapestgaleria.hu\/_\/wp-json\/wp\/v2\/pages\/9479"}],"wp:attachment":[{"href":"https:\/\/budapestgaleria.hu\/_\/wp-json\/wp\/v2\/media?parent=9374"}],"curies":[{"name":"wp","href":"https:\/\/api.w.org\/{rel}","templated":true}]}}