{"id":9376,"date":"2015-02-26T10:45:43","date_gmt":"2015-02-26T10:45:43","guid":{"rendered":"http:\/\/budapestgaleria.hu\/_\/?page_id=9376"},"modified":"2015-03-09T18:14:11","modified_gmt":"2015-03-09T18:14:11","slug":"orshi-drozdik-orsolya-venuszok-draperiak-testhajlatok","status":"publish","type":"page","link":"https:\/\/budapestgaleria.hu\/_\/kiallitasok-2007-budapest-kiallitoterem\/orshi-drozdik-orsolya-venuszok-draperiak-testhajlatok\/","title":{"rendered":"Orshi Drozdik Orsolya | V\u00c9NUSZOK Drap\u00e9ri\u00e1k, Testhajlatok"},"content":{"rendered":"<div class=\"wpb-content-wrapper\"><p>[vc_row row_type=&#8221;row&#8221; use_row_as_full_screen_section=&#8221;no&#8221; type=&#8221;grid&#8221; text_align=&#8221;left&#8221; background_image_as_pattern=&#8221;without_pattern&#8221;][vc_column width=&#8221;1\/1&#8243;][vc_empty_space height=&#8221;40px&#8221;][vc_column_text]<\/p>\n<h2 class=\"cim_1\">ORSHI DROZDIK ORSOLYA | V\u00c9NUSZOK Drap\u00e9ri\u00e1k, Testhajlatok<\/h2>\n<p>[\/vc_column_text][vc_empty_space height=&#8221;32px&#8221;][\/vc_column][\/vc_row][vc_row bgparallax=&#8221;parallax&#8221; contentwidth=&#8221;container&#8221; toppadding=&#8221;40&#8243; bottompadding=&#8221;10&#8243; border=&#8221;on&#8221; css=&#8221;.vc_custom_1420648296958{background-color: #ffffff !important;}&#8221; row_type=&#8221;row&#8221; use_row_as_full_screen_section=&#8221;no&#8221; type=&#8221;grid&#8221; text_align=&#8221;left&#8221; background_image_as_pattern=&#8221;without_pattern&#8221;][vc_column width=&#8221;1\/3&#8243; css=&#8221;.vc_custom_1420649554591{padding-right: 25px !important;}&#8221;][vc_column_text]<\/p>\n<p class=\"hely_bpgal\">Budapest Ki\u00e1ll\u00edt\u00f3terem<\/p>\n<p class=\"cim_bpgal\">1056 Budapest, Szabad sajt\u00f3 \u00fat 5.<\/p>\n<p class=\"datum_bpgal\">2007. febru\u00e1r 22 \u2013 m\u00e1rcius 25.<\/p>\n<p>[\/vc_column_text][vc_column_text]<\/p>\n<p class=\"kiemeles_bpgal\">Megnyit\u00f3:<\/p>\n<p class=\"kurrens_bpgal\">2007. febru\u00e1r 22. (cs\u00fct\u00f6rt\u00f6k), 17:00<\/p>\n<p class=\"kiemeles_bpgal\">Megnyitotta:<\/p>\n<p class=\"kurrens_bpgal\">DR. SCHULLER GABRIELLA<\/p>\n<p>[\/vc_column_text][vc_empty_space height=&#8221;32px&#8221;][\/vc_column][vc_column width=&#8221;2\/3&#8243;][vc_column_text]A ki\u00e1ll\u00edt\u00e1s a m\u0171v\u00e9szn\u0151 m\u00e1sodik \u00f6n\u00e1ll\u00f3 ki\u00e1ll\u00edt\u00e1sa a Budapest Gal\u00e9ri\u00e1ban, az els\u0151 1984\u2013ben volt \u00e9s az eltelt 23 \u00e9v alatt nemzetk\u00f6zileg elismert m\u0171v\u00e9ssz\u00e9 v\u00e1lt. Drozdik jelenleg a Magyar K\u00e9pz\u0151m\u0171v\u00e9szeti Egyetem tan\u00e1ra. Idej\u00e9t, \u00e9s alkot\u00f3i munk\u00e1j\u00e1t Budapest \u00e9s New York k\u00f6z\u00f6tt osztja meg.<\/p>\n<p>\u201eDrozdik Orsolya a kort\u00e1rs magyar \u00e9s egyetemes m\u0171v\u00e9szet kiemelked\u0151 szem\u00e9lyis\u00e9ge, [\u2026] a magyar konceptu\u00e1lis m\u0171v\u00e9szet korai k\u00e9pvisel\u0151je, [\u2026] a n\u0151is\u00e9g, a n\u0151i nem l\u00e9nyegi k\u00e9rd\u00e9s\u00e9vel foglalkoz\u00f3 m\u0171v\u00e9szek k\u00f6z\u00fcl a vil\u00e1gon \u00e9l\u0151 legkiv\u00e1l\u00f3bbak egyike. Munk\u00e1ss\u00e1g\u00e1t szigor\u00fa k\u00f6vetkezetess\u00e9g, a n\u0151m\u0171v\u00e9sz lehets\u00e9ges szerepmint\u00e1inak teljess\u00e9gre t\u00f6rekv\u0151 kutat\u00e1sa, az \u00f6nazonoss\u00e1g mibenl\u00e9t\u00e9nek sokoldal\u00fa elemz\u00e9se \u00e9s felt\u00e1r\u00e1sa, a n\u0151i nem t\u00e1rsadalmi szerep\u00e9nek kritikus szeml\u00e9lete \u00e9s szisztematikus vizsg\u00e1lata jellemzi.\u201d<\/p>\n<p class=\"forras\">(N M\u00e9sz\u00e1ros J\u00falia: M\u00fazeumi H\u00edrlev\u00e9l, 2004 febru\u00e1r)<\/p>\n<p>Megalkuv\u00e1sok n\u00e9lk\u00fcl szemben\u00e9z a legnehezebben megfogalmazhat\u00f3 m\u0171v\u00e9szeti probl\u00e9m\u00e1kkal. M\u0171v\u00e9szete \u00e9s szem\u00e9lyes \u00e9let\u00e9nek tapasztalatai egym\u00e1st\u00f3l elv\u00e1laszthatatlanok, \u00e9lete \u00e9s m\u0171v\u00e9szete szoros szimbi\u00f3zis\u00e1ban hozta l\u00e9tre m\u0171v\u00e9szet\u00e9nek azt az intenzit\u00e1s\u00e1t, amely korai performanszaiban, \u00e9s k\u00e9s\u0151bbi install\u00e1ci\u00f3iban, fot\u00f3iban, rajzaiban, festm\u00e9nyeiben, \u00edr\u00e1saiban mindv\u00e9gig jelen van.<\/p>\n<p>V\u00c9NUSZOK Drap\u00e9ri\u00e1k, Testhajlatok c\u00edm\u0171 ki\u00e1ll\u00edt\u00e1sa, a m\u0171v\u00e9szn\u0151 \u00fajabb munk\u00e1inak csak egy szegmens\u00e9t mutatja be. Ezek a munk\u00e1k szorosan \u00f6sszef\u00fcggenek azzal a sorozattal, amelynek egy r\u00e9szlet\u00e9t a k\u00f6z\u00f6ns\u00e9g 2006. december\u00e9ben \u00e9s 2007. janu\u00e1rj\u00e1ban l\u00e1thatott Budapesten az APA ki\u00e1ll\u00edt\u00f3termeiben, R\u00fazsfestm\u00e9nyek Ala Fontana c\u00edmmel.<\/p>\n<p>Orshi Drozdik Orsolya ezen ki\u00e1ll\u00edt\u00e1s\u00e1nak t\u00e9m\u00e1ja maga az \u00e9rz\u00e9kis\u00e9g. A ki\u00e1ll\u00edt\u00e1son szerepl\u0151 munk\u00e1kban, a szem, a l\u00e1t\u00e1s \u00e9rz\u00e9kszerve tapintja le a vil\u00e1g felsz\u00edn\u00e9t. Az \u00e9rz\u00e9kis\u00e9g, a k\u00fcl\u00f6nb\u00f6z\u0151 \u00e9rz\u00e9kszerveken kereszt\u00fcli tapasztalat, a tudatos tapasztalatnak csaknem az ellent\u00e9te, m\u00e9gis itt, az \u00e9rz\u00e9kis\u00e9g bemutat\u00e1sa a tudatosra t\u00e1maszkodik. Drozdik tudatosan vezeti be a n\u00e9z\u0151t, a tudattalannak felfogott \u00e9rz\u00e9kis\u00e9g vil\u00e1g\u00e1ba.<\/p>\n<p>A ki\u00e1ll\u00edt\u00e1s t\u00e1rgya, a V\u00e9nuszok c\u00edmmel is utal, a meztelen n\u0151i testekre, a m\u00fazeumok falain, valamint a m\u0171v\u00e9szett\u00f6rt\u00e9neti k\u00f6nyvekben, \u00e9s arra a patriarch\u00e1lis m\u0171v\u00e9szett\u00f6rt\u00e9neti diszkurzusra, amelyben az \u00e9rz\u00e9kis\u00e9g erotikus t\u00e1rgya a n\u0151i test \u00e9s a drap\u00e9ria, amely k\u00f6r\u00fcl lengi, betakarja, elfedi vagy felfedi azt.<\/p>\n<p>\u201eVel\u00e1zquez, Veronese, Lotto, Goya, Tiziano, Rubens \u2013 a v\u00e9gtelens\u00e9gig sorolhatn\u00e1nk \u2013 k\u00e9pei el\u0151tt \u00e1llva, arcokat, kezeket, test darabokat, vagy eg\u00e9sz testfel\u00fcletnyi b\u0151rt l\u00e1tunk, drap\u00e9ri\u00e1k halmaza k\u00f6z\u00f6tt. M\u00edg a testr\u00e9szek feszesen festettek, addig a drap\u00e9ria sz\u00e1ll, hull\u00e1mzik, mozog. Gesztusok, mozdulatok az ecsettel \u00e9s a fest\u0151v\u00e1sznon \u00e1br\u00e1zolt drap\u00e9ria fodraiban m\u00e1ris vibr\u00e1l az \u00e9rz\u00e9kis\u00e9g. A drap\u00e9ri\u00e1n a cik\u00e1z\u00f3 ecset nyoma \u00e9s a fest\u00e9k sz\u00edne \u00e9rz\u00e9ki, m\u00edg a n\u0151 test\u00e9nek feszesebb fest\u00e9sm\u00f3dja, sz\u00edne, a korszakonk\u00e9nt v\u00e1ltoz\u00f3 ide\u00e1lis n\u0151i testeket, a V\u00e9nuszokat \u00e1br\u00e1zolja. A f\u00e9rfi \u00e1br\u00e1zol\u00f3 ecset\u00e9nek \u00e9rint\u00e9se a fest\u0151v\u00e1sznon, a v\u00e1gyott, f\u00e9nyl\u0151 n\u0151i testeket, a drap\u00e9ri\u00e1k k\u00f6z\u00f6tt, az \u00e9rz\u00e9kis\u00e9gben megf\u00fcrdetve \u00e1br\u00e1zolja.\u201d (\u00edrja Drozdik)<\/p>\n<p>Orshi Drozdik Orsolya V\u00e9nuszok: Drap\u00e9ri\u00e1k \u00e9s Testhajlatok c\u00edm\u0171 ki\u00e1ll\u00edt\u00e1sa a n\u0151i test t\u00f6red\u00e9keivel \u00e9s az azokat \u00f6vez\u0151 drap\u00e9ri\u00e1k fragmentumaival foglalkozik. Kiemel, sokszoroz, j\u00e1tszik azzal, amit tal\u00e1lt, vagy amire utal. Amit a fest\u00e9szett\u00f6rt\u00e9net\u00e9ben felfedezett felhaszn\u00e1lja, de f\u00fcggetlenedik is t\u0151l\u00fck. Utalva r\u00e1juk, a k\u00e9pz\u0151m\u0171v\u00e9szet patriarch\u00e1lis diszkurzus\u00e1t \u00fajra gondolja, \u00fajb\u00f3l \u00e9s \u00fajb\u00f3l \u00e1tdolgozza. Saj\u00e1t \u00e9rz\u00e9kis\u00e9g\u00e9nek \u00e9s tudatos gondolkod\u00e1s\u00e1nak a r\u00e9szek\u00e9nt haszn\u00e1lja, egyben kritikusan utal arra az \u00f6r\u00f6ks\u00e9gre, amelyben az erotikust a f\u00e9rfi tekintet\u00e9ben rejl\u0151 v\u00e1gy hat\u00e1rozta meg.<\/p>\n<p>Az erotikus, az \u00e9rz\u00e9ki drap\u00e9ria, a n\u0151\u00e1br\u00e1zol\u00e1s r\u00e9sze a m\u0171v\u00e9szett\u00f6rt\u00e9netnek. A patriarch\u00e1lis m\u0171v\u00e9szet t\u00f6rt\u00e9net\u00e9ben a drap\u00e9ria \u00e9s a test, ami a drap\u00e9ri\u00e1b\u00f3l kil\u00e1tszik, utal arra, ami kimaradt, amelyet az a n\u00e9z\u0151ben kelt\/keltett, a v\u00e1gyra. A drap\u00e9ria \u00e1br\u00e1zol\u00e1sa fokozza \u00e9s kifejti az erotikust, amelynek t\u00e1rgya maga a n\u0151i test. Drozdik Orsolya v\u00e9gigsimogatja tekintet\u00e9vel, \u00e9s f\u00e9nyk\u00e9pez\u0151g\u00e9pe lencs\u00e9j\u00e9vel azokat, t\u00f6red\u00e9kess\u00e9 teszi, vagy egym\u00e1s mell\u00e9 utalja, vagy kaleidoszk\u00f3pszer\u0171en egym\u00e1smell\u00e9 szerkeszti a darabokat, hogy saj\u00e1t \u00e9rz\u00e9ki \u00e9lm\u00e9nyeit, \u00e9s kritikai n\u00e9z\u0151pontj\u00e1t felt\u00e1rja.<\/p>\n<p>Hogyan kapcsolhat\u00f3k ezek a r\u00e9szben m\u0171v\u00e9szett\u00f6rt\u00e9neti referenci\u00e1k a kort\u00e1rs gondolkod\u00e1shoz? A kort\u00e1rs n\u0151m\u0171v\u00e9szet sz\u00e1nd\u00e9k\u00e1hoz? A n\u0151n\u00e9z\u0151pont kort\u00e1rs kritikai magatart\u00e1s\u00e1hoz, a huszonegyedik sz\u00e1zadhoz, amikor az \u00e9rz\u00e9kit, \u2013 a n\u00e9pszer\u0171 popzene vide\u00f3ban, kozmetikumok, als\u00f3nem\u0171k hirdet\u00e9seiben stb. \u2013 a ny\u00edltan pornografikus k\u00e9pzelet v\u00e1ltotta fel?<\/p>\n<p>Drozdik v\u00e1lasza: \u201eAz \u00e1br\u00e1zol\u00e1s t\u00f6rt\u00e9nete \u00e9s a jelene szorosan kapcsol\u00f3dik egym\u00e1shoz. A k\u00fcl\u00f6nbs\u00e9g nem a l\u00e9nyeg\u00e9ben, hanem a korszellem stil\u00e1ris v\u00e1ltoz\u00e1s\u00e1ban van. Az als\u00f3nem\u0171k elad\u00e1si koreogr\u00e1fi\u00e1ja is a f\u00e9rfitekintetben rejl\u0151 v\u00e1gyra hivatkozik, esetleg mell\u00e9kesen utal a n\u0151\u00e9re is.\u201d[\/vc_column_text][vc_empty_space height=&#8221;20px&#8221;][\/vc_column][\/vc_row][vc_row row_type=&#8221;row&#8221; use_row_as_full_screen_section=&#8221;no&#8221; type=&#8221;grid&#8221; text_align=&#8221;left&#8221; background_image_as_pattern=&#8221;without_pattern&#8221;][vc_column width=&#8221;1\/1&#8243;][vc_empty_space height=&#8221;32px&#8221;][vc_empty_space height=&#8221;45px&#8221;][\/vc_column][\/vc_row]<\/p>\n<\/div>","protected":false},"excerpt":{"rendered":"<p>[vc_row row_type=&#8221;row&#8221; use_row_as_full_screen_section=&#8221;no&#8221; type=&#8221;grid&#8221; text_align=&#8221;left&#8221; background_image_as_pattern=&#8221;without_pattern&#8221;][vc_column width=&#8221;1\/1&#8243;][vc_empty_space height=&#8221;40px&#8221;][vc_column_text] ORSHI DROZDIK ORSOLYA | V\u00c9NUSZOK Drap\u00e9ri\u00e1k, Testhajlatok&#8230;<\/p>\n","protected":false},"author":1,"featured_media":0,"parent":9479,"menu_order":1,"comment_status":"open","ping_status":"open","template":"full_width.php","meta":{"inline_featured_image":false,"loftloader_pro_show_once":"","loftloader_pro_page_shortcode":"","footnotes":""},"class_list":["post-9376","page","type-page","status-publish","hentry"],"_links":{"self":[{"href":"https:\/\/budapestgaleria.hu\/_\/wp-json\/wp\/v2\/pages\/9376","targetHints":{"allow":["GET"]}}],"collection":[{"href":"https:\/\/budapestgaleria.hu\/_\/wp-json\/wp\/v2\/pages"}],"about":[{"href":"https:\/\/budapestgaleria.hu\/_\/wp-json\/wp\/v2\/types\/page"}],"author":[{"embeddable":true,"href":"https:\/\/budapestgaleria.hu\/_\/wp-json\/wp\/v2\/users\/1"}],"replies":[{"embeddable":true,"href":"https:\/\/budapestgaleria.hu\/_\/wp-json\/wp\/v2\/comments?post=9376"}],"version-history":[{"count":0,"href":"https:\/\/budapestgaleria.hu\/_\/wp-json\/wp\/v2\/pages\/9376\/revisions"}],"up":[{"embeddable":true,"href":"https:\/\/budapestgaleria.hu\/_\/wp-json\/wp\/v2\/pages\/9479"}],"wp:attachment":[{"href":"https:\/\/budapestgaleria.hu\/_\/wp-json\/wp\/v2\/media?parent=9376"}],"curies":[{"name":"wp","href":"https:\/\/api.w.org\/{rel}","templated":true}]}}