{"id":9381,"date":"2015-02-26T11:01:05","date_gmt":"2015-02-26T11:01:05","guid":{"rendered":"http:\/\/budapestgaleria.hu\/_\/?page_id=9381"},"modified":"2015-02-26T11:01:05","modified_gmt":"2015-02-26T11:01:05","slug":"takats-marton-szinesben-is","status":"publish","type":"page","link":"https:\/\/budapestgaleria.hu\/_\/kiallitasok-2007-budapest-galeria\/takats-marton-szinesben-is\/","title":{"rendered":"Tak\u00e1ts M\u00e1rton | Sz\u00ednesben (is)"},"content":{"rendered":"<div class=\"wpb-content-wrapper\"><p>[vc_row row_type=&#8221;row&#8221; use_row_as_full_screen_section=&#8221;no&#8221; type=&#8221;grid&#8221; text_align=&#8221;left&#8221; background_image_as_pattern=&#8221;without_pattern&#8221;][vc_column width=&#8221;1\/1&#8243;][vc_empty_space height=&#8221;40px&#8221;][vc_column_text]<\/p>\n<h2 class=\"cim_1\">TAK\u00c1TS M\u00c1RTON | Sz\u00ednesben (is)<\/h2>\n<p>[\/vc_column_text][vc_empty_space height=&#8221;32px&#8221;][\/vc_column][\/vc_row][vc_row bgparallax=&#8221;parallax&#8221; contentwidth=&#8221;container&#8221; toppadding=&#8221;40&#8243; bottompadding=&#8221;10&#8243; border=&#8221;on&#8221; css=&#8221;.vc_custom_1420648296958{background-color: #ffffff !important;}&#8221; row_type=&#8221;row&#8221; use_row_as_full_screen_section=&#8221;no&#8221; type=&#8221;grid&#8221; text_align=&#8221;left&#8221; background_image_as_pattern=&#8221;without_pattern&#8221;][vc_column width=&#8221;1\/3&#8243; css=&#8221;.vc_custom_1420649554591{padding-right: 25px !important;}&#8221;][vc_column_text]<\/p>\n<p class=\"hely_bpgal\">Budapest Gal\u00e9ria<\/p>\n<p class=\"cim_bpgal\">1036 Budapest, Lajos utca 158.<\/p>\n<p class=\"datum_bpgal\">2007. m\u00e1rcius 1 \u2013 \u00e1prilis 1.<\/p>\n<p>[\/vc_column_text][vc_column_text]<\/p>\n<p class=\"kiemeles_bpgal\">Megnyit\u00f3:<\/p>\n<p class=\"kurrens_bpgal\">2007. m\u00e1rcius 1. (cs\u00fct\u00f6rt\u00f6k), 17:00<\/p>\n<p class=\"kiemeles_bpgal\">Megnyitotta:<\/p>\n<p class=\"kurrens_bpgal\">STURCZ J\u00c1NOS, m\u0171v\u00e9szett\u00f6rt\u00e9n\u00e9sz<\/p>\n<p>[\/vc_column_text][vc_empty_space height=&#8221;32px&#8221;][\/vc_column][vc_column width=&#8221;2\/3&#8243;][vc_column_text]Tak\u00e1ts M\u00e1rton v\u00e1rosi csod\u00e1i, furcsa v\u00e1rosk\u00e9pei, p\u00e1rizsi k\u00e1v\u00e9h\u00e1zakat id\u00e9z\u0151 \u00e9s m\u0171term\u00e9t, k\u00f6zvetlen alkot\u00f3i k\u00f6zeg\u00e9t megragad\u00f3 lapjai k\u00fcl\u00f6n\u00f6s szint\u00e9zisbe olvasztj\u00e1k az objektivit\u00e1sok val\u00f3szer\u0171s\u00e9g\u00e9t \u00e9s a szubjektum \u00e1t\u00e9lts\u00e9ge \u00e1ltal vez\u00e9relt fant\u00e1zia-birodalmat: a val\u00f3s\u00e1gos d\u00edszletek k\u00f6z\u00f6tt, a pontosan beazonos\u00edthat\u00f3 k\u00f6zegekben b\u00e1rmi megt\u00f6rt\u00e9nhet, a jelenbe tolakodnak a m\u00falt eml\u00e9kei, irodalmi \u00e9s m\u0171v\u00e9szeti id\u00e9zetek kelnek \u00e9letre, s \u00edgy a jelent\u00e9sk\u00f6r\u00f6k is \u00e1t\u00e9rtelmez\u0151dnek, \u00faj tartamokkal d\u00fasulnak. Tak\u00e1ts M\u00e1rton m\u0171v\u00e9szet\u00e9nek tal\u00e1n legjellemz\u0151bb von\u00e1sa ez a val\u00f3szer\u0171 \u00e9s val\u00f3s\u00e1gon t\u00fali vil\u00e1g k\u00f6z\u00f6tti vill\u00f3dz\u00e1s, ambivalencia, amelyet a kidolgozotts\u00e1g fegyelme vagy a megjelen\u00edt\u00e9s laza k\u00f6nnyeds\u00e9ge \u00e1ltal megteremtett rendk\u00edv\u00fcl er\u0151teljes atmoszf\u00e9rikus sug\u00e1rz\u00e1s \u00e9ltet.<\/p>\n<p class=\"szerzo\">Wehner Tibor<\/p>\n<p class=\"szerzo\">(Elhangzott Kiss Attila Etele \u00e9s Tak\u00e1ts M\u00e1rton grafikusm\u0171v\u00e9szek M\u00edtoszok \u00e9s V\u00e1rosi Csod\u00e1k c\u00edmmel a b\u00e9k\u00e9scsabai Munk\u00e1csy Mih\u00e1ly M\u00fazeumban 2003-ban rendezett ki\u00e1ll\u00edt\u00e1s\u00e1nak megnyit\u00f3j\u00e1n.)<\/p>\n<p>Tov\u00e1bbi inform\u00e1ci\u00f3: <a href=\"http:\/\/www.takatsmarton.hu\/\" target=\"_blank\">www.takatsmarton.hu<\/a>[\/vc_column_text][vc_empty_space height=&#8221;20px&#8221;][\/vc_column][\/vc_row][vc_row row_type=&#8221;row&#8221; use_row_as_full_screen_section=&#8221;no&#8221; type=&#8221;grid&#8221; text_align=&#8221;left&#8221; background_image_as_pattern=&#8221;without_pattern&#8221;][vc_column width=&#8221;1\/1&#8243;][vc_empty_space height=&#8221;32px&#8221;][vc_empty_space height=&#8221;45px&#8221;][\/vc_column][\/vc_row]<\/p>\n<\/div>","protected":false},"excerpt":{"rendered":"<p>[vc_row row_type=&#8221;row&#8221; use_row_as_full_screen_section=&#8221;no&#8221; type=&#8221;grid&#8221; text_align=&#8221;left&#8221; background_image_as_pattern=&#8221;without_pattern&#8221;][vc_column width=&#8221;1\/1&#8243;][vc_empty_space height=&#8221;40px&#8221;][vc_column_text] TAK\u00c1TS M\u00c1RTON | Sz\u00ednesben (is) [\/vc_column_text][vc_empty_space height=&#8221;32px&#8221;][\/vc_column][\/vc_row][vc_row&#8230;<\/p>\n","protected":false},"author":1,"featured_media":0,"parent":9369,"menu_order":1,"comment_status":"open","ping_status":"open","template":"full_width.php","meta":{"inline_featured_image":false,"loftloader_pro_show_once":"","loftloader_pro_page_shortcode":"","footnotes":""},"class_list":["post-9381","page","type-page","status-publish","hentry"],"_links":{"self":[{"href":"https:\/\/budapestgaleria.hu\/_\/wp-json\/wp\/v2\/pages\/9381","targetHints":{"allow":["GET"]}}],"collection":[{"href":"https:\/\/budapestgaleria.hu\/_\/wp-json\/wp\/v2\/pages"}],"about":[{"href":"https:\/\/budapestgaleria.hu\/_\/wp-json\/wp\/v2\/types\/page"}],"author":[{"embeddable":true,"href":"https:\/\/budapestgaleria.hu\/_\/wp-json\/wp\/v2\/users\/1"}],"replies":[{"embeddable":true,"href":"https:\/\/budapestgaleria.hu\/_\/wp-json\/wp\/v2\/comments?post=9381"}],"version-history":[{"count":0,"href":"https:\/\/budapestgaleria.hu\/_\/wp-json\/wp\/v2\/pages\/9381\/revisions"}],"up":[{"embeddable":true,"href":"https:\/\/budapestgaleria.hu\/_\/wp-json\/wp\/v2\/pages\/9369"}],"wp:attachment":[{"href":"https:\/\/budapestgaleria.hu\/_\/wp-json\/wp\/v2\/media?parent=9381"}],"curies":[{"name":"wp","href":"https:\/\/api.w.org\/{rel}","templated":true}]}}