{"id":9388,"date":"2015-02-26T11:34:12","date_gmt":"2015-02-26T11:34:12","guid":{"rendered":"http:\/\/budapestgaleria.hu\/_\/?page_id=9388"},"modified":"2015-03-09T18:12:15","modified_gmt":"2015-03-09T18:12:15","slug":"koves-eva-berlin-budapest-moszkva","status":"publish","type":"page","link":"https:\/\/budapestgaleria.hu\/_\/kiallitasok-2007-budapest-kiallitoterem\/koves-eva-berlin-budapest-moszkva\/","title":{"rendered":"K\u00f6ves \u00c9va | Berlin-Budapest-Moszkva"},"content":{"rendered":"<div class=\"wpb-content-wrapper\"><p>[vc_row row_type=&#8221;row&#8221; use_row_as_full_screen_section=&#8221;no&#8221; type=&#8221;grid&#8221; text_align=&#8221;left&#8221; background_image_as_pattern=&#8221;without_pattern&#8221;][vc_column width=&#8221;1\/1&#8243;][vc_empty_space height=&#8221;40px&#8221;][vc_column_text]<\/p>\n<h2 class=\"cim_1\">K\u00d6VES \u00c9VA | Berlin-Budapest-Moszkva<\/h2>\n<p>[\/vc_column_text][vc_empty_space height=&#8221;32px&#8221;][\/vc_column][\/vc_row][vc_row bgparallax=&#8221;parallax&#8221; contentwidth=&#8221;container&#8221; toppadding=&#8221;40&#8243; bottompadding=&#8221;10&#8243; border=&#8221;on&#8221; css=&#8221;.vc_custom_1420648296958{background-color: #ffffff !important;}&#8221; row_type=&#8221;row&#8221; use_row_as_full_screen_section=&#8221;no&#8221; type=&#8221;grid&#8221; text_align=&#8221;left&#8221; background_image_as_pattern=&#8221;without_pattern&#8221;][vc_column width=&#8221;1\/3&#8243; css=&#8221;.vc_custom_1420649554591{padding-right: 25px !important;}&#8221;][vc_column_text]<\/p>\n<p class=\"hely_bpgal\">Budapest Gal\u00e9ria<\/p>\n<p class=\"cim_bpgal\">1036 Budapest, Lajos utca 158.<\/p>\n<p class=\"datum_bpgal\">2007. m\u00e1jus 10 \u2013 j\u00fanius 24.<\/p>\n<p>[\/vc_column_text][vc_column_text]<\/p>\n<p class=\"kiemeles_bpgal\">Megnyit\u00f3:<\/p>\n<p class=\"kurrens_bpgal\">2007. m\u00e1jus 10. (cs\u00fct\u00f6rt\u00f6k), 17:00<\/p>\n<p class=\"kiemeles_bpgal\">Megnyitotta:<\/p>\n<p class=\"kurrens_bpgal\">G\u00c1CS ANNA, irodalomkritikus<\/p>\n<p>[\/vc_column_text][vc_empty_space height=&#8221;32px&#8221;][\/vc_column][vc_column width=&#8221;2\/3&#8243;][vc_column_text]R\u00e9szletek K\u00f6ves \u00c9va ki\u00e1ll\u00edt\u00e1sra megjelen\u0151 k\u00f6nyv\u00e9b\u0151l:<\/p>\n<p>\u201e\u2026K\u00f6ves \u00c9va tematikus fest\u0151. K\u00e9peinek nemcsak c\u00edme, t\u00e1rgya, jelent\u00e9se, de<br \/>\nt\u00f6rt\u00e9nete is van. Mai kifejez\u00e9ssel \u00e9lve: narrat\u00edv\u00e1ja. Valami t\u00f6rt\u00e9nik \u2013 vagy helyesebben \u2013 ink\u00e1bb t\u00f6rt\u00e9nt azon a kompoz\u00edci\u00f3n, amely \u00e9ppen szem\u00fcnk el\u00e9 t\u00e1rul\u2026\u201d<\/p>\n<p>\u201eHol is vagyunk? Az \u00e9lm\u00e9nyek sz\u00fclet\u00e9si hely\u00e9t, a kompoz\u00edci\u00f3k fogantat\u00e1s\u00e1t tekintve: Moszkv\u00e1ban vagy Berlinben. Ezek a most bemutatott \u00faj k\u00e9pek \u201esz\u00ednhelyei.\u201d De val\u00f3j\u00e1ban lehetn\u00e9nek ezek m\u00e1s v\u00e1rosok is, olyanok, amelyek kor\u00e1bban voltak K\u00f6ves \u00c9va k\u00e9pein jelen: Velence, P\u00e1rizs, R\u00f3ma , Budapest, \u2013 v\u00e9gs\u0151 soron mindegy, hogy pontosan melyik. Mert az \u00e9lm\u00e9ny alapvet\u0151en k\u00f6z\u00f6s minden\u00fctt: a v\u00e1ros \u00e9lm\u00e9nye, s a v\u00e1rosba m\u00e9g adott esetben a kopasz f\u00e1k, az elhagyott parkok l\u00e1tv\u00e1nya is belef\u00e9r\u2026\u201d<\/p>\n<p>\u201eA legfrissebb m\u0171vek- amelyek a k\u00e9t v\u00e1ros-sorozatot k\u00f6vetik, a kor\u00e1bbi alkot\u00e1sokt\u00f3l meglehet\u0151sen elt\u00e9rnek. M\u00e1r tematik\u00e1jukban is, hiszen portr\u00e9k, nagym\u00e9ret\u0171, realisztikusnak is nevezhet\u0151 alkot\u00e1sok, amelyeknek modelljei felismerhet\u0151k, arcvon\u00e1saik legt\u00f6bb esetben ellen\u0151rizhet\u0151k, s\u0151t n\u00e9ha szinte f\u00e9nyk\u00e9pszer\u0171ek. Arckifejez\u00e9se v\u00e1rakoz\u00f3, t\u00e1volba-n\u00e9z\u0151, mint aki azon t\u00f6preng: \u00e9s akkor hogyan is tov\u00e1bb? Erre, egyel\u0151re, m\u00e9g senki sem tudja a feleletet. Csak azt tudjuk, hogy K\u00f6ves \u00c9va m\u0171v\u00e9szete az eltelt k\u00e9t \u00e9vtized f\u00e9ny\u00e9ben most szem\u00e9lyesebb, ember k\u00f6zelibb lett. M\u00e9g akkoris, ha a kirakaton kereszt\u00fcl, a kirakat\u00fcveg m\u00f6g\u00e9 rejt\u0151zve, tekint kifel\u00e9, \u00e9s figyeli az esem\u00e9nyeket. Azt, ami az utc\u00e1n t\u00f6rt\u00e9nik, s azt is, ami bent, a gal\u00e9ri\u00e1ban, vagy magukban a n\u00e9z\u0151kben, akik most az \u0151 \u00faj k\u00e9peivel tal\u00e1lkoznak.\u201d<\/p>\n<p class=\"szerzo\">Passuth Krisztina, m\u0171v\u00e9szett\u00f6rt\u00e9n\u00e9sz<\/p>\n<p>[\/vc_column_text][vc_empty_space height=&#8221;20px&#8221;][\/vc_column][\/vc_row][vc_row row_type=&#8221;row&#8221; use_row_as_full_screen_section=&#8221;no&#8221; type=&#8221;grid&#8221; text_align=&#8221;left&#8221; background_image_as_pattern=&#8221;without_pattern&#8221;][vc_column width=&#8221;1\/1&#8243;][vc_empty_space height=&#8221;32px&#8221;][vc_empty_space height=&#8221;45px&#8221;][\/vc_column][\/vc_row]<\/p>\n<\/div>","protected":false},"excerpt":{"rendered":"<p>[vc_row row_type=&#8221;row&#8221; use_row_as_full_screen_section=&#8221;no&#8221; type=&#8221;grid&#8221; text_align=&#8221;left&#8221; background_image_as_pattern=&#8221;without_pattern&#8221;][vc_column width=&#8221;1\/1&#8243;][vc_empty_space height=&#8221;40px&#8221;][vc_column_text] K\u00d6VES \u00c9VA | Berlin-Budapest-Moszkva [\/vc_column_text][vc_empty_space height=&#8221;32px&#8221;][\/vc_column][\/vc_row][vc_row bgparallax=&#8221;parallax&#8221;&#8230;<\/p>\n","protected":false},"author":1,"featured_media":0,"parent":9479,"menu_order":4,"comment_status":"open","ping_status":"closed","template":"full_width.php","meta":{"inline_featured_image":false,"loftloader_pro_show_once":"","loftloader_pro_page_shortcode":"","footnotes":""},"class_list":["post-9388","page","type-page","status-publish","hentry"],"_links":{"self":[{"href":"https:\/\/budapestgaleria.hu\/_\/wp-json\/wp\/v2\/pages\/9388","targetHints":{"allow":["GET"]}}],"collection":[{"href":"https:\/\/budapestgaleria.hu\/_\/wp-json\/wp\/v2\/pages"}],"about":[{"href":"https:\/\/budapestgaleria.hu\/_\/wp-json\/wp\/v2\/types\/page"}],"author":[{"embeddable":true,"href":"https:\/\/budapestgaleria.hu\/_\/wp-json\/wp\/v2\/users\/1"}],"replies":[{"embeddable":true,"href":"https:\/\/budapestgaleria.hu\/_\/wp-json\/wp\/v2\/comments?post=9388"}],"version-history":[{"count":0,"href":"https:\/\/budapestgaleria.hu\/_\/wp-json\/wp\/v2\/pages\/9388\/revisions"}],"up":[{"embeddable":true,"href":"https:\/\/budapestgaleria.hu\/_\/wp-json\/wp\/v2\/pages\/9479"}],"wp:attachment":[{"href":"https:\/\/budapestgaleria.hu\/_\/wp-json\/wp\/v2\/media?parent=9388"}],"curies":[{"name":"wp","href":"https:\/\/api.w.org\/{rel}","templated":true}]}}