{"id":9401,"date":"2015-02-26T12:34:32","date_gmt":"2015-02-26T12:34:32","guid":{"rendered":"http:\/\/budapestgaleria.hu\/_\/?page_id=9401"},"modified":"2015-02-26T12:34:32","modified_gmt":"2015-02-26T12:34:32","slug":"folyamatos-jelen-3-egyutt-eles","status":"publish","type":"page","link":"https:\/\/budapestgaleria.hu\/_\/kiallitasok-2007-budapest-galeria\/folyamatos-jelen-3-egyutt-eles\/","title":{"rendered":"Folyamatos jelen 3. \u2013 Egy\u00fctt-\u00c9l\u00e9s"},"content":{"rendered":"<div class=\"wpb-content-wrapper\"><p>[vc_row row_type=&#8221;row&#8221; use_row_as_full_screen_section=&#8221;no&#8221; type=&#8221;grid&#8221; text_align=&#8221;left&#8221; background_image_as_pattern=&#8221;without_pattern&#8221;][vc_column width=&#8221;1\/1&#8243;][vc_empty_space height=&#8221;40px&#8221;][vc_column_text]<\/p>\n<h2 class=\"cim_1\">Folyamatos jelen 3. \u2013 Egy\u00fctt-\u00c9l\u00e9s<\/h2>\n<p>[\/vc_column_text][vc_empty_space height=&#8221;32px&#8221;][\/vc_column][\/vc_row][vc_row bgparallax=&#8221;parallax&#8221; contentwidth=&#8221;container&#8221; toppadding=&#8221;40&#8243; bottompadding=&#8221;10&#8243; border=&#8221;on&#8221; css=&#8221;.vc_custom_1420648296958{background-color: #ffffff !important;}&#8221; row_type=&#8221;row&#8221; use_row_as_full_screen_section=&#8221;no&#8221; type=&#8221;grid&#8221; text_align=&#8221;left&#8221; background_image_as_pattern=&#8221;without_pattern&#8221;][vc_column width=&#8221;1\/3&#8243; css=&#8221;.vc_custom_1420649554591{padding-right: 25px !important;}&#8221;][vc_column_text]<\/p>\n<p class=\"hely_bpgal\">Budapest Gal\u00e9ria<\/p>\n<p class=\"cim_bpgal\">1036 Budapest, Lajos utca 158.<\/p>\n<p class=\"datum_bpgal\">2007. szeptember 21 \u2013 november 4.<\/p>\n<p>[\/vc_column_text][vc_column_text]<\/p>\n<p class=\"kiemeles_bpgal\">A ki\u00e1ll\u00edt\u00e1s kur\u00e1tora:<\/p>\n<p class=\"verzal_bpgal\">Csizek Gabriella<\/p>\n<p class=\"kiemeles_bpgal\">Ki\u00e1ll\u00edt\u00f3 m\u0171v\u00e9szek:<\/p>\n<p class=\"verzal_bpgal\">Hossala Tam\u00e1s | Kovalovszky D\u00e1niel | Monika Merva | Sz\u00e1sz Lilla<\/p>\n<p>[\/vc_column_text][vc_column_text]<\/p>\n<p class=\"kiemeles_bpgal\">Megnyit\u00f3:<\/p>\n<p class=\"kurrens_bpgal\">2007. szeptember 21., (p\u00e9ntek), 17:00<\/p>\n<p class=\"kiemeles_bpgal\">Megnyitotta:<\/p>\n<p class=\"kurrens_bpgal\">B\u00d3DIS KRISZTA, \u00edr\u00f3-rendez\u0151<\/p>\n<p>[\/vc_column_text][vc_empty_space height=&#8221;32px&#8221;][\/vc_column][vc_column width=&#8221;2\/3&#8243;][vc_column_text]A Magyar Fotogr\u00e1fusok H\u00e1za Folyamatos Jelen c\u00edmet visel\u0151 ki\u00e1ll\u00edt\u00e1s- \u00e9s katal\u00f3gus sorozata m\u0171faji \u00e9s technikai megk\u00f6t\u00e9sek n\u00e9lk\u00fcl mutatja be fiatal magyar fotogr\u00e1fusok m\u0171veit, az adott t\u00e9m\u00e1t mindig t\u00f6bb szempontb\u00f3l is bemutatva.<br \/>\nAz \u201eEgy\u00fctt-\u00c9l\u00e9s\u201d alc\u00edm\u0171 ki\u00e1ll\u00edt\u00e1s olyan k\u00f6z\u00f6ss\u00e9gek tagjainak \u00e9let\u00e9t mutatja meg, ahov\u00e1 az azonos \u00e9lethelyzet ok\u00e1n ker\u00fcltek az ott l\u00e9v\u0151k. Az \u00e9letkor, a szoci\u00e1lis helyzet, a t\u00e1rsadalomban bet\u00f6lt\u00f6tt szerep, illetve annak hi\u00e1nya az, ami egy\u00fcttl\u00e9t\u00fck oka. Nem szabad v\u00e1laszt\u00e1s k\u00f6vetkezm\u00e9nyek\u00e9nt \u00e9lnek ott, hanem oda sodr\u00f3dtak, egyfajta elker\u00fclhetetlennek hitt t\u00f6rv\u00e9nyszer\u0171s\u00e9gnek engedelmeskedve. Az azonos \u00e9lethelyzetb\u0151l fakad\u00f3 k\u00f6z\u00f6s sors hat\u00e1rozza meg mindennapjaikat \u00e9s szinte teljesen azonos v\u00e1gyaikat is. \u0150k ott \u00e9lnek, ahol a v\u00e1laszt\u00e1s szabads\u00e1g\u00e1nak, a v\u00e1ltoztat\u00e1snak nincs vagy csak igen csek\u00e9ly a lehet\u0151s\u00e9ge.<\/p>\n<p>Az alkot\u00f3k m\u00e1r t\u00e9mav\u00e1laszt\u00e1sukban is felv\u00e1llalt\u00e1k \u00e1ll\u00e1sfoglal\u00e1sukat a k\u00e9rd\u00e9sk\u00f6rrel kapcsolatban: megmutatj\u00e1k, gondolkod\u00e1s t\u00e1rgy\u00e1v\u00e1 teszik, megosztj\u00e1k az ott lak\u00f3k \u00e9let\u00e9nek ellesett pillanatait, sorsukat, v\u00e1gyaikat, mindannyian a maguk fotogr\u00e1fiai eszk\u00f6zeivel, m\u00e1s \u00e9s m\u00e1s alkot\u00f3i strat\u00e9gi\u00e1t k\u00f6vetve.<\/p>\n<p class=\"szerzo\">Csizek Gabriella<\/p>\n<p>[\/vc_column_text][vc_empty_space height=&#8221;20px&#8221;][\/vc_column][\/vc_row][vc_row row_type=&#8221;row&#8221; use_row_as_full_screen_section=&#8221;no&#8221; type=&#8221;grid&#8221; text_align=&#8221;left&#8221; background_image_as_pattern=&#8221;without_pattern&#8221;][vc_column width=&#8221;1\/1&#8243;][vc_empty_space height=&#8221;32px&#8221;][vc_empty_space height=&#8221;45px&#8221;][\/vc_column][\/vc_row]<\/p>\n<\/div>","protected":false},"excerpt":{"rendered":"<p>[vc_row row_type=&#8221;row&#8221; use_row_as_full_screen_section=&#8221;no&#8221; type=&#8221;grid&#8221; text_align=&#8221;left&#8221; background_image_as_pattern=&#8221;without_pattern&#8221;][vc_column width=&#8221;1\/1&#8243;][vc_empty_space height=&#8221;40px&#8221;][vc_column_text] Folyamatos jelen 3. \u2013 Egy\u00fctt-\u00c9l\u00e9s [\/vc_column_text][vc_empty_space height=&#8221;32px&#8221;][\/vc_column][\/vc_row][vc_row&#8230;<\/p>\n","protected":false},"author":1,"featured_media":0,"parent":9369,"menu_order":5,"comment_status":"open","ping_status":"open","template":"full_width.php","meta":{"inline_featured_image":false,"loftloader_pro_show_once":"","loftloader_pro_page_shortcode":"","footnotes":""},"class_list":["post-9401","page","type-page","status-publish","hentry"],"_links":{"self":[{"href":"https:\/\/budapestgaleria.hu\/_\/wp-json\/wp\/v2\/pages\/9401","targetHints":{"allow":["GET"]}}],"collection":[{"href":"https:\/\/budapestgaleria.hu\/_\/wp-json\/wp\/v2\/pages"}],"about":[{"href":"https:\/\/budapestgaleria.hu\/_\/wp-json\/wp\/v2\/types\/page"}],"author":[{"embeddable":true,"href":"https:\/\/budapestgaleria.hu\/_\/wp-json\/wp\/v2\/users\/1"}],"replies":[{"embeddable":true,"href":"https:\/\/budapestgaleria.hu\/_\/wp-json\/wp\/v2\/comments?post=9401"}],"version-history":[{"count":0,"href":"https:\/\/budapestgaleria.hu\/_\/wp-json\/wp\/v2\/pages\/9401\/revisions"}],"up":[{"embeddable":true,"href":"https:\/\/budapestgaleria.hu\/_\/wp-json\/wp\/v2\/pages\/9369"}],"wp:attachment":[{"href":"https:\/\/budapestgaleria.hu\/_\/wp-json\/wp\/v2\/media?parent=9401"}],"curies":[{"name":"wp","href":"https:\/\/api.w.org\/{rel}","templated":true}]}}