{"id":9439,"date":"2015-03-09T14:30:28","date_gmt":"2015-03-09T14:30:28","guid":{"rendered":"http:\/\/budapestgaleria.hu\/_\/?page_id=9439"},"modified":"2023-12-20T15:06:00","modified_gmt":"2023-12-20T14:06:00","slug":"archivum-kiallitasok-2006-2013-budapest-kiallitoterem","status":"publish","type":"page","link":"https:\/\/budapestgaleria.hu\/_\/archivum-kiallitasok-2006-2013-budapest-kiallitoterem\/","title":{"rendered":"Arch\u00edvum | Ki\u00e1ll\u00edt\u00e1sok 2006\u20132013 | Budapest Ki\u00e1ll\u00edt\u00f3terem"},"content":{"rendered":"<div class=\"wpb-content-wrapper\"><p>[vc_row css_animation=&#8221;&#8221; seperator_indeed_locker=&#8221;&#8221; row_type=&#8221;row&#8221; use_row_as_full_screen_section=&#8221;no&#8221; type=&#8221;grid&#8221; angled_section=&#8221;no&#8221; text_align=&#8221;left&#8221; background_image_as_pattern=&#8221;without_pattern&#8221; template=&#8221;ism_template_1&#8243; ism_overlock=&#8221;default&#8221; sm_d_text=&#8221;<\/p>\n<h2>This content is locked<\/h2>\n<p>Share This Page To Unlock The Content!&#8221; z_index=&#8221;&#8221;][vc_column][vc_single_image image=&#8221;10625&#8243; img_size=&#8221;full&#8221; qode_css_animation=&#8221;&#8221;][vc_empty_space height=&#8221;10px&#8221;][vc_column_text]<\/p>\n<p class=\"kepalairas_cim_jobb\">Babinszky Csilla | <em>Finoman l\u00e9pkedj | Walk Gently,<\/em> 2008<\/p>\n<p>[\/vc_column_text][vc_empty_space][\/vc_column][\/vc_row][vc_row css_animation=&#8221;&#8221; row_type=&#8221;row&#8221; use_row_as_full_screen_section=&#8221;no&#8221; type=&#8221;grid&#8221; angled_section=&#8221;no&#8221; text_align=&#8221;left&#8221; background_image_as_pattern=&#8221;without_pattern&#8221; template=&#8221;ism_template_1&#8243; ism_overlock=&#8221;default&#8221; sm_d_text=&#8221;<\/p>\n<h2>This content is locked<\/h2>\n<p>Share This Page To Unlock The Content!&#8221;][vc_column][vc_column_text]<\/p>\n<h4 class=\"cim_2\">Budapest Ki\u00e1ll\u00edt\u00f3terem<\/h4>\n<p>[\/vc_column_text][vc_empty_space][vc_accordion style=&#8221;accordion&#8221;][vc_accordion_tab title=&#8221;2013&#8243;][vc_column_text el_class=&#8221;eves-lista&#8221;]<\/p>\n<p class=\"archive\"><a title=\"Ardai Ildik\u00f3 textilm\u0171v\u00e9sz ki\u00e1ll\u00edt\u00e1sa\" href=\"http:\/\/budapestgaleria.hu\/_\/kiallitasok-2013-budapest-galeria\/ardai-ildiko-textilmuvesz-kiallitasa\/\">Ardai Ildik\u00f3 textilm\u0171v\u00e9sz ki\u00e1ll\u00edt\u00e1sa<\/a><\/p>\n<p class=\"archive\"><a title=\"Lukoviczky Endre | New York \u2013 Budapest\" href=\"http:\/\/budapestgaleria.hu\/_\/kiallitasok-2013-budapest-galeria\/lukoviczky-endre-new-york-budapest\/\">Lukoviczky Endre <strong>| <\/strong><em>New York \u2013 Budapest<\/em><\/a><\/p>\n<p class=\"archive\"><a title=\"Ambrus Imre, P\u00e9terfy L\u00e1szl\u00f3 | P\u00e1ros ki\u00e1ll\u00edt\u00e1s\" href=\"http:\/\/budapestgaleria.hu\/_\/kiallitasok-2013-budapest-galeria\/ambrus-imre-festomuvesz-es-peterfy-laszlo-szobraszmuvesz-kiallitasa\/\">Ambrus Imre, P\u00e9terfy L\u00e1szl\u00f3 <strong>| <\/strong><em>P\u00e1ros ki\u00e1ll\u00edt\u00e1s<\/em><\/a><\/p>\n<p class=\"archive\"><a title=\"Bik\u00e1csi Daniela | Innen n\u00e9zve\" href=\"http:\/\/budapestgaleria.hu\/_\/kiallitasok-2013-budapest-galeria\/bikacsi-daniela-innen-nezve\/\">Bik\u00e1csi Daniela | <em>Innen n\u00e9zve<\/em><\/a><\/p>\n<p class=\"archive\"><a title=\"Jind\u0159ich \u0160treit, Benk\u0151 Imre | T\u00fck\u00f6rben, tiszt\u00e1bban\" href=\"http:\/\/budapestgaleria.hu\/_\/kiallitasok-2013-budapest-galeria\/jindrich-streit-benko-imre-tukorben-tisztabban\/\">Jind\u0159ich \u0160treit, Benk\u0151 Imre <strong>|<\/strong>\u00a0<em>T\u00fck\u00f6rben, tiszt\u00e1bban<\/em><\/a><\/p>\n<p class=\"archive\"><a title=\"Bagossy Levente | D\u00edszlettervek\" href=\"http:\/\/budapestgaleria.hu\/_\/kiallitasok-2013-budapest-galeria\/bagossy-levente-diszlettervek\/\">Bagossy Levente <strong>|<\/strong>\u00a0<em>D\u00edszlettervek<\/em><\/a><\/p>\n<p class=\"archive\"><a title=\"Julio Carrasco Bret\u00f3n | K\u00e9pzeletem kaleidoszk\u00f3pja\" href=\"http:\/\/budapestgaleria.hu\/_\/kiallitasok-2013-budapest-galeria\/julio-carrasco-breton-kepzeletem-kaleidoszkopja\/\">Julio Carrasco Bret\u00f3n <strong>|<\/strong>\u00a0<em>K\u00e9pzeletem kaleidoszk\u00f3pja<\/em><\/a><\/p>\n<p class=\"archive\"><a title=\"Fekete L\u00e1szl\u00f3 | Agyagszobrok\" href=\"http:\/\/budapestgaleria.hu\/_\/kiallitasok-2013-budapest-galeria\/fekete-laszlo-agyagszobrok\/\">Fekete L\u00e1szl\u00f3 <strong>|<\/strong>\u00a0<em>Agyagszobrok<\/em><\/a><\/p>\n<p>[\/vc_column_text][\/vc_accordion_tab][vc_accordion_tab title=&#8221;2012&#8243;][vc_column_text el_class=&#8221;eves-lista&#8221;]<\/p>\n<p class=\"archive\"><a title=\"F\u00e9ny-nyomatok\u2013Leplek\u2013K\u00e9pek\" href=\"http:\/\/budapestgaleria.hu\/_\/kiallitasok-2012-budapest-galeria\/feny-nyomatok-leplek-kepek\/\">Polg\u00e1r Csaba <strong>|<\/strong>\u00a0<em>F\u00e9ny-nyomatok\u2013Leplek\u2013K\u00e9pek<\/em><\/a><\/p>\n<p class=\"archive\"><a title=\"Reg\u0151s Istv\u00e1n fest\u0151m\u0171v\u00e9sz \u00e9s Reg\u0151s Anna textilm\u0171v\u00e9sz ki\u00e1ll\u00edt\u00e1sa\" href=\"http:\/\/budapestgaleria.hu\/_\/kiallitasok-2012-budapest-galeria\/regos-istvan-festomuvesz-es-regos-anna-textilmuvesz-kiallitasa\/\">Reg\u0151s Istv\u00e1n \u00e9s Reg\u0151s Anna\u00a0ki\u00e1ll\u00edt\u00e1sa<\/a><\/p>\n<p class=\"archive\"><a title=\"Stefanovits P\u00e9ter | Clorox-m\u0171vek\" href=\"http:\/\/budapestgaleria.hu\/_\/kiallitasok-2012-budapest-galeria\/stefanovits-peter-clorox-muvek\/\">Stefanovits P\u00e9ter | <em>Clorox-m\u0171vek<\/em><\/a><\/p>\n<p class=\"archive\"><a title=\"Bod\u00f3czky Istv\u00e1n | Do It\" href=\"http:\/\/budapestgaleria.hu\/_\/kiallitasok-2012-budapest-galeria\/bodoczky-istvan-do-it\/\">Bod\u00f3czky Istv\u00e1n | <em>Do\u00a0It<\/em><\/a><\/p>\n<p class=\"archive\"><a title=\"Mat\u00e9ria M\u0171v\u00e9szeti T\u00e1rsas\u00e1g ki\u00e1ll\u00edt\u00e1sa\" href=\"http:\/\/budapestgaleria.hu\/_\/kiallitasok-2012-budapest-galeria\/materia-muveszeti-tarsasag-kiallitasa\/\">A Mat\u00e9ria M\u0171v\u00e9szeti T\u00e1rsas\u00e1g ki\u00e1ll\u00edt\u00e1sa<\/a><\/p>\n<p class=\"archive\"><a title=\"KONSTRUKCI\u00d3 \u00e9s PARADIGMA \u2013 Kort\u00e1rs norv\u00e9g iparm\u0171v\u00e9szet\" href=\"http:\/\/budapestgaleria.hu\/_\/kiallitasok-2012-budapest-galeria\/konstrukcio-es-paradigma-kortars-norveg-iparmuveszet\/\"><em>Konstrukci\u00f3 \u00e9s paradigma<\/em> | Kort\u00e1rs norv\u00e9g iparm\u0171v\u00e9szet<\/a><\/p>\n<p class=\"archive\"><a title=\"Gink Judit (1953\u20132009) eml\u00e9kki\u00e1ll\u00edt\u00e1sa\" href=\"http:\/\/budapestgaleria.hu\/_\/kiallitasok-2012-budapest-galeria\/gink-judit-1953-2009-emlekkiallitasa\/\">Gink Judit (1953\u20132009) eml\u00e9kki\u00e1ll\u00edt\u00e1sa<\/a><\/p>\n<p>[\/vc_column_text][\/vc_accordion_tab][vc_accordion_tab title=&#8221;2011&#8243;][vc_column_text el_class=&#8221;eves-lista&#8221;]<\/p>\n<p class=\"archive\"><a title=\"A Nemzetk\u00f6zi Kepes T\u00e1rsas\u00e1g Ki\u00e1ll\u00edt\u00e1sa\" href=\"http:\/\/budapestgaleria.hu\/_\/kiallitasok-2011-budapest-galeria\/a-nemzetkozi-kepes-tarsasag-kiallitasa\/\">A Nemzetk\u00f6zi Kepes T\u00e1rsas\u00e1g ki\u00e1ll\u00edt\u00e1sa<\/a><\/p>\n<p class=\"archive\"><a title=\"K\u00e9zfog\u00e1s \/ H\u00e4ndedruck \u2013 Budapest \/ Karlsruhe | magyar-n\u00e9met iparm\u0171v\u00e9szeti ki\u00e1ll\u00edt\u00e1s\" href=\"http:\/\/budapestgaleria.hu\/_\/kiallitasok-2011-budapest-galeria\/kezfogas-handedruck-budapest-karlsruhe-magyar-nemet-iparmuveszeti-kiallitas\/\"><em>K\u00e9zfog\u00e1s \u2013 H\u00e4ndedruck<\/em> | Magyar\u2013n\u00e9met iparm\u0171v\u00e9szeti ki\u00e1ll\u00edt\u00e1s<\/a><\/p>\n<p class=\"archive\"><a title=\"Matzon \u00c1kos | Relief\" href=\"http:\/\/budapestgaleria.hu\/_\/kiallitasok-2011-budapest-galeria\/matzon-akos-relief\/\">Matzon \u00c1kos fest\u0151m\u0171v\u00e9sz | <em>Relief<\/em><\/a><\/p>\n<p class=\"archive\"><a title=\"Keleti \u00c9va | Visszapillant\u00e1s\/Flashback \u2013 retrospekt\u00edv ki\u00e1ll\u00edt\u00e1s\" href=\"http:\/\/budapestgaleria.hu\/_\/kiallitasok-2011-budapest-galeria\/keleti-eva-visszapillantasflashback-retrospektiv-kiallitas\/\">Keleti \u00c9va | <em>Visszapillant\u00e1s \/ Flashback<\/em><\/a><\/p>\n<p class=\"archive\"><em><a title=\"A nyakkend\u0151, mint kih\u00edv\u00e1s \u2013 horv\u00e1t hozz\u00e1j\u00e1rul\u00e1s a glob\u00e1lis kult\u00far\u00e1hoz\" href=\"http:\/\/budapestgaleria.hu\/_\/kiallitasok-2011-budapest-galeria\/a-nyakkendo-mint-kihivas-horvat-hozzajarulas-a-globalis-kulturahoz\/\">A nyakkend\u0151, mint kih\u00edv\u00e1s \u2013 Horv\u00e1t hozz\u00e1j\u00e1rul\u00e1s a glob\u00e1lis kult\u00far\u00e1hoz<\/a><\/em><\/p>\n<p class=\"archive\"><em><a title=\"Viv\u00e1t Liszt! Halld a f\u00e9nyt \u2013 l\u00e1sd a hangot\" href=\"http:\/\/budapestgaleria.hu\/_\/kiallitasok-2011-budapest-galeria\/vivat-liszt-halld-a-fenyt-lasd-a-hangot\/\">Viv\u00e1t Liszt! | Halld a f\u00e9nyt \u2013 l\u00e1sd a hangot!<\/a><\/em><\/p>\n<p class=\"archive\"><a title=\"Bar\u00e1th Ferenc grafikusm\u0171v\u00e9sz ki\u00e1ll\u00edt\u00e1sa\" href=\"http:\/\/budapestgaleria.hu\/_\/kiallitasok-2011-budapest-galeria\/barath-ferenc-grafikusmuvesz-kiallitasa\/\">Bar\u00e1th Ferenc | <em>Szempontok<\/em><\/a><\/p>\n<p class=\"archive\"><a title=\"E. Szab\u00f3 Margit | Arany lemezek\" href=\"http:\/\/budapestgaleria.hu\/_\/kiallitasok-2011-budapest-galeria\/e-szabo-margit-arany-lemezek\/\">E. Szab\u00f3 Margit | <em>Aranylemezek<\/em><\/a><\/p>\n<p>[\/vc_column_text][\/vc_accordion_tab][vc_accordion_tab title=&#8221;2010&#8243;][vc_column_text el_class=&#8221;eves-lista&#8221;]<\/p>\n<p class=\"archive\"><a title=\"Bp. Szab\u00f3 Gy\u00f6rgy | Budapest-Los Angeles 1995-2010\" href=\"http:\/\/budapestgaleria.hu\/_\/kiallitasok-2010-budapest-galeria\/bp-szabo-gyorgy-budapest-los-angeles-1995-2010\/\">Bp. Szab\u00f3 Gy\u00f6rgy | <em>Bp. \u2013 L.A. 1995\u20132010<\/em><\/a><\/p>\n<p class=\"archive\"><a title=\"Balla Andr\u00e1s | Statikus dinamizmus\" href=\"http:\/\/budapestgaleria.hu\/_\/kiallitasok-2010-budapest-galeria\/balla-andras-statikus-dinamizmus\/\">Balla Andr\u00e1s | <em>Statikus dimenzi\u00f3k<\/em><\/a><\/p>\n<p class=\"archive\"><a title=\"Pasqualetti Eleon\u00f3ra, Barbara Salvucci | 1234km BUDAPEST-R\u00d3MA\" href=\"http:\/\/budapestgaleria.hu\/_\/kiallitasok-2010-budapest-galeria\/pasqualetti-eleonora-barbara-salvucci-1234km-budapest-roma\/\">Pasqualetti Eleon\u00f3ra \u00e9s Barbara Salvucci | <em>1234 km \u2013 Budapest\u2013R\u00f3ma<\/em><\/a><\/p>\n<p class=\"archive\"><a title=\"G\u00e1ti Gy\u00f6rgy | \u00c9RZ\u00c9K \u2013 K\u00e9pek az Antroposzf\u00e9r\u00e1b\u00f3l\" href=\"http:\/\/budapestgaleria.hu\/_\/kiallitasok-2010-budapest-galeria\/gati-gyorgy-erzek-kepek-az-antroposzferabol\/\">G\u00e1ti Gy\u00f6rgy | <em>K\u00e9pek az Antroposzf\u00e9r\u00e1b\u00f3l<\/em><\/a><\/p>\n<p class=\"archive\"><a title=\"F. Farkas Tam\u00e1s | Paradox (V\u00e9gtelen dimenzi\u00f3k)\" href=\"http:\/\/budapestgaleria.hu\/_\/kiallitasok-2010-budapest-galeria\/f-farkas-tamas-paradox-vegtelen-dimenziok\/\">F. Farkas Tam\u00e1s | <em>Paradox (V\u00e9gtelen dimenzi\u00f3k)<\/em><\/a><\/p>\n<p class=\"archive\"><a title=\"N\u00e9meth \u00c1gnes | Kozmoszkert\" href=\"http:\/\/budapestgaleria.hu\/_\/kiallitasok-2010-budapest-galeria\/nemeth-agnes-kozmoszkert\/\">N\u00e9meth \u00c1gnes |<em>Kozmoszkert (r\u00e9szlet)<\/em><\/a><\/p>\n<p class=\"archive\"><a title=\"K\u00f3kay Krisztina\" href=\"http:\/\/budapestgaleria.hu\/_\/kiallitasok-2010-budapest-galeria\/kokay-krisztina\/\">K\u00f3kay Kisztina textilm\u0171v\u00e9sz ki\u00e1ll\u00edt\u00e1sa<\/a><\/p>\n<p class=\"archive\"><a title=\"A f\u00e9ny d\u00e1n hull\u00e1mai | Kort\u00e1rs d\u00e1n fotogr\u00e1fusok kett\u0151s ki\u00e1ll\u00edt\u00e1sa Budapesten\" href=\"http:\/\/budapestgaleria.hu\/_\/kiallitasok-2010-budapest-galeria\/a-feny-dan-hullamai-kortars-dan-fotografusok-kettos-kiallitasa-budapesten\/\">Per Bak Jensen \u00e9s Ebbe Stub Wittrup |\u00a0<em>Lehets\u00e9ges jelent\u00e9s<\/em><\/a><\/p>\n<p class=\"archive\"><a title=\"G\u00e1yor Tibor | Staccato\" href=\"http:\/\/budapestgaleria.hu\/_\/kiallitasok-2010-budapest-galeria\/gayor-tibor-staccato\/\">G\u00e1yor Tibor | <em>Staccato<\/em><\/a><\/p>\n<p class=\"archive\"><a title=\"Bornemisza Eszter ki\u00e1ll\u00edt\u00e1sa\" href=\"http:\/\/budapestgaleria.hu\/_\/kiallitasok-2010-budapest-galeria\/bornemisza-eszter-kiallitasa\/\">Bornemisza Eszter | <em>V\u00e1ros-sz\u00f6vet<\/em><\/a><\/p>\n<p class=\"archive\"><a title=\"S\u00f3v\u00e1radi Val\u00e9ria | F\u00e9nyszennyez\u00e9s\" href=\"http:\/\/budapestgaleria.hu\/_\/kiallitasok-2010-budapest-galeria\/sovaradi-valeria-fenyszennyezes\/\">S\u00f3v\u00e1radi Val\u00e9ria |<em> F\u00e9nyszennyez\u00e9s<\/em><\/a><\/p>\n<p>[\/vc_column_text][\/vc_accordion_tab][vc_accordion_tab title=&#8221;2009&#8243;][vc_column_text el_class=&#8221;eves-lista&#8221;]<\/p>\n<p class=\"archive\"><a title=\"So\u00f3s Tam\u00e1s \u2013 Antal P\u00e9ter | A Melank\u00f3lia pillant\u00e1sa (Antal-Lusztig gy\u0171jtem\u00e9ny)\" href=\"http:\/\/budapestgaleria.hu\/_\/kiallitasok-2009-budapest-galeria\/soos-tamas-antal-peter-a-melankolia-pillantasa-antal-lusztig-gyujtemeny\/\">So\u00f3s Tam\u00e1s | <em>A melank\u00f3lia pillant\u00e1sa<\/em><\/a><\/p>\n<p class=\"archive\"><a title=\"Magdalena Frey \u2013 Heinz Cibulka\" href=\"http:\/\/budapestgaleria.hu\/_\/kiallitasok-2009-budapest-galeria\/magdalena-frey-heinz-cibulka\/\">Magdalena Frey &amp; Heinz Cibulka ki\u00e1ll\u00edt\u00e1sa<\/a><\/p>\n<p class=\"archive\"><em>Hat\u00e1sok &amp; visszahat\u00e1sok<\/em> | Budapest v\u00e1ltoz\u00e1sai a 80 \u00e9ves v\u00e1ros\u00e9p\u00edt\u00e9szet-oktat\u00e1s t\u00fckr\u00e9ben<\/p>\n<p class=\"archive\"><a title=\"Hanna Fluk ki\u00e1ll\u00edt\u00e1sa\" href=\"http:\/\/budapestgaleria.hu\/_\/kiallitasok-2009-budapest-galeria\/hanna-fluk-kiallitasa\/\">Hanna Fluk | <em>\u201eN\u00e9kem sz\u00fcl\u0151haz\u00e1m\u2026\u201d<\/em><\/a><\/p>\n<p class=\"archive\"><a title=\"P\u00e1cser Attila | Lux, Lucis\" href=\"http:\/\/budapestgaleria.hu\/_\/kiallitasok-2009-budapest-galeria\/pacser-attila-lux-lucis\/\">P\u00e1cser Attila | <em>LUX, LUCIS<\/em><\/a><\/p>\n<p class=\"archive\"><a title=\"Kort\u00e1rsak l\u0151egylete \u2013 Megh\u00edv\u00e1sos, tematikus kort\u00e1rs m\u0171v\u00e9szeti ki\u00e1ll\u00edt\u00e1s\" href=\"http:\/\/budapestgaleria.hu\/_\/kiallitasok-2009-budapest-galeria\/kortarsak-loegylete-meghivasos-tematikus-kortars-muveszeti-kiallitas\/\"><em>Kort\u00e1rsak l\u0151egylete<\/em> | XIX. \u00e9s XX. sz\u00e1zadi festett l\u0151t\u00e1bl\u00e1k Magyarorsz\u00e1gr\u00f3l<\/a><\/p>\n<p class=\"archive\" style=\"text-align: left;\"><em><a title=\"Rozsda Endre \u00e1lmai\" href=\"http:\/\/budapestgaleria.hu\/_\/kiallitasok-2009-budapest-galeria\/rozsda-endre-almai\/\">Rozsda Endre \u00e1lmai<\/a><\/em><\/p>\n<p class=\"archive\"><a title=\"Sulyok Gabriella | L\u00e9legz\u0151 l\u00e1t\u00f3hat\u00e1r\" href=\"http:\/\/budapestgaleria.hu\/_\/kiallitasok-2009-budapest-galeria\/sulyok-gabriella-lelegzo-latohatar\/\">Sulyok Gabriella | <em>L\u00e9legz\u0151 l\u00e1t\u00f3hat\u00e1r<\/em><\/a><\/p>\n<p class=\"archive\"><a title=\"R\u00e9nyi Katalin | \u201eAz id\u0151k kezdet\u00e9n\u201d \u2013 hommage \u00e0 R\u00e9nyi Tam\u00e1s\" href=\"http:\/\/budapestgaleria.hu\/_\/kiallitasok-2009-budapest-galeria\/renyi-katalin-az-idok-kezdeten-hommage-a-renyi-tamas\/\">R\u00e9nyi Katalin | <em>Az id\u0151k kezdet\u00e9n | Hommage \u00e0 R\u00e9nyi Tam\u00e1s<\/em><\/a><\/p>\n<p class=\"archive\"><a title=\"Koronczi Endre | T\u00fck\u00f6r\" href=\"http:\/\/budapestgaleria.hu\/_\/kiallitasok-2009-budapest-galeria\/koronczi-endre-tukor\/\">Koronczi Endre | <em>T\u00fck\u00f6r<\/em><\/a><\/p>\n<p>[\/vc_column_text][\/vc_accordion_tab][vc_accordion_tab title=&#8221;2008&#8243;][vc_column_text el_class=&#8221;eves-lista&#8221;]<\/p>\n<p class=\"archive\"><a title=\"Ligeti Erika szobr\u00e1szm\u0171v\u00e9sz (1934-2004) eml\u00e9kki\u00e1ll\u00edt\u00e1sa\" href=\"http:\/\/budapestgaleria.hu\/_\/kiallitasok-2008-budapest-galeria\/ligeti-erika-szobraszmuvesz-1934-2004-emlekkiallitasa\/\">Ligeti Erika (1934\u20132004) eml\u00e9kki\u00e1ll\u00edt\u00e1sa<\/a><\/p>\n<p class=\"archive\"><a title=\"\u00c9tienne Sved | Egy k\u00e9pfelfedez\u0151 \u00fatja Budapestt\u0151l Manosque v\u00e1ros\u00e1ig\" href=\"http:\/\/budapestgaleria.hu\/_\/kiallitasok-2008-budapest-galeria\/etienne-sved-egy-kepfelfedezo-utja-budapesttol-manosque-varosaig\/\">\u00c8tienne Sved (1914\u20131996) ki\u00e1ll\u00edt\u00e1sa<\/a><\/p>\n<p class=\"archive\"><a title=\"Babinszky Csilla | Finoman l\u00e9pkedj\" href=\"http:\/\/budapestgaleria.hu\/_\/kiallitasok-2008-budapest-galeria\/babinszky-csilla-finoman-lepkedj\/\">Babinszky Csilla | <em>Finoman l\u00e9pkedj | Walk Gently<\/em><\/a><\/p>\n<p class=\"archive\"><a title=\"Sz\u00f6rtsey G\u00e1bor (1951-2004) eml\u00e9kki\u00e1ll\u00edt\u00e1s\" href=\"http:\/\/budapestgaleria.hu\/_\/kiallitasok-2008-budapest-galeria\/szortsey-gabor-1951-2004-emlekkiallitas\/\">Sz\u00f6rtsey G\u00e1bor (1951\u20132004) eml\u00e9kki\u00e1ll\u00edt\u00e1sa<\/a><\/p>\n<p class=\"archive\"><a title=\"Moln\u00e1r L\u00e1szl\u00f3 | A lepel\" href=\"http:\/\/budapestgaleria.hu\/_\/kiallitasok-2008-budapest-galeria\/molnar-laszlo-a-lepel\/\">Moln\u00e1r L\u00e1szl\u00f3 | <em>A lepel<\/em><\/a><\/p>\n<p class=\"archive\"><a title=\"Kecskem\u00e9ti S\u00e1ndor ki\u00e1ll\u00edt\u00e1sa\" href=\"http:\/\/budapestgaleria.hu\/_\/kiallitasok-2008-budapest-galeria\/kecskemeti-sandor-kiallitasa\/\">Kecskem\u00e9ti S\u00e1ndor <strong>| <\/strong><em>Kes<\/em><\/a><\/p>\n<p class=\"archive\"><a title=\"Lak\u00e1s a v\u00e1rosban \u2013 Mai lak\u00f3\u00e9p\u00fcletek Helsinkiben \u00e9s k\u00f6rny\u00e9k\u00e9n. Finn kort\u00e1rs \u00e9p\u00edt\u00e9szet\" href=\"http:\/\/budapestgaleria.hu\/_\/kiallitasok-2008-budapest-galeria\/lakas-a-varosban-mai-lakoepuletek-helsinkiben-es-kornyeken-finn-kortars-epiteszet\/\"><em>City Home<\/em> | Mai lak\u00f3\u00e9p\u00fcletek Helsinkiben \u00e9s k\u00f6rny\u00e9k\u00e9n<\/a><\/p>\n<p class=\"archive\"><a title=\"Turcs\u00e1nyi Antal fest\u0151m\u0171v\u00e9sz ki\u00e1ll\u00edt\u00e1sa\" href=\"http:\/\/budapestgaleria.hu\/_\/kiallitasok-2008-budapest-galeria\/turcsanyi-antal-festomuvesz-kiallitasa\/\">Turcs\u00e1nyi Antal ki\u00e1ll\u00edt\u00e1sa<\/a><\/p>\n<p class=\"archive\"><a title=\"Pet\u0151 Hunor | Matric\u00e1k\" href=\"http:\/\/budapestgaleria.hu\/_\/kiallitasok-2008-budapest-galeria\/peto-hunor-matricak\/\">Pet\u0151 Hunor | <em>Matric\u00e1k<\/em><\/a><\/p>\n<p class=\"archive\"><a title=\"Morph csoport ki\u00e1ll\u00edt\u00e1sa\" href=\"http:\/\/budapestgaleria.hu\/_\/kiallitasok-2008-budapest-galeria\/morph-csoport-kiallitasa\/\">MORPH CSOPORT | Drabik Istv\u00e1n, Ga\u00e1l J\u00f3zsef, Kalm\u00e1r J\u00e1nos, Mata Attila, Szab\u00f3 Tam\u00e1s ki\u00e1ll\u00edt\u00e1sa<\/a><\/p>\n<p>[\/vc_column_text][\/vc_accordion_tab][vc_accordion_tab title=&#8221;2007&#8243;][vc_column_text el_class=&#8221;eves-lista&#8221;]<\/p>\n<p class=\"archive\"><a title=\"Cs\u00e1ji Attila ki\u00e1ll\u00edt\u00e1sa\" href=\"http:\/\/budapestgaleria.hu\/_\/kiallitasok-2007-budapest-kiallitoterem\/csaji-attila-kiallitasa\/\">Cs\u00e1ji Attila ki\u00e1ll\u00edt\u00e1sa<\/a><\/p>\n<p class=\"archive\"><em>Honv\u00e1gy<\/em><\/p>\n<p class=\"archive\"><a title=\"Bak Imre | A t\u00f6rt\u00e9net folytat\u00f3dik\u2026\" href=\"http:\/\/budapestgaleria.hu\/_\/kiallitasok-2007-budapest-kiallitoterem\/bak-imre-a-tortenet-folytatodik\/\">Bak Imre | <em>A t\u00f6rt\u00e9net folytat\u00f3dik\u2026<\/em><\/a><\/p>\n<p class=\"archive\"><a title=\"Gr\u00e1ber Margit \u00e9s Perlrott Csaba Vilmos | Kett\u0151s arck\u00e9p\" href=\"http:\/\/budapestgaleria.hu\/_\/kiallitasok-2007-budapest-kiallitoterem\/graber-margit-es-perlrott-csaba-vilmos-kettos-arckep\/\"><em>\u201eN\u00e9kem sz\u00fcl\u0151haz\u00e1m\u2026\u201d<\/em> | <em>Kett\u0151s arck\u00e9p<\/em> | V\u00e1logat\u00e1s Gr\u00e1ber Margit (1895\u20131993) \u00e9s Perlrott Csaba Vilmos (1880\u20131955) mag\u00e1ngy\u0171jtem\u00e9nyekben \u0151rz\u00f6tt m\u0171veib\u0151l<\/a><\/p>\n<p class=\"archive\"><a title=\"G\u00e1ti G\u00e1bor szobr\u00e1szm\u0171v\u00e9sz ki\u00e1ll\u00edt\u00e1sa\" href=\"http:\/\/budapestgaleria.hu\/_\/kiallitasok-2007-budapest-kiallitoterem\/gati-gabor-szobraszmuvesz-kiallitasa\/\">G\u00e1ti G\u00e1bor ki\u00e1ll\u00edt\u00e1sa<\/a><\/p>\n<p class=\"archive\"><a title=\"K\u00f6ves \u00c9va | Berlin-Budapest-Moszkva\" href=\"http:\/\/budapestgaleria.hu\/_\/kiallitasok-2007-budapest-kiallitoterem\/koves-eva-berlin-budapest-moszkva\/\">K\u00f6ves \u00c9va | <em>Berlin\u2013Budapest\u2013Moszkva<\/em><\/a><\/p>\n<p class=\"archive\"><a title=\"Hel\u00e9nyi Tibor fest\u0151m\u0171v\u00e9sz ki\u00e1ll\u00edt\u00e1sa\" href=\"http:\/\/budapestgaleria.hu\/_\/kiallitasok-2007-budapest-kiallitoterem\/helenyi-tibor-festomuvesz-kiallitasa\/\">Hel\u00e9nyi Tibor | <em>A hetedik khimaira<\/em><\/a><\/p>\n<p class=\"archive\"><a title=\"Orshi Drozdik Orsolya | V\u00c9NUSZOK Drap\u00e9ri\u00e1k, Testhajlatok\" href=\"http:\/\/budapestgaleria.hu\/_\/kiallitasok-2007-budapest-kiallitoterem\/orshi-drozdik-orsolya-venuszok-draperiak-testhajlatok\/\">Orshi Drozdik Orsolya | <em>V\u00e9nuszok | Drap\u00e9ri\u00e1k, Testhajlatok<\/em><\/a><\/p>\n<p class=\"archive\"><em><a title=\"50 \u00e9v francia plak\u00e1tjai\" href=\"http:\/\/budapestgaleria.hu\/_\/kiallitasok-2007-budapest-kiallitoterem\/50-ev-francia-plakatjai\/\">50 \u00e9v francia plak\u00e1tjai<\/a><\/em><\/p>\n<p>[\/vc_column_text][\/vc_accordion_tab][vc_accordion_tab title=&#8221;2006&#8243;][vc_column_text el_class=&#8221;eves-lista&#8221;]<\/p>\n<p class=\"archive\"><a title=\"Halmy Mikl\u00f3s | V\u00e1ndor\u00fat 33\" href=\"http:\/\/budapestgaleria.hu\/_\/kiallitasok-2006-budapest-kiallitoterem\/halmy-miklos-vandorut-33\/\">Halmy Mikl\u00f3s | <em>V\u00e1ndor\u00fat 33.<\/em><\/a><\/p>\n<p class=\"archive\"><a title=\"Kiv\u00e1lasztott k\u00e9pek | Fot\u00f3h\u00f3nap\" href=\"http:\/\/budapestgaleria.hu\/_\/kiallitasok-2006-budapest-kiallitoterem\/kivalasztott-kepek-fotohonap\/\"><em>Kiv\u00e1lasztott f\u00e9nyk\u00e9pek<\/em> | Magyar Fot\u00f3m\u0171v\u00e9szek Sz\u00f6vets\u00e9ge (1956\u20132006)<\/a><\/p>\n<p class=\"archive\"><a title=\"\" href=\"http:\/\/budapestgaleria.hu\/_\/kiallitasok-2006-budapest-kiallitoterem\/baranyay-andras-gulyas-gyula-56-emlekere\/\">Baranyay Andr\u00e1s \u00e9s Guly\u00e1s Gyula | <\/a><a title=\"\" href=\"http:\/\/budapestgaleria.hu\/_\/kiallitasok-2006-budapest-kiallitoterem\/baranyay-andras-gulyas-gyula-56-emlekere\/\"><em>56 eml\u00e9k\u00e9re<\/em><\/a><\/p>\n<p class=\"archive\"><em><a title=\"K\u00d6Z\u00c9P60 \u2013 \u00e9p\u00edt\u00e9szet \u00e9s oktat\u00e1s | A Budapesti M\u0171szaki Egyetem \u00c9p\u00edt\u00e9szm\u00e9rn\u00f6ki Kar\u00e1nak K\u00f6z\u00e9p\u00fclettervez\u00e9si Tansz\u00e9ke \u2013 1946-2006\" href=\"http:\/\/budapestgaleria.hu\/_\/kiallitasok-2006-budapest-galeria\/kozep60-epiteszet-es-oktatas-a-budapesti-muszaki-egyetem-epiteszmernoki-karanak-kozepulettervezesi-tanszeke-1946-2006\/\">K\u00d6Z\u00c9P 60 \u2013 \u00c9p\u00edt\u00e9szet \u2013 Oktat\u00e1s<\/a><\/em><\/p>\n<p class=\"archive\"><a title=\"G\u00e1yor Tibor | (De)construction 4\" href=\"http:\/\/budapestgaleria.hu\/_\/kiallitasok-2006-budapest-kiallitoterem\/gayor-tibor-deconstruction-4\/\">G\u00e1yor Tibor | <em>(de)construction 4<\/em><\/a><\/p>\n<p class=\"archive\"><a title=\"Moln\u00e1r S\u00e1ndor | Sunjata\" href=\"http:\/\/budapestgaleria.hu\/_\/kiallitasok-2006-budapest-kiallitoterem\/molnar-sandor-sunjata\/\">Moln\u00e1r S\u00e1ndor | <em>SUNJATA (\u00fcress\u00e9g)<\/em><\/a><\/p>\n<p class=\"archive\"><a title=\"Ujh\u00e1zi P\u00e9ter | UP66 2006\" href=\"http:\/\/budapestgaleria.hu\/_\/kiallitasok-2006-budapest-kiallitoterem\/ujhazi-peter-up66-2006\/\"><em>UP 2006<\/em> | Ujh\u00e1zi P\u00e9ter fest\u0151m\u0171v\u00e9sz gy\u0171jtem\u00e9nyes ki\u00e1ll\u00edt\u00e1sa \u00f6t helysz\u00ednen<\/a><\/p>\n<p class=\"archive\"><em>KOR-K\u00c9PEK<\/em> | A Magyar K\u00e9pz\u0151m\u0171v\u00e9szek \u00e9s Iparm\u0171v\u00e9szek Sz\u00f6vets\u00e9ge K\u00e9pgrafikai Szakoszt\u00e1ly\u00e1nak ki\u00e1ll\u00edt\u00e1sa<\/p>\n<p class=\"archive\"><a title=\"P\u00f3cs P\u00e9ter | Plak\u00e1tm\u00e1nia\" href=\"http:\/\/budapestgaleria.hu\/_\/kiallitasok-2006-budapest-kiallitoterem\/pocs-peter-plakatmania\/\">P\u00f3cs P\u00e9ter | <em>Plak\u00e1tm\u00e1nia<\/em><\/a><\/p>\n<p class=\"archive\"><em>Szakr\u00e1lis terek | Sacral Spaces<\/em><\/p>\n<p>[\/vc_column_text][\/vc_accordion_tab][\/vc_accordion][\/vc_column][\/vc_row][vc_row css_animation=&#8221;&#8221; row_type=&#8221;row&#8221; use_row_as_full_screen_section=&#8221;no&#8221; type=&#8221;full_width&#8221; angled_section=&#8221;no&#8221; text_align=&#8221;left&#8221; background_image_as_pattern=&#8221;without_pattern&#8221;][vc_column][vc_empty_space height=&#8221;45px&#8221;][\/vc_column][\/vc_row]<\/p>\n<\/div>","protected":false},"excerpt":{"rendered":"<p>[vc_row css_animation=&#8221;&#8221; seperator_indeed_locker=&#8221;&#8221; row_type=&#8221;row&#8221; use_row_as_full_screen_section=&#8221;no&#8221; type=&#8221;grid&#8221; angled_section=&#8221;no&#8221; text_align=&#8221;left&#8221; background_image_as_pattern=&#8221;without_pattern&#8221; template=&#8221;ism_template_1&#8243; ism_overlock=&#8221;default&#8221; sm_d_text=&#8221; This content is&#8230;<\/p>\n","protected":false},"author":1,"featured_media":0,"parent":0,"menu_order":50,"comment_status":"closed","ping_status":"closed","template":"full_width.php","meta":{"inline_featured_image":false,"loftloader_pro_show_once":"","loftloader_pro_page_shortcode":"","footnotes":""},"class_list":["post-9439","page","type-page","status-publish","hentry"],"_links":{"self":[{"href":"https:\/\/budapestgaleria.hu\/_\/wp-json\/wp\/v2\/pages\/9439","targetHints":{"allow":["GET"]}}],"collection":[{"href":"https:\/\/budapestgaleria.hu\/_\/wp-json\/wp\/v2\/pages"}],"about":[{"href":"https:\/\/budapestgaleria.hu\/_\/wp-json\/wp\/v2\/types\/page"}],"author":[{"embeddable":true,"href":"https:\/\/budapestgaleria.hu\/_\/wp-json\/wp\/v2\/users\/1"}],"replies":[{"embeddable":true,"href":"https:\/\/budapestgaleria.hu\/_\/wp-json\/wp\/v2\/comments?post=9439"}],"version-history":[{"count":0,"href":"https:\/\/budapestgaleria.hu\/_\/wp-json\/wp\/v2\/pages\/9439\/revisions"}],"wp:attachment":[{"href":"https:\/\/budapestgaleria.hu\/_\/wp-json\/wp\/v2\/media?parent=9439"}],"curies":[{"name":"wp","href":"https:\/\/api.w.org\/{rel}","templated":true}]}}