{"id":9447,"date":"2015-03-09T15:05:10","date_gmt":"2015-03-09T15:05:10","guid":{"rendered":"http:\/\/budapestgaleria.hu\/_\/?page_id=9447"},"modified":"2019-01-14T11:37:02","modified_gmt":"2019-01-14T11:37:02","slug":"archivum-kiallitasok-2006-2013-budapest-galeria-kiallitohaza","status":"publish","type":"page","link":"https:\/\/budapestgaleria.hu\/_\/archivum-kiallitasok-2006-2013-budapest-galeria-kiallitohaza\/","title":{"rendered":"Arch\u00edvum | Ki\u00e1ll\u00edt\u00e1sok 2006\u20132013 | Budapest Gal\u00e9ria Ki\u00e1ll\u00edt\u00f3h\u00e1za"},"content":{"rendered":"<div class=\"wpb-content-wrapper\"><p>[vc_row css_animation=&#8221;&#8221; seperator_indeed_locker=&#8221;&#8221; template=&#8221;ism_template_1&#8243; ism_overlock=&#8221;default&#8221; sm_d_text=&#8221;<\/p>\n<h2>This content is locked<\/h2>\n<p>Share This Page To Unlock The Content!&#8221; row_type=&#8221;row&#8221; use_row_as_full_screen_section=&#8221;no&#8221; type=&#8221;grid&#8221; angled_section=&#8221;no&#8221; text_align=&#8221;left&#8221; background_image_as_pattern=&#8221;without_pattern&#8221; z_index=&#8221;&#8221;][vc_column][vc_single_image image=&#8221;10541&#8243; img_size=&#8221;full&#8221; qode_css_animation=&#8221;&#8221;][vc_empty_space height=&#8221;10px&#8221;][vc_column_text]<\/p>\n<p class=\"kepalairas_cim_jobb\">Vincze Ott\u00f3 \u2013 Winkler Zsuzsi | <em>Asztalt\u00e1rsas\u00e1g \u2013 T\u00f6k\u00e9letlen \u00e9g\u00e9s | Partial Combustion,<\/em> 2011; vide\u00f3install\u00e1ci\u00f3 (r\u00e9szlet) | asztal. | Fot\u00f3: Deim P\u00e9ter<\/p>\n<p>[\/vc_column_text][\/vc_column][\/vc_row][vc_row css_animation=&#8221;&#8221; template=&#8221;ism_template_1&#8243; ism_overlock=&#8221;default&#8221; sm_d_text=&#8221;<\/p>\n<h2>This content is locked<\/h2>\n<p>Share This Page To Unlock The Content!&#8221; row_type=&#8221;row&#8221; use_row_as_full_screen_section=&#8221;no&#8221; type=&#8221;grid&#8221; angled_section=&#8221;no&#8221; text_align=&#8221;left&#8221; background_image_as_pattern=&#8221;without_pattern&#8221;][vc_column][vc_empty_space][vc_column_text]<\/p>\n<h4 class=\"cim_2\">Budapest Gal\u00e9ria Ki\u00e1ll\u00edt\u00f3h\u00e1za<\/h4>\n<p>[\/vc_column_text][vc_empty_space][vc_accordion style=&#8221;accordion&#8221;][vc_accordion_tab title=&#8221;2013&#8243;][vc_column_text el_class=&#8221;eves-lista&#8221;]<\/p>\n<p class=\"archive\"><a title=\"Klauz\u00e1l t\u00e9ri m\u0171termek | V\u00e1logat\u00e1s a BTM-Budapest Gal\u00e9ria m\u0171v\u00e9szcsere programj\u00e1ban r\u00e9szt vett k\u00fclf\u00f6ldi m\u0171v\u00e9szek munk\u00e1ib\u00f3l, 1989-2013\" href=\"http:\/\/budapestgaleria.hu\/_\/kiallitasok-2013-budapest-galeria\/klauzal-teri-mutermek-valogatas-a-btm-budapest-galeria-muveszcsere-programjaban-reszt-vett-kulfoldi-muveszek-munkaibol-1989-2013\/\">Klauz\u00e1l t\u00e9ri m\u0171termek | V\u00e1logat\u00e1s a BTM-Budapest Gal\u00e9ria m\u0171v\u00e9szcsere programj\u00e1ban r\u00e9szt vett k\u00fclf\u00f6ldi m\u0171v\u00e9szek munk\u00e1ib\u00f3l, 1989\u20132013<\/a><\/p>\n<p class=\"archive\"><a title=\"Ujj Zsuzsi | Fot\u00f3k \u00e9s performanszok, 1985\u20131991\" href=\"http:\/\/budapestgaleria.hu\/_\/kiallitasok-2013-budapest-galeria\/ujj-zsuzsi-fotok-es-performanszok-1985-1991\/\"><strong>Ujj Zsuzsi: <\/strong><em>Fot\u00f3k \u00e9s performanszok, 1985\u20131991<\/em><\/a><\/p>\n<p class=\"archive\"><a title=\"Ellenkult\u00fara a 80-as \u00e9vekben. V\u00e1logat\u00e1s Bp. Szab\u00f3 Gy\u00f6rgy plak\u00e1tgy\u0171jtem\u00e9ny\u00e9b\u0151l\" href=\"http:\/\/budapestgaleria.hu\/_\/kiallitasok-2013-budapest-galeria\/ellenkultura-a-80-as-evekben-valogatas-bp-szabo-gyorgy-plakatgyujtemenyebol\/\"><em>Ellenkult\u00fara a 80-as \u00e9vekben<\/em> | V\u00e1logat\u00e1s Bp. Szab\u00f3 Gy\u00f6rgy plak\u00e1tgy\u0171jtem\u00e9ny\u00e9b\u0151l<\/a><\/p>\n<p>[\/vc_column_text][\/vc_accordion_tab][vc_accordion_tab title=&#8221;2012&#8243;][vc_column_text el_class=&#8221;eves-lista&#8221;]<\/p>\n<p class=\"archive\"><a title=\"Faust II. Realit\u00e1s \u00e9s fikci\u00f3 a kort\u00e1rs fotogr\u00e1fi\u00e1ban\" href=\"http:\/\/budapestgaleria.hu\/_\/kiallitasok-2012-budapest-galeria\/faust-ii-realitas-es-fikcio-a-kortars-fotografiaban\/\">Fot\u00f3h\u00f3nap 2012 | <em>Faust II. | Realit\u00e1s \u00e9s fikci\u00f3 a kort\u00e1rs fotogr\u00e1fi\u00e1ban<\/em><\/a><\/p>\n<p class=\"archive\"><a href=\"http:\/\/budapestgaleria.hu\/_\/kiallitasok-2012-budapest-galeria\/megizlelt-formak-tasted-shapes\/\"><em>Meg\u00edzlelt form\u00e1k | Tasted shapes<\/em> | <strong>Malene Landgreen, Maria Lavman Vet\u00f6, Thorbj\u00f8rn Bechmann<\/strong><\/a><\/p>\n<p class=\"archive\"><a title=\"from ZERO to ZERO &amp; back\" href=\"http:\/\/budapestgaleria.hu\/_\/kiallitasok-2012-budapest-galeria\/from-zero-to-zero-back\/\"><strong>SI-LA-GI:<\/strong> <em>FROM ZERO TO ZERO &amp; BACK<\/em> | Vend\u00e9g a Liget Gal\u00e9ria<\/a><\/p>\n<p class=\"archive\"><a title=\"Kondor Attila | Az eml\u00e9kez\u00e9s m\u0171v\u00e9szete\" href=\"http:\/\/budapestgaleria.hu\/_\/kiallitasok-2012-budapest-galeria\/kondor-attila-az-emlekezes-muveszete\/\"><strong>Kondor Attila:<\/strong> <em>Az eml\u00e9kez\u00e9s m\u0171v\u00e9szete<\/em><\/a><\/p>\n<p class=\"archive\"><a title=\"Sipos Marica | Trauma\" href=\"http:\/\/budapestgaleria.hu\/_\/kiallitasok-2012-budapest-galeria\/sipos-marica-trauma\/\"><strong>Sipos Marica:<\/strong> <em>Trauma<\/em><\/a><\/p>\n<p class=\"archive\"><a title=\"Dobos S\u00e1ndor | H\u00e1rom k\u00e9sei mese \u2013 Szerelmem Szic\u00edlia; A makuladegener\u00e1ci\u00f3 elviselhetetlen gy\u00f6ny\u00f6r\u0171s\u00e9ge; Kett\u0151sl\u00e1t\u00e1s\" href=\"http:\/\/budapestgaleria.hu\/_\/kiallitasok-2012-budapest-galeria\/dobos-sandor-harom-kesei-mese-szerelmem-szicilia-a-makuladegeneracio-elviselhetetlen-gyonyorusege-kettoslatas\/\"><strong>Dobos S\u00e1ndor fotogr\u00e1fus:<\/strong> <em>H\u00e1rom k\u00e9sei mese<\/em><\/a><\/p>\n<p class=\"archive\"><a title=\"Szil\u00e1gyi Bernadett szobr\u00e1szm\u0171v\u00e9sz ki\u00e1ll\u00edt\u00e1sa\" href=\"http:\/\/budapestgaleria.hu\/_\/kiallitasok-2012-budapest-galeria\/szilagyi-bernadett-szobraszmuvesz-kiallitasa\/\"><strong>Szil\u00e1gyi Bernadett:<\/strong> <em>Napl\u00f3 \u2013 2011<\/em><\/a><\/p>\n<p>[\/vc_column_text][\/vc_accordion_tab][vc_accordion_tab title=&#8221;2011&#8243;][vc_column_text el_class=&#8221;eves-lista&#8221;]<\/p>\n<p class=\"archive\"><a title=\"asztal.\" href=\"http:\/\/budapestgaleria.hu\/_\/kiallitasok-2011-budapest-galeria\/asztal\/\"><em>asztal.<\/em><\/a><\/p>\n<p class=\"archive\"><a title=\"Krajtsovits Margit keramikus ki\u00e1ll\u00edt\u00e1sa\" href=\"http:\/\/budapestgaleria.hu\/_\/kiallitasok-2011-budapest-galeria\/krajtsovits-margit-keramikus-kiallitasa\/\"><strong>Krajtsovits Margit<\/strong> keramikusm\u0171v\u00e9sz<\/a><\/p>\n<p class=\"archive\"><a title=\"M\u00e1tai Attila | Szent \u00e9s prof\u00e1n\" href=\"http:\/\/budapestgaleria.hu\/_\/kiallitasok-2011-budapest-galeria\/matai-attila-szent-es-profan\/\"><strong>M\u00e1tai Attila<\/strong> grafikusm\u0171v\u00e9sz: S<em>zent \u00e9s prof\u00e1n<\/em><\/a><\/p>\n<p class=\"archive\"><a title=\"J\u00falius Gyula | Juxtapoz\u00edci\u00f3\" href=\"http:\/\/budapestgaleria.hu\/_\/kiallitasok-2011-budapest-galeria\/julius-gyula-juxtapozicio\/\"><strong>J\u00falius Gyula<\/strong> k\u00e9pz\u0151m\u0171v\u00e9sz: <em>JUXTAPOZ\u00cdCI\u00d3<\/em><\/a><\/p>\n<p class=\"archive\"><a title=\"Csat\u00f3 Gy\u00f6rgy fest\u0151, Kil\u00e1r Istv\u00e1n szobr\u00e1sz \u00e9s Neuhaus Ervin grafikus ki\u00e1ll\u00edt\u00e1sa\" href=\"http:\/\/budapestgaleria.hu\/_\/kiallitasok-2011-budapest-galeria\/csato-gyorgy-festo-kilar-istvan-szobrasz-es-neuhaus-ervin-grafikus-kiallitasa\/\"><strong>Csat\u00f3 Gy\u00f6rgy<\/strong> fest\u0151-, <strong>Kil\u00e1r Istv\u00e1n<\/strong> szobr\u00e1sz- \u00e9s <strong>Neuheus Emil<\/strong> grafikusm\u0171v\u00e9sz<\/a><\/p>\n<p class=\"archive\"><a title=\"Alfalu k\u00e9pz\u0151m\u0171v\u00e9szei | Alfalui (Erd\u00e9ly) m\u0171v\u00e9szek csoportos ki\u00e1ll\u00edt\u00e1sa\" href=\"http:\/\/budapestgaleria.hu\/_\/kiallitasok-2011-budapest-galeria\/alfalu-kepzomuveszei-alfalui-erdely-muveszek-csoportos-kiallitasa\/\">Alfalu k\u00e9pz\u0151m\u0171v\u00e9szei<\/a><\/p>\n<p class=\"archive\"><a title=\"G\u00e1bor Imre | 7\u00bd\" href=\"http:\/\/budapestgaleria.hu\/_\/kiallitasok-2011-budapest-galeria\/gabor-imre-7%c2%bd\/\"><strong>G\u00e1bor Imre<\/strong> k\u00e9pz\u0151m\u0171v\u00e9sz: <em>7 \u00bd<\/em><\/a><\/p>\n<p>[\/vc_column_text][\/vc_accordion_tab][vc_accordion_tab title=&#8221;2010&#8243;][vc_column_text el_class=&#8221;eves-lista&#8221;]<\/p>\n<p class=\"archive\"><a title=\"Tov\u00e1bbb\u00edtott \u00fczenet | A K\u00e9pz\u0151- \u00e9s Iparm\u0171v\u00e9szeti Szakk\u00f6z\u00e9piskola 36 m\u0171v\u00e9sztan\u00e1r\u00e1nak ki\u00e1ll\u00edt\u00e1sa mestereik \u00e9s tan\u00edtv\u00e1nyaik k\u00f6r\u00e9ben\" href=\"http:\/\/budapestgaleria.hu\/_\/kiallitasok-2010-budapest-galeria\/tovabbbitott-uzenet-a-kepzo-es-iparmuveszeti-szakkozepiskola-36-muvesztanaranak-kiallitasa-mestereik-es-tanitvanyaik-koreben\/\">Tov\u00e1bb\u00edtott \u00fczenet<\/a><\/p>\n<p class=\"archive\"><a title=\"Rajz?\" href=\"http:\/\/budapestgaleria.hu\/_\/kiallitasok-2010-budapest-galeria\/rajz\/\">Rajz?<\/a><\/p>\n<p class=\"archive\"><a title=\"Tisztelet a Dalai L\u00e1m\u00e1nak \u2013 Orient\u00e1lis orient\u00e1ci\u00f3k a kort\u00e1rs magyar k\u00e9pz\u0151m\u0171v\u00e9szetben\" href=\"http:\/\/budapestgaleria.hu\/_\/kiallitasok-2010-budapest-galeria\/tisztelet-a-dalai-lamanak-orientalis-orientaciok-a-kortars-magyar-kepzomuveszetben\/\">Tisztelet a Dalai L\u00e1m\u00e1nak | Orient\u00e1lis orient\u00e1ci\u00f3k a magyar kort\u00e1rs k\u00e9pz\u0151m\u0171v\u00e9szetben<\/a><\/p>\n<p class=\"archive\"><a title=\"S W O P II. \u2013 Budapest-Berlin\" href=\"http:\/\/budapestgaleria.hu\/_\/kiallitasok-2010-budapest-galeria\/s-w-o-p-ii-budapest-berlin\/\">SWOP II. |<strong> Fluss csoport<\/strong> (Berlin) | <strong>Block csoport<\/strong> (Budapest)<\/a><\/p>\n<p class=\"archive\"><a title=\"Somogyi Laura, Szab\u00f3 Dorottya | K\u00f6z\u00f6s nevez\u0151\" href=\"http:\/\/budapestgaleria.hu\/_\/kiallitasok-2010-budapest-galeria\/somogyi-laura-szabo-dorottya-kozos-nevezo\/\"><strong>Somogyi Laura<\/strong> k\u00e9pz\u0151m\u0171v\u00e9sz \u00e9s <strong>Szab\u00f3 Dorottya<\/strong> fest\u0151m\u0171v\u00e9sz<\/a><\/p>\n<p class=\"archive\"><a title=\"Tadao Ando | \u00d6t \u00e9p\u00fclet \u2013 Klein Rudolf fot\u00f3ival \u00e9s \u00e9rtelmez\u00e9seivel\" href=\"http:\/\/budapestgaleria.hu\/_\/kiallitasok-2010-budapest-galeria\/tadao-ando-ot-epulet-klein-rudolf-fotoival-es-ertelmezeseivel\/\"><em>Tadao Aado \u2013 \u00f6t \u00e9p\u00fclet<\/em> | <strong>Klein Rudolf<\/strong> fot\u00f3i \u00e9s elemz\u00e9sei<\/a><\/p>\n<p class=\"archive\"><a title=\"Kov\u00e1cs Lola, Szil\u00e1gyi Ter\u00e9z | \u00c9g\u00e9st\u00fck\u00f6r \u2013 Et In Terra\" href=\"http:\/\/budapestgaleria.hu\/_\/kovacs-lola-szilagyi-terez-egestukor-et-in-terra\/\"><em>\u00c9G \u00c9S T\u00dcK\u00d6R ET IN TERRA<\/em> | <strong>Kov\u00e1cs Lola<\/strong> \u00e9s <strong>Szil\u00e1gyi Ter\u00e9z<\/strong> k\u00e9pz\u0151m\u0171v\u00e9szek<\/a><\/p>\n<p class=\"archive\"><a title=\"Neue Gruppe\" href=\"http:\/\/budapestgaleria.hu\/_\/kiallitasok-2010-budapest-galeria\/neue-gruppe\/\">A NEUE GRUPPE \u2013 HAUS der KUNST M\u00dcNCHEN<\/a><\/p>\n<p class=\"archive\"><a title=\"S\u00f6r\u00e9nyi Beatrix, Cs\u00e1k\u00e1ny Istv\u00e1n | Sok sikert!\" href=\"http:\/\/budapestgaleria.hu\/_\/sorenyi-beatrix-csakany-istvan-sok-sikert\/\"><em>SOK SIKERT!<\/em> | <strong>Cs\u00e1k\u00e1ny Istv\u00e1n<\/strong> \u00e9s <strong>Sz\u00f6r\u00e9nyi Beatrix<\/strong> k\u00e9pz\u0151m\u0171v\u00e9szek<\/a><\/p>\n<p class=\"archive\"><a title=\"Vincze Bal\u00e1zs fest\u0151m\u0171v\u00e9sz (1947-2008) eml\u00e9kki\u00e1ll\u00edt\u00e1sa\" href=\"http:\/\/budapestgaleria.hu\/_\/kiallitasok-2010-budapest-galeria\/vincze-balazs-festomuvesz-1947-2008-emlekkiallitasa\/\"><strong>Vincze Bal\u00e1zs<\/strong> (1947\u20132008) fest\u0151m\u0171v\u00e9sz eml\u00e9kki\u00e1ll\u00edt\u00e1sa<\/a><\/p>\n<p class=\"archive\"><a title=\"Ba\u00e1n Andr\u00e1s | \u00c9let a v\u00e1rosban\" href=\"http:\/\/budapestgaleria.hu\/_\/kiallitasok-2010-budapest-galeria\/baan-andras-elet-a-varosban\/\"><em>\u00c9let a v\u00e1rosban<\/em> | <strong>Ba\u00e1n Andr\u00e1s<\/strong> k\u00e9pz\u0151m\u0171v\u00e9sz<\/a><\/p>\n<p>[\/vc_column_text][\/vc_accordion_tab][vc_accordion_tab title=&#8221;2009&#8243;][vc_column_text el_class=&#8221;eves-lista&#8221;]<\/p>\n<p class=\"archive\"><a href=\"http:\/\/budapestgaleria.hu\/_\/kiallitasok-2009-budapest-galeria\/ambrus-imre-festomuvesz-kiallitasa\/\"><strong>Ambrus Imre<\/strong> fest\u0151m\u0171v\u00e9sz<\/a><\/p>\n<p class=\"archive\"><a href=\"http:\/\/budapestgaleria.hu\/_\/kiallitasok-2009-budapest-galeria\/magdalena-frey-heinz-cibulka\/\"><strong>Magdalena Frey &amp; Heinz Cibulka<\/strong> (Ausztria)<\/a><\/p>\n<p class=\"archive\"><a href=\"http:\/\/budapestgaleria.hu\/_\/kiallitasok-2009-budapest-galeria\/veress-pal-festomuvesz-1920-1999-emlekkiallitasa\/\"><strong>Veress P\u00e1l<\/strong> (1920\u20131999) fest\u0151m\u0171v\u00e9sz hal\u00e1l\u00e1nak tizedik \u00e9vfordul\u00f3j\u00e1ra<\/a><\/p>\n<p class=\"archive\"><a href=\"http:\/\/budapestgaleria.hu\/_\/kiallitasok-2009-budapest-galeria\/fischer-judit-tawaii\/\"><strong>Fischer Judit:<\/strong> <em>TAWAI<\/em><\/a><\/p>\n<p class=\"archive\"><strong>SZ. A. F. (Sz\u00e1jjal \u00e9s Aggyal Fest\u0151k Vil\u00e1gsz\u00f6vets\u00e9ge):<\/strong> <em>Egy Immedifatista potlach (oszt\u00e1lytal\u00e1lkoz\u00f3)<\/em><\/p>\n<p class=\"archive\"><a href=\"http:\/\/budapestgaleria.hu\/_\/kiallitasok-2009-budapest-galeria\/timar-ferenc-1964-2005-emlekkiallitasa\/\"><strong>Tim\u00e1r Ferenc<\/strong> (1964\u20132005) eml\u00e9kki\u00e1ll\u00edt\u00e1sa<\/a><\/p>\n<p class=\"archive\"><a href=\"http:\/\/budapestgaleria.hu\/_\/kiallitasok-2009-budapest-galeria\/solti-gizella-textilmuvesz-kiallitasa\/\"><strong>Solti Gizella<\/strong> textilm\u0171v\u00e9sz<\/a><\/p>\n<p class=\"archive\"><em><a href=\"http:\/\/budapestgaleria.hu\/_\/kiallitasok-2009-budapest-galeria\/to-be-continued\/\">\u2026to be continued<\/a><\/em><\/p>\n<p class=\"archive\"><a href=\"http:\/\/budapestgaleria.hu\/_\/kiallitasok-2009-budapest-galeria\/bartha-c-erno-tv-mania\/\"><strong>Bartha C. Ern\u0151:<\/strong> <em>TVM\u00c1NIA<\/em><\/a><\/p>\n<p class=\"archive\"><a href=\"http:\/\/budapestgaleria.hu\/_\/kiallitasok-2009-budapest-galeria\/huszar-andrea-kiallitasa\/\"><strong>Husz\u00e1r Andrea<\/strong> szobr\u00e1szm\u0171v\u00e9sz<\/a><\/p>\n<p class=\"archive\"><a href=\"http:\/\/budapestgaleria.hu\/_\/kiallitasok-2009-budapest-galeria\/magen-istvan-kiallitasa\/\"><strong>Mag\u00e9n Istv\u00e1n<\/strong> fest\u0151m\u0171v\u00e9sz<\/a><\/p>\n<p class=\"archive\"><a href=\"http:\/\/budapestgaleria.hu\/_\/kiallitasok-2009-budapest-galeria\/schmal-karoly-plakatok-kepek-plasztikak\/\"><strong>Schmal K\u00e1roly:<\/strong> <em>Plak\u00e1tok, K\u00e9pek, Plasztik\u00e1k<\/em><\/a><\/p>\n<p>[\/vc_column_text][\/vc_accordion_tab][vc_accordion_tab title=&#8221;2008&#8243;][vc_column_text el_class=&#8221;eves-lista&#8221;]<\/p>\n<p class=\"archive\"><strong>Kungl Gy\u00f6rgy:<\/strong> <em>Porcel\u00e1npince<\/em><\/p>\n<p class=\"archive\"><a href=\"http:\/\/budapestgaleria.hu\/_\/kiallitasok-2008-budapest-galeria\/szuppan-iren-textilmuvesz-kiallitasa\/\"><strong>Szupp\u00e1n Ir\u00e9n<\/strong> textilm\u0171v\u00e9sz<\/a><\/p>\n<p class=\"archive\"><a href=\"http:\/\/budapestgaleria.hu\/_\/kiallitasok-2008-budapest-galeria\/vancso-zoltan-allofilmek\/\"><strong>Vancs\u00f3 Zolt\u00e1n<\/strong> fot\u00f3m\u0171v\u00e9sz: <em>\u00c1ll\u00f3filmek<\/em><\/a><\/p>\n<p class=\"archive\"><a href=\"http:\/\/budapestgaleria.hu\/_\/kiallitasok-2008-budapest-galeria\/karolyi-erno-festomuvesz-kiallitasa\/\"><strong>K\u00e1rolyi Ern\u0151<\/strong> fest\u0151m\u0171v\u00e9sz<\/a><\/p>\n<p class=\"archive\"><a href=\"http:\/\/budapestgaleria.hu\/_\/kiallitasok-2008-budapest-galeria\/olajos-gyorgy-ulepito-mester\/\"><strong>Olajos Gy\u00f6rgy:<\/strong> <em>\u00dclep\u00edt\u0151 mester<\/em><\/a><\/p>\n<p class=\"archive\"><a href=\"http:\/\/budapestgaleria.hu\/_\/kiallitasok-2008-budapest-galeria\/schmidt-motor-peter-retropassziv-gepterem\/\"><strong>Schmidt Motor P\u00e9ter<\/strong> k\u00e9pz\u0151m\u0171v\u00e9sz: <em>Retropassz\u00edv g\u00e9pterem<\/em><\/a><\/p>\n<p class=\"archive\"><a href=\"http:\/\/budapestgaleria.hu\/_\/kiallitasok-2008-budapest-galeria\/visnyei-ilona-kiallitasa\/\"><strong>Visnyei Ilona<\/strong> k\u00e9pz\u0151m\u0171v\u00e9sz: <em>Meghat\u00e1roz\u00e1s n\u00e9lk\u00fcl<\/em><\/a><\/p>\n<p class=\"archive\"><a href=\"http:\/\/budapestgaleria.hu\/_\/kiallitasok-2008-budapest-galeria\/kenedi-erzsebet-kepzomuvesz-kiallitasa\/\"><strong>Kenedi Erzs\u00e9bet<\/strong> k\u00e9pz\u0151m\u0171v\u00e9sz: <em>S\u00edreml\u00e9k<\/em><\/a><\/p>\n<p class=\"archive\">Magyar plak\u00e1t: Retro<\/p>\n<p class=\"archive\"><a href=\"http:\/\/budapestgaleria.hu\/_\/kiallitasok-2008-budapest-galeria\/lukacs-jozsef-joka-es-rath-geber-attila-szobraszok-kiallitasa\/\"><strong>Luk\u00e1cs J\u00f3zsef Joka, R\u00e1th G\u00e9ber Attila<\/strong><\/a><\/p>\n<p class=\"archive\"><a href=\"http:\/\/budapestgaleria.hu\/_\/kiallitasok-2008-budapest-galeria\/hegedus-2-laszlo-h2-1ooartbooks\/\"><strong>Heged\u0171s 2 L\u00e1szl\u00f3<\/strong>: <em>H2 \u2013 100 Artbooks<\/em><\/a><\/p>\n<p class=\"archive\"><a href=\"http:\/\/budapestgaleria.hu\/_\/kiallitasok-2008-budapest-galeria\/b-h-concept-bohar-andras-1961-2006-emlekkiallitasa\/\"><strong>Boh\u00e1r Andr\u00e1s<\/strong> (1961\u20132006) eml\u00e9kki\u00e1ll\u00edt\u00e1sa: <em>B.H. CONCEPT<\/em><\/a><\/p>\n<p class=\"archive\"><a href=\"http:\/\/budapestgaleria.hu\/_\/kiallitasok-2008-budapest-galeria\/kovacs-melinda-fotografus-kiallitasa\/\"><strong>Kov\u00e1cs Melinda<\/strong> fotogr\u00e1fus<\/a><\/p>\n<p>[\/vc_column_text][\/vc_accordion_tab][vc_accordion_tab title=&#8221;2007&#8243;][vc_column_text el_class=&#8221;eves-lista&#8221;]<\/p>\n<p class=\"archive\"><a href=\"http:\/\/budapestgaleria.hu\/_\/kiallitasok-2007-budapest-galeria\/csonto-lajos-kiallitasa\/\"><strong>Csont\u00f3 Lajos<\/strong> k\u00e9pz\u0151m\u0171v\u00e9sz: <em>Irodalom<\/em><\/a><\/p>\n<p class=\"archive\"><a href=\"http:\/\/budapestgaleria.hu\/_\/kiallitasok-2007-budapest-galeria\/kuratorok-%e2%86%94-muveszek\/\">Kur\u00e1torok \u2013 M\u0171v\u00e9szek<\/a><\/p>\n<p class=\"archive\"><a href=\"http:\/\/budapestgaleria.hu\/_\/kiallitasok-2007-budapest-galeria\/nagami-uton\/\"><strong>Nag\u00e1mi<\/strong> szobr\u00e1szm\u0171v\u00e9sz:<em> \u00daton<\/em><\/a><\/p>\n<p class=\"archive\"><a href=\"http:\/\/budapestgaleria.hu\/_\/kiallitasok-2007-budapest-galeria\/folyamatos-jelen-3-egyutt-eles\/\"><em>Folyamatos jelen 3. | Egy\u00fctt\u2013\u00c9l\u00e9s<\/em><\/a><\/p>\n<p class=\"archive\"><em>FORMABONT\u00d3K I.<\/em> | NEOAvantg\u00e1rd tendencies a magyar fot\u00f3m\u0171v\u00e9szetben: 1965\u20131984<\/p>\n<p class=\"archive\"><em>L\u00e1tom\u00e1sos realizmus:<\/em> Fest\u00e9szeti ki\u00e1ll\u00edt\u00e1s<\/p>\n<p class=\"archive\"><a href=\"http:\/\/budapestgaleria.hu\/_\/kiallitasok-2007-budapest-galeria\/szergej-eisenstein-a-kinemato-grafikus\/\"><strong>Szergej Eisenstein,<\/strong> a kinemato\u2013grafikus<\/a><\/p>\n<p class=\"archive\"><a href=\"http:\/\/budapestgaleria.hu\/_\/kiallitasok-2007-budapest-kiallitoterem\/jakobovits-miklos-festomuvesz-kiallitasa\/\"><strong>Jakobovits Mikl\u00f3s<\/strong> fest\u0151m\u0171v\u00e9sz: <em>Id\u0151 \u00e9s csend<\/em><\/a><\/p>\n<p class=\"archive\"><a href=\"http:\/\/budapestgaleria.hu\/_\/kiallitasok-2007-budapest-galeria\/takats-marton-szinesben-is\/\"><strong>Tak\u00e1ts M\u00e1rton<\/strong> grafikusm\u0171v\u00e9sz: <em>Sz\u00ednesben(is)<\/em><\/a><\/p>\n<p class=\"archive\"><a href=\"http:\/\/budapestgaleria.hu\/_\/kiallitasok-2007-budapest-galeria\/quilt-art-20\/\">QUILT ART 20 | Nemzetk\u00f6zi csoportos textilki\u00e1ll\u00edt\u00e1s<\/a><\/p>\n<p>[\/vc_column_text][\/vc_accordion_tab][vc_accordion_tab title=&#8221;2006&#8243;][vc_column_text el_class=&#8221;eves-lista&#8221;]<\/p>\n<p class=\"archive\"><a href=\"http:\/\/budapestgaleria.hu\/_\/kiallitasok-2006-budapest-galeria\/hermann-zoltan-szeljegyzet\/\"><strong>Hermann Zolt\u00e1n<\/strong> fest\u0151m\u0171v\u00e9sz: <em>Sz\u00e9ljegyzet<\/em><\/a><\/p>\n<p class=\"archive\"><a href=\"http:\/\/budapestgaleria.hu\/_\/kiallitasok-2006-budapest-galeria\/kozep60-epiteszet-es-oktatas-a-budapesti-muszaki-egyetem-epiteszmernoki-karanak-kozepulettervezesi-tanszeke-1946-2006\/\">K\u00d6Z\u00c9P 60 \u2013 \u00c9p\u00edt\u00e9szet \u00e9s oktat\u00e1s | A tansz\u00e9k oktat\u00f3inak \u00e9p\u00fcletei 1946\u20131996<\/a><\/p>\n<p class=\"archive\"><a href=\"http:\/\/budapestgaleria.hu\/_\/kiallitasok-2006-budapest-galeria\/mozes-katalin-kiallitasa\/\"><strong>M\u00f3zes Katalin<\/strong> fest\u0151m\u0171v\u00e9sz: 2002\u20132006<\/a><\/p>\n<p class=\"archive\"><a href=\"http:\/\/budapestgaleria.hu\/_\/kiallitasok-2006-budapest-galeria\/dery-konstantin-kiallitasa\/\"><strong>D\u00e9ry Konstatntin<\/strong> fest\u0151m\u0171v\u00e9sz<\/a><\/p>\n<p class=\"archive\"><a href=\"http:\/\/budapestgaleria.hu\/_\/kiallitasok-2006-budapest-galeria\/kontraszty-laszlo-1906-1994-festomuvesz-emlekkiallitasa\/\"><strong>Kontraszty L\u00e1szl\u00f3<\/strong> (1906\u20131994) fest\u0151m\u0171v\u00e9sz eml\u00e9kki\u00e1ll\u00edt\u00e1sa sz\u00fclet\u00e9s\u00e9nek 100. \u00e9vfordul\u00f3j\u00e1n<\/a><\/p>\n<p class=\"archive\"><a href=\"http:\/\/budapestgaleria.hu\/_\/kiallitasok-2006-budapest-galeria\/plachy-sylvia-onarckep-hazatero-tehenekkel\/\"><strong>Plachy Sylvia<\/strong> (USA) fot\u00f3m\u0171v\u00e9sz: \u00d6narck\u00e9p hazat\u00e9r\u0151 tehenekkel<\/a><\/p>\n<p class=\"archive\"><a href=\"http:\/\/budapestgaleria.hu\/_\/kiallitasok-2006-budapest-galeria\/menasagi-peter-tengely\/\"><strong>Menas\u00e1gi P\u00e9ter<\/strong> szobr\u00e1szm\u0171v\u00e9sz:<em> Tengely<\/em><\/a><\/p>\n<p class=\"archive\"><a href=\"http:\/\/budapestgaleria.hu\/_\/kiallitasok-2006-budapest-galeria\/kepgrafika-1906-2006-100-eves-a-grafikaoktatas-a-magyar-kepzomuveszeti-egyetemen\/\">K\u00e9pgrafika 1906\u20132006 | 100 \u00e9ves a grafikaoktat\u00e1s a Magyar K\u00e9pz\u0151m\u0171v\u00e9szeti Egyetemen<\/a><\/p>\n<p class=\"archive\"><a href=\"http:\/\/budapestgaleria.hu\/_\/kiallitasok-2006-budapest-galeria\/fener-tamas-buntetes\/\"><strong>F\u00e9ner Tam\u00e1s<\/strong> fot\u00f3m\u0171v\u00e9sz: <em>B\u00fcntet\u00e9s<\/em><\/a><\/p>\n<p class=\"archive\"><strong>Bernhard Lochmann<\/strong> \u00e9s <strong>Siegfried Zaworka<\/strong> k\u00e9pz\u0151m\u0171v\u00e9szek (Ausztria): <em>Sperm Babies<\/em><\/p>\n<p class=\"archive\"><strong>Wagner J\u00e1nos<\/strong> fest\u0151m\u0171v\u00e9sz: <em>Visszatekint\u0151<\/em><\/p>\n<p>[\/vc_column_text][\/vc_accordion_tab][\/vc_accordion][\/vc_column][\/vc_row][vc_row css_animation=&#8221;&#8221; row_type=&#8221;row&#8221; use_row_as_full_screen_section=&#8221;no&#8221; type=&#8221;full_width&#8221; angled_section=&#8221;no&#8221; text_align=&#8221;left&#8221; background_image_as_pattern=&#8221;without_pattern&#8221;][vc_column][vc_empty_space height=&#8221;45px&#8221;][\/vc_column][\/vc_row]<\/p>\n<\/div>","protected":false},"excerpt":{"rendered":"<p>[vc_row css_animation=&#8221;&#8221; seperator_indeed_locker=&#8221;&#8221; template=&#8221;ism_template_1&#8243; ism_overlock=&#8221;default&#8221; sm_d_text=&#8221; This content is locked Share This Page To Unlock&#8230;<\/p>\n","protected":false},"author":1,"featured_media":0,"parent":0,"menu_order":53,"comment_status":"closed","ping_status":"closed","template":"full_width.php","meta":{"inline_featured_image":false,"loftloader_pro_show_once":"","loftloader_pro_page_shortcode":"","footnotes":""},"class_list":["post-9447","page","type-page","status-publish","hentry"],"_links":{"self":[{"href":"https:\/\/budapestgaleria.hu\/_\/wp-json\/wp\/v2\/pages\/9447","targetHints":{"allow":["GET"]}}],"collection":[{"href":"https:\/\/budapestgaleria.hu\/_\/wp-json\/wp\/v2\/pages"}],"about":[{"href":"https:\/\/budapestgaleria.hu\/_\/wp-json\/wp\/v2\/types\/page"}],"author":[{"embeddable":true,"href":"https:\/\/budapestgaleria.hu\/_\/wp-json\/wp\/v2\/users\/1"}],"replies":[{"embeddable":true,"href":"https:\/\/budapestgaleria.hu\/_\/wp-json\/wp\/v2\/comments?post=9447"}],"version-history":[{"count":0,"href":"https:\/\/budapestgaleria.hu\/_\/wp-json\/wp\/v2\/pages\/9447\/revisions"}],"wp:attachment":[{"href":"https:\/\/budapestgaleria.hu\/_\/wp-json\/wp\/v2\/media?parent=9447"}],"curies":[{"name":"wp","href":"https:\/\/api.w.org\/{rel}","templated":true}]}}