{"id":8665,"date":"2015-03-13T10:43:00","date_gmt":"2015-03-13T10:43:00","guid":{"rendered":"http:\/\/budapestgaleria.hu\/uj\/?page_id=8665"},"modified":"2025-10-22T19:10:28","modified_gmt":"2025-10-22T19:10:28","slug":"exhibitions","status":"publish","type":"page","link":"https:\/\/budapestgaleria.hu\/uj\/en\/exhibitions\/","title":{"rendered":"Exhibitions"},"content":{"rendered":"<div class=\"wpb-content-wrapper\"><p>[vc_row css_animation=&#8221;&#8221; seperator_indeed_locker=&#8221;&#8221; row_type=&#8221;row&#8221; use_row_as_full_screen_section=&#8221;no&#8221; type=&#8221;grid&#8221; angled_section=&#8221;no&#8221; text_align=&#8221;left&#8221; background_image_as_pattern=&#8221;without_pattern&#8221; template=&#8221;ism_template_1&#8243; ism_overlock=&#8221;default&#8221; sm_d_text=&#8221;<\/p>\n<h2>This content is locked<\/h2>\n<p>Share This Page To Unlock The Content!&#8221; disable_mobile=&#8221;0&#8243; twitter_hide_mobile=&#8221;0&#8243; twitter_unlock_onclick=&#8221;0&#8243;][vc_column][vc_single_image image=&#8221;14138&#8243; img_size=&#8221;full&#8221; qode_css_animation=&#8221;&#8221;][vc_empty_space height=&#8221;10&#8243;][vc_column_text]<\/p>\n<p class=\"kepalairas_cim_jobb\">G\u00e1bor \u0150sz | <em> Blow-Up A,<\/em> 2010, C-print from slide, 91 \u00d7 112 cm | detail<\/p>\n<p>[\/vc_column_text][vc_empty_space height=&#8221;32&#8243;][\/vc_column][\/vc_row][vc_row css_animation=&#8221;&#8221; row_type=&#8221;row&#8221; use_row_as_full_screen_section=&#8221;no&#8221; type=&#8221;grid&#8221; angled_section=&#8221;no&#8221; text_align=&#8221;left&#8221; background_image_as_pattern=&#8221;without_pattern&#8221; template=&#8221;ism_template_1&#8243; ism_overlock=&#8221;default&#8221; sm_d_text=&#8221;<\/p>\n<h2>This content is locked<\/h2>\n<p>Share This Page To Unlock The Content!&#8221; disable_mobile=&#8221;0&#8243; twitter_hide_mobile=&#8221;0&#8243; twitter_unlock_onclick=&#8221;0&#8243;][vc_column][vc_column_text]<\/p>\n<h4>New Budapest Gallery | Exhibitions<\/h4>\n<p>[\/vc_column_text][vc_empty_space height=&#8221;32&#8243;][vc_accordion style=&#8221;accordion&#8221;][vc_accordion_tab title=&#8221;2019&#8243;][vc_column_text css=&#8221;&#8221; el_class=&#8221;eves-lista&#8221;]<\/p>\n<p class=\"archive\"><a href=\"https:\/\/budapestgaleria.hu\/uj\/en\/2019-exhibitions\/14-madeinhungary-7-meed-design-without-borders\/\"><em>14.madeinhungary + 7. MeeD | DESIGN WITHOUT BORDERS<\/em><\/a><\/p>\n<p class=\"archive\"><a href=\"https:\/\/budapestgaleria.hu\/uj\/en\/2019-exhibitions\/attila-csorgo-spaces-for-manoeuvre\/\">ATTILA CS\u00d6RG\u0150 | <em>Spaces for Manoeuvre<\/em><\/a><\/p>\n<p class=\"archive\"><a href=\"https:\/\/budapestgaleria.hu\/uj\/en\/2018-exhibitions\/scale\/\"><em>Scale<\/em><\/a><\/p>\n<p>[\/vc_column_text][\/vc_accordion_tab][vc_accordion_tab title=&#8221;2018&#8243;][vc_column_text css=&#8221;&#8221; el_class=&#8221;eves-lista&#8221;]<\/p>\n<p class=\"archive\"><a href=\"https:\/\/budapestgaleria.hu\/uj\/en\/2018-exhibitions\/scale\/\"><em>Scale<\/em><\/a><\/p>\n<p class=\"archive\"><a href=\"https:\/\/budapestgaleria.hu\/uj\/2018-exhibitions\/transzparens-labirintus-rakoczy-gizella-1947-2015\/?lang=en\"><em>Transparent Labyrinth<\/em> | GIZELLA R\u00c1K\u00d3CZY (1947\u20132015)<\/a><\/p>\n<p class=\"archive\"><a href=\"https:\/\/budapestgaleria.hu\/uj\/2018-exhibitions\/13-madeinhungary-6-meed-design-without-borders\/?lang=en\">13. madeinhungary + 6. MeeD | DESIGN WITHOUT BORDERS<\/a><\/p>\n<p class=\"archive\"><a href=\"https:\/\/budapestgaleria.hu\/uj\/2018-exhibitions\/double-heads-matches-a-selection-of-contemporary-artworks-from-four-romanian-private-collections\/?lang=en\">DOUBLE HEADS MATCHES | A selection of contemporary artworks from four Romanian private collections<\/a><\/p>\n<p class=\"archive\"><a href=\"https:\/\/budapestgaleria.hu\/uj\/2017-exhibitions\/a-jelen-keplete-digitalis-benszulottek\/?lang=en\">The Formula of the Present | Digital Natives, Digital Immigrants<\/a><\/p>\n<p>[\/vc_column_text][\/vc_accordion_tab][vc_accordion_tab title=&#8221;2017&#8243;][vc_column_text css=&#8221;&#8221; el_class=&#8221;eves-lista&#8221;]<\/p>\n<p class=\"archive\"><a href=\"https:\/\/budapestgaleria.hu\/uj\/2017-exhibitions\/a-jelen-keplete-digitalis-benszulottek\/?lang=en\">The Formula of the Present | Digital Natives, Digital Immigrants<\/a><\/p>\n<p class=\"archive\"><a href=\"https:\/\/budapestgaleria.hu\/uj\/2017-exhibitions\/leopold-bloom-art-award-2017\/?lang=en\">Leopold Bloom Art Award | 2017<\/a><\/p>\n<p class=\"archive\"><a href=\"https:\/\/budapestgaleria.hu\/uj\/2017-exhibitions\/substitute-thirsters-budburst\/?lang=en\">BUDBURST | The early period of the Substitute Thirsters (1984\u20131987)<\/a><\/p>\n<p class=\"archive\"><a href=\"https:\/\/budapestgaleria.hu\/uj\/2017-exhibitions\/12-madeinhungary-desig-without-borders\/?lang=en\">12.madeinhungary + 05.MeeD | design without borders<\/a><\/p>\n<p class=\"archive\"><a href=\"https:\/\/budapestgaleria.hu\/uj\/2017-exhibitions\/a-jovo-kapuja\/?lang=en\">PASSAGE TO THE FUTURE | Art from a New Generation in Japan<\/a><\/p>\n<p class=\"archive\"><a href=\"https:\/\/budapestgaleria.hu\/uj\/2016-exhibitions\/prophets-parade\/?lang=en\">THE PROPHETS\u2019 PARADE | An artistic project by the group \u0141\u00f3d\u017a Kaliska<\/a><\/p>\n<p>[\/vc_column_text][\/vc_accordion_tab][vc_accordion_tab title=&#8221;2016&#8243;][vc_column_text css=&#8221;&#8221; el_class=&#8221;eves-lista&#8221;]<\/p>\n<p class=\"archive\"><a href=\"https:\/\/budapestgaleria.hu\/uj\/2016-exhibitions\/prophets-parade\/?lang=en\">THE PROPHETS\u2019 PARADE | An artistic project by the group \u0141\u00f3d\u017a Kaliska<\/a><\/p>\n<p class=\"archive\"><a href=\"https:\/\/budapestgaleria.hu\/uj\/2016-exhibitions\/nagyitasok\/?lang=en\">BLOW-UPS \u2013 1963. The Age of Jancs\u00f3\u2019s <em>Cantata<\/em><\/a><\/p>\n<p class=\"archive\"><a href=\"https:\/\/budapestgaleria.hu\/uj\/2016-exhibitions\/design\/?lang=en\">11.madeinhungary + 04.meed | design without borders<\/a><\/p>\n<p class=\"archive\"><a href=\"https:\/\/budapestgaleria.hu\/uj\/2015-exhibitions\/timebase\/?lang=en\">Timebase<\/a><\/p>\n<p>[\/vc_column_text][\/vc_accordion_tab][vc_accordion_tab title=&#8221;2015&#8243;][vc_column_text css=&#8221;&#8221; el_class=&#8221;eves-lista&#8221;]<\/p>\n<p class=\"archive\"><a href=\"https:\/\/budapestgaleria.hu\/uj\/2015-exhibitions\/timebase\/?lang=en\">Timebase<\/a><\/p>\n<p class=\"archive\"><a href=\"https:\/\/budapestgaleria.hu\/uj\/2015-exhibitions\/leopold-bloom-art-award-2015\/?lang=en\">Leopold Bloom Art Award 2015<\/a><\/p>\n<p class=\"archive\"><a href=\"https:\/\/budapestgaleria.hu\/uj\/2015-exhibitions\/more-light\/?lang=en\">More Light! Light Environments<\/a><\/p>\n<p class=\"archive\"><a href=\"https:\/\/budapestgaleria.hu\/uj\/2014-exhibitions\/contemporaries-collectors-and-artists\/?lang=en\">Contemporaries: Collectors and Artists<\/a><\/p>\n<p>[\/vc_column_text][\/vc_accordion_tab][vc_accordion_tab title=&#8221;2014&#8243;][vc_column_text css=&#8221;&#8221; el_class=&#8221;eves-lista&#8221;]<\/p>\n<p class=\"archive\"><a href=\"https:\/\/budapestgaleria.hu\/uj\/2014-exhibitions\/contemporaries-collectors-and-artists\/?lang=en\">Contemporaries: Collectors and Artists<\/a><\/p>\n<p class=\"archive\"><a href=\"https:\/\/budapestgaleria.hu\/uj\/2014-exhibitions\/design-without-borders\/?lang=en\">10.madeinhungary + 03.meed | design without borders<\/a><\/p>\n<p class=\"archive\"><a href=\"https:\/\/budapestgaleria.hu\/uj\/2014-exhibitions\/budapest-patron-city-of-the-arts-the-municipal-gallery\/?lang=en\">Budapest, Patron City of the Arts \u2013 The Municipal Gallery<\/a><\/p>\n<p class=\"archive\"><a href=\"https:\/\/budapestgaleria.hu\/uj\/2013-exhibitions\/budapest-immersion\/?lang=en\">Budapest Immersion<\/a><\/p>\n<p>[\/vc_column_text][\/vc_accordion_tab][vc_accordion_tab title=&#8221;2013&#8243;][vc_column_text css=&#8221;&#8221; el_class=&#8221;eves-lista&#8221;]<\/p>\n<p class=\"archive\"><a href=\"https:\/\/budapestgaleria.hu\/uj\/2013-exhibitions\/budapest-immersion\/?lang=en\">Budapest Immersion<\/a><\/p>\n<p>[\/vc_column_text][\/vc_accordion_tab][\/vc_accordion][\/vc_column][\/vc_row][vc_row css_animation=&#8221;&#8221; row_type=&#8221;row&#8221; use_row_as_full_screen_section=&#8221;no&#8221; type=&#8221;full_width&#8221; angled_section=&#8221;no&#8221; text_align=&#8221;left&#8221; background_image_as_pattern=&#8221;without_pattern&#8221;][vc_column][vc_empty_space height=&#8221;45&#8243;][\/vc_column][\/vc_row]<\/p>\n<\/div>","protected":false},"excerpt":{"rendered":"<p>[vc_row css_animation=&#8221;&#8221; seperator_indeed_locker=&#8221;&#8221; row_type=&#8221;row&#8221; use_row_as_full_screen_section=&#8221;no&#8221; type=&#8221;grid&#8221; angled_section=&#8221;no&#8221; text_align=&#8221;left&#8221; background_image_as_pattern=&#8221;without_pattern&#8221; template=&#8221;ism_template_1&#8243; ism_overlock=&#8221;default&#8221; sm_d_text=&#8221; This content is locked Share This Page To Unlock The Content!&#8221; disable_mobile=&#8221;0&#8243; twitter_hide_mobile=&#8221;0&#8243; twitter_unlock_onclick=&#8221;0&#8243;][vc_column][vc_single_image image=&#8221;14138&#8243; img_size=&#8221;full&#8221; qode_css_animation=&#8221;&#8221;][vc_empty_space height=&#8221;10&#8243;][vc_column_text] G\u00e1bor \u0150sz | Blow-Up A, 2010, C-print from slide, 91 \u00d7 112 cm | detail&#8230;<\/p>\n","protected":false},"author":1,"featured_media":0,"parent":0,"menu_order":6,"comment_status":"closed","ping_status":"closed","template":"full_width.php","meta":{"inline_featured_image":false,"footnotes":""},"class_list":["post-8665","page","type-page","status-publish","hentry"],"_links":{"self":[{"href":"https:\/\/budapestgaleria.hu\/uj\/en\/wp-json\/wp\/v2\/pages\/8665","targetHints":{"allow":["GET"]}}],"collection":[{"href":"https:\/\/budapestgaleria.hu\/uj\/en\/wp-json\/wp\/v2\/pages"}],"about":[{"href":"https:\/\/budapestgaleria.hu\/uj\/en\/wp-json\/wp\/v2\/types\/page"}],"author":[{"embeddable":true,"href":"https:\/\/budapestgaleria.hu\/uj\/en\/wp-json\/wp\/v2\/users\/1"}],"replies":[{"embeddable":true,"href":"https:\/\/budapestgaleria.hu\/uj\/en\/wp-json\/wp\/v2\/comments?post=8665"}],"version-history":[{"count":49,"href":"https:\/\/budapestgaleria.hu\/uj\/en\/wp-json\/wp\/v2\/pages\/8665\/revisions"}],"predecessor-version":[{"id":16052,"href":"https:\/\/budapestgaleria.hu\/uj\/en\/wp-json\/wp\/v2\/pages\/8665\/revisions\/16052"}],"wp:attachment":[{"href":"https:\/\/budapestgaleria.hu\/uj\/en\/wp-json\/wp\/v2\/media?parent=8665"}],"curies":[{"name":"wp","href":"https:\/\/api.w.org\/{rel}","templated":true}]}}