{"id":10163,"date":"2015-08-28T07:36:49","date_gmt":"2015-08-28T07:36:49","guid":{"rendered":"http:\/\/budapestgaleria.hu\/uj\/?page_id=10163"},"modified":"2021-11-29T10:37:05","modified_gmt":"2021-11-29T10:37:05","slug":"newsletter-signup","status":"publish","type":"page","link":"https:\/\/budapestgaleria.hu\/uj\/newsletter-signup\/","title":{"rendered":"Newsletter"},"content":{"rendered":"<div class=\"wpb-content-wrapper\"><p>[vc_row css_animation=&#8221;&#8221; template=&#8221;ism_template_1&#8243; ism_overlock=&#8221;default&#8221; sm_d_text=&#8221;<\/p>\n<h2>This content is locked<\/h2>\n<p>Share This Page To Unlock The Content!&#8221; row_type=&#8221;row&#8221; use_row_as_full_screen_section=&#8221;no&#8221; type=&#8221;grid&#8221; angled_section=&#8221;no&#8221; text_align=&#8221;left&#8221; background_image_as_pattern=&#8221;without_pattern&#8221; disable_mobile=&#8221;0&#8243; twitter_hide_mobile=&#8221;0&#8243; twitter_unlock_onclick=&#8221;0&#8243;][vc_column][vc_single_image image=&#8221;4363&#8243; img_size=&#8221;full&#8221; qode_css_animation=&#8221;&#8221;][vc_empty_space height=&#8221;45px&#8221;][\/vc_column][\/vc_row][vc_row css_animation=&#8221;&#8221; template=&#8221;ism_template_1&#8243; ism_overlock=&#8221;default&#8221; sm_d_text=&#8221;<\/p>\n<h2>This content is locked<\/h2>\n<p>Share This Page To Unlock The Content!&#8221; row_type=&#8221;row&#8221; use_row_as_full_screen_section=&#8221;no&#8221; type=&#8221;grid&#8221; angled_section=&#8221;no&#8221; text_align=&#8221;left&#8221; background_image_as_pattern=&#8221;without_pattern&#8221; disable_mobile=&#8221;0&#8243; twitter_hide_mobile=&#8221;0&#8243; twitter_unlock_onclick=&#8221;0&#8243;][vc_column][vc_column_text][newsletter_signup]<strong>Feliratkoz\u00e1s a levelez\u0151list\u00e1nkra | Signup for the newsletter[newsletter_signup_form id=1]<\/strong>[\/newsletter_signup] [newsletter_confirm]Thanks for your interest![\/newsletter_confirm] [newsletter_unsubscribe]Val\u00f3ban le akar iratkozni levelez\u0151list\u00e1nkr\u00f3l? | Do you really want to unsubscribe?[\/newsletter_unsubscribe]<\/p>\n<p>[\/vc_column_text][vc_empty_space height=&#8221;80px&#8221;][\/vc_column][\/vc_row]<\/p>\n<\/div>","protected":false},"excerpt":{"rendered":"<p>[vc_row css_animation=&#8221;&#8221; template=&#8221;ism_template_1&#8243; ism_overlock=&#8221;default&#8221; sm_d_text=&#8221; This content is locked Share This Page To Unlock The Content!&#8221; row_type=&#8221;row&#8221; use_row_as_full_screen_section=&#8221;no&#8221; type=&#8221;grid&#8221; angled_section=&#8221;no&#8221; text_align=&#8221;left&#8221; background_image_as_pattern=&#8221;without_pattern&#8221; disable_mobile=&#8221;0&#8243; twitter_hide_mobile=&#8221;0&#8243; twitter_unlock_onclick=&#8221;0&#8243;][vc_column][vc_single_image image=&#8221;4363&#8243; img_size=&#8221;full&#8221; qode_css_animation=&#8221;&#8221;][vc_empty_space height=&#8221;45px&#8221;][\/vc_column][\/vc_row][vc_row css_animation=&#8221;&#8221; template=&#8221;ism_template_1&#8243; ism_overlock=&#8221;default&#8221; sm_d_text=&#8221; This content is locked Share This Page To Unlock The Content!&#8221; row_type=&#8221;row&#8221;&#8230;<\/p>\n","protected":false},"author":1,"featured_media":0,"parent":0,"menu_order":25,"comment_status":"closed","ping_status":"closed","template":"full_width.php","meta":{"inline_featured_image":false,"footnotes":""},"class_list":["post-10163","page","type-page","status-publish","hentry"],"_links":{"self":[{"href":"https:\/\/budapestgaleria.hu\/uj\/wp-json\/wp\/v2\/pages\/10163","targetHints":{"allow":["GET"]}}],"collection":[{"href":"https:\/\/budapestgaleria.hu\/uj\/wp-json\/wp\/v2\/pages"}],"about":[{"href":"https:\/\/budapestgaleria.hu\/uj\/wp-json\/wp\/v2\/types\/page"}],"author":[{"embeddable":true,"href":"https:\/\/budapestgaleria.hu\/uj\/wp-json\/wp\/v2\/users\/1"}],"replies":[{"embeddable":true,"href":"https:\/\/budapestgaleria.hu\/uj\/wp-json\/wp\/v2\/comments?post=10163"}],"version-history":[{"count":14,"href":"https:\/\/budapestgaleria.hu\/uj\/wp-json\/wp\/v2\/pages\/10163\/revisions"}],"predecessor-version":[{"id":15658,"href":"https:\/\/budapestgaleria.hu\/uj\/wp-json\/wp\/v2\/pages\/10163\/revisions\/15658"}],"wp:attachment":[{"href":"https:\/\/budapestgaleria.hu\/uj\/wp-json\/wp\/v2\/media?parent=10163"}],"curies":[{"name":"wp","href":"https:\/\/api.w.org\/{rel}","templated":true}]}}