{"id":4834,"date":"2014-04-01T19:41:02","date_gmt":"2014-04-01T19:41:02","guid":{"rendered":"http:\/\/budapestgaleria.hu\/uj\/?page_id=4834"},"modified":"2019-10-28T11:48:16","modified_gmt":"2019-10-28T11:48:16","slug":"kapcsolat","status":"publish","type":"page","link":"https:\/\/budapestgaleria.hu\/uj\/kapcsolat\/","title":{"rendered":"Kapcsolat"},"content":{"rendered":"<div class=\"wpb-content-wrapper\"><p>[vc_row css_animation=&#8221;&#8221; seperator_indeed_locker=&#8221;&#8221; template=&#8221;ism_template_1&#8243; ism_overlock=&#8221;default&#8221; sm_d_text=&#8221;<\/p>\n<h2>This content is locked<\/h2>\n<p>Share This Page To Unlock The Content!&#8221; row_type=&#8221;row&#8221; use_row_as_full_screen_section=&#8221;no&#8221; type=&#8221;grid&#8221; angled_section=&#8221;no&#8221; text_align=&#8221;left&#8221; background_image_as_pattern=&#8221;without_pattern&#8221; disable_mobile=&#8221;0&#8243; twitter_hide_mobile=&#8221;0&#8243; twitter_unlock_onclick=&#8221;0&#8243; bgparallax=&#8221;parallax&#8221; contentwidth=&#8221;container&#8221; toppadding=&#8221;50&#8243; bottompadding=&#8221;60&#8243; border=&#8221;on&#8221; css=&#8221;.vc_custom_1542463462431{background-color: #ffffff !important;}&#8221;][vc_column][vc_single_image image=&#8221;9570&#8243; img_size=&#8221;full&#8221; qode_css_animation=&#8221;&#8221;][vc_empty_space height=&#8221;40&#8243;][vc_column_text]<\/p>\n<h6 class=\"section-title text-venter\" style=\"text-align: left;\">\u00daj Budapest Gal\u00e9ria, 1093 Budapest, F\u0151v\u00e1m t\u00e9r 11-12., (B\u00c1LNA) | itt v\u00e9glegesen bez\u00e1rt<\/h6>\n<p>[\/vc_column_text][vc_empty_space height=&#8221;5&#8243;]<span data-type=\"normal\" data-hover-icon-color=\"rgba(5,196,167,0.6)\" class=\"qode_icon_shortcode  q_font_awsome_icon fa-2x pull-left q_icon_animation\" style=\" \"><a  itemprop=\"url\" href=\"mailto:info@budapestgaleria.hu\" target=\"_self\"><i class=\"qode_icon_font_awesome fa fa-envelope qode_icon_element\" style=\"color: #05c4a7;\" ><\/i><\/a><\/span>[vc_empty_space height=&#8221;40&#8243;][vc_column_text]<iframe loading=\"lazy\" style=\"border: 0;\" src=\"https:\/\/www.google.com\/maps\/embed?pb=!1m18!1m12!1m3!1d2696.3088294689774!2d19.058414751822557!3d47.483896804336254!2m3!1f0!2f0!3f0!3m2!1i1024!2i768!4f13.1!3m3!1m2!1s0x4741dc513fce755f%3A0xaa41cbfa47a92ce6!2sB%C3%A1lna+Budapest!5e0!3m2!1shu!2shu!4v1547144061892\" width=\"100%\" height=\"600\" frameborder=\"0\" allowfullscreen=\"allowfullscreen\"><\/iframe>[\/vc_column_text][vc_empty_space height=&#8221;80px&#8221;][\/vc_column][\/vc_row]<\/p>\n<\/div>","protected":false},"excerpt":{"rendered":"<p>[vc_row css_animation=&#8221;&#8221; seperator_indeed_locker=&#8221;&#8221; template=&#8221;ism_template_1&#8243; ism_overlock=&#8221;default&#8221; sm_d_text=&#8221; This content is locked Share This Page To Unlock The Content!&#8221; row_type=&#8221;row&#8221; use_row_as_full_screen_section=&#8221;no&#8221; type=&#8221;grid&#8221; angled_section=&#8221;no&#8221; text_align=&#8221;left&#8221; background_image_as_pattern=&#8221;without_pattern&#8221; disable_mobile=&#8221;0&#8243; twitter_hide_mobile=&#8221;0&#8243; twitter_unlock_onclick=&#8221;0&#8243; bgparallax=&#8221;parallax&#8221; contentwidth=&#8221;container&#8221; toppadding=&#8221;50&#8243; bottompadding=&#8221;60&#8243; border=&#8221;on&#8221; css=&#8221;.vc_custom_1542463462431{background-color: #ffffff !important;}&#8221;][vc_column][vc_single_image image=&#8221;9570&#8243; img_size=&#8221;full&#8221; qode_css_animation=&#8221;&#8221;][vc_empty_space height=&#8221;40&#8243;][vc_column_text] \u00daj Budapest Gal\u00e9ria, 1093 Budapest, F\u0151v\u00e1m t\u00e9r&#8230;<\/p>\n","protected":false},"author":1,"featured_media":0,"parent":0,"menu_order":44,"comment_status":"closed","ping_status":"closed","template":"full_width.php","meta":{"inline_featured_image":false,"footnotes":""},"class_list":["post-4834","page","type-page","status-publish","hentry"],"_links":{"self":[{"href":"https:\/\/budapestgaleria.hu\/uj\/wp-json\/wp\/v2\/pages\/4834","targetHints":{"allow":["GET"]}}],"collection":[{"href":"https:\/\/budapestgaleria.hu\/uj\/wp-json\/wp\/v2\/pages"}],"about":[{"href":"https:\/\/budapestgaleria.hu\/uj\/wp-json\/wp\/v2\/types\/page"}],"author":[{"embeddable":true,"href":"https:\/\/budapestgaleria.hu\/uj\/wp-json\/wp\/v2\/users\/1"}],"replies":[{"embeddable":true,"href":"https:\/\/budapestgaleria.hu\/uj\/wp-json\/wp\/v2\/comments?post=4834"}],"version-history":[{"count":59,"href":"https:\/\/budapestgaleria.hu\/uj\/wp-json\/wp\/v2\/pages\/4834\/revisions"}],"predecessor-version":[{"id":15249,"href":"https:\/\/budapestgaleria.hu\/uj\/wp-json\/wp\/v2\/pages\/4834\/revisions\/15249"}],"wp:attachment":[{"href":"https:\/\/budapestgaleria.hu\/uj\/wp-json\/wp\/v2\/media?parent=4834"}],"curies":[{"name":"wp","href":"https:\/\/api.w.org\/{rel}","templated":true}]}}