{"id":8586,"date":"2015-03-10T14:01:12","date_gmt":"2015-03-10T14:01:12","guid":{"rendered":"http:\/\/budapestgaleria.hu\/uj\/?page_id=8586"},"modified":"2025-10-22T19:13:23","modified_gmt":"2025-10-22T19:13:23","slug":"elozo-kiallitasok","status":"publish","type":"page","link":"https:\/\/budapestgaleria.hu\/uj\/elozo-kiallitasok\/","title":{"rendered":"El\u0151z\u0151 ki\u00e1ll\u00edt\u00e1sok"},"content":{"rendered":"<div class=\"wpb-content-wrapper\"><p>[vc_row css_animation=&#8221;&#8221; seperator_indeed_locker=&#8221;&#8221; template=&#8221;ism_template_1&#8243; ism_overlock=&#8221;default&#8221; sm_d_text=&#8221;<\/p>\n<h2>This content is locked<\/h2>\n<p>Share This Page To Unlock The Content!&#8221; row_type=&#8221;row&#8221; use_row_as_full_screen_section=&#8221;no&#8221; type=&#8221;grid&#8221; angled_section=&#8221;no&#8221; text_align=&#8221;left&#8221; background_image_as_pattern=&#8221;without_pattern&#8221; disable_mobile=&#8221;0&#8243; twitter_hide_mobile=&#8221;0&#8243; twitter_unlock_onclick=&#8221;0&#8243;][vc_column][vc_single_image image=&#8221;9495&#8243; img_size=&#8221;full&#8221; qode_css_animation=&#8221;&#8221;][vc_empty_space height=&#8221;10&#8243;][vc_column_text]<\/p>\n<p class=\"kepalairas_cim_jobb\">\u0150sz G\u00e1bor | <em>Nagy\u00edt\u00e1s A, <\/em> 2010, C-print anal\u00f3g diapozit\u00edvr\u00f3l, 91 \u00d7 112 cm | r\u00e9szlet<\/p>\n<p>[\/vc_column_text][vc_empty_space height=&#8221;32&#8243;][\/vc_column][\/vc_row][vc_row css_animation=&#8221;&#8221; template=&#8221;ism_template_1&#8243; ism_overlock=&#8221;default&#8221; sm_d_text=&#8221;<\/p>\n<h2>This content is locked<\/h2>\n<p>Share This Page To Unlock The Content!&#8221; row_type=&#8221;row&#8221; use_row_as_full_screen_section=&#8221;no&#8221; type=&#8221;grid&#8221; angled_section=&#8221;no&#8221; text_align=&#8221;left&#8221; background_image_as_pattern=&#8221;without_pattern&#8221; disable_mobile=&#8221;0&#8243; twitter_hide_mobile=&#8221;0&#8243; twitter_unlock_onclick=&#8221;0&#8243;][vc_column][vc_column_text]<\/p>\n<h4>\u00daj Budapest Gal\u00e9ria | Ki\u00e1ll\u00edt\u00e1sok<\/h4>\n<p>[\/vc_column_text][vc_empty_space height=&#8221;32&#8243;][vc_accordion active_tab=&#8221;1&#8243; style=&#8221;accordion&#8221;][vc_accordion_tab title=&#8221;2019&#8243;][vc_column_text el_class=&#8221;eves-lista&#8221;]<\/p>\n<p class=\"archive\"><a href=\"https:\/\/budapestgaleria.hu\/uj\/2019-kiallitasok\/14-madeinhungary-7-meed-hatartalan-design\/\"><em>14. madeinhungary + 7. MeeD | HAT\u00c1RTALAN DESIGN<\/em><\/a><\/p>\n<p class=\"archive\"><a href=\"https:\/\/budapestgaleria.hu\/uj\/2019-kiallitasok\/csorgo-attila-mozgasterek\/\">CS\u00d6RG\u0150 ATTILA | <em>Mozg\u00e1sterek<\/em><\/a><\/p>\n<p class=\"archive\"><a href=\"https:\/\/budapestgaleria.hu\/uj\/2018-kiallitasok\/leptek\/\"><em>L\u00e9pt\u00e9k<\/em><\/a><\/p>\n<p>[\/vc_column_text][\/vc_accordion_tab][vc_accordion_tab title=&#8221;2018&#8243;][vc_column_text el_class=&#8221;eves-lista&#8221;]<\/p>\n<p class=\"archive\"><em><a href=\"https:\/\/budapestgaleria.hu\/uj\/2018-kiallitasok\/leptek\/\">L\u00e9pt\u00e9k<\/a><\/em><\/p>\n<p class=\"archive\"><a href=\"https:\/\/budapestgaleria.hu\/uj\/2018-kiallitasok\/szabadfogasu-szamitogep-verseny-2018\/\">&lt;19 Szabadfog\u00e1s\u00fa Sz\u00e1m\u00edt\u00f3g\u00e9p Verseny | 2018<\/a><\/p>\n<p class=\"archive\"><a href=\"https:\/\/budapestgaleria.hu\/uj\/2018-kiallitasok\/transzparens-labirintus-rakoczy-gizella-1947-2015\/\"><em>Transzparens labirintus<\/em> | R\u00c1K\u00d3CZY GIZELLA (1947\u20132015)<\/a><\/p>\n<p class=\"archive\"><a href=\"https:\/\/budapestgaleria.hu\/uj\/2018-kiallitasok\/13-madeinhungary-6-meed-hatartalan-design\/\">13. madeinhungary + 6. MeeD | HAT\u00c1RTALAN DESIGN<\/a><\/p>\n<p class=\"archive\"><a href=\"https:\/\/budapestgaleria.hu\/uj\/2018-kiallitasok\/ketfeju-gyufa-valogatas-negy-mai-roman-magangyujtemenybol\/\">K\u00c9TFEJ\u0170 GYUFA | V\u00e1logat\u00e1s n\u00e9gy kort\u00e1rs rom\u00e1n mag\u00e1ngy\u0171jtem\u00e9nyb\u0151l<\/a><\/p>\n<p class=\"archive\"><a href=\"https:\/\/budapestgaleria.hu\/uj\/2017-kiallitasok\/a-jelen-keplete-digitalis-benszulottek\/\">A jelen k\u00e9plete | Digit\u00e1lis bennsz\u00fcl\u00f6ttek, digit\u00e1lis bev\u00e1ndorl\u00f3k<\/a><\/p>\n<p>[\/vc_column_text][\/vc_accordion_tab][vc_accordion_tab title=&#8221;2017&#8243;][vc_column_text el_class=&#8221;eves-lista&#8221;]<\/p>\n<p class=\"archive\"><a href=\"https:\/\/budapestgaleria.hu\/uj\/2017-kiallitasok\/a-jelen-keplete-digitalis-benszulottek\/\">A jelen k\u00e9plete | Digit\u00e1lis bennsz\u00fcl\u00f6ttek, digit\u00e1lis bev\u00e1ndorl\u00f3k<\/a><\/p>\n<p class=\"archive\"><a href=\"https:\/\/budapestgaleria.hu\/uj\/2017-kiallitasok\/leopold-bloom-kepzomuveszeti-dij-2017\/\">Leopold Bloom K\u00e9pz\u0151m\u0171v\u00e9szeti D\u00edj | 2017<\/a><\/p>\n<p class=\"archive\"><a href=\"https:\/\/budapestgaleria.hu\/uj\/2017-kiallitasok\/rugyfakadas-hejettes-szomlyazok\/\">R\u00dcGYFAKAD\u00c1S | A Hejettes Szomlyaz\u00f3k korai korszaka (1984\u20131987)<\/a><\/p>\n<p class=\"archive\"><a href=\"https:\/\/budapestgaleria.hu\/uj\/2017-kiallitasok\/12-madeinhungary-hatartalan-design\/\">12.madeinhungary + 05.MeeD | hat\u00e1rtalan design<\/a><\/p>\n<p class=\"archive\"><a href=\"https:\/\/budapestgaleria.hu\/uj\/2017-kiallitasok\/a-jovo-kapuja\/\">A J\u00d6V\u0150 KAPUJA | Egy \u00faj gener\u00e1ci\u00f3 m\u0171v\u00e9szete Jap\u00e1nban<\/a><\/p>\n<p class=\"archive\"><a href=\"https:\/\/budapestgaleria.hu\/uj\/2016-kiallitasok\/profetaparade\/\">PR\u00d3F\u00c9TAPAR\u00c1D\u00c9 | A \u0141\u00f3d\u017a Kaliska csoport m\u0171v\u00e9szeti projektje<\/a><\/p>\n<p>[\/vc_column_text][\/vc_accordion_tab][vc_accordion_tab title=&#8221;2016&#8243;][vc_column_text el_class=&#8221;eves-lista&#8221;]<\/p>\n<p class=\"archive\"><a href=\"https:\/\/budapestgaleria.hu\/uj\/2016-kiallitasok\/profetaparade\/\">PR\u00d3F\u00c9TAPAR\u00c1D\u00c9 | A \u0141\u00f3d\u017a Kaliska csoport m\u0171v\u00e9szeti projektje<\/a><\/p>\n<p class=\"archive\"><a href=\"https:\/\/budapestgaleria.hu\/uj\/2016-kiallitasok\/nagyitasok\/\">NAGY\u00cdT\u00c1SOK \u2013 1963. Az <em>Old\u00e1s \u00e9s k\u00f6t\u00e9s<\/em> kora<\/a><\/p>\n<p class=\"archive\"><a href=\"https:\/\/budapestgaleria.hu\/uj\/2016-kiallitasok\/hatartalan-design\/\">11.madeinhungary + 04.meed | hat\u00e1rtalan design<\/a><\/p>\n<p class=\"archive\"><a href=\"https:\/\/budapestgaleria.hu\/uj\/2015-kiallitasok\/idoalap\/\">Id\u0151alap\u00a0|\u00a0Timebase<\/a><\/p>\n<p>[\/vc_column_text][\/vc_accordion_tab][vc_accordion_tab title=&#8221;2015&#8243;][vc_column_text el_class=&#8221;eves-lista&#8221;]<\/p>\n<p class=\"archive\"><a href=\"https:\/\/budapestgaleria.hu\/uj\/2015-kiallitasok\/idoalap\/\">Id\u0151alap\u00a0| Timebase<\/a><\/p>\n<p class=\"archive\"><a href=\"https:\/\/budapestgaleria.hu\/uj\/2015-kiallitasok\/leopold-bloom-kepzomuveszeti-dij-2015\/\">Leopold Bloom K\u00e9pz\u0151m\u0171v\u00e9szeti D\u00edj | 2015<\/a><\/p>\n<p class=\"archive\"><a href=\"https:\/\/budapestgaleria.hu\/uj\/kiallitasok-2014-uj-budapest-galeria\/tobb-feny\/\">T\u00f6bb f\u00e9ny! F\u00e9nyk\u00f6rnyezetek<\/a><\/p>\n<p class=\"archive\"><a href=\"https:\/\/budapestgaleria.hu\/uj\/kiallitasok-2014-uj-budapest-galeria\/kortarsak-gyujtok-es-muveszek\/\">Kort\u00e1rsak: gy\u0171jt\u0151k \u00e9s m\u0171v\u00e9szek<\/a><\/p>\n<p>[\/vc_column_text][\/vc_accordion_tab][vc_accordion_tab title=&#8221;2014&#8243;][vc_column_text el_class=&#8221;eves-lista&#8221;]<\/p>\n<p class=\"archive\"><a href=\"https:\/\/budapestgaleria.hu\/uj\/kiallitasok-2014-uj-budapest-galeria\/kortarsak-gyujtok-es-muveszek\/\">Kort\u00e1rsak: gy\u0171jt\u0151k \u00e9s m\u0171v\u00e9szek<\/a><\/p>\n<p class=\"archive\"><a href=\"https:\/\/budapestgaleria.hu\/uj\/kiallitasok-2014-uj-budapest-galeria\/hatartalan-design\/\">10.madeinhungary + 03.meed | hat\u00e1rtalan design<\/a><\/p>\n<p class=\"archive\"><a href=\"https:\/\/budapestgaleria.hu\/uj\/2014-kiallitasok\/a-mecenas-fovaros-a-fovarosi-keptar\/\">A mec\u00e9n\u00e1s f\u0151v\u00e1ros \u2013 A F\u0151v\u00e1rosi K\u00e9pt\u00e1r<\/a><\/p>\n<p class=\"archive\"><a href=\"https:\/\/budapestgaleria.hu\/uj\/2013-kiallitasok\/budapesti-merites\/\">Budapesti mer\u00edt\u00e9s<\/a><\/p>\n<p>[\/vc_column_text][\/vc_accordion_tab][vc_accordion_tab title=&#8221;2013&#8243;][vc_column_text el_class=&#8221;eves-lista&#8221;]<\/p>\n<p class=\"archive\"><a href=\"https:\/\/budapestgaleria.hu\/uj\/2013-kiallitasok\/budapesti-merites\/\">Budapesti mer\u00edt\u00e9s<\/a><\/p>\n<p>[\/vc_column_text][\/vc_accordion_tab][\/vc_accordion][\/vc_column][\/vc_row][vc_row css_animation=&#8221;&#8221; row_type=&#8221;row&#8221; use_row_as_full_screen_section=&#8221;no&#8221; type=&#8221;full_width&#8221; angled_section=&#8221;no&#8221; text_align=&#8221;left&#8221; background_image_as_pattern=&#8221;without_pattern&#8221;][vc_column][vc_empty_space height=&#8221;45&#8243;][\/vc_column][\/vc_row]<\/p>\n<\/div>","protected":false},"excerpt":{"rendered":"<p>[vc_row css_animation=&#8221;&#8221; seperator_indeed_locker=&#8221;&#8221; template=&#8221;ism_template_1&#8243; ism_overlock=&#8221;default&#8221; sm_d_text=&#8221; This content is locked Share This Page To Unlock The Content!&#8221; row_type=&#8221;row&#8221; use_row_as_full_screen_section=&#8221;no&#8221; type=&#8221;grid&#8221; angled_section=&#8221;no&#8221; text_align=&#8221;left&#8221; background_image_as_pattern=&#8221;without_pattern&#8221; disable_mobile=&#8221;0&#8243; twitter_hide_mobile=&#8221;0&#8243; twitter_unlock_onclick=&#8221;0&#8243;][vc_column][vc_single_image image=&#8221;9495&#8243; img_size=&#8221;full&#8221; qode_css_animation=&#8221;&#8221;][vc_empty_space height=&#8221;10&#8243;][vc_column_text] \u0150sz G\u00e1bor | Nagy\u00edt\u00e1s A, 2010, C-print anal\u00f3g diapozit\u00edvr\u00f3l, 91 \u00d7 112 cm | r\u00e9szlet&#8230;<\/p>\n","protected":false},"author":1,"featured_media":0,"parent":0,"menu_order":6,"comment_status":"closed","ping_status":"closed","template":"full_width.php","meta":{"inline_featured_image":false,"footnotes":""},"class_list":["post-8586","page","type-page","status-publish","hentry"],"_links":{"self":[{"href":"https:\/\/budapestgaleria.hu\/uj\/wp-json\/wp\/v2\/pages\/8586","targetHints":{"allow":["GET"]}}],"collection":[{"href":"https:\/\/budapestgaleria.hu\/uj\/wp-json\/wp\/v2\/pages"}],"about":[{"href":"https:\/\/budapestgaleria.hu\/uj\/wp-json\/wp\/v2\/types\/page"}],"author":[{"embeddable":true,"href":"https:\/\/budapestgaleria.hu\/uj\/wp-json\/wp\/v2\/users\/1"}],"replies":[{"embeddable":true,"href":"https:\/\/budapestgaleria.hu\/uj\/wp-json\/wp\/v2\/comments?post=8586"}],"version-history":[{"count":58,"href":"https:\/\/budapestgaleria.hu\/uj\/wp-json\/wp\/v2\/pages\/8586\/revisions"}],"predecessor-version":[{"id":16053,"href":"https:\/\/budapestgaleria.hu\/uj\/wp-json\/wp\/v2\/pages\/8586\/revisions\/16053"}],"wp:attachment":[{"href":"https:\/\/budapestgaleria.hu\/uj\/wp-json\/wp\/v2\/media?parent=8586"}],"curies":[{"name":"wp","href":"https:\/\/api.w.org\/{rel}","templated":true}]}}